{"id":176,"date":"2015-03-17T07:56:30","date_gmt":"2015-03-17T07:56:30","guid":{"rendered":"http:\/\/blogsaverroes.juntadeandalucia.es\/pre\/ceip\/?page_id=176"},"modified":"2022-11-15T09:22:15","modified_gmt":"2022-11-15T09:22:15","slug":"educacion-fisica","status":"publish","type":"page","link":"https:\/\/blogsaverroes.juntadeandalucia.es\/iesaxati\/?page_id=176","title":{"rendered":"Educaci\u00f3n F\u00edsica"},"content":{"rendered":"<p>PROGRAMACI\u00d3N DEL DEPARTAMENTO DE EDUCACI\u00d3N F\u00cdSICA<div class=\"osc-res-tab tabbable   osc-tabs-left\"><div style=\"clear:both;width: 100%;\"><ul class=\"nav osc-res-nav nav-tabs osc-tabs-left-ul\" id=\"oscitas-restabs-1-educacion-fisica-15247\"><li class=\"active\"><a href=\"#ert_pane1-0\" data-toggle=\"tab\">Departamento<\/a><\/li><li class=\"\"><a href=\"#ert_pane1-1\" data-toggle=\"tab\">Recursos<\/a><\/li><li class=\"\"><a href=\"#ert_pane1-2\" data-toggle=\"tab\">Noticias<\/a><\/li><\/ul><\/div><div style=\"clear:both;width: 100%;\"><ul class=\"tab-content\" id=\"oscitas-restabcontent-1-educacion-fisica-15247\"><li class=\"tab-pane active\" id=\"ert_pane1-0\"><\/p>\n<p><a href=\"https:\/\/blogsaverroes.juntadeandalucia.es\/iesaxati\/files\/2021\/12\/Programaciones_didacticas-musica.pdf\">Programaci\u00f3n<\/a><\/p>\n<p>Mauricio Serrano Brazo (<em>Jefe de departamento y Jefe de \u00e1rea<\/em>)<\/p>\n<p>Jaime Feixas Ca\u00f1izares<\/p>\n<p><\/li><li class=\"tab-pane \" id=\"ert_pane1-1\"><\/p>\n<p>&nbsp;<\/p>\n<p>&nbsp;<\/p>\n<p><\/li><li class=\"tab-pane \" id=\"ert_pane1-2\"><style>.-skin-default .-items .-item .title { color: ;}.-skin-default .-items .-item .title { background-color: ;}.-skin-default .-items .-item .-link.-readmore a { color: ;}.-skin-default .-items .-item .-link.-viewproject a { color: ;}.-skin-default .-filters .-filter, .-skin-default .-pages .-page-link { background-color: ;}.-skin-default .-filters .-filter, .-skin-default .-pages .-page-link { color: ;}.-skin-default .-filters .-filter, .-skin-default .-pages .-page-link { border: 1px solid ;}.-skin-default .-filters .-filter:hover, .-skin-default .-pages .-page-link:hover,.-skin-default .-filters .-filter.active, .-skin-default .-pages .-page-link.active { background-color: ;}.-skin-default .-filters .-filter:hover, .-skin-default .-pages .-page-link:hover,.-skin-default .-filters .-filter.active, .-skin-default .-pages .-page-link.active { color: ;}.-skin-default .-filters .-filter:hover, .-skin-default .-pages .-page-link:hover,.-skin-default .-filters .-filter.active, .-skin-default .-pages .-page-link.active { border: 1px solid ;}.-skin-default .-items .-item .genericon { color:  !important;}.-skin-default .-items .-item .-mask { background-color:  !important;}<\/style>            <div class=\"nimble-portfolio  -skin-default\" id=\"np-6a032bda64eec\" data-lightbox=\"prettyphoto\">\n\n                \n                \n                \n                \n                <div class=\"-items \">\n                        <div  class=\"educacion-fisica-noticias -item -normal -columns3\" id=\"item-6540\" >\n                    <div class=\"title\">Ganadores del Torneo de Ajedrez Intercentro<\/div>    \n                <div class=\"itembox\">\n            <a  href=\"https:\/\/blogsaverroes.juntadeandalucia.es\/iesaxati\/files\/2023\/03\/logo_ajedrez.png\" data-rel=\"nimblebox[nimble_portfolio_gal_pro]\" >\n                <img decoding=\"async\" src=\"https:\/\/blogsaverroes.juntadeandalucia.es\/iesaxati\/files\/2023\/03\/logo_ajedrez.png\" alt=\"Ganadores del Torneo de Ajedrez Intercentro\" \/>\n                <div class=\"-mask\"> <\/div>\n                                <div class=\"genericon genericon-zoom\"><\/div>\n            <\/a>    \n                    <\/div>\n                 \n            <div class=\"-links\">\n                                    <div class=\"-link -readmore \">\n                        <a href=\"https:\/\/blogsaverroes.juntadeandalucia.es\/iesaxati\/?p=6540\" class=\"button-fixed\">\n                            more \u2192                        <\/a>\n                    <\/div>\n                                                    <div class=\"-link -viewproject \"> \n                        <a href=\"\" class=\"button-fixed\">\n                            visit us \u2192                        <\/a>\n                    <\/div>\n                            <\/div>\n            <\/div>\n        <div  class=\"educacion-fisica-noticias orientacion -item -normal -columns3\" id=\"item-7379\" >\n                    <div class=\"title\">3 de diciembre D\u00cdA DE LA DISCAPACIDAD<\/div>    \n                <div class=\"itembox\">\n            <a  href=\"https:\/\/blogsaverroes.juntadeandalucia.es\/iesaxati\/files\/2023\/12\/3DICIEMBRE-DIA-DE-LA-DISCAPACIDAD.png\" data-rel=\"nimblebox[nimble_portfolio_gal_pro]\" >\n                <img decoding=\"async\" src=\"https:\/\/blogsaverroes.juntadeandalucia.es\/iesaxati\/files\/2023\/12\/3DICIEMBRE-DIA-DE-LA-DISCAPACIDAD.png\" alt=\"3 de diciembre D\u00cdA DE LA DISCAPACIDAD\" \/>\n                <div class=\"-mask\"> <\/div>\n                                <div class=\"genericon genericon-zoom\"><\/div>\n            <\/a>    \n                    <\/div>\n                 \n            <div class=\"-links\">\n                                    <div class=\"-link -readmore \">\n                        <a href=\"https:\/\/blogsaverroes.juntadeandalucia.es\/iesaxati\/?p=7379\" class=\"button-fixed\">\n                            more \u2192                        <\/a>\n                    <\/div>\n                                                    <div class=\"-link -viewproject \"> \n                        <a href=\"\" class=\"button-fixed\">\n                            visit us \u2192                        <\/a>\n                    <\/div>\n                            <\/div>\n            <\/div>\n        <div  class=\"cima educacion-fisica-noticias -item -normal -columns3\" id=\"item-8111\" >\n                    <div class=\"title\">Conmemoraci\u00f3n del D\u00eda Mundial de la alimentaci\u00f3n<\/div>    \n                <div class=\"itembox\">\n            <a  href=\"https:\/\/blogsaverroes.juntadeandalucia.es\/iesaxati\/files\/2024\/10\/2.png\" data-rel=\"nimblebox[nimble_portfolio_gal_pro]\" >\n                <img decoding=\"async\" src=\"https:\/\/blogsaverroes.juntadeandalucia.es\/iesaxati\/files\/2024\/10\/2.png\" alt=\"Conmemoraci\u00f3n del D\u00eda Mundial de la alimentaci\u00f3n\" \/>\n                <div class=\"-mask\"> <\/div>\n                                <div class=\"genericon genericon-zoom\"><\/div>\n            <\/a>    \n                    <\/div>\n                 \n            <div class=\"-links\">\n                                    <div class=\"-link -readmore \">\n                        <a href=\"https:\/\/blogsaverroes.juntadeandalucia.es\/iesaxati\/?p=8111\" class=\"button-fixed\">\n                            more \u2192                        <\/a>\n                    <\/div>\n                                                    <div class=\"-link -viewproject \"> \n                        <a href=\"\" class=\"button-fixed\">\n                            visit us \u2192                        <\/a>\n                    <\/div>\n                            <\/div>\n            <\/div>\n        <div  class=\"actividades-complementarias educacion-fisica-noticias -item -normal -columns3\" id=\"item-8412\" >\n                    <div class=\"title\">Experiencia de nuestro alumnado de 1\u00ba Bachillerato en Sierra Nevada<\/div>    \n                <div class=\"itembox\">\n            <a  href=\"https:\/\/blogsaverroes.juntadeandalucia.es\/iesaxati\/files\/2025\/02\/sierra_nevada.png\" data-rel=\"nimblebox[nimble_portfolio_gal_pro]\" >\n                <img decoding=\"async\" src=\"https:\/\/blogsaverroes.juntadeandalucia.es\/iesaxati\/files\/2025\/02\/sierra_nevada.png\" alt=\"Experiencia de nuestro alumnado de 1\u00ba Bachillerato en Sierra Nevada\" \/>\n                <div class=\"-mask\"> <\/div>\n                                <div class=\"genericon genericon-zoom\"><\/div>\n            <\/a>    \n                    <\/div>\n                 \n            <div class=\"-links\">\n                                    <div class=\"-link -readmore \">\n                        <a href=\"https:\/\/blogsaverroes.juntadeandalucia.es\/iesaxati\/?p=8412\" class=\"button-fixed\">\n                            more \u2192                        <\/a>\n                    <\/div>\n                                                    <div class=\"-link -viewproject \"> \n                        <a href=\"\" class=\"button-fixed\">\n                            visit us \u2192                        <\/a>\n                    <\/div>\n                            <\/div>\n            <\/div>\n        <div  class=\"educacion-fisica-noticias -item -normal -columns3\" id=\"item-8804\" >\n                    <div class=\"title\">Campeones del Torneo de B\u00e1dmiton<\/div>    \n                <div class=\"itembox\">\n            <a  href=\"https:\/\/blogsaverroes.juntadeandalucia.es\/iesaxati\/files\/2025\/06\/campeonato.jpeg\" data-rel=\"nimblebox[nimble_portfolio_gal_pro]\" >\n                <img decoding=\"async\" src=\"https:\/\/blogsaverroes.juntadeandalucia.es\/iesaxati\/files\/2025\/06\/campeonato.jpeg\" alt=\"Campeones del Torneo de B\u00e1dmiton\" \/>\n                <div class=\"-mask\"> <\/div>\n                                <div class=\"genericon genericon-zoom\"><\/div>\n            <\/a>    \n                    <\/div>\n                 \n            <div class=\"-links\">\n                                    <div class=\"-link -readmore \">\n                        <a href=\"https:\/\/blogsaverroes.juntadeandalucia.es\/iesaxati\/?p=8804\" class=\"button-fixed\">\n                            more \u2192                        <\/a>\n                    <\/div>\n                                                    <div class=\"-link -viewproject \"> \n                        <a href=\"\" class=\"button-fixed\">\n                            visit us \u2192                        <\/a>\n                    <\/div>\n                            <\/div>\n            <\/div>\n        <div  class=\"educacion-fisica-noticias -item -normal -columns3\" id=\"item-9092\" >\n                    <div class=\"title\">Visita del atleta Zakaria Boufaljat<\/div>    \n                <div class=\"itembox\">\n            <a  href=\"https:\/\/blogsaverroes.juntadeandalucia.es\/iesaxati\/files\/2025\/12\/Atleta-2.png\" data-rel=\"nimblebox[nimble_portfolio_gal_pro]\" >\n                <img decoding=\"async\" src=\"https:\/\/blogsaverroes.juntadeandalucia.es\/iesaxati\/files\/2025\/12\/Atleta-2.png\" alt=\"Visita del atleta Zakaria Boufaljat\" \/>\n                <div class=\"-mask\"> <\/div>\n                                <div class=\"genericon genericon-zoom\"><\/div>\n            <\/a>    \n                    <\/div>\n                 \n            <div class=\"-links\">\n                                    <div class=\"-link -readmore \">\n                        <a href=\"https:\/\/blogsaverroes.juntadeandalucia.es\/iesaxati\/?p=9092\" class=\"button-fixed\">\n                            more \u2192                        <\/a>\n                    <\/div>\n                                                    <div class=\"-link -viewproject \"> \n                        <a href=\"\" class=\"button-fixed\">\n                            visit us \u2192                        <\/a>\n                    <\/div>\n                            <\/div>\n            <\/div>\n                    <\/div>\n\n                <div class=\"-pages\">\n    <\/div>\n\n            <\/div>        \n            <\/li><\/ul><\/div><\/div><\/p>\n","protected":false},"excerpt":{"rendered":"<p>PROGRAMACI\u00d3N DEL DEPARTAMENTO DE EDUCACI\u00d3N F\u00cdSICA<\/p>\n","protected":false},"author":1,"featured_media":0,"parent":0,"menu_order":0,"comment_status":"open","ping_status":"open","template":"page-templates\/child-menu.php","meta":{"ngg_post_thumbnail":0,"footnotes":"","_mc_calendar":[]},"aioseo_notices":[],"_links":{"self":[{"href":"https:\/\/blogsaverroes.juntadeandalucia.es\/iesaxati\/index.php?rest_route=\/wp\/v2\/pages\/176"}],"collection":[{"href":"https:\/\/blogsaverroes.juntadeandalucia.es\/iesaxati\/index.php?rest_route=\/wp\/v2\/pages"}],"about":[{"href":"https:\/\/blogsaverroes.juntadeandalucia.es\/iesaxati\/index.php?rest_route=\/wp\/v2\/types\/page"}],"author":[{"embeddable":true,"href":"https:\/\/blogsaverroes.juntadeandalucia.es\/iesaxati\/index.php?rest_route=\/wp\/v2\/users\/1"}],"replies":[{"embeddable":true,"href":"https:\/\/blogsaverroes.juntadeandalucia.es\/iesaxati\/index.php?rest_route=%2Fwp%2Fv2%2Fcomments&post=176"}],"version-history":[{"count":18,"href":"https:\/\/blogsaverroes.juntadeandalucia.es\/iesaxati\/index.php?rest_route=\/wp\/v2\/pages\/176\/revisions"}],"predecessor-version":[{"id":5833,"href":"https:\/\/blogsaverroes.juntadeandalucia.es\/iesaxati\/index.php?rest_route=\/wp\/v2\/pages\/176\/revisions\/5833"}],"wp:attachment":[{"href":"https:\/\/blogsaverroes.juntadeandalucia.es\/iesaxati\/index.php?rest_route=%2Fwp%2Fv2%2Fmedia&parent=176"}],"curies":[{"name":"wp","href":"https:\/\/api.w.org\/{rel}","templated":true}]}}