{"id":178,"date":"2015-03-17T07:56:43","date_gmt":"2015-03-17T07:56:43","guid":{"rendered":"http:\/\/blogsaverroes.juntadeandalucia.es\/pre\/ceip\/?page_id=178"},"modified":"2023-01-20T07:40:22","modified_gmt":"2023-01-20T07:40:22","slug":"musica","status":"publish","type":"page","link":"https:\/\/blogsaverroes.juntadeandalucia.es\/iesaxati\/?page_id=178","title":{"rendered":"M\u00fasica"},"content":{"rendered":"<div class=\"osc-res-tab tabbable   osc-tabs-left\"><div style=\"clear:both;width: 100%;\"><ul class=\"nav osc-res-nav nav-tabs osc-tabs-left-ul\" id=\"oscitas-restabs-1-musica-18219\"><li class=\"active\"><a href=\"#ert_pane1-0\" data-toggle=\"tab\">Departamento<\/a><\/li><li class=\"\"><a href=\"#ert_pane1-1\" data-toggle=\"tab\">Recursos<\/a><\/li><li class=\"\"><a href=\"#ert_pane1-2\" data-toggle=\"tab\">Noticias<\/a><\/li><\/ul><\/div><div style=\"clear:both;width: 100%;\"><ul class=\"tab-content\" id=\"oscitas-restabcontent-1-musica-18219\"><li class=\"tab-pane active\" id=\"ert_pane1-0\"><\/p>\n<p><strong>Programaci\u00f3n<\/strong><\/p>\n<p><a href=\"https:\/\/blogsaverroes.juntadeandalucia.es\/iesaxati\/files\/2023\/01\/Musica_secundaria.pdf\">Musica_secundaria<\/a><\/p>\n<p><strong>Profesora<\/strong><\/p>\n<p>Rosa M\u00aa Fern\u00e1ndez de la Parra<\/p>\n<p><\/li><li class=\"tab-pane \" id=\"ert_pane1-1\"><\/p>\n<p>&nbsp;<\/p>\n<p>&nbsp;<\/p>\n<p><\/li><li class=\"tab-pane \" id=\"ert_pane1-2\"><style>.-skin-default .-items .-item .title { color: ;}.-skin-default .-items .-item .title { background-color: ;}.-skin-default .-items .-item .-link.-readmore a { color: ;}.-skin-default .-items .-item .-link.-viewproject a { color: ;}.-skin-default .-filters .-filter, .-skin-default .-pages .-page-link { background-color: ;}.-skin-default .-filters .-filter, .-skin-default .-pages .-page-link { color: ;}.-skin-default .-filters .-filter, .-skin-default .-pages .-page-link { border: 1px solid ;}.-skin-default .-filters .-filter:hover, .-skin-default .-pages .-page-link:hover,.-skin-default .-filters .-filter.active, .-skin-default .-pages .-page-link.active { background-color: ;}.-skin-default .-filters .-filter:hover, .-skin-default .-pages .-page-link:hover,.-skin-default .-filters .-filter.active, .-skin-default .-pages .-page-link.active { color: ;}.-skin-default .-filters .-filter:hover, .-skin-default .-pages .-page-link:hover,.-skin-default .-filters .-filter.active, .-skin-default .-pages .-page-link.active { border: 1px solid ;}.-skin-default .-items .-item .genericon { color:  !important;}.-skin-default .-items .-item .-mask { background-color:  !important;}<\/style>            <div class=\"nimble-portfolio  -skin-default\" id=\"np-6a06df22edb19\" data-lightbox=\"prettyphoto\">\n\n                \n                \n                \n                \n                <div class=\"-items \">\n                        <div  class=\"musica-noticias -item -normal -columns3\" id=\"item-2548\" >\n                    <div class=\"title\">Actividad en el aula de m\u00fasica de los alumnos de la ESO<\/div>    \n                <div class=\"itembox\">\n            <a  href=\"https:\/\/blogsaverroes.juntadeandalucia.es\/iesaxati\/files\/2019\/04\/aulamusica2.jpg\" data-rel=\"nimblebox[nimble_portfolio_gal_pro]\" >\n                <img decoding=\"async\" src=\"https:\/\/blogsaverroes.juntadeandalucia.es\/iesaxati\/files\/2019\/04\/aulamusica2.jpg\" alt=\"Actividad en el aula de m\u00fasica de los alumnos de la ESO\" \/>\n                <div class=\"-mask\"> <\/div>\n                                <div class=\"genericon genericon-zoom\"><\/div>\n            <\/a>    \n                    <\/div>\n                 \n            <div class=\"-links\">\n                                    <div class=\"-link -readmore \">\n                        <a href=\"https:\/\/blogsaverroes.juntadeandalucia.es\/iesaxati\/?p=2548\" class=\"button-fixed\">\n                            more \u2192                        <\/a>\n                    <\/div>\n                                                    <div class=\"-link -viewproject \"> \n                        <a href=\"\" class=\"button-fixed\">\n                            visit us \u2192                        <\/a>\n                    <\/div>\n                            <\/div>\n            <\/div>\n        <div  class=\"musica-noticias -item -normal -columns3\" id=\"item-2699\" >\n                    <div class=\"title\">Actividad art\u00edstica en la asignatura de m\u00fasica con los alumnos de la ESO<\/div>    \n                <div class=\"itembox\">\n            <a  href=\"https:\/\/blogsaverroes.juntadeandalucia.es\/iesaxati\/files\/2019\/05\/actividadartistica1.jpg\" data-rel=\"nimblebox[nimble_portfolio_gal_pro]\" >\n                <img decoding=\"async\" src=\"https:\/\/blogsaverroes.juntadeandalucia.es\/iesaxati\/files\/2019\/05\/actividadartistica1.jpg\" alt=\"Actividad art\u00edstica en la asignatura de m\u00fasica con los alumnos de la ESO\" \/>\n                <div class=\"-mask\"> <\/div>\n                                <div class=\"genericon genericon-zoom\"><\/div>\n            <\/a>    \n                    <\/div>\n                 \n            <div class=\"-links\">\n                                    <div class=\"-link -readmore \">\n                        <a href=\"https:\/\/blogsaverroes.juntadeandalucia.es\/iesaxati\/?p=2699\" class=\"button-fixed\">\n                            more \u2192                        <\/a>\n                    <\/div>\n                                                    <div class=\"-link -viewproject \"> \n                        <a href=\"\" class=\"button-fixed\">\n                            visit us \u2192                        <\/a>\n                    <\/div>\n                            <\/div>\n            <\/div>\n        <div  class=\"noticias-clasicas ingles-noticias lengua-castellana-noticias musica-noticias -item -normal -columns3\" id=\"item-4548\" >\n                    <div class=\"title\">Excursi\u00f3n a Carmona - 24 noviembre 2021<\/div>    \n                <div class=\"itembox\">\n            <a  href=\"https:\/\/blogsaverroes.juntadeandalucia.es\/iesaxati\/files\/2021\/11\/carmona.png\" data-rel=\"nimblebox[nimble_portfolio_gal_pro]\" >\n                <img decoding=\"async\" src=\"https:\/\/blogsaverroes.juntadeandalucia.es\/iesaxati\/files\/2021\/11\/carmona.png\" alt=\"Excursi\u00f3n a Carmona - 24 noviembre 2021\" \/>\n                <div class=\"-mask\"> <\/div>\n                                <div class=\"genericon genericon-zoom\"><\/div>\n            <\/a>    \n                    <\/div>\n                 \n            <div class=\"-links\">\n                                    <div class=\"-link -readmore \">\n                        <a href=\"https:\/\/blogsaverroes.juntadeandalucia.es\/iesaxati\/?p=4548\" class=\"button-fixed\">\n                            more \u2192                        <\/a>\n                    <\/div>\n                                                    <div class=\"-link -viewproject \"> \n                        <a href=\"\" class=\"button-fixed\">\n                            visit us \u2192                        <\/a>\n                    <\/div>\n                            <\/div>\n            <\/div>\n        <div  class=\"musica-noticias -item -normal -columns3\" id=\"item-5154\" >\n                    <div class=\"title\">2\u00baESO B en clase de m\u00fasica<\/div>    \n                <div class=\"itembox\">\n            <a  href=\"https:\/\/blogsaverroes.juntadeandalucia.es\/iesaxati\/files\/2022\/03\/logo-3.jpg\" data-rel=\"nimblebox[nimble_portfolio_gal_pro]\" >\n                <img decoding=\"async\" src=\"https:\/\/blogsaverroes.juntadeandalucia.es\/iesaxati\/files\/2022\/03\/logo-3.jpg\" alt=\"2\u00baESO B en clase de m\u00fasica\" \/>\n                <div class=\"-mask\"> <\/div>\n                                <div class=\"genericon genericon-zoom\"><\/div>\n            <\/a>    \n                    <\/div>\n                 \n            <div class=\"-links\">\n                                    <div class=\"-link -readmore \">\n                        <a href=\"https:\/\/blogsaverroes.juntadeandalucia.es\/iesaxati\/?p=5154\" class=\"button-fixed\">\n                            more \u2192                        <\/a>\n                    <\/div>\n                                                    <div class=\"-link -viewproject \"> \n                        <a href=\"\" class=\"button-fixed\">\n                            visit us \u2192                        <\/a>\n                    <\/div>\n                            <\/div>\n            <\/div>\n        <div  class=\"musica-noticias -item -normal -columns3\" id=\"item-6688\" >\n                    <div class=\"title\">Los alumnos de 1\u00ba y 2\u00ba ESO visitan el teatro de la Maestranza<\/div>    \n                <div class=\"itembox\">\n            <a  href=\"https:\/\/blogsaverroes.juntadeandalucia.es\/iesaxati\/files\/2023\/05\/345621853_1001615777882613_6759488192873212422_n.jpg\" data-rel=\"nimblebox[nimble_portfolio_gal_pro]\" >\n                <img decoding=\"async\" src=\"https:\/\/blogsaverroes.juntadeandalucia.es\/iesaxati\/files\/2023\/05\/345621853_1001615777882613_6759488192873212422_n.jpg\" alt=\"Los alumnos de 1\u00ba y 2\u00ba ESO visitan el teatro de la Maestranza\" \/>\n                <div class=\"-mask\"> <\/div>\n                                <div class=\"genericon genericon-zoom\"><\/div>\n            <\/a>    \n                    <\/div>\n                 \n            <div class=\"-links\">\n                                    <div class=\"-link -readmore \">\n                        <a href=\"https:\/\/blogsaverroes.juntadeandalucia.es\/iesaxati\/?p=6688\" class=\"button-fixed\">\n                            more \u2192                        <\/a>\n                    <\/div>\n                                                    <div class=\"-link -viewproject \"> \n                        <a href=\"\" class=\"button-fixed\">\n                            visit us \u2192                        <\/a>\n                    <\/div>\n                            <\/div>\n            <\/div>\n        <div  class=\"musica-noticias -item -normal -columns3\" id=\"item-7328\" >\n                    <div class=\"title\">D\u00eda del flamenco con Manuel Criba\u00f1o \"El ni\u00f1o de Pe\u00f1aflor\"<\/div>    \n                <div class=\"itembox\">\n            <a  href=\"https:\/\/blogsaverroes.juntadeandalucia.es\/iesaxati\/files\/2023\/11\/logo_flamenco.png\" data-rel=\"nimblebox[nimble_portfolio_gal_pro]\" >\n                <img decoding=\"async\" src=\"https:\/\/blogsaverroes.juntadeandalucia.es\/iesaxati\/files\/2023\/11\/logo_flamenco.png\" alt=\"D\u00eda del flamenco con Manuel Criba\u00f1o &quot;El ni\u00f1o de Pe\u00f1aflor&quot;\" \/>\n                <div class=\"-mask\"> <\/div>\n                                <div class=\"genericon genericon-zoom\"><\/div>\n            <\/a>    \n                    <\/div>\n                 \n            <div class=\"-links\">\n                                    <div class=\"-link -readmore \">\n                        <a href=\"https:\/\/blogsaverroes.juntadeandalucia.es\/iesaxati\/?p=7328\" class=\"button-fixed\">\n                            more \u2192                        <\/a>\n                    <\/div>\n                                                    <div class=\"-link -viewproject \"> \n                        <a href=\"\" class=\"button-fixed\">\n                            visit us \u2192                        <\/a>\n                    <\/div>\n                            <\/div>\n            <\/div>\n        <div  class=\"bienestar equipo-directivo lengua-castellana-noticias musica-noticias -item -normal -columns3\" id=\"item-7641\" >\n                    <div class=\"title\">Actividades del D\u00eda de Andaluc\u00eda<\/div>    \n                <div class=\"itembox\">\n            <a  href=\"https:\/\/blogsaverroes.juntadeandalucia.es\/iesaxati\/files\/2024\/02\/28f.jpg\" data-rel=\"nimblebox[nimble_portfolio_gal_pro]\" >\n                <img decoding=\"async\" src=\"https:\/\/blogsaverroes.juntadeandalucia.es\/iesaxati\/files\/2024\/02\/28f.jpg\" alt=\"Actividades del D\u00eda de Andaluc\u00eda\" \/>\n                <div class=\"-mask\"> <\/div>\n                                <div class=\"genericon genericon-zoom\"><\/div>\n            <\/a>    \n                    <\/div>\n                 \n            <div class=\"-links\">\n                                    <div class=\"-link -readmore \">\n                        <a href=\"https:\/\/blogsaverroes.juntadeandalucia.es\/iesaxati\/?p=7641\" class=\"button-fixed\">\n                            more \u2192                        <\/a>\n                    <\/div>\n                                                    <div class=\"-link -viewproject \"> \n                        <a href=\"\" class=\"button-fixed\">\n                            visit us \u2192                        <\/a>\n                    <\/div>\n                            <\/div>\n            <\/div>\n        <div  class=\"ingles-noticias musica-noticias -item -normal -columns3\" id=\"item-9277\" >\n                    <div class=\"title\">Celebraci\u00f3n de San Patricio<\/div>    \n                <div class=\"itembox\">\n            <a  href=\"https:\/\/blogsaverroes.juntadeandalucia.es\/iesaxati\/files\/2026\/03\/logosan-patri.png\" data-rel=\"nimblebox[nimble_portfolio_gal_pro]\" >\n                <img decoding=\"async\" src=\"https:\/\/blogsaverroes.juntadeandalucia.es\/iesaxati\/files\/2026\/03\/logosan-patri.png\" alt=\"Celebraci\u00f3n de San Patricio\" \/>\n                <div class=\"-mask\"> <\/div>\n                                <div class=\"genericon genericon-zoom\"><\/div>\n            <\/a>    \n                    <\/div>\n                 \n            <div class=\"-links\">\n                                    <div class=\"-link -readmore \">\n                        <a href=\"https:\/\/blogsaverroes.juntadeandalucia.es\/iesaxati\/?p=9277\" class=\"button-fixed\">\n                            more \u2192                        <\/a>\n                    <\/div>\n                                                    <div class=\"-link -viewproject \"> \n                        <a href=\"\" class=\"button-fixed\">\n                            visit us \u2192                        <\/a>\n                    <\/div>\n                            <\/div>\n            <\/div>\n                    <\/div>\n\n                <div class=\"-pages\">\n    <\/div>\n\n            <\/div>        \n            <\/li><\/ul><\/div><\/div>\n","protected":false},"excerpt":{"rendered":"","protected":false},"author":1,"featured_media":0,"parent":0,"menu_order":0,"comment_status":"open","ping_status":"open","template":"page-templates\/child-menu.php","meta":{"ngg_post_thumbnail":0,"footnotes":"","_mc_calendar":[]},"aioseo_notices":[],"_links":{"self":[{"href":"https:\/\/blogsaverroes.juntadeandalucia.es\/iesaxati\/index.php?rest_route=\/wp\/v2\/pages\/178"}],"collection":[{"href":"https:\/\/blogsaverroes.juntadeandalucia.es\/iesaxati\/index.php?rest_route=\/wp\/v2\/pages"}],"about":[{"href":"https:\/\/blogsaverroes.juntadeandalucia.es\/iesaxati\/index.php?rest_route=\/wp\/v2\/types\/page"}],"author":[{"embeddable":true,"href":"https:\/\/blogsaverroes.juntadeandalucia.es\/iesaxati\/index.php?rest_route=\/wp\/v2\/users\/1"}],"replies":[{"embeddable":true,"href":"https:\/\/blogsaverroes.juntadeandalucia.es\/iesaxati\/index.php?rest_route=%2Fwp%2Fv2%2Fcomments&post=178"}],"version-history":[{"count":13,"href":"https:\/\/blogsaverroes.juntadeandalucia.es\/iesaxati\/index.php?rest_route=\/wp\/v2\/pages\/178\/revisions"}],"predecessor-version":[{"id":6192,"href":"https:\/\/blogsaverroes.juntadeandalucia.es\/iesaxati\/index.php?rest_route=\/wp\/v2\/pages\/178\/revisions\/6192"}],"wp:attachment":[{"href":"https:\/\/blogsaverroes.juntadeandalucia.es\/iesaxati\/index.php?rest_route=%2Fwp%2Fv2%2Fmedia&parent=178"}],"curies":[{"name":"wp","href":"https:\/\/api.w.org\/{rel}","templated":true}]}}