{"id":2680,"date":"2019-04-30T15:36:51","date_gmt":"2019-04-30T15:36:51","guid":{"rendered":"https:\/\/blogsaverroes.juntadeandalucia.es\/iesaxati\/?page_id=2680"},"modified":"2025-11-15T23:02:47","modified_gmt":"2025-11-15T23:02:47","slug":"socio-linguistica","status":"publish","type":"page","link":"https:\/\/blogsaverroes.juntadeandalucia.es\/iesaxati\/?page_id=2680","title":{"rendered":"Socio-Ling\u00fc\u00edstica"},"content":{"rendered":"<div class=\"osc-res-tab tabbable   osc-tabs-left\"><div style=\"clear:both;width: 100%;\"><ul class=\"nav osc-res-nav nav-tabs osc-tabs-left-ul\" id=\"oscitas-restabs-1-socio-linguistica-99032\"><li class=\"active\"><a href=\"#ert_pane1-0\" data-toggle=\"tab\">Departamentos<\/a><\/li><li class=\"\"><a href=\"#ert_pane1-1\" data-toggle=\"tab\">Programaciones<\/a><\/li><\/ul><\/div><div style=\"clear:both;width: 100%;\"><ul class=\"tab-content\" id=\"oscitas-restabcontent-1-socio-linguistica-99032\"><li class=\"tab-pane active\" id=\"ert_pane1-0\"><\/p>\n<table style=\"height: 82px;width: 74.4%;border-collapse: collapse;border-color: #4b6cb8\">\n<tbody>\n<tr style=\"height: 20px\">\n<td style=\"width: 46.4076%;height: 20px;background-color: #397cb3\"><span style=\"color: #ffffff\"><strong>Departamentos<\/strong><\/span><\/td>\n<td style=\"width: 29.6072%;height: 20px;background-color: #397cb3\"><span style=\"color: #ffffff\"><strong>Jefe de Departamento<\/strong><\/span><\/td>\n<\/tr>\n<tr style=\"height: 24px\">\n<td style=\"width: 46.4076%;height: 24px\">Lengua<strong>,<\/strong> Literatura y Religi\u00f3n<\/td>\n<td style=\"width: 29.6072%;height: 24px\"><span style=\"color: #333333\"><em>Cristina Blanco Pastor<\/em><\/span><\/td>\n<\/tr>\n<tr style=\"height: 14px\">\n<td style=\"width: 46.4076%;height: 14px\">Humanidades (Filosof\u00eda, Geograf\u00eda e Historia y Cultura Cl\u00e1sica<\/td>\n<td style=\"width: 29.6072%;height: 14px\"><span style=\"color: #333333\"><em>Francisco Manuel Berm\u00fadez<\/em><\/span><\/td>\n<\/tr>\n<tr style=\"height: 24px\">\n<td style=\"width: 46.4076%;height: 24px\">Lenguas extranjeras<\/td>\n<td style=\"width: 29.6072%;height: 24px\"><span style=\"color: #333333\"><em>Antonia Crespo P\u00e9rez<\/em>&nbsp;(Jefa de \u00e1rea)<\/span><\/td>\n<\/tr>\n<\/tbody>\n<\/table>\n<p>&nbsp;<\/p>\n<p>&nbsp;<\/p>\n<p><\/li><li class=\"tab-pane \" id=\"ert_pane1-1\"><\/p>\n<ul>\n<li><a href=\"https:\/\/blogsaverroes.juntadeandalucia.es\/iesaxati\/files\/2025\/11\/LENGUA_LATIN_RELIGION.zip\">Lengua, Lat\u00edn y Religi\u00f3n<\/a><\/li>\n<li><a href=\"https:\/\/blogsaverroes.juntadeandalucia.es\/iesaxati\/files\/2025\/11\/LENGUAS_EXTRANJERAS.zip\">Lenguas extranjeras<\/a><\/li>\n<li><a href=\"https:\/\/blogsaverroes.juntadeandalucia.es\/iesaxati\/files\/2025\/11\/Bachillerato-HUMANIDADES.zip\">Humanidades Bachillerato<\/a><\/li>\n<li><a href=\"https:\/\/blogsaverroes.juntadeandalucia.es\/iesaxati\/files\/2025\/11\/ESO-HUMANIDADES.zip\">Humanidades ESO<\/a><\/li>\n<\/ul>\n<p><\/li><\/ul><\/div><\/div>\n","protected":false},"excerpt":{"rendered":"","protected":false},"author":7453,"featured_media":0,"parent":0,"menu_order":0,"comment_status":"closed","ping_status":"closed","template":"","meta":{"ngg_post_thumbnail":0,"footnotes":"","_mc_calendar":[]},"aioseo_notices":[],"_links":{"self":[{"href":"https:\/\/blogsaverroes.juntadeandalucia.es\/iesaxati\/index.php?rest_route=\/wp\/v2\/pages\/2680"}],"collection":[{"href":"https:\/\/blogsaverroes.juntadeandalucia.es\/iesaxati\/index.php?rest_route=\/wp\/v2\/pages"}],"about":[{"href":"https:\/\/blogsaverroes.juntadeandalucia.es\/iesaxati\/index.php?rest_route=\/wp\/v2\/types\/page"}],"author":[{"embeddable":true,"href":"https:\/\/blogsaverroes.juntadeandalucia.es\/iesaxati\/index.php?rest_route=\/wp\/v2\/users\/7453"}],"replies":[{"embeddable":true,"href":"https:\/\/blogsaverroes.juntadeandalucia.es\/iesaxati\/index.php?rest_route=%2Fwp%2Fv2%2Fcomments&post=2680"}],"version-history":[{"count":19,"href":"https:\/\/blogsaverroes.juntadeandalucia.es\/iesaxati\/index.php?rest_route=\/wp\/v2\/pages\/2680\/revisions"}],"predecessor-version":[{"id":9024,"href":"https:\/\/blogsaverroes.juntadeandalucia.es\/iesaxati\/index.php?rest_route=\/wp\/v2\/pages\/2680\/revisions\/9024"}],"wp:attachment":[{"href":"https:\/\/blogsaverroes.juntadeandalucia.es\/iesaxati\/index.php?rest_route=%2Fwp%2Fv2%2Fmedia&parent=2680"}],"curies":[{"name":"wp","href":"https:\/\/api.w.org\/{rel}","templated":true}]}}