{"id":6385,"date":"2023-02-22T09:19:19","date_gmt":"2023-02-22T09:19:19","guid":{"rendered":"https:\/\/blogsaverroes.juntadeandalucia.es\/iesaxati\/?page_id=6385"},"modified":"2023-02-22T09:31:20","modified_gmt":"2023-02-22T09:31:20","slug":"somos-academia-cisco","status":"publish","type":"page","link":"https:\/\/blogsaverroes.juntadeandalucia.es\/iesaxati\/?page_id=6385","title":{"rendered":"Somos Academia CISCO"},"content":{"rendered":"<p>El IES Axati, es desde este curso, Academia Cisco. Para ello 2 profesores del Departamento de Electricidad y Electr\u00f3nica y 2 profesores del Departamento de Inform\u00e1tica se han habilitado como instructores, por lo que podr\u00e1n completar a los alumnos del T\u00edtulo de Grado Medio de Sistemas Microinform\u00e1ticos y Redes y del T\u00edtulo de Telecomunicaciones e Inform\u00e1ticos, con la Certificaci\u00f3n de la prestigiosa marca de componentes de redes de datos Cisco.<\/p>\n<div class=\"tbl-bottom\">\n<div class=\"tbl-td\">\n<div class=\"breadcrumbs\"><strong><em>Cisco Networking Academy&nbsp;<\/em>(CNA)<\/strong>&nbsp;es un programa educativo sin fines de lucro en el que&nbsp;<em>Cisco&nbsp;<\/em>subvenciona una parte del Material Did\u00e1ctico y Equipos a Centros Docentes y que tambi\u00e9n busca contribuir a preparar a los alumnos como futuros T\u00e9cnicos y Expertos de las Redes e&nbsp;<em>Internet&nbsp;<\/em>a trav\u00e9s de uno de los sistemas m\u00e1s avanzados de&nbsp;<em>e-learning&nbsp;<\/em>del mundo . Se trata de un programa desarrollado conjuntamente por expertos en educaci\u00f3n y <em>networking&nbsp;<\/em>(redes) por lo que supone una alianza de enorme \u00e9xito entre&nbsp;<em>Cisco Systems<\/em>, educadores, gobiernos y organizaciones internacionales que prepara a los alumnos para las demandas y las oportunidades de la nueva econom\u00eda global.<\/div>\n<\/div>\n<\/div>\n<div class=\"portfolio-item\">\n<div class=\"desc\">\n<p>El programa de academias de&nbsp;<em>Cisco&nbsp;<\/em>ha desarrollado una gran variedad de cursos relacionados con el&nbsp;<em>Networking&nbsp;<\/em>tales como&nbsp;<em>CCNA<\/em>,&nbsp;<em>CCNA Security<\/em>,&nbsp;<em>IT Essentials<\/em>,&nbsp;<em>IoT,<\/em>&nbsp;y&nbsp;<em>CCNP<\/em>. Todos ellos creados en formato&nbsp;<em>e-learning&nbsp;<\/em>para facilitar el acceso&nbsp;<em>on-line&nbsp;<\/em>al curso y actualizar los contenidos acorde con los cambios tecnol\u00f3gicos del mercado.<\/p>\n<p>Los contenidos de los cursos&nbsp;<strong>preparan&nbsp;<\/strong>a los alumnos&nbsp;<strong>para&nbsp;<\/strong>obtener&nbsp;<strong>certificaciones con reconocimiento internacional&nbsp;<\/strong>de la industria de las telecomunicaciones.<\/p>\n<\/div>\n<\/div>\n","protected":false},"excerpt":{"rendered":"<p>El IES Axati, es desde este curso, Academia Cisco. Para ello 2 profesores del Departamento de Electricidad y Electr\u00f3nica y 2 profesores del Departamento de Inform\u00e1tica se han habilitado como instructores, por lo que&#46;&#46;&#46;<\/p>\n","protected":false},"author":7453,"featured_media":0,"parent":0,"menu_order":0,"comment_status":"closed","ping_status":"closed","template":"","meta":{"ngg_post_thumbnail":0,"footnotes":"","_mc_calendar":[]},"aioseo_notices":[],"_links":{"self":[{"href":"https:\/\/blogsaverroes.juntadeandalucia.es\/iesaxati\/index.php?rest_route=\/wp\/v2\/pages\/6385"}],"collection":[{"href":"https:\/\/blogsaverroes.juntadeandalucia.es\/iesaxati\/index.php?rest_route=\/wp\/v2\/pages"}],"about":[{"href":"https:\/\/blogsaverroes.juntadeandalucia.es\/iesaxati\/index.php?rest_route=\/wp\/v2\/types\/page"}],"author":[{"embeddable":true,"href":"https:\/\/blogsaverroes.juntadeandalucia.es\/iesaxati\/index.php?rest_route=\/wp\/v2\/users\/7453"}],"replies":[{"embeddable":true,"href":"https:\/\/blogsaverroes.juntadeandalucia.es\/iesaxati\/index.php?rest_route=%2Fwp%2Fv2%2Fcomments&post=6385"}],"version-history":[{"count":4,"href":"https:\/\/blogsaverroes.juntadeandalucia.es\/iesaxati\/index.php?rest_route=\/wp\/v2\/pages\/6385\/revisions"}],"predecessor-version":[{"id":6389,"href":"https:\/\/blogsaverroes.juntadeandalucia.es\/iesaxati\/index.php?rest_route=\/wp\/v2\/pages\/6385\/revisions\/6389"}],"wp:attachment":[{"href":"https:\/\/blogsaverroes.juntadeandalucia.es\/iesaxati\/index.php?rest_route=%2Fwp%2Fv2%2Fmedia&parent=6385"}],"curies":[{"name":"wp","href":"https:\/\/api.w.org\/{rel}","templated":true}]}}