{"id":2396,"date":"2019-10-04T09:02:10","date_gmt":"2019-10-04T09:02:10","guid":{"rendered":"https:\/\/blogsaverroes.juntadeandalucia.es\/iesazahar\/?page_id=2396"},"modified":"2024-11-05T09:50:36","modified_gmt":"2024-11-05T09:50:36","slug":"programaciones","status":"publish","type":"page","link":"https:\/\/blogsaverroes.juntadeandalucia.es\/iesazahar\/programaciones\/","title":{"rendered":"Programaciones"},"content":{"rendered":"<p>La consulta de las programaciones puede hacerse accediendo desde la pesta\u00f1a \u00abDepartamentos\u00bb a cada uno de los departamentos did\u00e1cticos, que se encuentran clasificados por \u00e1mbitos.<\/p>\n<p>Los criterios de evaluaci\u00f3n y promoci\u00f3n han sido enviados a las familias a trav\u00e9s de la plataforma Pasen.<\/p>\n","protected":false},"excerpt":{"rendered":"<p>La consulta de las programaciones puede hacerse accediendo desde la pesta\u00f1a \u00abDepartamentos\u00bb a cada uno de los departamentos did\u00e1cticos, que se encuentran clasificados por \u00e1mbitos. Los criterios de evaluaci\u00f3n y promoci\u00f3n han sido enviados a&#46;&#46;&#46;<\/p>\n","protected":false},"author":7635,"featured_media":0,"parent":0,"menu_order":0,"comment_status":"closed","ping_status":"closed","template":"","meta":{"ngg_post_thumbnail":0,"footnotes":"","_mc_calendar":[]},"aioseo_notices":[],"_links":{"self":[{"href":"https:\/\/blogsaverroes.juntadeandalucia.es\/iesazahar\/wp-json\/wp\/v2\/pages\/2396"}],"collection":[{"href":"https:\/\/blogsaverroes.juntadeandalucia.es\/iesazahar\/wp-json\/wp\/v2\/pages"}],"about":[{"href":"https:\/\/blogsaverroes.juntadeandalucia.es\/iesazahar\/wp-json\/wp\/v2\/types\/page"}],"author":[{"embeddable":true,"href":"https:\/\/blogsaverroes.juntadeandalucia.es\/iesazahar\/wp-json\/wp\/v2\/users\/7635"}],"replies":[{"embeddable":true,"href":"https:\/\/blogsaverroes.juntadeandalucia.es\/iesazahar\/wp-json\/wp\/v2\/comments?post=2396"}],"version-history":[{"count":11,"href":"https:\/\/blogsaverroes.juntadeandalucia.es\/iesazahar\/wp-json\/wp\/v2\/pages\/2396\/revisions"}],"predecessor-version":[{"id":5311,"href":"https:\/\/blogsaverroes.juntadeandalucia.es\/iesazahar\/wp-json\/wp\/v2\/pages\/2396\/revisions\/5311"}],"wp:attachment":[{"href":"https:\/\/blogsaverroes.juntadeandalucia.es\/iesazahar\/wp-json\/wp\/v2\/media?parent=2396"}],"curies":[{"name":"wp","href":"https:\/\/api.w.org\/{rel}","templated":true}]}}