{"id":2399,"date":"2019-10-04T09:02:10","date_gmt":"2019-10-04T09:02:10","guid":{"rendered":"https:\/\/blogsaverroes.juntadeandalucia.es\/iesazahar\/?page_id=2399"},"modified":"2025-05-27T09:13:13","modified_gmt":"2025-05-27T09:13:13","slug":"organizacion-y-funcionamiento","status":"publish","type":"page","link":"https:\/\/blogsaverroes.juntadeandalucia.es\/iesazahar\/organizacion-y-funcionamiento\/","title":{"rendered":"Organizaci\u00f3n y funcionamiento"},"content":{"rendered":"<p>Los siguientes documentos relativos al funcionamiento del centro est\u00e1n disponibles para su consulta:<\/p>\n<ul>\n<li><a href=\"https:\/\/blogsaverroes.juntadeandalucia.es\/iesazahar\/files\/2025\/05\/Proyecto-educativo-IES-Azahar.pdf\" target=\"_blank\" rel=\"noopener\">PLAN DE CENTRO<\/a><\/li>\n<li><a href=\"https:\/\/drive.google.com\/uc?export=download&amp;id=1B5BDE4lh_-BmKab2CYEOzQ-iZ5hG4n7n\" target=\"_blank\" rel=\"noopener noreferrer\">Plan de convivencia<\/a><\/li>\n<li><a href=\"https:\/\/drive.google.com\/uc?export=download&amp;id=1W7xsUgba255QvbgCRcRkvbv9GAXldzz5\" target=\"_blank\" rel=\"noopener noreferrer\">Plan de orientaci\u00f3n y acci\u00f3n tutorial<\/a><\/li>\n<li><a href=\"https:\/\/drive.google.com\/uc?export=download&amp;id=1Stax4jeNvjc0UvUBTwjyxAWFusiIfJ4d\" target=\"_blank\" rel=\"noopener noreferrer\">Proyecto de gesti\u00f3n<\/a><\/li>\n<\/ul>\n<div class=\"entry clearfix\">\n<p>La consulta de las <strong>programaciones did\u00e1cticas<\/strong> puede hacerse accediendo desde la pesta\u00f1a \u00abDepartamentos\u00bb a cada uno de los departamentos did\u00e1cticos, que se encuentran clasificados por \u00e1mbitos.<\/p>\n<p>Los <strong>criterios de evaluaci\u00f3n y promoci\u00f3n<\/strong> han sido enviados a las familias a trav\u00e9s de la plataforma Pasen.<\/p>\n<\/div>\n","protected":false},"excerpt":{"rendered":"<p>Los siguientes documentos relativos al funcionamiento del centro est\u00e1n disponibles para su consulta: PLAN DE CENTRO Plan de convivencia Plan de orientaci\u00f3n y acci\u00f3n tutorial Proyecto de gesti\u00f3n La consulta de las programaciones did\u00e1cticas puede&#46;&#46;&#46;<\/p>\n","protected":false},"author":7635,"featured_media":0,"parent":0,"menu_order":0,"comment_status":"closed","ping_status":"closed","template":"","meta":{"ngg_post_thumbnail":0,"footnotes":"","_mc_calendar":[]},"aioseo_notices":[],"_links":{"self":[{"href":"https:\/\/blogsaverroes.juntadeandalucia.es\/iesazahar\/wp-json\/wp\/v2\/pages\/2399"}],"collection":[{"href":"https:\/\/blogsaverroes.juntadeandalucia.es\/iesazahar\/wp-json\/wp\/v2\/pages"}],"about":[{"href":"https:\/\/blogsaverroes.juntadeandalucia.es\/iesazahar\/wp-json\/wp\/v2\/types\/page"}],"author":[{"embeddable":true,"href":"https:\/\/blogsaverroes.juntadeandalucia.es\/iesazahar\/wp-json\/wp\/v2\/users\/7635"}],"replies":[{"embeddable":true,"href":"https:\/\/blogsaverroes.juntadeandalucia.es\/iesazahar\/wp-json\/wp\/v2\/comments?post=2399"}],"version-history":[{"count":9,"href":"https:\/\/blogsaverroes.juntadeandalucia.es\/iesazahar\/wp-json\/wp\/v2\/pages\/2399\/revisions"}],"predecessor-version":[{"id":5626,"href":"https:\/\/blogsaverroes.juntadeandalucia.es\/iesazahar\/wp-json\/wp\/v2\/pages\/2399\/revisions\/5626"}],"wp:attachment":[{"href":"https:\/\/blogsaverroes.juntadeandalucia.es\/iesazahar\/wp-json\/wp\/v2\/media?parent=2399"}],"curies":[{"name":"wp","href":"https:\/\/api.w.org\/{rel}","templated":true}]}}