{"id":2780,"date":"2019-11-28T07:31:43","date_gmt":"2019-11-28T07:31:43","guid":{"rendered":"https:\/\/blogsaverroes.juntadeandalucia.es\/iesazahar\/?page_id=2780"},"modified":"2025-06-14T17:49:27","modified_gmt":"2025-06-14T17:49:27","slug":"datos-del-centro-y-ubicacion","status":"publish","type":"page","link":"https:\/\/blogsaverroes.juntadeandalucia.es\/iesazahar\/datos-del-centro-y-ubicacion\/","title":{"rendered":"Contacto"},"content":{"rendered":"<h2>IES Azahar &#8211; Sevilla<\/h2>\n<p><strong>C\u00f3digo de centro:<\/strong> 41700427<\/p>\n<p><strong>Direcci\u00f3n:<\/strong> Avenida Alcalde Manuel del Valle, 69.<\/p>\n<p><strong>C\u00f3digo Postal<\/strong>: 41008<\/p>\n<p><strong>Tel\u00e9fono: <\/strong>955622818<\/p>\n<p><strong>FAX: <\/strong>955622824<\/p>\n<p><strong>Email:<\/strong> 41700427.edu@juntadeandalucia.es<\/p>\n<p><strong><a href=\"https:\/\/www.google.com\/maps\/place\/I.E.S.+Azahar\/@37.4141228,-5.9743302,15z\/data=!4m5!3m4!1s0x0:0x9b3956b492bfa8b6!8m2!3d37.4141226!4d-5.9743298\">Ubicaci\u00f3n<\/a><\/strong><\/p>\n","protected":false},"excerpt":{"rendered":"<p>IES Azahar &#8211; Sevilla C\u00f3digo de centro: 41700427 Direcci\u00f3n: Avenida Alcalde Manuel del Valle, 69. C\u00f3digo Postal: 41008 Tel\u00e9fono: 955622818 FAX: 955622824 Email: 41700427.edu@juntadeandalucia.es Ubicaci\u00f3n<\/p>\n","protected":false},"author":7635,"featured_media":0,"parent":0,"menu_order":0,"comment_status":"closed","ping_status":"closed","template":"","meta":{"ngg_post_thumbnail":0,"footnotes":"","_mc_calendar":[]},"aioseo_notices":[],"_links":{"self":[{"href":"https:\/\/blogsaverroes.juntadeandalucia.es\/iesazahar\/wp-json\/wp\/v2\/pages\/2780"}],"collection":[{"href":"https:\/\/blogsaverroes.juntadeandalucia.es\/iesazahar\/wp-json\/wp\/v2\/pages"}],"about":[{"href":"https:\/\/blogsaverroes.juntadeandalucia.es\/iesazahar\/wp-json\/wp\/v2\/types\/page"}],"author":[{"embeddable":true,"href":"https:\/\/blogsaverroes.juntadeandalucia.es\/iesazahar\/wp-json\/wp\/v2\/users\/7635"}],"replies":[{"embeddable":true,"href":"https:\/\/blogsaverroes.juntadeandalucia.es\/iesazahar\/wp-json\/wp\/v2\/comments?post=2780"}],"version-history":[{"count":4,"href":"https:\/\/blogsaverroes.juntadeandalucia.es\/iesazahar\/wp-json\/wp\/v2\/pages\/2780\/revisions"}],"predecessor-version":[{"id":5871,"href":"https:\/\/blogsaverroes.juntadeandalucia.es\/iesazahar\/wp-json\/wp\/v2\/pages\/2780\/revisions\/5871"}],"wp:attachment":[{"href":"https:\/\/blogsaverroes.juntadeandalucia.es\/iesazahar\/wp-json\/wp\/v2\/media?parent=2780"}],"curies":[{"name":"wp","href":"https:\/\/api.w.org\/{rel}","templated":true}]}}