{"id":2790,"date":"2019-11-28T07:44:18","date_gmt":"2019-11-28T07:44:18","guid":{"rendered":"https:\/\/blogsaverroes.juntadeandalucia.es\/iesazahar\/?page_id=2790"},"modified":"2025-11-17T18:35:12","modified_gmt":"2025-11-17T18:35:12","slug":"tenologia","status":"publish","type":"page","link":"https:\/\/blogsaverroes.juntadeandalucia.es\/iesazahar\/ambito-cientifico\/tenologia\/","title":{"rendered":"Tecnolog\u00eda e Inform\u00e1tica"},"content":{"rendered":"<div id=\"attachment_5530\" style=\"width: 310px\" class=\"wp-caption alignleft\"><a href=\"https:\/\/blogsaverroes.juntadeandalucia.es\/iesazahar\/files\/2025\/02\/IMG-20250211-WA0010.jpg\"><img loading=\"lazy\" decoding=\"async\" aria-describedby=\"caption-attachment-5530\" class=\"wp-image-5530 size-medium\" src=\"https:\/\/blogsaverroes.juntadeandalucia.es\/iesazahar\/files\/2025\/02\/IMG-20250211-WA0010-300x225.jpg\" alt=\"Taller de Tecnolog\u00eda\" width=\"300\" height=\"225\" srcset=\"https:\/\/blogsaverroes.juntadeandalucia.es\/iesazahar\/files\/2025\/02\/IMG-20250211-WA0010-300x225.jpg 300w, https:\/\/blogsaverroes.juntadeandalucia.es\/iesazahar\/files\/2025\/02\/IMG-20250211-WA0010-1024x767.jpg 1024w, https:\/\/blogsaverroes.juntadeandalucia.es\/iesazahar\/files\/2025\/02\/IMG-20250211-WA0010-768x575.jpg 768w, https:\/\/blogsaverroes.juntadeandalucia.es\/iesazahar\/files\/2025\/02\/IMG-20250211-WA0010-1536x1150.jpg 1536w, https:\/\/blogsaverroes.juntadeandalucia.es\/iesazahar\/files\/2025\/02\/IMG-20250211-WA0010.jpg 1600w\" sizes=\"(max-width: 300px) 100vw, 300px\" \/><\/a><p id=\"caption-attachment-5530\" class=\"wp-caption-text\">Taller de Tecnolog\u00eda<\/p><\/div>\n<p style=\"text-align: justify\" data-start=\"153\" data-end=\"492\"><em>El aprendizaje se construye.<\/em><\/p>\n<p style=\"text-align: justify\" data-start=\"153\" data-end=\"492\">En nuestro departamento apostamos por una ense\u00f1anza pr\u00e1ctica e innovadora donde la experimentaci\u00f3n y el desarrollo de proyectos sean el motor del conocimiento. Usamos metodolog\u00edas activas combin\u00e1ndolas con herramientas digitales y tecnolog\u00eda actual.<\/p>\n<p style=\"text-align: justify\" data-start=\"494\" data-end=\"880\">Nuestro alumnado dise\u00f1a, construye y programa robots, crea modelos en 3D, trabaja con inteligencia artificial, realiza v\u00eddeos y presentaciones atractivas, siempre en un entorno que fomenta el trabajo en equipo, la resoluci\u00f3n de problemas y el pensamiento cr\u00edtico.<\/p>\n<p style=\"text-align: justify\" data-start=\"882\" data-end=\"1068\">Adem\u00e1s, en cada proyecto buscamos ser responsables con el planeta: reciclamos materiales, optimizamos recursos y demostramos que la innovaci\u00f3n y la sostenibilidad pueden ir de la mano.<\/p>\n<p data-start=\"1070\" data-end=\"1202\">No solo hablamos de tecnolog\u00eda\u2026<strong> \u00a1la creamos, la desmontamos y la volvemos a montar!&nbsp;<\/strong>&nbsp; &nbsp; &nbsp; &nbsp; &nbsp; &nbsp; &nbsp; &nbsp; &nbsp; &nbsp; &nbsp; &nbsp; &nbsp; &nbsp; &nbsp; &nbsp; &nbsp; &nbsp; &nbsp;<em>&nbsp; &nbsp; &nbsp; &nbsp; &nbsp; &nbsp; &nbsp; &nbsp; &nbsp; &nbsp; &nbsp; &nbsp; &nbsp; &nbsp; &nbsp; &nbsp; &nbsp; &nbsp; &nbsp; &nbsp; &nbsp; &nbsp; &nbsp; &nbsp; &nbsp; &nbsp; &nbsp; &nbsp; &nbsp; &nbsp; &nbsp; &nbsp; &nbsp; &nbsp; &nbsp; &nbsp; &nbsp; &nbsp; &nbsp; &nbsp;&nbsp; <\/em><\/p>\n<table style=\"border-collapse: collapse;width: 100%;height: 270px\">\n<tbody>\n<tr style=\"height: 75px\">\n<td style=\"width: 61.5635%;height: 75px;text-align: left\">\n<h2>Profesorado<\/h2>\n<\/td>\n<td style=\"width: 38.4365%;height: 75px;text-align: left\">&nbsp;<\/td>\n<\/tr>\n<tr style=\"height: 24px\">\n<td style=\"width: 61.5635%;height: 24px;text-align: left\">Ricardo Garc\u00eda Vaquerizo: Jefe de departamento; coord. TDE<\/td>\n<td style=\"width: 38.4365%;height: 24px;text-align: left\"><em>rgarvaq586@g.educaand.es<\/em><\/td>\n<\/tr>\n<tr style=\"height: 24px\">\n<td style=\"width: 61.5635%;height: 24px;text-align: left\">Ana Echarri Carrillo: Coord. Programa STEAM 4.0<\/td>\n<td style=\"width: 38.4365%;height: 24px;text-align: left\"><em>aechcar227@g.educaand.es&nbsp; &nbsp;<\/em><\/td>\n<\/tr>\n<tr style=\"height: 24px\">\n<td style=\"width: 61.5635%;height: 24px;text-align: left\">Juan Ram\u00f3n Basallote Mar\u00edn<\/td>\n<td style=\"width: 38.4365%;height: 24px;text-align: left\"><em>jbasmar476@g.educaand.es<\/em><\/td>\n<\/tr>\n<tr style=\"height: 24px\">\n<td style=\"width: 61.5635%;height: 24px;text-align: left\">&nbsp;<\/td>\n<td style=\"width: 38.4365%;height: 24px;text-align: left\">&nbsp;<\/td>\n<\/tr>\n<tr style=\"height: 24px\">\n<td style=\"width: 61.5635%;height: 24px;text-align: left\">\n<h3>Programaciones did\u00e1cticas<\/h3>\n<\/td>\n<td style=\"width: 38.4365%;height: 75px;text-align: left\">\n<h3><em><a href=\"https:\/\/drive.google.com\/drive\/folders\/1UWydK5ZBX9fuGEn6_Ut1ytFXD_xBeCDc?usp=drive_link\" target=\"_blank\" rel=\"noopener noreferrer\">Curso Actual<\/a><\/em><\/h3>\n<\/td>\n<\/tr>\n<\/tbody>\n<\/table>\n","protected":false},"excerpt":{"rendered":"<p>El aprendizaje se construye. En nuestro departamento apostamos por una ense\u00f1anza pr\u00e1ctica e innovadora donde la experimentaci\u00f3n y el desarrollo de proyectos sean el motor del conocimiento. Usamos metodolog\u00edas activas combin\u00e1ndolas con herramientas digitales y&#46;&#46;&#46;<\/p>\n","protected":false},"author":7635,"featured_media":0,"parent":2553,"menu_order":0,"comment_status":"closed","ping_status":"closed","template":"","meta":{"ngg_post_thumbnail":0,"footnotes":"","_mc_calendar":[]},"aioseo_notices":[],"_links":{"self":[{"href":"https:\/\/blogsaverroes.juntadeandalucia.es\/iesazahar\/wp-json\/wp\/v2\/pages\/2790"}],"collection":[{"href":"https:\/\/blogsaverroes.juntadeandalucia.es\/iesazahar\/wp-json\/wp\/v2\/pages"}],"about":[{"href":"https:\/\/blogsaverroes.juntadeandalucia.es\/iesazahar\/wp-json\/wp\/v2\/types\/page"}],"author":[{"embeddable":true,"href":"https:\/\/blogsaverroes.juntadeandalucia.es\/iesazahar\/wp-json\/wp\/v2\/users\/7635"}],"replies":[{"embeddable":true,"href":"https:\/\/blogsaverroes.juntadeandalucia.es\/iesazahar\/wp-json\/wp\/v2\/comments?post=2790"}],"version-history":[{"count":32,"href":"https:\/\/blogsaverroes.juntadeandalucia.es\/iesazahar\/wp-json\/wp\/v2\/pages\/2790\/revisions"}],"predecessor-version":[{"id":6257,"href":"https:\/\/blogsaverroes.juntadeandalucia.es\/iesazahar\/wp-json\/wp\/v2\/pages\/2790\/revisions\/6257"}],"up":[{"embeddable":true,"href":"https:\/\/blogsaverroes.juntadeandalucia.es\/iesazahar\/wp-json\/wp\/v2\/pages\/2553"}],"wp:attachment":[{"href":"https:\/\/blogsaverroes.juntadeandalucia.es\/iesazahar\/wp-json\/wp\/v2\/media?parent=2790"}],"curies":[{"name":"wp","href":"https:\/\/api.w.org\/{rel}","templated":true}]}}