{"id":2806,"date":"2019-11-28T07:50:28","date_gmt":"2019-11-28T07:50:28","guid":{"rendered":"https:\/\/blogsaverroes.juntadeandalucia.es\/iesazahar\/?page_id=2806"},"modified":"2025-11-18T08:44:53","modified_gmt":"2025-11-18T08:44:53","slug":"ingles","status":"publish","type":"page","link":"https:\/\/blogsaverroes.juntadeandalucia.es\/iesazahar\/ambito-sociolinguistico\/ingles\/","title":{"rendered":"Ingl\u00e9s"},"content":{"rendered":"<div id=\"attachment_5505\" style=\"width: 191px\" class=\"wp-caption alignleft\"><a href=\"https:\/\/blogsaverroes.juntadeandalucia.es\/iesazahar\/files\/2025\/02\/IMG-20250219-WA0009.jpg\"><img loading=\"lazy\" decoding=\"async\" aria-describedby=\"caption-attachment-5505\" class=\"size-full wp-image-5505\" src=\"https:\/\/blogsaverroes.juntadeandalucia.es\/iesazahar\/files\/2025\/02\/IMG-20250219-WA0009.jpg\" alt=\"King's Life Guard\" width=\"181\" height=\"278\"><\/a><p id=\"caption-attachment-5505\" class=\"wp-caption-text\">King&#8217;s Life Guard<\/p><\/div>\n<p style=\"text-align: justify\">Nuestro departamento ofrece una educaci\u00f3n din\u00e1mica y personalizada, basada en metodolog\u00edas activas que fomentan la participaci\u00f3n y el pensamiento cr\u00edtico.<\/p>\n<p style=\"text-align: justify\">Utilizamos recursos digitales, materiales audiovisuales y actividades colaborativas para desarrollar las habilidades ling\u00fc\u00edsticas.<\/p>\n<p style=\"text-align: justify\">Promovemos un enfoque emocional que fomenta un ambiente de respeto y empat\u00eda, motivando al alumnado para que disfrute del aprendizaje del ingl\u00e9s.<\/p>\n<p><strong>CHILL OUT WITH ENGLISH!!<\/strong><\/p>\n<table style=\"border-collapse: collapse;width: 100%\">\n<tbody>\n<tr>\n<td style=\"width: 62.3029%\">\n<h2 style=\"text-align: left\">Profesorado<\/h2>\n<\/td>\n<td style=\"width: 37.6971%\">&nbsp;<\/td>\n<\/tr>\n<tr>\n<td style=\"width: 62.3029%\">\n<p style=\"text-align: left\"><strong>Jefa de Departamento<\/strong><\/p>\n<p style=\"text-align: left\">M\u00aa Dolores Fern\u00e1ndez Garc\u00eda<\/p>\n<\/td>\n<td style=\"width: 37.6971%\"><em>mfergar412@g.educaand.es<\/em><\/td>\n<\/tr>\n<tr>\n<td style=\"width: 62.3029%\">\n<p style=\"text-align: left\"><strong>Directora y Coordinadora Biling\u00fce<\/strong><\/p>\n<p style=\"text-align: left\">Rosa M. P\u00e9rez Rodr\u00edguez<\/p>\n<\/td>\n<td style=\"width: 37.6971%\"><em>rperrod440@g.educaand.es<\/em><\/td>\n<\/tr>\n<tr>\n<td style=\"width: 62.3029%;text-align: left\">Margherita Obino<\/td>\n<td style=\"width: 37.6971%\"><em>mobi842@g.educaand.es<\/em><\/td>\n<\/tr>\n<tr>\n<td style=\"width: 62.3029%;text-align: left\">Inmaculada Mart\u00ednez Jim\u00e9nez<\/td>\n<td style=\"width: 37.6971%\"><em>imarjim459@g.educaand.es<\/em><\/td>\n<\/tr>\n<tr>\n<td style=\"width: 62.3029%;text-align: left\">Palomo Galv\u00e1n, Mar\u00eda Patricia<\/td>\n<td style=\"width: 37.6971%\"><em>mpalgal460@g.educaand.es<\/em><\/td>\n<\/tr>\n<tr>\n<td style=\"width: 62.3029%;text-align: left\">Cristina Sevillano Maeso<\/td>\n<td style=\"width: 37.6971%\"><em>csevmae012@g.educaand.es<\/em><\/td>\n<\/tr>\n<tr>\n<td style=\"width: 62.3029%;text-align: left\">Almudena Zamudio Rodr\u00edguez<\/td>\n<td style=\"width: 37.6971%\"><em>azamrod831@g.educaand.es<\/em><\/td>\n<\/tr>\n<tr>\n<td style=\"width: 62.3029%;text-align: left\">Jos\u00e9 de Mar\u00eda Romero Barea<\/td>\n<td style=\"width: 37.6971%\"><em>jrombar576@g.educaand.es<\/em><\/td>\n<\/tr>\n<tr>\n<td style=\"width: 62.3029%\">&nbsp;<\/td>\n<td style=\"width: 37.6971%\">&nbsp;<\/td>\n<\/tr>\n<tr>\n<td style=\"width: 62.3029%\">\n<h2 style=\"text-align: left\">Programaciones did\u00e1cticas<\/h2>\n<\/td>\n<td style=\"width: 37.6971%\">\n<h4><em><a href=\"https:\/\/drive.google.com\/drive\/folders\/1uWZGgZikXiUFEGrSmj5w72qnQjvEqB-O?usp=drive_link\" target=\"_blank\" rel=\"noopener noreferrer\">Curso Actual<\/a><\/em><\/h4>\n<\/td>\n<\/tr>\n<\/tbody>\n<\/table>\n<p>&nbsp;<\/p>\n","protected":false},"excerpt":{"rendered":"<p>Nuestro departamento ofrece una educaci\u00f3n din\u00e1mica y personalizada, basada en metodolog\u00edas activas que fomentan la participaci\u00f3n y el pensamiento cr\u00edtico. Utilizamos recursos digitales, materiales audiovisuales y actividades colaborativas para desarrollar las habilidades ling\u00fc\u00edsticas. Promovemos un&#46;&#46;&#46;<\/p>\n","protected":false},"author":7635,"featured_media":0,"parent":2804,"menu_order":0,"comment_status":"closed","ping_status":"closed","template":"","meta":{"ngg_post_thumbnail":0,"footnotes":"","_mc_calendar":[]},"aioseo_notices":[],"_links":{"self":[{"href":"https:\/\/blogsaverroes.juntadeandalucia.es\/iesazahar\/wp-json\/wp\/v2\/pages\/2806"}],"collection":[{"href":"https:\/\/blogsaverroes.juntadeandalucia.es\/iesazahar\/wp-json\/wp\/v2\/pages"}],"about":[{"href":"https:\/\/blogsaverroes.juntadeandalucia.es\/iesazahar\/wp-json\/wp\/v2\/types\/page"}],"author":[{"embeddable":true,"href":"https:\/\/blogsaverroes.juntadeandalucia.es\/iesazahar\/wp-json\/wp\/v2\/users\/7635"}],"replies":[{"embeddable":true,"href":"https:\/\/blogsaverroes.juntadeandalucia.es\/iesazahar\/wp-json\/wp\/v2\/comments?post=2806"}],"version-history":[{"count":24,"href":"https:\/\/blogsaverroes.juntadeandalucia.es\/iesazahar\/wp-json\/wp\/v2\/pages\/2806\/revisions"}],"predecessor-version":[{"id":6270,"href":"https:\/\/blogsaverroes.juntadeandalucia.es\/iesazahar\/wp-json\/wp\/v2\/pages\/2806\/revisions\/6270"}],"up":[{"embeddable":true,"href":"https:\/\/blogsaverroes.juntadeandalucia.es\/iesazahar\/wp-json\/wp\/v2\/pages\/2804"}],"wp:attachment":[{"href":"https:\/\/blogsaverroes.juntadeandalucia.es\/iesazahar\/wp-json\/wp\/v2\/media?parent=2806"}],"curies":[{"name":"wp","href":"https:\/\/api.w.org\/{rel}","templated":true}]}}