{"id":2810,"date":"2019-11-28T07:51:24","date_gmt":"2019-11-28T07:51:24","guid":{"rendered":"https:\/\/blogsaverroes.juntadeandalucia.es\/iesazahar\/?page_id=2810"},"modified":"2025-11-18T08:32:15","modified_gmt":"2025-11-18T08:32:15","slug":"filosofia","status":"publish","type":"page","link":"https:\/\/blogsaverroes.juntadeandalucia.es\/iesazahar\/ambito-sociolinguistico\/filosofia\/","title":{"rendered":"Filosof\u00eda"},"content":{"rendered":"<p style=\"text-align: justify\"><a href=\"https:\/\/blogsaverroes.juntadeandalucia.es\/iesazahar\/files\/2025\/01\/ai-generated-8846960_1280.png\"><img loading=\"lazy\" decoding=\"async\" class=\"size-medium wp-image-5440 alignleft\" src=\"https:\/\/blogsaverroes.juntadeandalucia.es\/iesazahar\/files\/2025\/01\/ai-generated-8846960_1280-203x300.png\" alt=\"\" width=\"203\" height=\"300\" srcset=\"https:\/\/blogsaverroes.juntadeandalucia.es\/iesazahar\/files\/2025\/01\/ai-generated-8846960_1280-203x300.png 203w, https:\/\/blogsaverroes.juntadeandalucia.es\/iesazahar\/files\/2025\/01\/ai-generated-8846960_1280-694x1024.png 694w, https:\/\/blogsaverroes.juntadeandalucia.es\/iesazahar\/files\/2025\/01\/ai-generated-8846960_1280-768x1134.png 768w, https:\/\/blogsaverroes.juntadeandalucia.es\/iesazahar\/files\/2025\/01\/ai-generated-8846960_1280.png 867w\" sizes=\"(max-width: 203px) 100vw, 203px\" \/><\/a><\/p>\n<p><strong>\u00bfSab\u00e9is cu\u00e1l es el principal objetivo que hay detr\u00e1s de la reflexi\u00f3n filos\u00f3fica de un adolescente? Desarrollar el esp\u00edritu cr\u00edtico y ayudar a madurar intelectualmente.<\/strong><\/p>\n<p style=\"text-align: justify\">Es muy importante filtrar toda la informaci\u00f3n que les llega, encontrar su lugar en el mundo, ser conscientes de que son \u00fanicos e irrepetibles y asumir que tienen una oportunidad privilegiada para poder realizar buena parte de sus planes vitales.<\/p>\n<p style=\"text-align: justify\">El adolescente que est\u00e1 creciendo debe hacerse cargo de su vida, usar su libertad de forma responsable en la sociedad que le ha tocado vivir. Es su momento. Por eso y por muchas cosas m\u00e1s es tan importante hacer filosof\u00eda en estos a\u00f1os en los que madura la personalidad de cada cual.<\/p>\n<p style=\"text-align: justify\">El departamento de Filosof\u00eda del IES Azahar se encarga de programar y desarrollar las materias de: Filosof\u00eda en cuarto de la ESO, Filosof\u00eda en primero de bachillerato, Historia de la Filosof\u00eda en segundo de bachillerato y Educaci\u00f3n en Valores C\u00edvicos y \u00c9ticos en segundo de la ESO.<\/p>\n<p style=\"text-align: justify\">Se propone una metodolog\u00eda centrada en la actividad y participaci\u00f3n individual y colectiva del alumnado, que favorezca el pensamiento cr\u00edtico y racional, y en la que el aprendizaje significativo y por descubrimiento sea la piedra angular. Aprendizaje que parta de lo que el alumnado ya sabe, conocimientos previos, para que, con la gu\u00eda del profesorado hacia la nueva informaci\u00f3n, reorganice su conocimiento del mundo, provocando aprendizajes \u00fatiles aplicables fuera del aula, aprendiendo as\u00ed para la vida y a aprender.<\/p>\n<p><strong>Sapere aude!<\/strong><\/p>\n<p><strong>\u00a1Atr\u00e9vete a saber!<\/strong><\/p>\n<p>&nbsp;<\/p>\n<table style=\"border-collapse: collapse;width: 100%;height: 262px\">\n<tbody>\n<tr style=\"height: 60px\">\n<td style=\"width: 66.3279%;height: 75px\">\n<h2 style=\"text-align: left\">Profesorado<\/h2>\n<\/td>\n<td style=\"width: 33.6721%;height: 60px\">&nbsp;<\/td>\n<\/tr>\n<tr>\n<td style=\"width: 66.3279%\">\n<p style=\"padding-left: 40px;text-align: left\"><strong>Jefe de Departamento<\/strong><\/p>\n<p style=\"text-align: left;padding-left: 40px\">Ismael Rojas Pozo<\/p>\n<\/td>\n<td style=\"width: 33.6721%\"><em>irojpoz185@g.educaand.es<\/em><\/td>\n<\/tr>\n<tr style=\"height: 56px\">\n<td style=\"width: 66.3279%;height: 56px\">\n<h2 style=\"text-align: left\">Programaciones did\u00e1cticas<\/h2>\n<\/td>\n<td style=\"width: 33.6721%;height: 56px\">\n<h4><em><a href=\"https:\/\/drive.google.com\/drive\/folders\/1_seOCe6UtYZ99NBFLf_I8CVajn7uK6i0?usp=sharing\" target=\"_blank\" rel=\"noopener\">Curso Actual<\/a><\/em><\/h4>\n<\/td>\n<\/tr>\n<\/tbody>\n<\/table>\n<h2><strong>&nbsp;<\/strong><\/h2>\n<p>,&nbsp;&nbsp; &nbsp;&nbsp;<\/p>\n<h2>&nbsp;<\/h2>\n<p>&nbsp;<\/p>\n<p>&nbsp;<\/p>\n<p>&nbsp;<\/p>\n","protected":false},"excerpt":{"rendered":"<p>\u00bfSab\u00e9is cu\u00e1l es el principal objetivo que hay detr\u00e1s de la reflexi\u00f3n filos\u00f3fica de un adolescente? Desarrollar el esp\u00edritu cr\u00edtico y ayudar a madurar intelectualmente. Es muy importante filtrar toda la informaci\u00f3n que les llega,&#46;&#46;&#46;<\/p>\n","protected":false},"author":7635,"featured_media":0,"parent":2804,"menu_order":0,"comment_status":"closed","ping_status":"closed","template":"","meta":{"ngg_post_thumbnail":0,"footnotes":"","_mc_calendar":[]},"aioseo_notices":[],"_links":{"self":[{"href":"https:\/\/blogsaverroes.juntadeandalucia.es\/iesazahar\/wp-json\/wp\/v2\/pages\/2810"}],"collection":[{"href":"https:\/\/blogsaverroes.juntadeandalucia.es\/iesazahar\/wp-json\/wp\/v2\/pages"}],"about":[{"href":"https:\/\/blogsaverroes.juntadeandalucia.es\/iesazahar\/wp-json\/wp\/v2\/types\/page"}],"author":[{"embeddable":true,"href":"https:\/\/blogsaverroes.juntadeandalucia.es\/iesazahar\/wp-json\/wp\/v2\/users\/7635"}],"replies":[{"embeddable":true,"href":"https:\/\/blogsaverroes.juntadeandalucia.es\/iesazahar\/wp-json\/wp\/v2\/comments?post=2810"}],"version-history":[{"count":31,"href":"https:\/\/blogsaverroes.juntadeandalucia.es\/iesazahar\/wp-json\/wp\/v2\/pages\/2810\/revisions"}],"predecessor-version":[{"id":6265,"href":"https:\/\/blogsaverroes.juntadeandalucia.es\/iesazahar\/wp-json\/wp\/v2\/pages\/2810\/revisions\/6265"}],"up":[{"embeddable":true,"href":"https:\/\/blogsaverroes.juntadeandalucia.es\/iesazahar\/wp-json\/wp\/v2\/pages\/2804"}],"wp:attachment":[{"href":"https:\/\/blogsaverroes.juntadeandalucia.es\/iesazahar\/wp-json\/wp\/v2\/media?parent=2810"}],"curies":[{"name":"wp","href":"https:\/\/api.w.org\/{rel}","templated":true}]}}