{"id":2826,"date":"2019-11-28T07:56:42","date_gmt":"2019-11-28T07:56:42","guid":{"rendered":"https:\/\/blogsaverroes.juntadeandalucia.es\/iesazahar\/?page_id=2826"},"modified":"2025-11-17T18:45:15","modified_gmt":"2025-11-17T18:45:15","slug":"dibujo","status":"publish","type":"page","link":"https:\/\/blogsaverroes.juntadeandalucia.es\/iesazahar\/ambito-artistico\/dibujo\/","title":{"rendered":"Educaci\u00f3n Pl\u00e1stica, Visual y Audiovisual"},"content":{"rendered":"<div id=\"attachment_5485\" style=\"width: 310px\" class=\"wp-caption alignleft\"><a href=\"https:\/\/blogsaverroes.juntadeandalucia.es\/iesazahar\/files\/2025\/02\/PHOTO-2024-11-27-11-35-56.jpeg\"><img loading=\"lazy\" decoding=\"async\" aria-describedby=\"caption-attachment-5485\" class=\"size-medium wp-image-5485\" src=\"https:\/\/blogsaverroes.juntadeandalucia.es\/iesazahar\/files\/2025\/02\/PHOTO-2024-11-27-11-35-56-300x225.jpeg\" alt=\"Taller de EPV\" width=\"300\" height=\"225\" srcset=\"https:\/\/blogsaverroes.juntadeandalucia.es\/iesazahar\/files\/2025\/02\/PHOTO-2024-11-27-11-35-56-300x225.jpeg 300w, https:\/\/blogsaverroes.juntadeandalucia.es\/iesazahar\/files\/2025\/02\/PHOTO-2024-11-27-11-35-56-1024x768.jpeg 1024w, https:\/\/blogsaverroes.juntadeandalucia.es\/iesazahar\/files\/2025\/02\/PHOTO-2024-11-27-11-35-56-768x576.jpeg 768w, https:\/\/blogsaverroes.juntadeandalucia.es\/iesazahar\/files\/2025\/02\/PHOTO-2024-11-27-11-35-56-1536x1152.jpeg 1536w, https:\/\/blogsaverroes.juntadeandalucia.es\/iesazahar\/files\/2025\/02\/PHOTO-2024-11-27-11-35-56.jpeg 1600w\" sizes=\"(max-width: 300px) 100vw, 300px\" \/><\/a><p id=\"caption-attachment-5485\" class=\"wp-caption-text\"><strong>Taller<\/strong><\/p><\/div>\n<p><strong>\u00bfQu\u00e9 es lo importante ? \u00bfCrear cosas bellas? \u00bfSer admirado? <\/strong><\/p>\n<p><strong>\u00bfDominar t\u00e9cnicas y procedimientos? \u00bfSer originales? No.<\/strong><\/p>\n<p style=\"text-align: justify\">El arte es conexi\u00f3n, comunidad, reflexi\u00f3n y sobre todo experimentaci\u00f3n. Eso es lo que vas a encontrar aqu\u00ed, un sitio abierto a disfrutar de los procesos m\u00e1s que los resultados junto a los dem\u00e1s, \u00bfel resultado? Ya lo veremos\u2026<\/p>\n<p style=\"text-align: justify\">Bienvenida\/o a un lugar diferente.<\/p>\n<p>&nbsp;<\/p>\n<table style=\"width: 99.3032%\">\n<tbody>\n<tr>\n<td style=\"width: 63.6785%\">\n<h2 style=\"text-align: left\">Profesorado<\/h2>\n<\/td>\n<td style=\"width: 131.53%\">&nbsp;<\/td>\n<\/tr>\n<tr>\n<td style=\"width: 63.6785%\">Ra\u00fal Nieto Guridi (Jefe de Departamento)<\/td>\n<td style=\"width: 131.53%\"><em>rniegur055@g.educaand.es<\/em><\/td>\n<\/tr>\n<tr>\n<td style=\"width: 63.6785%\">Roc\u00edo Salvador Pulido (Vicedirectora)<\/td>\n<td style=\"width: 131.53%\"><em>rsalpul119@g.educaand.es&nbsp;<\/em><\/td>\n<\/tr>\n<tr>\n<td style=\"width: 63.6785%\">\n<h2 style=\"text-align: left\">Programaciones did\u00e1cticas<\/h2>\n<\/td>\n<td style=\"width: 131.53%\">\n<h5><em><a href=\"https:\/\/drive.google.com\/drive\/folders\/1pZx2pLPf9zPUEr0n-Bhq8RBEcHLcjauZ?usp=drive_link\" target=\"_blank\" rel=\"noopener noreferrer\"><strong>Curso Actual<\/strong><\/a><\/em><\/h5>\n<\/td>\n<\/tr>\n<\/tbody>\n<\/table>\n<h2><strong>&nbsp;<\/strong><\/h2>\n","protected":false},"excerpt":{"rendered":"<p>\u00bfQu\u00e9 es lo importante ? \u00bfCrear cosas bellas? \u00bfSer admirado? \u00bfDominar t\u00e9cnicas y procedimientos? \u00bfSer originales? No. El arte es conexi\u00f3n, comunidad, reflexi\u00f3n y sobre todo experimentaci\u00f3n. Eso es lo que vas a encontrar aqu\u00ed,&#46;&#46;&#46;<\/p>\n","protected":false},"author":7635,"featured_media":0,"parent":2824,"menu_order":0,"comment_status":"closed","ping_status":"closed","template":"","meta":{"ngg_post_thumbnail":0,"footnotes":"","_mc_calendar":[]},"aioseo_notices":[],"_links":{"self":[{"href":"https:\/\/blogsaverroes.juntadeandalucia.es\/iesazahar\/wp-json\/wp\/v2\/pages\/2826"}],"collection":[{"href":"https:\/\/blogsaverroes.juntadeandalucia.es\/iesazahar\/wp-json\/wp\/v2\/pages"}],"about":[{"href":"https:\/\/blogsaverroes.juntadeandalucia.es\/iesazahar\/wp-json\/wp\/v2\/types\/page"}],"author":[{"embeddable":true,"href":"https:\/\/blogsaverroes.juntadeandalucia.es\/iesazahar\/wp-json\/wp\/v2\/users\/7635"}],"replies":[{"embeddable":true,"href":"https:\/\/blogsaverroes.juntadeandalucia.es\/iesazahar\/wp-json\/wp\/v2\/comments?post=2826"}],"version-history":[{"count":17,"href":"https:\/\/blogsaverroes.juntadeandalucia.es\/iesazahar\/wp-json\/wp\/v2\/pages\/2826\/revisions"}],"predecessor-version":[{"id":6260,"href":"https:\/\/blogsaverroes.juntadeandalucia.es\/iesazahar\/wp-json\/wp\/v2\/pages\/2826\/revisions\/6260"}],"up":[{"embeddable":true,"href":"https:\/\/blogsaverroes.juntadeandalucia.es\/iesazahar\/wp-json\/wp\/v2\/pages\/2824"}],"wp:attachment":[{"href":"https:\/\/blogsaverroes.juntadeandalucia.es\/iesazahar\/wp-json\/wp\/v2\/media?parent=2826"}],"curies":[{"name":"wp","href":"https:\/\/api.w.org\/{rel}","templated":true}]}}