{"id":2828,"date":"2019-11-28T07:57:00","date_gmt":"2019-11-28T07:57:00","guid":{"rendered":"https:\/\/blogsaverroes.juntadeandalucia.es\/iesazahar\/?page_id=2828"},"modified":"2025-11-17T18:46:27","modified_gmt":"2025-11-17T18:46:27","slug":"educacion-fisica","status":"publish","type":"page","link":"https:\/\/blogsaverroes.juntadeandalucia.es\/iesazahar\/ambito-artistico\/educacion-fisica\/","title":{"rendered":"Educaci\u00f3n F\u00edsica"},"content":{"rendered":"<p><strong>Miembros del Departamento de Educaci\u00f3n F\u00edsica<\/strong><\/p>\n<ul>\n<li>Juan Sales Fern\u00e1ndez, Jefe de Departamento&nbsp; &nbsp; &nbsp; &nbsp; &nbsp; &nbsp; &nbsp; &nbsp; &nbsp; &nbsp; &nbsp;&nbsp;<\/li>\n<\/ul>\n<p>jsalfer775@g.educaand.es<\/p>\n<ul>\n<li>Mediano Bernal, Mar\u00eda Paula<\/li>\n<\/ul>\n<p>pmedber777@g.educaand.es<\/p>\n<p>PROGRAMACIONES DID\u00c1CTICAS <a href=\"https:\/\/drive.google.com\/drive\/folders\/1J3muXyuAFZRpcKRdngBaG0I-cpaeaOek?usp=drive_link\" target=\"_blank\" rel=\"noopener noreferrer\"><strong>Curso Actual<\/strong><\/a><\/p>\n<p>&nbsp;<\/p>\n<p>&nbsp;<\/p>\n","protected":false},"excerpt":{"rendered":"<p>Miembros del Departamento de Educaci\u00f3n F\u00edsica Juan Sales Fern\u00e1ndez, Jefe de Departamento&nbsp; &nbsp; &nbsp; &nbsp; &nbsp; &nbsp; &nbsp; &nbsp; &nbsp; &nbsp; &nbsp;&nbsp; jsalfer775@g.educaand.es Mediano Bernal, Mar\u00eda Paula pmedber777@g.educaand.es PROGRAMACIONES DID\u00c1CTICAS Curso Actual &nbsp; &nbsp;<\/p>\n","protected":false},"author":7635,"featured_media":0,"parent":2824,"menu_order":0,"comment_status":"closed","ping_status":"closed","template":"","meta":{"ngg_post_thumbnail":0,"footnotes":"","_mc_calendar":[]},"aioseo_notices":[],"_links":{"self":[{"href":"https:\/\/blogsaverroes.juntadeandalucia.es\/iesazahar\/wp-json\/wp\/v2\/pages\/2828"}],"collection":[{"href":"https:\/\/blogsaverroes.juntadeandalucia.es\/iesazahar\/wp-json\/wp\/v2\/pages"}],"about":[{"href":"https:\/\/blogsaverroes.juntadeandalucia.es\/iesazahar\/wp-json\/wp\/v2\/types\/page"}],"author":[{"embeddable":true,"href":"https:\/\/blogsaverroes.juntadeandalucia.es\/iesazahar\/wp-json\/wp\/v2\/users\/7635"}],"replies":[{"embeddable":true,"href":"https:\/\/blogsaverroes.juntadeandalucia.es\/iesazahar\/wp-json\/wp\/v2\/comments?post=2828"}],"version-history":[{"count":12,"href":"https:\/\/blogsaverroes.juntadeandalucia.es\/iesazahar\/wp-json\/wp\/v2\/pages\/2828\/revisions"}],"predecessor-version":[{"id":4845,"href":"https:\/\/blogsaverroes.juntadeandalucia.es\/iesazahar\/wp-json\/wp\/v2\/pages\/2828\/revisions\/4845"}],"up":[{"embeddable":true,"href":"https:\/\/blogsaverroes.juntadeandalucia.es\/iesazahar\/wp-json\/wp\/v2\/pages\/2824"}],"wp:attachment":[{"href":"https:\/\/blogsaverroes.juntadeandalucia.es\/iesazahar\/wp-json\/wp\/v2\/media?parent=2828"}],"curies":[{"name":"wp","href":"https:\/\/api.w.org\/{rel}","templated":true}]}}