{"id":2839,"date":"2019-11-28T08:01:10","date_gmt":"2019-11-28T08:01:10","guid":{"rendered":"https:\/\/blogsaverroes.juntadeandalucia.es\/iesazahar\/?page_id=2839"},"modified":"2025-10-27T13:31:26","modified_gmt":"2025-10-27T13:31:26","slug":"ampa","status":"publish","type":"page","link":"https:\/\/blogsaverroes.juntadeandalucia.es\/iesazahar\/ampa\/","title":{"rendered":"AMPA"},"content":{"rendered":"<p>El AMPA S\u00e9neca es la asociaci\u00f3n de padres y madres del alumnado del IES Azahar.<\/p>\n<p>Pueden ponerse en contacto con nuestro AMPA&nbsp; a trav\u00e9s de las siguientes direcciones de correo:<\/p>\n<p><a href=\"mailto:ampaseneca@iesazahar.es\">ampaseneca@iesazahar.es<\/a><\/p>\n<p><a href=\"mailto:ampaseneca@gmail.com\">ampaseneca@gmail.com<\/a><\/p>\n<p>Twitter: @SenecaIes<\/p>\n","protected":false},"excerpt":{"rendered":"<p>El AMPA S\u00e9neca es la asociaci\u00f3n de padres y madres del alumnado del IES Azahar. Pueden ponerse en contacto con nuestro AMPA&nbsp; a trav\u00e9s de las siguientes direcciones de correo: ampaseneca@iesazahar.es ampaseneca@gmail.com Twitter: @SenecaIes<\/p>\n","protected":false},"author":7635,"featured_media":0,"parent":0,"menu_order":0,"comment_status":"closed","ping_status":"closed","template":"","meta":{"ngg_post_thumbnail":0,"footnotes":"","_mc_calendar":[]},"aioseo_notices":[],"_links":{"self":[{"href":"https:\/\/blogsaverroes.juntadeandalucia.es\/iesazahar\/wp-json\/wp\/v2\/pages\/2839"}],"collection":[{"href":"https:\/\/blogsaverroes.juntadeandalucia.es\/iesazahar\/wp-json\/wp\/v2\/pages"}],"about":[{"href":"https:\/\/blogsaverroes.juntadeandalucia.es\/iesazahar\/wp-json\/wp\/v2\/types\/page"}],"author":[{"embeddable":true,"href":"https:\/\/blogsaverroes.juntadeandalucia.es\/iesazahar\/wp-json\/wp\/v2\/users\/7635"}],"replies":[{"embeddable":true,"href":"https:\/\/blogsaverroes.juntadeandalucia.es\/iesazahar\/wp-json\/wp\/v2\/comments?post=2839"}],"version-history":[{"count":7,"href":"https:\/\/blogsaverroes.juntadeandalucia.es\/iesazahar\/wp-json\/wp\/v2\/pages\/2839\/revisions"}],"predecessor-version":[{"id":6205,"href":"https:\/\/blogsaverroes.juntadeandalucia.es\/iesazahar\/wp-json\/wp\/v2\/pages\/2839\/revisions\/6205"}],"wp:attachment":[{"href":"https:\/\/blogsaverroes.juntadeandalucia.es\/iesazahar\/wp-json\/wp\/v2\/media?parent=2839"}],"curies":[{"name":"wp","href":"https:\/\/api.w.org\/{rel}","templated":true}]}}