{"id":2919,"date":"2019-12-04T11:41:15","date_gmt":"2019-12-04T11:41:15","guid":{"rendered":"https:\/\/blogsaverroes.juntadeandalucia.es\/iesazahar\/?page_id=2919"},"modified":"2025-11-18T09:16:35","modified_gmt":"2025-11-18T09:16:35","slug":"actividades-extraescolares-y-complementarias","status":"publish","type":"page","link":"https:\/\/blogsaverroes.juntadeandalucia.es\/iesazahar\/actividades-extraescolares-y-complementarias\/","title":{"rendered":"Actividades Extraescolares y Complementarias (DACE)"},"content":{"rendered":"<p><strong>Jefa de Departamento<\/strong>&nbsp; &nbsp;<\/p>\n<p>Mar\u00eda Teresa Dur\u00e1n Carramolino<em>&nbsp;&nbsp;&nbsp; mdurcar594@g.educaand.es<\/em><\/p>\n<p><a href=\"https:\/\/drive.google.com\/file\/d\/1JbWZei5vofGCjTvpniVnOVkQNtPKUR3C\/view?usp=sharing\">Programaci\u00f3n del Departamento DACE<\/a><\/p>\n","protected":false},"excerpt":{"rendered":"<p>Jefa de Departamento&nbsp; &nbsp; Mar\u00eda Teresa Dur\u00e1n Carramolino&nbsp;&nbsp;&nbsp; mdurcar594@g.educaand.es Programaci\u00f3n del Departamento DACE<\/p>\n","protected":false},"author":7635,"featured_media":0,"parent":0,"menu_order":0,"comment_status":"closed","ping_status":"closed","template":"","meta":{"ngg_post_thumbnail":0,"footnotes":"","_mc_calendar":[]},"aioseo_notices":[],"_links":{"self":[{"href":"https:\/\/blogsaverroes.juntadeandalucia.es\/iesazahar\/wp-json\/wp\/v2\/pages\/2919"}],"collection":[{"href":"https:\/\/blogsaverroes.juntadeandalucia.es\/iesazahar\/wp-json\/wp\/v2\/pages"}],"about":[{"href":"https:\/\/blogsaverroes.juntadeandalucia.es\/iesazahar\/wp-json\/wp\/v2\/types\/page"}],"author":[{"embeddable":true,"href":"https:\/\/blogsaverroes.juntadeandalucia.es\/iesazahar\/wp-json\/wp\/v2\/users\/7635"}],"replies":[{"embeddable":true,"href":"https:\/\/blogsaverroes.juntadeandalucia.es\/iesazahar\/wp-json\/wp\/v2\/comments?post=2919"}],"version-history":[{"count":8,"href":"https:\/\/blogsaverroes.juntadeandalucia.es\/iesazahar\/wp-json\/wp\/v2\/pages\/2919\/revisions"}],"predecessor-version":[{"id":6279,"href":"https:\/\/blogsaverroes.juntadeandalucia.es\/iesazahar\/wp-json\/wp\/v2\/pages\/2919\/revisions\/6279"}],"wp:attachment":[{"href":"https:\/\/blogsaverroes.juntadeandalucia.es\/iesazahar\/wp-json\/wp\/v2\/media?parent=2919"}],"curies":[{"name":"wp","href":"https:\/\/api.w.org\/{rel}","templated":true}]}}