{"id":2939,"date":"2020-10-10T09:58:20","date_gmt":"2020-10-10T09:58:20","guid":{"rendered":"https:\/\/blogsaverroes.juntadeandalucia.es\/iesazahar\/?page_id=2939"},"modified":"2025-06-10T08:50:04","modified_gmt":"2025-06-10T08:50:04","slug":"presentacion-y-proyecto-bilingue","status":"publish","type":"page","link":"https:\/\/blogsaverroes.juntadeandalucia.es\/iesazahar\/planes-y-programas\/bilinguismo\/presentacion-y-proyecto-bilingue\/","title":{"rendered":"Programa pluriling\u00fce IES Azahar"},"content":{"rendered":"<p style=\"text-align: justify\">El programa pluriling\u00fce se viene desarrollando en el centro desde 2008, y desde el curso 19\/20 alcanza la totalidad de la E.S.O. en todas las l\u00edneas.<\/p>\n<p>Las \u00c1reas No Ling\u00fc\u00edsticas (ANL) biling\u00fces son:<\/p>\n<ul>\n<li>BIOLOG\u00cdA<\/li>\n<li>GEOGRAF\u00cdA E HISTORIA<\/li>\n<li>TECNOLOG\u00cdA<\/li>\n<li>EDUCACI\u00d3N F\u00cdSICA<\/li>\n<li>EDUCACI\u00d3N PL\u00c1STICA, VISUAL y AUDIOVISUAL<\/li>\n<\/ul>\n<p style=\"text-align: justify\">El objetivo primordial del programa pluriling\u00fce es facilitar al alumnado las claves ling\u00fc\u00edsticas para mejorar tanto la lengua extranjera como la materna, y que mediante la utilizaci\u00f3n de una segunda lengua vehicular, en este caso el ingl\u00e9s, adquiera adem\u00e1s las competencias de una serie de materias no ling\u00fc\u00edsticas y \u00fatiles para su formaci\u00f3n a lo largo de toda su vida (LLL). De manera que pueda ampliar as\u00ed sus conocimientos y desarrollar su inter\u00e9s hacia la cultura de otros pa\u00edses (Marco Europeo de Referencia de las Lenguas, 2001). Esta apertura hacia otras culturas, nos ayuda a propiciar la tolerancia y la igualdad, a contemplar la diversidad con una mente abierta y a respetar a\u00fan m\u00e1s si cabe nuestra propia cultura. Desde esta perspectiva, pretendemos despertar el inter\u00e9s de nuestro alumnado por los avances cient\u00edficos y tecnol\u00f3gicos, por el arte y el patrimonio, y c\u00f3mo no, su concienciaci\u00f3n por los cambios sociales y su implicaci\u00f3n en la conservaci\u00f3n del medio ambiente.<\/p>\n<p style=\"text-align: justify\">El programa pluriling\u00fce y el proyecto que lo desarrolla, suponen adem\u00e1s una vinculaci\u00f3n natural con otros programas del centro, como el Erasmus+, en el que tambi\u00e9n llevamos participando desde 2015, y cuya certificaci\u00f3n ha sido obtenida durante el curso 21\/22.&nbsp; Otro objetivo es la implementaci\u00f3n de los viajes, como los que, adem\u00e1s de las movilidades Erasmus, se vienen realizando a Londres desde 2009 (de manera bienal desde 2011), o intercambios con otros pa\u00edses. Sin olvidar, la celebraci\u00f3n anual de nuestra semana cultural.<\/p>\n<p style=\"text-align: justify\">En definitiva, formar parte de un programa pluriling\u00fce nos abre la mente a nuevas formas de pensar, nos ayuda a abrirnos y a acoger a otras culturas, y a desarrollar en mayor grado nuestras competencias, lo que nos posibilita mayores experiencias a la hora de viajar e incrementa nuestra cualificaci\u00f3n acad\u00e9mica y profesional. Como reza un proverbio chino: \u00abAprender un idioma es tener una ventana m\u00e1s desde la que observar el mundo\u00bb.<\/p>\n<h2>Metodolog\u00eda<\/h2>\n<p style=\"text-align: justify\">Describimos brevemente la metodolog\u00eda que sigue el grupo biling\u00fce:<\/p>\n<p style=\"text-align: justify\">Todo ello desde el prisma que nos aporta la metodolog\u00eda AICLE y CIL. Destacar especialmente de ella los conceptos de \u2018andamiaje\u2019 y las habilidades que han de trabajarse con las tareas que proponemos.<\/p>\n<p style=\"text-align: justify\">Aprender una segunda lengua no es f\u00e1cil para el alumnado: inseguridades, verg\u00fcenza a hablar en p\u00fablico, carencia de vocabulario y destrezas\u2026 pero eso nos ha llevado a tomar conciencia de la importancia de dise\u00f1ar tareas y actividades cuyo objetivo es, precisamente, \u2018salvar\u2019 estas circunstancias e ir generando confianza en el alumnado: \u00abFluency over accuracy\u00bb.<\/p>\n<p style=\"text-align: justify\">\u2018Nuestra&nbsp;estrategia\u2019&nbsp;consiste b\u00e1sicamente en&nbsp;dotar al alumnado de un vocabulario, estructuras gramaticales \u2018comodines\u2019, destrezas y procedimientos que se usan repetitiva y constantemente en todas las unidades. Partimos del trabajo en grupo para pasar gradualmente al trabajo individual.<\/p>\n<p style=\"text-align: justify\">Todo ello adem\u00e1s, generando un clima de clase \u2018propicio\u2019 y haciendo un uso de las TIC especialmente relevante por tratarse de un \u2018medio natural\u2019 entre nuestro alumnado, por su potencial motivador y por la posibilidad de hablar o leer en casa sin miedo al rid\u00edculo.<\/p>\n<p align=\"justify\">Visita la web del programa de Pluriling\u00fcismo:<\/p>\n<p align=\"justify\"><a href=\"https:\/\/www.google.com\/url?sa=t&amp;source=web&amp;rct=j&amp;opi=89978449&amp;url=https:\/\/www.juntadeandalucia.es\/educacion\/portales\/web\/programas-educativos-internacionales\/ensenanza-bilingue\/centros-bilingues&amp;ved=2ahUKEwjz1MyEvOaNAxU4_rsIHXWWAC4QFnoECBUQAQ&amp;usg=AOvVaw1u-4NxC8D_7aj18HZvq9y1\" target=\"_blank\" rel=\"noopener\"><img loading=\"lazy\" decoding=\"async\" class=\"size-medium wp-image-5048 aligncenter\" src=\"https:\/\/blogsaverroes.juntadeandalucia.es\/iesazahar\/files\/2024\/06\/portal_plurilinguismo-300x141.png\" alt=\"\" width=\"300\" height=\"141\" srcset=\"https:\/\/blogsaverroes.juntadeandalucia.es\/iesazahar\/files\/2024\/06\/portal_plurilinguismo-300x141.png 300w, https:\/\/blogsaverroes.juntadeandalucia.es\/iesazahar\/files\/2024\/06\/portal_plurilinguismo.png 330w\" sizes=\"(max-width: 300px) 100vw, 300px\" \/><\/a><\/p>\n<h2>Research jobs. Final product<\/h2>\n<p style=\"text-align: center\"><a href=\"https:\/\/blogsaverroes.juntadeandalucia.es\/iesazahar\/files\/2024\/06\/summer-jobs.pdf\">Documentaci\u00f3n Summer jobs<\/a><\/p>\n<p style=\"text-align: center\"><iframe loading=\"lazy\" src=\"https:\/\/blogsaverroes.juntadeandalucia.es\/iesazahar\/files\/2024\/06\/summer-jobs.pdf\" width=\"560\" height=\"480\"><\/iframe><\/p>\n","protected":false},"excerpt":{"rendered":"<p>El programa pluriling\u00fce se viene desarrollando en el centro desde 2008, y desde el curso 19\/20 alcanza la totalidad de la E.S.O. en todas las l\u00edneas. Las \u00c1reas No Ling\u00fc\u00edsticas (ANL) biling\u00fces son: BIOLOG\u00cdA GEOGRAF\u00cdA&#46;&#46;&#46;<\/p>\n","protected":false},"author":7635,"featured_media":0,"parent":2846,"menu_order":0,"comment_status":"closed","ping_status":"closed","template":"","meta":{"ngg_post_thumbnail":0,"footnotes":"","_mc_calendar":[]},"aioseo_notices":[],"_links":{"self":[{"href":"https:\/\/blogsaverroes.juntadeandalucia.es\/iesazahar\/wp-json\/wp\/v2\/pages\/2939"}],"collection":[{"href":"https:\/\/blogsaverroes.juntadeandalucia.es\/iesazahar\/wp-json\/wp\/v2\/pages"}],"about":[{"href":"https:\/\/blogsaverroes.juntadeandalucia.es\/iesazahar\/wp-json\/wp\/v2\/types\/page"}],"author":[{"embeddable":true,"href":"https:\/\/blogsaverroes.juntadeandalucia.es\/iesazahar\/wp-json\/wp\/v2\/users\/7635"}],"replies":[{"embeddable":true,"href":"https:\/\/blogsaverroes.juntadeandalucia.es\/iesazahar\/wp-json\/wp\/v2\/comments?post=2939"}],"version-history":[{"count":15,"href":"https:\/\/blogsaverroes.juntadeandalucia.es\/iesazahar\/wp-json\/wp\/v2\/pages\/2939\/revisions"}],"predecessor-version":[{"id":5763,"href":"https:\/\/blogsaverroes.juntadeandalucia.es\/iesazahar\/wp-json\/wp\/v2\/pages\/2939\/revisions\/5763"}],"up":[{"embeddable":true,"href":"https:\/\/blogsaverroes.juntadeandalucia.es\/iesazahar\/wp-json\/wp\/v2\/pages\/2846"}],"wp:attachment":[{"href":"https:\/\/blogsaverroes.juntadeandalucia.es\/iesazahar\/wp-json\/wp\/v2\/media?parent=2939"}],"curies":[{"name":"wp","href":"https:\/\/api.w.org\/{rel}","templated":true}]}}