{"id":2946,"date":"2020-10-05T10:09:21","date_gmt":"2020-10-05T10:09:21","guid":{"rendered":"https:\/\/blogsaverroes.juntadeandalucia.es\/iesazahar\/?page_id=2946"},"modified":"2025-06-10T08:46:25","modified_gmt":"2025-06-10T08:46:25","slug":"docencia-bilingue","status":"publish","type":"page","link":"https:\/\/blogsaverroes.juntadeandalucia.es\/iesazahar\/planes-y-programas\/bilinguismo\/docencia-bilingue\/","title":{"rendered":"\u00c1reas no ling\u00fc\u00edsticas y docencia biling\u00fce"},"content":{"rendered":"<h3>NUESTRO EQUIPO DOCENTE BILING\u00dcE<\/h3>\n<p>Ms. Roc\u00edo Salvador Pulido EPV<br \/>\nMr. Juan Sales Fern\u00e1ndez P.E<br \/>\nMs. Nieves Calatrava Morales BIOLOGY<br \/>\nMs. Estrella Ortiz Llorca BIOLOGY<br \/>\nMs. Patricia Ibarra Arteaga HISTORY<br \/>\nMr. Juan Ram\u00f3n Basallote TECHNOLOGY<br \/>\nMr. Ricardo Garc\u00eda Vaquerizo TECHNOLOGY<br \/>\nMr. Rafael Campos T\u00e9bar HISTORY<\/p>\n<p>Ms. Rosa P\u00e9rez Rodr\u00edguez English (Coordinadora)<\/p>\n","protected":false},"excerpt":{"rendered":"<p>NUESTRO EQUIPO DOCENTE BILING\u00dcE Ms. Roc\u00edo Salvador Pulido EPV Mr. Juan Sales Fern\u00e1ndez P.E Ms. Nieves Calatrava Morales BIOLOGY Ms. Estrella Ortiz Llorca BIOLOGY Ms. Patricia Ibarra Arteaga HISTORY Mr. Juan Ram\u00f3n Basallote TECHNOLOGY Mr.&#46;&#46;&#46;<\/p>\n","protected":false},"author":7635,"featured_media":0,"parent":2846,"menu_order":0,"comment_status":"closed","ping_status":"closed","template":"","meta":{"ngg_post_thumbnail":0,"footnotes":"","_mc_calendar":[]},"aioseo_notices":[],"_links":{"self":[{"href":"https:\/\/blogsaverroes.juntadeandalucia.es\/iesazahar\/wp-json\/wp\/v2\/pages\/2946"}],"collection":[{"href":"https:\/\/blogsaverroes.juntadeandalucia.es\/iesazahar\/wp-json\/wp\/v2\/pages"}],"about":[{"href":"https:\/\/blogsaverroes.juntadeandalucia.es\/iesazahar\/wp-json\/wp\/v2\/types\/page"}],"author":[{"embeddable":true,"href":"https:\/\/blogsaverroes.juntadeandalucia.es\/iesazahar\/wp-json\/wp\/v2\/users\/7635"}],"replies":[{"embeddable":true,"href":"https:\/\/blogsaverroes.juntadeandalucia.es\/iesazahar\/wp-json\/wp\/v2\/comments?post=2946"}],"version-history":[{"count":11,"href":"https:\/\/blogsaverroes.juntadeandalucia.es\/iesazahar\/wp-json\/wp\/v2\/pages\/2946\/revisions"}],"predecessor-version":[{"id":5761,"href":"https:\/\/blogsaverroes.juntadeandalucia.es\/iesazahar\/wp-json\/wp\/v2\/pages\/2946\/revisions\/5761"}],"up":[{"embeddable":true,"href":"https:\/\/blogsaverroes.juntadeandalucia.es\/iesazahar\/wp-json\/wp\/v2\/pages\/2846"}],"wp:attachment":[{"href":"https:\/\/blogsaverroes.juntadeandalucia.es\/iesazahar\/wp-json\/wp\/v2\/media?parent=2946"}],"curies":[{"name":"wp","href":"https:\/\/api.w.org\/{rel}","templated":true}]}}