{"id":3429,"date":"2020-10-07T16:43:54","date_gmt":"2020-10-07T16:43:54","guid":{"rendered":"https:\/\/blogsaverroes.juntadeandalucia.es\/iesazahar\/?page_id=3429"},"modified":"2024-04-22T08:57:53","modified_gmt":"2024-04-22T08:57:53","slug":"coeducacion-la-naranja-del-azahar","status":"publish","type":"page","link":"https:\/\/blogsaverroes.juntadeandalucia.es\/iesazahar\/planes-y-programas\/coeducacion-la-naranja-del-azahar\/","title":{"rendered":"Coeducaci\u00f3n"},"content":{"rendered":"<p style=\"text-align: justify\">Coeducar consiste en desarrollar todas las capacidades, tanto de ni\u00f1as como de ni\u00f1os, a trav\u00e9s de la educaci\u00f3n. Supone eliminar estereotipos o ideas preconcebidas sobre las caracter\u00edsticas que deben tener las ni\u00f1as y los ni\u00f1os, los chicos y las chicas, las mujeres y los hombres. Cada ni\u00f1o o cada ni\u00f1a tienen derecho a ser diferente, por lo que es necesario educar valorando las diferencias individuales y las cualidades personales.<br \/>\nCoeducar, tiene como objetivo hacer personas dialogantes e implica respeto y tolerancia, por lo que es una garant\u00eda para la prevenci\u00f3n de la violencia. Educar en el respeto y la tolerancia, en igualdad de condiciones, de trato y de oportunidades, es educar para la democracia.&nbsp;<\/p>\n<p style=\"text-align: justify\">Es un reto de nuestro tiempo y en nuestro centro, IES Azahar es parte de nuestra convivencia y actividad docente.<\/p>\n<p><a href=\"https:\/\/blogsaverroes.juntadeandalucia.es\/iesazahar\/files\/2022\/12\/PROGRAMACI\u00d3N-COEDUCACION-22-23.-PLAN-DE-IGUALDAD.pdf\">PROGRAMACI\u00d3N COEDUCACION 22-23. PLAN DE IGUALDAD<\/a><\/p>\n<table style=\"border-collapse: collapse;width: 100%\">\n<tbody>\n<tr>\n<td style=\"width: 50%\"><img loading=\"lazy\" decoding=\"async\" class=\" wp-image-3432 aligncenter\" src=\"https:\/\/blogsaverroes.juntadeandalucia.es\/iesazahar\/files\/2020\/10\/COEDUCACION-150x150.jpg\" alt=\"\" width=\"288\" height=\"288\" srcset=\"https:\/\/blogsaverroes.juntadeandalucia.es\/iesazahar\/files\/2020\/10\/COEDUCACION-150x150.jpg 150w, https:\/\/blogsaverroes.juntadeandalucia.es\/iesazahar\/files\/2020\/10\/COEDUCACION-100x100.jpg 100w\" sizes=\"(max-width: 288px) 100vw, 288px\" \/><\/td>\n<td style=\"width: 50%\"><img loading=\"lazy\" decoding=\"async\" class=\"wp-image-3534 size-medium aligncenter\" src=\"https:\/\/blogsaverroes.juntadeandalucia.es\/iesazahar\/files\/2021\/04\/logopactoestadocolor-300x230.png\" alt=\"\" width=\"300\" height=\"230\" srcset=\"https:\/\/blogsaverroes.juntadeandalucia.es\/iesazahar\/files\/2021\/04\/logopactoestadocolor-300x230.png 300w, https:\/\/blogsaverroes.juntadeandalucia.es\/iesazahar\/files\/2021\/04\/logopactoestadocolor-768x589.png 768w, https:\/\/blogsaverroes.juntadeandalucia.es\/iesazahar\/files\/2021\/04\/logopactoestadocolor.png 882w\" sizes=\"(max-width: 300px) 100vw, 300px\" \/><\/td>\n<\/tr>\n<\/tbody>\n<\/table>\n<p><img loading=\"lazy\" decoding=\"async\" class=\"alignnone wp-image-3535 size-full\" src=\"https:\/\/blogsaverroes.juntadeandalucia.es\/iesazahar\/files\/2021\/04\/MPRCIGob-scaled-e1617871003593.jpg\" alt=\"\" width=\"1080\" height=\"218\"><img loading=\"lazy\" decoding=\"async\" class=\"alignnone wp-image-3533 size-large\" src=\"https:\/\/blogsaverroes.juntadeandalucia.es\/iesazahar\/files\/2021\/04\/Financiado-1024x181.jpg\" alt=\"\" width=\"1024\" height=\"181\"><\/p>\n<p>&nbsp;<\/p>\n<table style=\"border-collapse: collapse;width: 100%\">\n<tbody>\n<tr>\n<td style=\"width: 33.3333%\">&nbsp;<\/td>\n<td style=\"width: 33.3333%\">&nbsp;<\/td>\n<td style=\"width: 33.3333%\">&nbsp;<\/td>\n<\/tr>\n<\/tbody>\n<\/table>\n","protected":false},"excerpt":{"rendered":"<p>Coeducar consiste en desarrollar todas las capacidades, tanto de ni\u00f1as como de ni\u00f1os, a trav\u00e9s de la educaci\u00f3n. Supone eliminar estereotipos o ideas preconcebidas sobre las caracter\u00edsticas que deben tener las ni\u00f1as y los ni\u00f1os,&#46;&#46;&#46;<\/p>\n","protected":false},"author":7635,"featured_media":0,"parent":44,"menu_order":0,"comment_status":"closed","ping_status":"closed","template":"","meta":{"ngg_post_thumbnail":0,"footnotes":"","_mc_calendar":[]},"aioseo_notices":[],"_links":{"self":[{"href":"https:\/\/blogsaverroes.juntadeandalucia.es\/iesazahar\/wp-json\/wp\/v2\/pages\/3429"}],"collection":[{"href":"https:\/\/blogsaverroes.juntadeandalucia.es\/iesazahar\/wp-json\/wp\/v2\/pages"}],"about":[{"href":"https:\/\/blogsaverroes.juntadeandalucia.es\/iesazahar\/wp-json\/wp\/v2\/types\/page"}],"author":[{"embeddable":true,"href":"https:\/\/blogsaverroes.juntadeandalucia.es\/iesazahar\/wp-json\/wp\/v2\/users\/7635"}],"replies":[{"embeddable":true,"href":"https:\/\/blogsaverroes.juntadeandalucia.es\/iesazahar\/wp-json\/wp\/v2\/comments?post=3429"}],"version-history":[{"count":12,"href":"https:\/\/blogsaverroes.juntadeandalucia.es\/iesazahar\/wp-json\/wp\/v2\/pages\/3429\/revisions"}],"predecessor-version":[{"id":4942,"href":"https:\/\/blogsaverroes.juntadeandalucia.es\/iesazahar\/wp-json\/wp\/v2\/pages\/3429\/revisions\/4942"}],"up":[{"embeddable":true,"href":"https:\/\/blogsaverroes.juntadeandalucia.es\/iesazahar\/wp-json\/wp\/v2\/pages\/44"}],"wp:attachment":[{"href":"https:\/\/blogsaverroes.juntadeandalucia.es\/iesazahar\/wp-json\/wp\/v2\/media?parent=3429"}],"curies":[{"name":"wp","href":"https:\/\/api.w.org\/{rel}","templated":true}]}}