{"id":3887,"date":"2021-12-02T17:51:10","date_gmt":"2021-12-02T17:51:10","guid":{"rendered":"https:\/\/blogsaverroes.juntadeandalucia.es\/iesazahar\/?page_id=3887"},"modified":"2024-12-12T12:13:09","modified_gmt":"2024-12-12T12:13:09","slug":"consejo-escolar-2","status":"publish","type":"page","link":"https:\/\/blogsaverroes.juntadeandalucia.es\/iesazahar\/consejo-escolar-2\/","title":{"rendered":"CONSEJO ESCOLAR"},"content":{"rendered":"<h2><strong>MIEMBROS DEL CONSEJO ESCOLAR 2024\/2026<\/strong><\/h2>\n<h3>EQUIPO DIRECTIVO<\/h3>\n<p style=\"padding-left: 40px\">D\u00f1a. Rosa M\u00aa P\u00e9rez Rodr\u00edguez, Directora<\/p>\n<p style=\"padding-left: 40px\">D\u00f1a. \u00c1ngeles Guti\u00e9rrez Jim\u00e9nez, Jefa de Estudios<\/p>\n<p style=\"padding-left: 40px\">D. Manuel Gonz\u00e1lez Maroto, Secretario<\/p>\n<h3>SECTOR PROFESORADO<\/h3>\n<p style=\"padding-left: 40px\">Campos T\u00e9bar, Rafael<\/p>\n<p style=\"padding-left: 40px\">Fern\u00e1ndez Torres, Jes\u00fas<\/p>\n<p style=\"padding-left: 40px\">G\u00f3mez Delgado, Jos\u00e9 Luis<\/p>\n<p style=\"padding-left: 40px\">L\u00f3pez Rinc\u00f3n, Mar\u00eda Dolores<\/p>\n<p style=\"padding-left: 40px\">Monsalve Mart\u00ednez, Fernando<\/p>\n<p style=\"padding-left: 40px\">Ortiz Llorca, Estrella de Triana<\/p>\n<p style=\"padding-left: 40px\">Parrado Trujillo, Ana Mar\u00eda<\/p>\n<p style=\"padding-left: 40px\">Rojas Pozo, Ismael<\/p>\n<h3>SECTOR FAMILIAS (padres\/madres\/tutores)<\/h3>\n<p style=\"padding-left: 40px\">Ballesteros Rodr\u00edguez, Esperanza Macarena<\/p>\n<p style=\"padding-left: 40px\">Dom\u00ednguez Mart\u00edn, Laura<\/p>\n<p style=\"padding-left: 40px\">Franco Casillas, Rosa<\/p>\n<p style=\"padding-left: 40px\">S\u00e1ez S\u00e1nchez, Joaqu\u00edn<\/p>\n<p style=\"padding-left: 40px\">S\u00e1nchez Olalla, Mar\u00eda \u00c1ngeles (REPRESENTANTE DE LA A.M.P.A. MAYORITARIA)<\/p>\n<h3>SECTOR ALUMNADO<\/h3>\n<p style=\"padding-left: 40px\">Carvajal Aguilar, Kiara<\/p>\n<p style=\"padding-left: 40px\">G\u00f3mez Franco, Gonzalo<\/p>\n<p style=\"padding-left: 40px\">Pastor Garc\u00eda, Pablo<\/p>\n<p style=\"padding-left: 40px\">Romero Torrado, Ainara<\/p>\n<p style=\"padding-left: 40px\">&nbsp;Torralbo Gonz\u00e1lez, Andrea<\/p>\n<h3>SECTOR PERSONAL DE ADMINISTRACI\u00d3N Y SERVICIOS (P.A.S.)<\/h3>\n<p style=\"padding-left: 40px\">D\u00f1a. Amparo G\u00f3mez Landero Hidalgo<\/p>\n<h3>REPRESENTANTE DEL AYUNTAMIENTO<\/h3>\n<p style=\"padding-left: 40px\">&nbsp;<\/p>\n","protected":false},"excerpt":{"rendered":"<p>MIEMBROS DEL CONSEJO ESCOLAR 2024\/2026 EQUIPO DIRECTIVO D\u00f1a. Rosa M\u00aa P\u00e9rez Rodr\u00edguez, Directora D\u00f1a. \u00c1ngeles Guti\u00e9rrez Jim\u00e9nez, Jefa de Estudios D. Manuel Gonz\u00e1lez Maroto, Secretario SECTOR PROFESORADO Campos T\u00e9bar, Rafael Fern\u00e1ndez Torres, Jes\u00fas G\u00f3mez Delgado,&#46;&#46;&#46;<\/p>\n","protected":false},"author":8153,"featured_media":5364,"parent":0,"menu_order":3,"comment_status":"closed","ping_status":"closed","template":"","meta":{"ngg_post_thumbnail":0,"footnotes":"","_mc_calendar":[]},"aioseo_notices":[],"_links":{"self":[{"href":"https:\/\/blogsaverroes.juntadeandalucia.es\/iesazahar\/wp-json\/wp\/v2\/pages\/3887"}],"collection":[{"href":"https:\/\/blogsaverroes.juntadeandalucia.es\/iesazahar\/wp-json\/wp\/v2\/pages"}],"about":[{"href":"https:\/\/blogsaverroes.juntadeandalucia.es\/iesazahar\/wp-json\/wp\/v2\/types\/page"}],"author":[{"embeddable":true,"href":"https:\/\/blogsaverroes.juntadeandalucia.es\/iesazahar\/wp-json\/wp\/v2\/users\/8153"}],"replies":[{"embeddable":true,"href":"https:\/\/blogsaverroes.juntadeandalucia.es\/iesazahar\/wp-json\/wp\/v2\/comments?post=3887"}],"version-history":[{"count":8,"href":"https:\/\/blogsaverroes.juntadeandalucia.es\/iesazahar\/wp-json\/wp\/v2\/pages\/3887\/revisions"}],"predecessor-version":[{"id":5380,"href":"https:\/\/blogsaverroes.juntadeandalucia.es\/iesazahar\/wp-json\/wp\/v2\/pages\/3887\/revisions\/5380"}],"wp:featuredmedia":[{"embeddable":true,"href":"https:\/\/blogsaverroes.juntadeandalucia.es\/iesazahar\/wp-json\/wp\/v2\/media\/5364"}],"wp:attachment":[{"href":"https:\/\/blogsaverroes.juntadeandalucia.es\/iesazahar\/wp-json\/wp\/v2\/media?parent=3887"}],"curies":[{"name":"wp","href":"https:\/\/api.w.org\/{rel}","templated":true}]}}