{"id":3909,"date":"2021-12-03T12:47:26","date_gmt":"2021-12-03T12:47:26","guid":{"rendered":"https:\/\/blogsaverroes.juntadeandalucia.es\/iesazahar\/?page_id=3909"},"modified":"2025-11-18T08:51:17","modified_gmt":"2025-11-18T08:51:17","slug":"latin-y-griego","status":"publish","type":"page","link":"https:\/\/blogsaverroes.juntadeandalucia.es\/iesazahar\/ambito-sociolinguistico\/latin-y-griego\/","title":{"rendered":"Lenguas y Cultura Cl\u00e1sicas"},"content":{"rendered":"<div id=\"attachment_5496\" style=\"width: 310px\" class=\"wp-caption alignleft\"><a href=\"https:\/\/blogsaverroes.juntadeandalucia.es\/iesazahar\/files\/2025\/02\/unnamed.png\"><img loading=\"lazy\" decoding=\"async\" aria-describedby=\"caption-attachment-5496\" class=\"size-medium wp-image-5496\" src=\"https:\/\/blogsaverroes.juntadeandalucia.es\/iesazahar\/files\/2025\/02\/unnamed-300x271.png\" alt=\"Parten\u00f3n\" width=\"300\" height=\"271\" srcset=\"https:\/\/blogsaverroes.juntadeandalucia.es\/iesazahar\/files\/2025\/02\/unnamed-300x271.png 300w, https:\/\/blogsaverroes.juntadeandalucia.es\/iesazahar\/files\/2025\/02\/unnamed-1024x924.png 1024w, https:\/\/blogsaverroes.juntadeandalucia.es\/iesazahar\/files\/2025\/02\/unnamed-768x693.png 768w, https:\/\/blogsaverroes.juntadeandalucia.es\/iesazahar\/files\/2025\/02\/unnamed.png 1280w\" sizes=\"(max-width: 300px) 100vw, 300px\" \/><\/a><p id=\"caption-attachment-5496\" class=\"wp-caption-text\">Parten\u00f3n<\/p><\/div>\n<p style=\"text-align: justify\">Sum\u00e9rgete en las lenguas que dieron forma a nuestra cultura, nuestra historia y nuestro pensamiento.<\/p>\n<p style=\"text-align: justify\">Aprender Lat\u00edn y Griego no es solo descubrir palabras antiguas, sino entender el mundo desde su ra\u00edz.<\/p>\n<ul>\n<li style=\"list-style-type: none\">\n<ul>\n<li style=\"list-style-type: none\">\n<ul>\n<li style=\"list-style-type: none\">\n<ul>\n<li style=\"list-style-type: none\">\n<ul>\n<li style=\"list-style-type: none\">\n<ul>\n<li style=\"list-style-type: none\">\n<ul>\n<li style=\"list-style-type: none\">\n<ul>\n<li style=\"list-style-type: none\">\n<ul>\n<li>Mejora tu l\u00f3gica, tu expresi\u00f3n y tu capacidad de an\u00e1lisis.<\/li>\n<li>Conoce los mitos, la literatura y las ideas que a\u00fan nos inspiran.<\/li>\n<li>Abre puertas en carreras como Derecho, Humanidades o Filosof\u00eda.<\/li>\n<\/ul>\n<\/li>\n<\/ul>\n<\/li>\n<\/ul>\n<\/li>\n<\/ul>\n<\/li>\n<\/ul>\n<\/li>\n<\/ul>\n<\/li>\n<\/ul>\n<\/li>\n<\/ul>\n<\/li>\n<\/ul>\n<p style=\"text-align: justify\">Si quieres entender el pasado para brillar en el futuro, Lat\u00edn y Griego son tu elecci\u00f3n.<\/p>\n<p style=\"text-align: justify\"><strong>\u00a1Atr\u00e9vete a descubrir su legado!<\/strong><\/p>\n<table style=\"border-collapse: collapse;width: 100%;height: 72px\">\n<tbody>\n<tr style=\"height: 24px\">\n<td style=\"width: 60.4101%;height: 24px\">\n<h2 style=\"text-align: left\">Profesorado<\/h2>\n<\/td>\n<td style=\"width: 39.5899%;height: 24px\">&nbsp;<\/td>\n<\/tr>\n<tr style=\"height: 24px\">\n<td style=\"width: 60.4101%;height: 24px\">\n<p style=\"text-align: left;padding-left: 40px\"><strong>Jefe de Departamento<\/strong><\/p>\n<p style=\"text-align: left;padding-left: 40px\">Bruno Gonz\u00e1lez L\u00e1zaro<\/p>\n<\/td>\n<td style=\"width: 39.5899%;height: 24px\">&nbsp; <em>bgonlaz711@g.educaand.es<\/em><\/td>\n<\/tr>\n<tr style=\"height: 24px\">\n<td style=\"width: 60.4101%;height: 24px\">&nbsp;<\/td>\n<td style=\"width: 39.5899%;height: 24px\">&nbsp;<\/td>\n<\/tr>\n<tr>\n<td style=\"width: 60.4101%\">\n<h2>Programaciones did\u00e1cticas<\/h2>\n<\/td>\n<td style=\"width: 39.5899%\">\n<h4><a href=\"https:\/\/drive.google.com\/drive\/folders\/1IhsXyQJghr7tTg_5BmxkuKeV5HKC3D05?usp=sharing\" target=\"_blank\" rel=\"noopener noreferrer\"> Curso Actual<\/a><\/h4>\n<\/td>\n<\/tr>\n<\/tbody>\n<\/table>\n","protected":false},"excerpt":{"rendered":"<p>Sum\u00e9rgete en las lenguas que dieron forma a nuestra cultura, nuestra historia y nuestro pensamiento. Aprender Lat\u00edn y Griego no es solo descubrir palabras antiguas, sino entender el mundo desde su ra\u00edz. Mejora tu l\u00f3gica,&#46;&#46;&#46;<\/p>\n","protected":false},"author":7635,"featured_media":0,"parent":2804,"menu_order":0,"comment_status":"closed","ping_status":"closed","template":"","meta":{"ngg_post_thumbnail":0,"footnotes":"","_mc_calendar":[]},"aioseo_notices":[],"_links":{"self":[{"href":"https:\/\/blogsaverroes.juntadeandalucia.es\/iesazahar\/wp-json\/wp\/v2\/pages\/3909"}],"collection":[{"href":"https:\/\/blogsaverroes.juntadeandalucia.es\/iesazahar\/wp-json\/wp\/v2\/pages"}],"about":[{"href":"https:\/\/blogsaverroes.juntadeandalucia.es\/iesazahar\/wp-json\/wp\/v2\/types\/page"}],"author":[{"embeddable":true,"href":"https:\/\/blogsaverroes.juntadeandalucia.es\/iesazahar\/wp-json\/wp\/v2\/users\/7635"}],"replies":[{"embeddable":true,"href":"https:\/\/blogsaverroes.juntadeandalucia.es\/iesazahar\/wp-json\/wp\/v2\/comments?post=3909"}],"version-history":[{"count":23,"href":"https:\/\/blogsaverroes.juntadeandalucia.es\/iesazahar\/wp-json\/wp\/v2\/pages\/3909\/revisions"}],"predecessor-version":[{"id":6278,"href":"https:\/\/blogsaverroes.juntadeandalucia.es\/iesazahar\/wp-json\/wp\/v2\/pages\/3909\/revisions\/6278"}],"up":[{"embeddable":true,"href":"https:\/\/blogsaverroes.juntadeandalucia.es\/iesazahar\/wp-json\/wp\/v2\/pages\/2804"}],"wp:attachment":[{"href":"https:\/\/blogsaverroes.juntadeandalucia.es\/iesazahar\/wp-json\/wp\/v2\/media?parent=3909"}],"curies":[{"name":"wp","href":"https:\/\/api.w.org\/{rel}","templated":true}]}}