{"id":4704,"date":"2023-06-16T17:30:32","date_gmt":"2023-06-16T17:30:32","guid":{"rendered":"https:\/\/blogsaverroes.juntadeandalucia.es\/iesazahar\/?page_id=4704"},"modified":"2025-10-16T09:56:14","modified_gmt":"2025-10-16T09:56:14","slug":"plan-de-p-r-l","status":"publish","type":"page","link":"https:\/\/blogsaverroes.juntadeandalucia.es\/iesazahar\/plan-de-p-r-l\/","title":{"rendered":"Protocolos P.R.L."},"content":{"rendered":"<p>En esta secci\u00f3n presentaremos los diferentes protocolos establecidos para evitar riesgos laborales.<\/p>\n<h4>Plan de Autoprotecci\u00f3n Escolar<\/h4>\n<p style=\"padding-left: 40px\"><a href=\"https:\/\/blogsaverroes.juntadeandalucia.es\/iesazahar\/files\/2025\/10\/PAE24.pdf\">PLAN DE AUTOPROTECCI\u00d3N DEL IES AZAHAR<\/a><\/p>\n<h4>Protocolo ante Altas Temperaturas<\/h4>\n<p style=\"padding-left: 40px\"><a href=\"https:\/\/blogsaverroes.juntadeandalucia.es\/iesazahar\/files\/2023\/06\/PROTOCOLO-ALTAS-TEMPERATURAS-2023_IES_AZAHAR.pdf\">PROTOCOLO ALTAS TEMPERATURAS IES_AZAHAR<\/a><\/p>\n<h4>Actuaci\u00f3n en caso de emergencia en un centro educativo<\/h4>\n<p style=\"padding-left: 40px\"><a href=\"https:\/\/blogsaverroes.juntadeandalucia.es\/iesazahar\/files\/2025\/10\/Infografias-Emergencia.pdf\">INFOGRAF\u00cdAS EMERGENCIAS<\/a><\/p>\n<p>Actualizado Octubre 2025<\/p>\n","protected":false},"excerpt":{"rendered":"<p>En esta secci\u00f3n presentaremos los diferentes protocolos establecidos para evitar riesgos laborales. Plan de Autoprotecci\u00f3n Escolar PLAN DE AUTOPROTECCI\u00d3N DEL IES AZAHAR Protocolo ante Altas Temperaturas PROTOCOLO ALTAS TEMPERATURAS IES_AZAHAR Actuaci\u00f3n en caso de emergencia&#46;&#46;&#46;<\/p>\n","protected":false},"author":8153,"featured_media":0,"parent":0,"menu_order":0,"comment_status":"closed","ping_status":"closed","template":"","meta":{"ngg_post_thumbnail":0,"footnotes":"","_mc_calendar":[]},"aioseo_notices":[],"_links":{"self":[{"href":"https:\/\/blogsaverroes.juntadeandalucia.es\/iesazahar\/wp-json\/wp\/v2\/pages\/4704"}],"collection":[{"href":"https:\/\/blogsaverroes.juntadeandalucia.es\/iesazahar\/wp-json\/wp\/v2\/pages"}],"about":[{"href":"https:\/\/blogsaverroes.juntadeandalucia.es\/iesazahar\/wp-json\/wp\/v2\/types\/page"}],"author":[{"embeddable":true,"href":"https:\/\/blogsaverroes.juntadeandalucia.es\/iesazahar\/wp-json\/wp\/v2\/users\/8153"}],"replies":[{"embeddable":true,"href":"https:\/\/blogsaverroes.juntadeandalucia.es\/iesazahar\/wp-json\/wp\/v2\/comments?post=4704"}],"version-history":[{"count":10,"href":"https:\/\/blogsaverroes.juntadeandalucia.es\/iesazahar\/wp-json\/wp\/v2\/pages\/4704\/revisions"}],"predecessor-version":[{"id":6192,"href":"https:\/\/blogsaverroes.juntadeandalucia.es\/iesazahar\/wp-json\/wp\/v2\/pages\/4704\/revisions\/6192"}],"wp:attachment":[{"href":"https:\/\/blogsaverroes.juntadeandalucia.es\/iesazahar\/wp-json\/wp\/v2\/media?parent=4704"}],"curies":[{"name":"wp","href":"https:\/\/api.w.org\/{rel}","templated":true}]}}