{"id":4715,"date":"2023-06-21T09:55:08","date_gmt":"2023-06-21T09:55:08","guid":{"rendered":"https:\/\/blogsaverroes.juntadeandalucia.es\/iesazahar\/?page_id=4715"},"modified":"2025-11-25T12:33:43","modified_gmt":"2025-11-25T12:33:43","slug":"erasmus","status":"publish","type":"page","link":"https:\/\/blogsaverroes.juntadeandalucia.es\/iesazahar\/erasmus\/","title":{"rendered":"Erasmus +"},"content":{"rendered":"<p>En nuestro centro tenemos una <a href=\"https:\/\/blogsaverroes.juntadeandalucia.es\/iesazaharerasmus\/proyectos-anteriores\/\" target=\"_blank\" rel=\"noopener\">larga trayectoria<\/a> de proyectos Erasmus, tanto en educaci\u00f3n Secundaria como en Formaci\u00f3n Profesional.<\/p>\n<h1>Erasmus Escolar<\/h1>\n<p>Actualmente estamos participando en un programa Erasmus+ K121 que durar\u00e1 5 a\u00f1os: 2022-2027.<\/p>\n<h6 style=\"text-align: center\"><em>Accredited project for mobility of learners and staff in School Education<\/em><\/h6>\n<p align=\"center\"><iframe loading=\"lazy\" src=\"https:\/\/drive.google.com\/file\/d\/1-KjrYR1mDMyC8mGyAwfLZxRImNOkJKEb\/preview\" width=\"500\" height=\"480\"><\/iframe><\/p>\n<h1>Erasmus FP<\/h1>\n<p>Por otro lado, desde los ciclos formativos estamos participando en <strong>Movinvet<\/strong> de corta y larga duraci\u00f3n y programa <strong>Andaluc\u00eda<\/strong>+.<\/p>\n<p>&nbsp;<\/p>\n<h6>Para conocer todas las actividades de los proyectos Erasmus + puede visitarse el blog:<\/h6>\n<p align=\"center\"><a href=\"https:\/\/blogsaverroes.juntadeandalucia.es\/iesazaharerasmus\/\" target=\"_blank\" rel=\"noopener\"><img loading=\"lazy\" decoding=\"async\" class=\"aligncenter wp-image-4684 size-full\" src=\"https:\/\/blogsaverroes.juntadeandalucia.es\/iesazahar\/files\/2023\/05\/erasmus.jpg\" alt=\"\" width=\"329\" height=\"165\" srcset=\"https:\/\/blogsaverroes.juntadeandalucia.es\/iesazahar\/files\/2023\/05\/erasmus.jpg 329w, https:\/\/blogsaverroes.juntadeandalucia.es\/iesazahar\/files\/2023\/05\/erasmus-300x150.jpg 300w\" sizes=\"(max-width: 329px) 100vw, 329px\" \/><\/a><\/p>\n<p>&nbsp;<\/p>\n","protected":false},"excerpt":{"rendered":"<p>En nuestro centro tenemos una larga trayectoria de proyectos Erasmus, tanto en educaci\u00f3n Secundaria como en Formaci\u00f3n Profesional. Erasmus Escolar Actualmente estamos participando en un programa Erasmus+ K121 que durar\u00e1 5 a\u00f1os: 2022-2027. Accredited project&#46;&#46;&#46;<\/p>\n","protected":false},"author":7635,"featured_media":0,"parent":0,"menu_order":0,"comment_status":"closed","ping_status":"closed","template":"","meta":{"ngg_post_thumbnail":0,"footnotes":"","_mc_calendar":[]},"aioseo_notices":[],"_links":{"self":[{"href":"https:\/\/blogsaverroes.juntadeandalucia.es\/iesazahar\/wp-json\/wp\/v2\/pages\/4715"}],"collection":[{"href":"https:\/\/blogsaverroes.juntadeandalucia.es\/iesazahar\/wp-json\/wp\/v2\/pages"}],"about":[{"href":"https:\/\/blogsaverroes.juntadeandalucia.es\/iesazahar\/wp-json\/wp\/v2\/types\/page"}],"author":[{"embeddable":true,"href":"https:\/\/blogsaverroes.juntadeandalucia.es\/iesazahar\/wp-json\/wp\/v2\/users\/7635"}],"replies":[{"embeddable":true,"href":"https:\/\/blogsaverroes.juntadeandalucia.es\/iesazahar\/wp-json\/wp\/v2\/comments?post=4715"}],"version-history":[{"count":23,"href":"https:\/\/blogsaverroes.juntadeandalucia.es\/iesazahar\/wp-json\/wp\/v2\/pages\/4715\/revisions"}],"predecessor-version":[{"id":6286,"href":"https:\/\/blogsaverroes.juntadeandalucia.es\/iesazahar\/wp-json\/wp\/v2\/pages\/4715\/revisions\/6286"}],"wp:attachment":[{"href":"https:\/\/blogsaverroes.juntadeandalucia.es\/iesazahar\/wp-json\/wp\/v2\/media?parent=4715"}],"curies":[{"name":"wp","href":"https:\/\/api.w.org\/{rel}","templated":true}]}}