{"id":4996,"date":"2024-05-28T07:35:52","date_gmt":"2024-05-28T07:35:52","guid":{"rendered":"https:\/\/blogsaverroes.juntadeandalucia.es\/iesazahar\/?page_id=4996"},"modified":"2024-07-28T17:59:56","modified_gmt":"2024-07-28T17:59:56","slug":"proyecto-linguistico-de-centro-plc","status":"publish","type":"page","link":"https:\/\/blogsaverroes.juntadeandalucia.es\/iesazahar\/proyecto-linguistico-de-centro-plc\/","title":{"rendered":"PLC, Comunicaci\u00f3n y Alfabetizaci\u00f3n Medi\u00e1tica e Informacional"},"content":{"rendered":"<p style=\"text-align: justify\"><b>PLC, comunicaci\u00f3n y alfabetizaci\u00f3n medi\u00e1tica e informacional<\/b><span style=\"font-weight: 400\">, es un \u00e1mbito del programa CIMA que se desarrolla en el IES Azahar con el objetivo fundamental de mejorar la competencia en comunicaci\u00f3n ling\u00fc\u00edstica del alumnado y el disfrute de la lectura en el aula. Dentro de esta l\u00ednea de trabajo se ha elabora el <\/span><b>Proyecto Ling\u00fc\u00edstico de Centro<\/b><span style=\"font-weight: 400\">.<\/span><\/p>\n<p><a href=\"https:\/\/blogsaverroes.juntadeandalucia.es\/iesazahar\/files\/2024\/06\/unnamed.png\"><img loading=\"lazy\" decoding=\"async\" class=\"size-medium wp-image-5040 aligncenter\" src=\"https:\/\/blogsaverroes.juntadeandalucia.es\/iesazahar\/files\/2024\/06\/unnamed-300x200.png\" alt=\"\" width=\"300\" height=\"200\" srcset=\"https:\/\/blogsaverroes.juntadeandalucia.es\/iesazahar\/files\/2024\/06\/unnamed-300x200.png 300w, https:\/\/blogsaverroes.juntadeandalucia.es\/iesazahar\/files\/2024\/06\/unnamed-1024x682.png 1024w, https:\/\/blogsaverroes.juntadeandalucia.es\/iesazahar\/files\/2024\/06\/unnamed-768x512.png 768w, https:\/\/blogsaverroes.juntadeandalucia.es\/iesazahar\/files\/2024\/06\/unnamed.png 1280w\" sizes=\"(max-width: 300px) 100vw, 300px\" \/><\/a><\/p>\n<p style=\"text-align: justify\"><span style=\"font-weight: 400\">Se trata de <\/span><b>integrar las diferentes tipolog\u00edas textuales como manifestaci\u00f3n cultural, ling\u00fc\u00edstica, est\u00e9tica, social, \u00e9tica e individual<\/b><span style=\"font-weight: 400\">. Tener en cuenta los diferentes formatos en los que nuestro alumnado lee, en cont\u00ednuo cambio y conectados entre s\u00ed. De la misma forma que escriben en distintos medios y con distintas finalidades.&nbsp;<\/span><\/p>\n<p style=\"text-align: justify\"><span style=\"font-weight: 400\">Estamos ante un <\/span><b>nuevo paradigma comunicativo<\/b><span style=\"font-weight: 400\">. Este contexto social y cultural tiene retos y tiene riesgos, por ello es necesario proporcionar competencias y habilidades para la alfabetizaci\u00f3n medi\u00e1tica e informacional del alumnado, con la intenci\u00f3n de que controle y se desenvuelva en la nueva realidad comunicativa.<\/span><\/p>\n<p style=\"text-align: justify\"><span style=\"font-weight: 400\">Adem\u00e1s, la intenci\u00f3n de este \u00e1mbito de actuaci\u00f3n del programa CIMA es la de <\/span><b>no abandonar la cultura audiovisual y cinematogr\u00e1fica<\/b><span style=\"font-weight: 400\">. Una forma de comunicarse y de pensar, adem\u00e1s de una herramienta educativa, que debe mantenerse como veh\u00edculo de expresi\u00f3n y de representar la diversidad.&nbsp;<\/span><\/p>\n<p><span style=\"font-weight: 400\">Las l\u00edneas de actuaci\u00f3n de este \u00e1mbito de conocimiento del programa CIMA son:&nbsp;<\/span><\/p>\n<ul>\n<li><b><i>Alfabetizaci\u00f3n medi\u00e1tica.<\/i><\/b><\/li>\n<li><b><i>Alfabetizaci\u00f3n audiovisual. Ver y hacer cine.<\/i><\/b><\/li>\n<li><b><i>Oralidad y debate.<\/i><\/b><\/li>\n<li><b><i>Teatro en el aula.<\/i><\/b><\/li>\n<li><b><i>Lectura y escritura funcional.<\/i><\/b><\/li>\n<li><b><i>Lectura y escritura creativa.<\/i><\/b><\/li>\n<\/ul>\n<p style=\"text-align: center\"><a href=\"https:\/\/docs.google.com\/document\/d\/e\/2PACX-1vS_pdsmWfoyJxUfs9DNB8D6AaDjn8JajXDLpkc5UgYSx3CIc9RwFOR9Bw3FEjjK8XezWIz9ei6fHBnw\/pub\">Documentaci\u00f3n del \u00e1mbito<\/a><\/p>\n<p style=\"text-align: center\"><iframe loading=\"lazy\" src=\"https:\/\/drive.google.com\/file\/d\/1daFzq-OcxolcIrPCbX_g_Cl4ABfOMF60\/preview\" width=\"560\" height=\"480\"><\/iframe><\/p>\n","protected":false},"excerpt":{"rendered":"<p>PLC, comunicaci\u00f3n y alfabetizaci\u00f3n medi\u00e1tica e informacional, es un \u00e1mbito del programa CIMA que se desarrolla en el IES Azahar con el objetivo fundamental de mejorar la competencia en comunicaci\u00f3n ling\u00fc\u00edstica del alumnado y el&#46;&#46;&#46;<\/p>\n","protected":false},"author":7635,"featured_media":0,"parent":0,"menu_order":0,"comment_status":"closed","ping_status":"closed","template":"","meta":{"ngg_post_thumbnail":0,"footnotes":"","_mc_calendar":[]},"aioseo_notices":[],"_links":{"self":[{"href":"https:\/\/blogsaverroes.juntadeandalucia.es\/iesazahar\/wp-json\/wp\/v2\/pages\/4996"}],"collection":[{"href":"https:\/\/blogsaverroes.juntadeandalucia.es\/iesazahar\/wp-json\/wp\/v2\/pages"}],"about":[{"href":"https:\/\/blogsaverroes.juntadeandalucia.es\/iesazahar\/wp-json\/wp\/v2\/types\/page"}],"author":[{"embeddable":true,"href":"https:\/\/blogsaverroes.juntadeandalucia.es\/iesazahar\/wp-json\/wp\/v2\/users\/7635"}],"replies":[{"embeddable":true,"href":"https:\/\/blogsaverroes.juntadeandalucia.es\/iesazahar\/wp-json\/wp\/v2\/comments?post=4996"}],"version-history":[{"count":13,"href":"https:\/\/blogsaverroes.juntadeandalucia.es\/iesazahar\/wp-json\/wp\/v2\/pages\/4996\/revisions"}],"predecessor-version":[{"id":5251,"href":"https:\/\/blogsaverroes.juntadeandalucia.es\/iesazahar\/wp-json\/wp\/v2\/pages\/4996\/revisions\/5251"}],"wp:attachment":[{"href":"https:\/\/blogsaverroes.juntadeandalucia.es\/iesazahar\/wp-json\/wp\/v2\/media?parent=4996"}],"curies":[{"name":"wp","href":"https:\/\/api.w.org\/{rel}","templated":true}]}}