{"id":5003,"date":"2024-05-28T12:12:08","date_gmt":"2024-05-28T12:12:08","guid":{"rendered":"https:\/\/blogsaverroes.juntadeandalucia.es\/iesazahar\/?page_id=5003"},"modified":"2024-06-20T10:09:21","modified_gmt":"2024-06-20T10:09:21","slug":"grupos-de-trabajo","status":"publish","type":"page","link":"https:\/\/blogsaverroes.juntadeandalucia.es\/iesazahar\/grupos-de-trabajo\/","title":{"rendered":"Grupos de trabajo"},"content":{"rendered":"<p>Los grupos de trabajo y la formaci\u00f3n en centros son acciones formativas basadas principalmente en el an\u00e1lisis, la reflexi\u00f3n y la mejora de la pr\u00e1ctica docente, convirtiendo el aula y el centro en los escenarios ordinarios de la formaci\u00f3n y potenciando el trabajo colaborativo entre el profesorado.<\/p>\n<p>Ambas estrategias se apoyan en la autoformaci\u00f3n para estimular el trabajo cooperativo y el intercambio profesional, la difusi\u00f3n del conocimiento para la creaci\u00f3n de redes profesionales y el aprendizaje a trav\u00e9s de las buenas pr\u00e1cticas. Por consiguiente, estas actividades de autoformaci\u00f3n se adaptan a las necesidades y demandas del profesorado de los centros educativos.<\/p>\n<p>Actualmente, nuestro centro cuenta con el <strong>Grupo de Trabajo Narrativas Alternativas a<\/strong> <strong>los Discursos del Odio<\/strong> que naci\u00f3 vinculado a un programa de innovaci\u00f3n educativa para el curso 2023\/2024.<\/p>\n","protected":false},"excerpt":{"rendered":"<p>Los grupos de trabajo y la formaci\u00f3n en centros son acciones formativas basadas principalmente en el an\u00e1lisis, la reflexi\u00f3n y la mejora de la pr\u00e1ctica docente, convirtiendo el aula y el centro en los escenarios&#46;&#46;&#46;<\/p>\n","protected":false},"author":7635,"featured_media":0,"parent":0,"menu_order":0,"comment_status":"closed","ping_status":"closed","template":"","meta":{"ngg_post_thumbnail":0,"footnotes":"","_mc_calendar":[]},"aioseo_notices":[],"_links":{"self":[{"href":"https:\/\/blogsaverroes.juntadeandalucia.es\/iesazahar\/wp-json\/wp\/v2\/pages\/5003"}],"collection":[{"href":"https:\/\/blogsaverroes.juntadeandalucia.es\/iesazahar\/wp-json\/wp\/v2\/pages"}],"about":[{"href":"https:\/\/blogsaverroes.juntadeandalucia.es\/iesazahar\/wp-json\/wp\/v2\/types\/page"}],"author":[{"embeddable":true,"href":"https:\/\/blogsaverroes.juntadeandalucia.es\/iesazahar\/wp-json\/wp\/v2\/users\/7635"}],"replies":[{"embeddable":true,"href":"https:\/\/blogsaverroes.juntadeandalucia.es\/iesazahar\/wp-json\/wp\/v2\/comments?post=5003"}],"version-history":[{"count":6,"href":"https:\/\/blogsaverroes.juntadeandalucia.es\/iesazahar\/wp-json\/wp\/v2\/pages\/5003\/revisions"}],"predecessor-version":[{"id":5119,"href":"https:\/\/blogsaverroes.juntadeandalucia.es\/iesazahar\/wp-json\/wp\/v2\/pages\/5003\/revisions\/5119"}],"wp:attachment":[{"href":"https:\/\/blogsaverroes.juntadeandalucia.es\/iesazahar\/wp-json\/wp\/v2\/media?parent=5003"}],"curies":[{"name":"wp","href":"https:\/\/api.w.org\/{rel}","templated":true}]}}