{"id":5457,"date":"2025-02-22T12:12:45","date_gmt":"2025-02-22T12:12:45","guid":{"rendered":"https:\/\/blogsaverroes.juntadeandalucia.es\/iesazahar\/?page_id=5457"},"modified":"2025-02-22T12:14:10","modified_gmt":"2025-02-22T12:14:10","slug":"seguridad-digital-en-familia","status":"publish","type":"page","link":"https:\/\/blogsaverroes.juntadeandalucia.es\/iesazahar\/seguridad-digital-en-familia\/","title":{"rendered":"Seguridad digital en Familia"},"content":{"rendered":"<p>Ponemos a disposici\u00f3n de las familias diferentes recursos tanto para el diagn\u00f3stico como para la protecci\u00f3n del menor frente a los riesgos en las redes.<\/p>\n<ul>\n<li><a href=\"https:\/\/www.uco.es\/familiason\/index.html\" target=\"_blank\" rel=\"noopener\">Familias ON;<\/a> Portal de diagn\u00f3stico y formaci\u00f3n digital para las familias.<\/li>\n<li><a href=\"https:\/\/www.grupocomunicar.com\/guiase\" target=\"_blank\" rel=\"noopener\">Gu\u00edas Educomunicativas para Familias<\/a>: Conocer y concienciar a las familias sobre los retos actuales que plantean la educaci\u00f3n de la infancia y adolescencia en la era digital.<\/li>\n<li><a href=\"https:\/\/www.incibe.es\/ciudadania\/formacion\/guias\/guia-de-privacidad-y-seguridad-en-internet\" target=\"_blank\" rel=\"noopener\">Gu\u00eda de privacidad y seguridad en Internet:<\/a> 18 fichas que recogen los principales riesgos a los que nos exponemos al hacer uso de Internet as\u00ed como las medidas de protecci\u00f3n que debemos aplicar para evitarlos.&nbsp;<\/li>\n<li><a href=\"https:\/\/intef.es\/competencia-digital-educativa\/familias\/\" target=\"_blank\" rel=\"noopener\">Cursos para desarrollar la competencia digital<\/a> en familias.<\/li>\n<\/ul>\n<div id=\"attachment_5458\" style=\"width: 611px\" class=\"wp-caption aligncenter\"><a href=\"https:\/\/blogsaverroes.juntadeandalucia.es\/iesazahar\/files\/2025\/02\/INCIBE_TuAyudaCiberseguridad_.jpg\"><img loading=\"lazy\" decoding=\"async\" aria-describedby=\"caption-attachment-5458\" class=\"wp-image-5458\" src=\"https:\/\/blogsaverroes.juntadeandalucia.es\/iesazahar\/files\/2025\/02\/INCIBE_TuAyudaCiberseguridad_-300x131.jpg\" alt=\"L\u00ednea de ayuda\" width=\"601\" height=\"263\" srcset=\"https:\/\/blogsaverroes.juntadeandalucia.es\/iesazahar\/files\/2025\/02\/INCIBE_TuAyudaCiberseguridad_-300x131.jpg 300w, https:\/\/blogsaverroes.juntadeandalucia.es\/iesazahar\/files\/2025\/02\/INCIBE_TuAyudaCiberseguridad_-1024x448.jpg 1024w, https:\/\/blogsaverroes.juntadeandalucia.es\/iesazahar\/files\/2025\/02\/INCIBE_TuAyudaCiberseguridad_-768x336.jpg 768w, https:\/\/blogsaverroes.juntadeandalucia.es\/iesazahar\/files\/2025\/02\/INCIBE_TuAyudaCiberseguridad_-1536x672.jpg 1536w, https:\/\/blogsaverroes.juntadeandalucia.es\/iesazahar\/files\/2025\/02\/INCIBE_TuAyudaCiberseguridad_.jpg 1600w\" sizes=\"(max-width: 601px) 100vw, 601px\" \/><\/a><p id=\"caption-attachment-5458\" class=\"wp-caption-text\"><strong><a href=\"https:\/\/www.incibe.es\/linea-de-ayuda-en-ciberseguridad\" target=\"_blank\" rel=\"noopener\">L\u00ednea de ayuda en Ciberseguridad<\/a><\/strong><\/p><\/div>\n","protected":false},"excerpt":{"rendered":"<p>Ponemos a disposici\u00f3n de las familias diferentes recursos tanto para el diagn\u00f3stico como para la protecci\u00f3n del menor frente a los riesgos en las redes. Familias ON; Portal de diagn\u00f3stico y formaci\u00f3n digital para las&#46;&#46;&#46;<\/p>\n","protected":false},"author":7635,"featured_media":0,"parent":0,"menu_order":0,"comment_status":"closed","ping_status":"closed","template":"","meta":{"ngg_post_thumbnail":0,"footnotes":"","_mc_calendar":[]},"aioseo_notices":[],"_links":{"self":[{"href":"https:\/\/blogsaverroes.juntadeandalucia.es\/iesazahar\/wp-json\/wp\/v2\/pages\/5457"}],"collection":[{"href":"https:\/\/blogsaverroes.juntadeandalucia.es\/iesazahar\/wp-json\/wp\/v2\/pages"}],"about":[{"href":"https:\/\/blogsaverroes.juntadeandalucia.es\/iesazahar\/wp-json\/wp\/v2\/types\/page"}],"author":[{"embeddable":true,"href":"https:\/\/blogsaverroes.juntadeandalucia.es\/iesazahar\/wp-json\/wp\/v2\/users\/7635"}],"replies":[{"embeddable":true,"href":"https:\/\/blogsaverroes.juntadeandalucia.es\/iesazahar\/wp-json\/wp\/v2\/comments?post=5457"}],"version-history":[{"count":1,"href":"https:\/\/blogsaverroes.juntadeandalucia.es\/iesazahar\/wp-json\/wp\/v2\/pages\/5457\/revisions"}],"predecessor-version":[{"id":5459,"href":"https:\/\/blogsaverroes.juntadeandalucia.es\/iesazahar\/wp-json\/wp\/v2\/pages\/5457\/revisions\/5459"}],"wp:attachment":[{"href":"https:\/\/blogsaverroes.juntadeandalucia.es\/iesazahar\/wp-json\/wp\/v2\/media?parent=5457"}],"curies":[{"name":"wp","href":"https:\/\/api.w.org\/{rel}","templated":true}]}}