{"id":6193,"date":"2025-10-23T10:23:55","date_gmt":"2025-10-23T10:23:55","guid":{"rendered":"https:\/\/blogsaverroes.juntadeandalucia.es\/iesazahar\/?page_id=6193"},"modified":"2025-10-23T10:45:08","modified_gmt":"2025-10-23T10:45:08","slug":"seguridad-en-el-centro-educativo","status":"publish","type":"page","link":"https:\/\/blogsaverroes.juntadeandalucia.es\/iesazahar\/seguridad-digital-en-familia\/seguridad-en-el-centro-educativo\/","title":{"rendered":"Seguridad en el centro educativo"},"content":{"rendered":"<p style=\"text-align: justify\">El Consejo de Transparencia y Protecci\u00f3n de Datos de Andaluc\u00eda ha publicado una \u00abGu\u00eda sobre protecci\u00f3n de datos personales para centros educativos de Andaluc\u00eda\u00bb:<\/p>\n<p style=\"padding-left: 40px\"><a href=\"https:\/\/blogsaverroes.juntadeandalucia.es\/iesazahar\/files\/2025\/10\/Guia-proteccion-datos-centros-educativos-andalucia.pdf\">Gu\u00eda-proteccion-datos-centros-educativos-andalucia<\/a><\/p>\n<p style=\"text-align: justify\">Este manual responde a las dudas de la <strong>comunidad educativa<\/strong> sobre el <strong>tratamiento de datos<\/strong> y ayuda a los <strong>centros<\/strong> y a la <strong>Administraci\u00f3n<\/strong> a <strong>identificar \u00e1reas de mejora<\/strong> para <strong>fortalecer<\/strong> las <strong>medidas de protecci\u00f3n<\/strong> de la informaci\u00f3n personal.<\/p>\n<p style=\"text-align: justify\">Por otro lado, la Agencia Espa\u00f1ola de Protecci\u00f3n de Datos (AEPD) ha publicado otra gu\u00eda que incluye los conceptos y principios b\u00e1sicos en materia de protecci\u00f3n de datos con el objetivo de comprender m\u00e1s f\u00e1cilmente su aplicaci\u00f3n en las concretas situaciones que se presentan en la pr\u00e1ctica teniendo presente la perspectiva del nuevo Reglamento:<\/p>\n<p style=\"padding-left: 40px\"><a href=\"https:\/\/blogsaverroes.juntadeandalucia.es\/iesazahar\/files\/2025\/10\/GuIas-sectoriales-AEPD_centros-educativos.pdf\">Gu\u00edas sectoriales AEPD_centros educativos<\/a>&nbsp;<\/p>\n","protected":false},"excerpt":{"rendered":"<p>El Consejo de Transparencia y Protecci\u00f3n de Datos de Andaluc\u00eda ha publicado una \u00abGu\u00eda sobre protecci\u00f3n de datos personales para centros educativos de Andaluc\u00eda\u00bb: Gu\u00eda-proteccion-datos-centros-educativos-andalucia Este manual responde a las dudas de la comunidad educativa&#46;&#46;&#46;<\/p>\n","protected":false},"author":7635,"featured_media":0,"parent":5457,"menu_order":0,"comment_status":"closed","ping_status":"closed","template":"","meta":{"ngg_post_thumbnail":0,"footnotes":"","_mc_calendar":[]},"aioseo_notices":[],"_links":{"self":[{"href":"https:\/\/blogsaverroes.juntadeandalucia.es\/iesazahar\/wp-json\/wp\/v2\/pages\/6193"}],"collection":[{"href":"https:\/\/blogsaverroes.juntadeandalucia.es\/iesazahar\/wp-json\/wp\/v2\/pages"}],"about":[{"href":"https:\/\/blogsaverroes.juntadeandalucia.es\/iesazahar\/wp-json\/wp\/v2\/types\/page"}],"author":[{"embeddable":true,"href":"https:\/\/blogsaverroes.juntadeandalucia.es\/iesazahar\/wp-json\/wp\/v2\/users\/7635"}],"replies":[{"embeddable":true,"href":"https:\/\/blogsaverroes.juntadeandalucia.es\/iesazahar\/wp-json\/wp\/v2\/comments?post=6193"}],"version-history":[{"count":3,"href":"https:\/\/blogsaverroes.juntadeandalucia.es\/iesazahar\/wp-json\/wp\/v2\/pages\/6193\/revisions"}],"predecessor-version":[{"id":6200,"href":"https:\/\/blogsaverroes.juntadeandalucia.es\/iesazahar\/wp-json\/wp\/v2\/pages\/6193\/revisions\/6200"}],"up":[{"embeddable":true,"href":"https:\/\/blogsaverroes.juntadeandalucia.es\/iesazahar\/wp-json\/wp\/v2\/pages\/5457"}],"wp:attachment":[{"href":"https:\/\/blogsaverroes.juntadeandalucia.es\/iesazahar\/wp-json\/wp\/v2\/media?parent=6193"}],"curies":[{"name":"wp","href":"https:\/\/api.w.org\/{rel}","templated":true}]}}