{"id":162,"date":"2015-03-17T07:51:10","date_gmt":"2015-03-17T07:51:10","guid":{"rendered":"http:\/\/blogsaverroes.juntadeandalucia.es\/pre\/ceip\/?page_id=162"},"modified":"2024-11-12T19:57:37","modified_gmt":"2024-11-12T19:57:37","slug":"tecnologia","status":"publish","type":"page","link":"https:\/\/blogsaverroes.juntadeandalucia.es\/iesazaharantas\/departamentos\/area-de-competencia-cientifico-tecnologico\/tecnologia\/","title":{"rendered":"Tecnolog\u00eda"},"content":{"rendered":"\t\t<div data-elementor-type=\"wp-post\" data-elementor-id=\"162\" class=\"elementor elementor-162\">\n\t\t\t\t\t\t<section class=\"elementor-section elementor-top-section elementor-element elementor-element-229ee3f elementor-section-boxed elementor-section-height-default elementor-section-height-default\" data-id=\"229ee3f\" data-element_type=\"section\">\n\t\t\t\t\t\t<div class=\"elementor-container elementor-column-gap-default\">\n\t\t\t\t\t<div class=\"elementor-column elementor-col-100 elementor-top-column elementor-element elementor-element-d4ec92f\" data-id=\"d4ec92f\" data-element_type=\"column\">\n\t\t\t<div class=\"elementor-widget-wrap elementor-element-populated\">\n\t\t\t\t\t\t<div class=\"elementor-element elementor-element-adbd20c elementor-widget elementor-widget-heading\" data-id=\"adbd20c\" data-element_type=\"widget\" data-widget_type=\"heading.default\">\n\t\t\t\t<div class=\"elementor-widget-container\">\n\t\t\t\t\t<h2 class=\"elementor-heading-title elementor-size-default\">Departamento de Tecnolog\u00eda:<\/h2>\t\t\t\t<\/div>\n\t\t\t\t<\/div>\n\t\t\t\t\t<\/div>\n\t\t<\/div>\n\t\t\t\t\t<\/div>\n\t\t<\/section>\n\t\t\t\t<section class=\"elementor-section elementor-top-section elementor-element elementor-element-1c9d042e elementor-section-boxed elementor-section-height-default elementor-section-height-default\" data-id=\"1c9d042e\" data-element_type=\"section\">\n\t\t\t\t\t\t<div class=\"elementor-container elementor-column-gap-default\">\n\t\t\t\t\t<div class=\"elementor-column elementor-col-100 elementor-top-column elementor-element elementor-element-499c81f4\" data-id=\"499c81f4\" data-element_type=\"column\">\n\t\t\t<div class=\"elementor-widget-wrap elementor-element-populated\">\n\t\t\t\t\t\t<div class=\"elementor-element elementor-element-6e4a3ddb elementor-widget elementor-widget-text-editor\" data-id=\"6e4a3ddb\" data-element_type=\"widget\" data-widget_type=\"text-editor.default\">\n\t\t\t\t<div class=\"elementor-widget-container\">\n\t\t\t\t\t\t\t\t\t<p style=\"text-align: justify\"><span style=\"font-family: sans-serif\"><span style=\"font-size: medium\">La sociedad en la que vivimos necesita una educaci\u00f3n tecnol\u00f3gica amplia que facilite el conocimiento de las diversas tecnolog\u00edas, as\u00ed como las t\u00e9cnicas y los conocimientos cient\u00edficos que los sustentan. El desarrollo tecnol\u00f3gico se fundamenta en principios elementales y m\u00e1quinas simples que, sumados convenientemente, crean nuevas m\u00e1quinas y generan la realidad que nos rodea. <\/span><\/span><\/p>\t\t\t\t\t\t\t\t<\/div>\n\t\t\t\t<\/div>\n\t\t\t\t\t<\/div>\n\t\t<\/div>\n\t\t\t\t\t<\/div>\n\t\t<\/section>\n\t\t\t\t<section class=\"elementor-section elementor-top-section elementor-element elementor-element-cb4a2dd elementor-section-boxed elementor-section-height-default elementor-section-height-default\" data-id=\"cb4a2dd\" data-element_type=\"section\">\n\t\t\t\t\t\t<div class=\"elementor-container elementor-column-gap-default\">\n\t\t\t\t\t<div class=\"elementor-column elementor-col-50 elementor-top-column elementor-element elementor-element-b839dc0\" data-id=\"b839dc0\" data-element_type=\"column\">\n\t\t\t<div class=\"elementor-widget-wrap elementor-element-populated\">\n\t\t\t\t\t\t<div class=\"elementor-element elementor-element-df0a53e elementor-view-stacked elementor-shape-circle elementor-widget elementor-widget-icon\" data-id=\"df0a53e\" data-element_type=\"widget\" data-widget_type=\"icon.default\">\n\t\t\t\t<div class=\"elementor-widget-container\">\n\t\t\t\t\t\t\t<div class=\"elementor-icon-wrapper\">\n\t\t\t<a class=\"elementor-icon\" href=\"https:\/\/blogsaverroes.juntadeandalucia.es\/iesazaharantas\/files\/2021\/12\/PD_TEC.pdf\" target=\"_blank\">\n\t\t\t<i aria-hidden=\"true\" class=\"fas fa-file-pdf\"><\/i>\t\t\t<\/a>\n\t\t<\/div>\n\t\t\t\t\t\t<\/div>\n\t\t\t\t<\/div>\n\t\t\t\t\t<\/div>\n\t\t<\/div>\n\t\t\t\t<div class=\"elementor-column elementor-col-50 elementor-top-column elementor-element elementor-element-2af7b3a\" data-id=\"2af7b3a\" data-element_type=\"column\">\n\t\t\t<div class=\"elementor-widget-wrap elementor-element-populated\">\n\t\t\t\t\t\t<div class=\"elementor-element elementor-element-1c5ae71 elementor-widget elementor-widget-text-editor\" data-id=\"1c5ae71\" data-element_type=\"widget\" data-widget_type=\"text-editor.default\">\n\t\t\t\t<div class=\"elementor-widget-container\">\n\t\t\t\t\t\t\t\t\t<p><a href=\"https:\/\/blogsaverroes.juntadeandalucia.es\/iesazaharantas\/files\/2024\/11\/PROG_TECDIG.pdf\" target=\"_blank\" rel=\"noopener\">Programaci\u00f3n Did\u00e1ctica Tecnolog\u00eda y Digitalizaci\u00f3n 2024-25<\/a><\/p>\t\t\t\t\t\t\t\t<\/div>\n\t\t\t\t<\/div>\n\t\t\t\t\t<\/div>\n\t\t<\/div>\n\t\t\t\t\t<\/div>\n\t\t<\/section>\n\t\t\t\t<section class=\"elementor-section elementor-top-section elementor-element elementor-element-222a3c6 elementor-section-boxed elementor-section-height-default elementor-section-height-default\" data-id=\"222a3c6\" data-element_type=\"section\">\n\t\t\t\t\t\t<div class=\"elementor-container elementor-column-gap-default\">\n\t\t\t\t\t<div class=\"elementor-column elementor-col-50 elementor-top-column elementor-element elementor-element-f8e7df8\" data-id=\"f8e7df8\" data-element_type=\"column\">\n\t\t\t<div class=\"elementor-widget-wrap elementor-element-populated\">\n\t\t\t\t\t\t<div class=\"elementor-element elementor-element-a7186ec elementor-view-stacked elementor-shape-circle elementor-widget elementor-widget-icon\" data-id=\"a7186ec\" data-element_type=\"widget\" data-widget_type=\"icon.default\">\n\t\t\t\t<div class=\"elementor-widget-container\">\n\t\t\t\t\t\t\t<div class=\"elementor-icon-wrapper\">\n\t\t\t<a class=\"elementor-icon\" href=\"https:\/\/blogsaverroes.juntadeandalucia.es\/iesazaharantas\/files\/2021\/12\/PD_TEC.pdf\" target=\"_blank\">\n\t\t\t<i aria-hidden=\"true\" class=\"fas fa-file-pdf\"><\/i>\t\t\t<\/a>\n\t\t<\/div>\n\t\t\t\t\t\t<\/div>\n\t\t\t\t<\/div>\n\t\t\t\t\t<\/div>\n\t\t<\/div>\n\t\t\t\t<div class=\"elementor-column elementor-col-50 elementor-top-column elementor-element elementor-element-e14b52c\" data-id=\"e14b52c\" data-element_type=\"column\">\n\t\t\t<div class=\"elementor-widget-wrap elementor-element-populated\">\n\t\t\t\t\t\t<div class=\"elementor-element elementor-element-99e36fb elementor-widget elementor-widget-text-editor\" data-id=\"99e36fb\" data-element_type=\"widget\" data-widget_type=\"text-editor.default\">\n\t\t\t\t<div class=\"elementor-widget-container\">\n\t\t\t\t\t\t\t\t\t<p><a href=\"https:\/\/blogsaverroes.juntadeandalucia.es\/iesazaharantas\/files\/2024\/11\/PROG_TEC.pdf\" target=\"_blank\" rel=\"noopener\">Programaci\u00f3n Did\u00e1ctica Tecnolog\u00eda 2024-25<\/a><\/p>\t\t\t\t\t\t\t\t<\/div>\n\t\t\t\t<\/div>\n\t\t\t\t\t<\/div>\n\t\t<\/div>\n\t\t\t\t\t<\/div>\n\t\t<\/section>\n\t\t\t\t<section class=\"elementor-section elementor-top-section elementor-element elementor-element-30293ee elementor-section-boxed elementor-section-height-default elementor-section-height-default\" data-id=\"30293ee\" data-element_type=\"section\">\n\t\t\t\t\t\t<div class=\"elementor-container elementor-column-gap-default\">\n\t\t\t\t\t<div class=\"elementor-column elementor-col-50 elementor-top-column elementor-element elementor-element-4c41a46\" data-id=\"4c41a46\" data-element_type=\"column\">\n\t\t\t<div class=\"elementor-widget-wrap elementor-element-populated\">\n\t\t\t\t\t\t<div class=\"elementor-element elementor-element-4e97690 elementor-view-stacked elementor-shape-circle elementor-widget elementor-widget-icon\" data-id=\"4e97690\" data-element_type=\"widget\" data-widget_type=\"icon.default\">\n\t\t\t\t<div class=\"elementor-widget-container\">\n\t\t\t\t\t\t\t<div class=\"elementor-icon-wrapper\">\n\t\t\t<a class=\"elementor-icon\" href=\"https:\/\/blogsaverroes.juntadeandalucia.es\/iesazaharantas\/files\/2021\/12\/PD_TEC.pdf\" target=\"_blank\">\n\t\t\t<i aria-hidden=\"true\" class=\"fas fa-file-pdf\"><\/i>\t\t\t<\/a>\n\t\t<\/div>\n\t\t\t\t\t\t<\/div>\n\t\t\t\t<\/div>\n\t\t\t\t\t<\/div>\n\t\t<\/div>\n\t\t\t\t<div class=\"elementor-column elementor-col-50 elementor-top-column elementor-element elementor-element-f11bd58\" data-id=\"f11bd58\" data-element_type=\"column\">\n\t\t\t<div class=\"elementor-widget-wrap elementor-element-populated\">\n\t\t\t\t\t\t<div class=\"elementor-element elementor-element-1b5933e elementor-widget elementor-widget-text-editor\" data-id=\"1b5933e\" data-element_type=\"widget\" data-widget_type=\"text-editor.default\">\n\t\t\t\t<div class=\"elementor-widget-container\">\n\t\t\t\t\t\t\t\t\t<p><a href=\"https:\/\/blogsaverroes.juntadeandalucia.es\/iesazaharantas\/files\/2024\/11\/PROG_DIG.pdf\" target=\"_blank\" rel=\"noopener\">Programaci\u00f3n Did\u00e1ctica Digitalizaci\u00f3n 2024-25<\/a><\/p>\t\t\t\t\t\t\t\t<\/div>\n\t\t\t\t<\/div>\n\t\t\t\t\t<\/div>\n\t\t<\/div>\n\t\t\t\t\t<\/div>\n\t\t<\/section>\n\t\t\t\t<section class=\"elementor-section elementor-top-section elementor-element elementor-element-d5e2aba elementor-section-boxed elementor-section-height-default elementor-section-height-default\" data-id=\"d5e2aba\" data-element_type=\"section\">\n\t\t\t\t\t\t<div class=\"elementor-container elementor-column-gap-default\">\n\t\t\t\t\t<div class=\"elementor-column elementor-col-50 elementor-top-column elementor-element elementor-element-f4ecec5\" data-id=\"f4ecec5\" data-element_type=\"column\">\n\t\t\t<div class=\"elementor-widget-wrap elementor-element-populated\">\n\t\t\t\t\t\t<div class=\"elementor-element elementor-element-50c2aef elementor-view-stacked elementor-shape-circle elementor-widget elementor-widget-icon\" data-id=\"50c2aef\" data-element_type=\"widget\" data-widget_type=\"icon.default\">\n\t\t\t\t<div class=\"elementor-widget-container\">\n\t\t\t\t\t\t\t<div class=\"elementor-icon-wrapper\">\n\t\t\t<a class=\"elementor-icon\" href=\"https:\/\/blogsaverroes.juntadeandalucia.es\/iesazaharantas\/files\/2021\/12\/PD_TEC.pdf\" target=\"_blank\">\n\t\t\t<i aria-hidden=\"true\" class=\"fas fa-file-pdf\"><\/i>\t\t\t<\/a>\n\t\t<\/div>\n\t\t\t\t\t\t<\/div>\n\t\t\t\t<\/div>\n\t\t\t\t\t<\/div>\n\t\t<\/div>\n\t\t\t\t<div class=\"elementor-column elementor-col-50 elementor-top-column elementor-element elementor-element-3341258\" data-id=\"3341258\" data-element_type=\"column\">\n\t\t\t<div class=\"elementor-widget-wrap elementor-element-populated\">\n\t\t\t\t\t\t<div class=\"elementor-element elementor-element-64ce735 elementor-widget elementor-widget-text-editor\" data-id=\"64ce735\" data-element_type=\"widget\" data-widget_type=\"text-editor.default\">\n\t\t\t\t<div class=\"elementor-widget-container\">\n\t\t\t\t\t\t\t\t\t<p><a href=\"https:\/\/blogsaverroes.juntadeandalucia.es\/iesazaharantas\/files\/2024\/11\/PROG_CyR.pdf\" target=\"_blank\" rel=\"noopener\">Programaci\u00f3n Did\u00e1ctica Computaci\u00f3n y Rob\u00f3tica 2024-25<\/a><\/p>\t\t\t\t\t\t\t\t<\/div>\n\t\t\t\t<\/div>\n\t\t\t\t\t<\/div>\n\t\t<\/div>\n\t\t\t\t\t<\/div>\n\t\t<\/section>\n\t\t\t\t<\/div>\n\t\t","protected":false},"excerpt":{"rendered":"<p>Departamento de Tecnolog\u00eda: La sociedad en la que vivimos necesita una educaci\u00f3n tecnol\u00f3gica amplia que facilite el conocimiento de las diversas tecnolog\u00edas, as\u00ed como las t\u00e9cnicas y los conocimientos cient\u00edficos que los sustentan. El&#46;&#46;&#46;<\/p>\n","protected":false},"author":1,"featured_media":0,"parent":2597,"menu_order":0,"comment_status":"closed","ping_status":"open","template":"page-cs.php","meta":{"ngg_post_thumbnail":0,"footnotes":""},"aioseo_notices":[],"_links":{"self":[{"href":"https:\/\/blogsaverroes.juntadeandalucia.es\/iesazaharantas\/wp-json\/wp\/v2\/pages\/162"}],"collection":[{"href":"https:\/\/blogsaverroes.juntadeandalucia.es\/iesazaharantas\/wp-json\/wp\/v2\/pages"}],"about":[{"href":"https:\/\/blogsaverroes.juntadeandalucia.es\/iesazaharantas\/wp-json\/wp\/v2\/types\/page"}],"author":[{"embeddable":true,"href":"https:\/\/blogsaverroes.juntadeandalucia.es\/iesazaharantas\/wp-json\/wp\/v2\/users\/1"}],"replies":[{"embeddable":true,"href":"https:\/\/blogsaverroes.juntadeandalucia.es\/iesazaharantas\/wp-json\/wp\/v2\/comments?post=162"}],"version-history":[{"count":24,"href":"https:\/\/blogsaverroes.juntadeandalucia.es\/iesazaharantas\/wp-json\/wp\/v2\/pages\/162\/revisions"}],"predecessor-version":[{"id":7498,"href":"https:\/\/blogsaverroes.juntadeandalucia.es\/iesazaharantas\/wp-json\/wp\/v2\/pages\/162\/revisions\/7498"}],"up":[{"embeddable":true,"href":"https:\/\/blogsaverroes.juntadeandalucia.es\/iesazaharantas\/wp-json\/wp\/v2\/pages\/2597"}],"wp:attachment":[{"href":"https:\/\/blogsaverroes.juntadeandalucia.es\/iesazaharantas\/wp-json\/wp\/v2\/media?parent=162"}],"curies":[{"name":"wp","href":"https:\/\/api.w.org\/{rel}","templated":true}]}}