{"id":178,"date":"2015-03-17T07:56:43","date_gmt":"2015-03-17T07:56:43","guid":{"rendered":"http:\/\/blogsaverroes.juntadeandalucia.es\/pre\/ceip\/?page_id=178"},"modified":"2024-11-12T10:56:53","modified_gmt":"2024-11-12T10:56:53","slug":"musica","status":"publish","type":"page","link":"https:\/\/blogsaverroes.juntadeandalucia.es\/iesazaharantas\/departamentos\/area-de-competencia-artistica\/musica\/","title":{"rendered":"M\u00fasica"},"content":{"rendered":"\t\t<div data-elementor-type=\"wp-post\" data-elementor-id=\"178\" class=\"elementor elementor-178\">\n\t\t\t\t\t\t<section class=\"elementor-section elementor-top-section elementor-element elementor-element-53fe764 elementor-section-boxed elementor-section-height-default elementor-section-height-default\" data-id=\"53fe764\" data-element_type=\"section\">\n\t\t\t\t\t\t<div class=\"elementor-container elementor-column-gap-default\">\n\t\t\t\t\t<div class=\"elementor-column elementor-col-100 elementor-top-column elementor-element elementor-element-bb17524\" data-id=\"bb17524\" data-element_type=\"column\">\n\t\t\t<div class=\"elementor-widget-wrap elementor-element-populated\">\n\t\t\t\t\t\t<div class=\"elementor-element elementor-element-baf3da8 elementor-widget elementor-widget-heading\" data-id=\"baf3da8\" data-element_type=\"widget\" data-widget_type=\"heading.default\">\n\t\t\t\t<div class=\"elementor-widget-container\">\n\t\t\t\t\t<h2 class=\"elementor-heading-title elementor-size-default\">Departamento de M\u00fasica:<\/h2>\t\t\t\t<\/div>\n\t\t\t\t<\/div>\n\t\t\t\t\t<\/div>\n\t\t<\/div>\n\t\t\t\t\t<\/div>\n\t\t<\/section>\n\t\t\t\t<section class=\"elementor-section elementor-top-section elementor-element elementor-element-d5574ae elementor-section-boxed elementor-section-height-default elementor-section-height-default\" data-id=\"d5574ae\" data-element_type=\"section\">\n\t\t\t\t\t\t<div class=\"elementor-container elementor-column-gap-default\">\n\t\t\t\t\t<div class=\"elementor-column elementor-col-100 elementor-top-column elementor-element elementor-element-306634c\" data-id=\"306634c\" data-element_type=\"column\">\n\t\t\t<div class=\"elementor-widget-wrap elementor-element-populated\">\n\t\t\t\t\t\t<div class=\"elementor-element elementor-element-cb108e6 elementor-widget elementor-widget-text-editor\" data-id=\"cb108e6\" data-element_type=\"widget\" data-widget_type=\"text-editor.default\">\n\t\t\t\t<div class=\"elementor-widget-container\">\n\t\t\t\t\t\t\t\t\t<p style=\"text-align: justify\">La\u00a0 <strong>m\u00fasica<\/strong> constituye uno de los principales referentes de identificaci\u00f3n de la juventud. Con el desarrollo tecnol\u00f3gico se han multiplicado los cauces de acceso a las cada vez m\u00e1s numerosas fuentes de cultura musical, as\u00ed como a sus diversas maneras de creaci\u00f3n e interpretaci\u00f3n a trav\u00e9s de veh\u00edculos que forman parte de su vida cotidiana como Internet, dispositivos m\u00f3viles, reproductores de audio o videojuegos; adem\u00e1s, fomenta el desarrollo de la percepci\u00f3n, la sensibilidad est\u00e9tica, la expresi\u00f3n creativa y la reflexi\u00f3n cr\u00edtica.<\/p>\t\t\t\t\t\t\t\t<\/div>\n\t\t\t\t<\/div>\n\t\t\t\t\t<\/div>\n\t\t<\/div>\n\t\t\t\t\t<\/div>\n\t\t<\/section>\n\t\t\t\t<section class=\"elementor-section elementor-top-section elementor-element elementor-element-e73a8a3 elementor-section-boxed elementor-section-height-default elementor-section-height-default\" data-id=\"e73a8a3\" data-element_type=\"section\">\n\t\t\t\t\t\t<div class=\"elementor-container elementor-column-gap-default\">\n\t\t\t\t\t<div class=\"elementor-column elementor-col-50 elementor-top-column elementor-element elementor-element-1005b78\" data-id=\"1005b78\" data-element_type=\"column\">\n\t\t\t<div class=\"elementor-widget-wrap elementor-element-populated\">\n\t\t\t\t\t\t<div class=\"elementor-element elementor-element-0a8f5ee elementor-view-stacked elementor-shape-circle elementor-widget elementor-widget-icon\" data-id=\"0a8f5ee\" data-element_type=\"widget\" data-widget_type=\"icon.default\">\n\t\t\t\t<div class=\"elementor-widget-container\">\n\t\t\t\t\t\t\t<div class=\"elementor-icon-wrapper\">\n\t\t\t<a class=\"elementor-icon\" href=\"https:\/\/blogsaverroes.juntadeandalucia.es\/iesazaharantas\/files\/2020\/04\/Programaciones_didacticas_MUS.pdf\" target=\"_blank\">\n\t\t\t<i aria-hidden=\"true\" class=\"fas fa-file-pdf\"><\/i>\t\t\t<\/a>\n\t\t<\/div>\n\t\t\t\t\t\t<\/div>\n\t\t\t\t<\/div>\n\t\t\t\t\t<\/div>\n\t\t<\/div>\n\t\t\t\t<div class=\"elementor-column elementor-col-50 elementor-top-column elementor-element elementor-element-40659b7\" data-id=\"40659b7\" data-element_type=\"column\">\n\t\t\t<div class=\"elementor-widget-wrap elementor-element-populated\">\n\t\t\t\t\t\t<div class=\"elementor-element elementor-element-bf48c31 elementor-widget elementor-widget-text-editor\" data-id=\"bf48c31\" data-element_type=\"widget\" data-widget_type=\"text-editor.default\">\n\t\t\t\t<div class=\"elementor-widget-container\">\n\t\t\t\t\t\t\t\t\t<p><a href=\"https:\/\/blogsaverroes.juntadeandalucia.es\/iesazaharantas\/files\/2024\/11\/PROG_MUS.pdf\" target=\"_blank\" rel=\"noopener\">Programaci\u00f3n Did\u00e1ctica M\u00fasica 2024-25<strong><br \/><\/strong><\/a><\/p>\t\t\t\t\t\t\t\t<\/div>\n\t\t\t\t<\/div>\n\t\t\t\t\t<\/div>\n\t\t<\/div>\n\t\t\t\t\t<\/div>\n\t\t<\/section>\n\t\t\t\t<\/div>\n\t\t","protected":false},"excerpt":{"rendered":"<p>Departamento de M\u00fasica: La\u00a0 m\u00fasica constituye uno de los principales referentes de identificaci\u00f3n de la juventud. Con el desarrollo tecnol\u00f3gico se han multiplicado los cauces de acceso a las cada vez m\u00e1s numerosas fuentes&#46;&#46;&#46;<\/p>\n","protected":false},"author":1,"featured_media":0,"parent":2599,"menu_order":0,"comment_status":"closed","ping_status":"open","template":"page-cs.php","meta":{"ngg_post_thumbnail":0,"footnotes":""},"aioseo_notices":[],"_links":{"self":[{"href":"https:\/\/blogsaverroes.juntadeandalucia.es\/iesazaharantas\/wp-json\/wp\/v2\/pages\/178"}],"collection":[{"href":"https:\/\/blogsaverroes.juntadeandalucia.es\/iesazaharantas\/wp-json\/wp\/v2\/pages"}],"about":[{"href":"https:\/\/blogsaverroes.juntadeandalucia.es\/iesazaharantas\/wp-json\/wp\/v2\/types\/page"}],"author":[{"embeddable":true,"href":"https:\/\/blogsaverroes.juntadeandalucia.es\/iesazaharantas\/wp-json\/wp\/v2\/users\/1"}],"replies":[{"embeddable":true,"href":"https:\/\/blogsaverroes.juntadeandalucia.es\/iesazaharantas\/wp-json\/wp\/v2\/comments?post=178"}],"version-history":[{"count":14,"href":"https:\/\/blogsaverroes.juntadeandalucia.es\/iesazaharantas\/wp-json\/wp\/v2\/pages\/178\/revisions"}],"predecessor-version":[{"id":7490,"href":"https:\/\/blogsaverroes.juntadeandalucia.es\/iesazaharantas\/wp-json\/wp\/v2\/pages\/178\/revisions\/7490"}],"up":[{"embeddable":true,"href":"https:\/\/blogsaverroes.juntadeandalucia.es\/iesazaharantas\/wp-json\/wp\/v2\/pages\/2599"}],"wp:attachment":[{"href":"https:\/\/blogsaverroes.juntadeandalucia.es\/iesazaharantas\/wp-json\/wp\/v2\/media?parent=178"}],"curies":[{"name":"wp","href":"https:\/\/api.w.org\/{rel}","templated":true}]}}