{"id":2581,"date":"2019-07-19T10:19:21","date_gmt":"2019-07-19T10:19:21","guid":{"rendered":"https:\/\/blogsaverroes.juntadeandalucia.es\/iesazaharantas\/?page_id=2581"},"modified":"2020-05-07T07:39:30","modified_gmt":"2020-05-07T07:39:30","slug":"secretaria-2","status":"publish","type":"page","link":"https:\/\/blogsaverroes.juntadeandalucia.es\/iesazaharantas\/secretaria-2\/","title":{"rendered":"SECRETAR\u00cdA"},"content":{"rendered":"\t\t<div data-elementor-type=\"wp-post\" data-elementor-id=\"2581\" class=\"elementor elementor-2581\">\n\t\t\t\t\t\t<section class=\"elementor-section elementor-top-section elementor-element elementor-element-575b28f8 elementor-section-boxed elementor-section-height-default elementor-section-height-default\" data-id=\"575b28f8\" data-element_type=\"section\">\n\t\t\t\t\t\t<div class=\"elementor-container elementor-column-gap-default\">\n\t\t\t\t\t<div class=\"elementor-column elementor-col-100 elementor-top-column elementor-element elementor-element-1534b415\" data-id=\"1534b415\" data-element_type=\"column\">\n\t\t\t<div class=\"elementor-widget-wrap elementor-element-populated\">\n\t\t\t\t\t\t<div class=\"elementor-element elementor-element-628d644e elementor-widget elementor-widget-text-editor\" data-id=\"628d644e\" data-element_type=\"widget\" data-widget_type=\"text-editor.default\">\n\t\t\t\t<div class=\"elementor-widget-container\">\n\t\t\t\t\t\t\t\t\t<p style=\"text-align: justify\">La <strong>Secretar\u00eda<\/strong> desarrolla muchas funciones importantes en la vida de un centro, especialmente en la relaci\u00f3n que mantiene con las familias en los diferentes tr\u00e1mites administrativos a lo largo de la escolarizaci\u00f3n: admisi\u00f3n, matr\u00edcula, etc&#8230;<\/p><p style=\"text-align: justify\">Es por esto que la Web, como puerta de entrada y canal de informaci\u00f3n a la comunidad educativa<\/p><p style=\"text-align: justify\">Desde la Secretar\u00eda del centro se facilitan al alumnado y familias todo tipo de informaci\u00f3n y tr\u00e1mites para la matriculaci\u00f3n, petici\u00f3n de certificados, etc&#8230;<\/p>\t\t\t\t\t\t\t\t<\/div>\n\t\t\t\t<\/div>\n\t\t\t\t\t<\/div>\n\t\t<\/div>\n\t\t\t\t\t<\/div>\n\t\t<\/section>\n\t\t\t\t<section class=\"elementor-section elementor-top-section elementor-element elementor-element-2a1b73c elementor-section-boxed elementor-section-height-default elementor-section-height-default\" data-id=\"2a1b73c\" data-element_type=\"section\">\n\t\t\t\t\t\t<div class=\"elementor-container elementor-column-gap-default\">\n\t\t\t\t\t<div class=\"elementor-column elementor-col-100 elementor-top-column elementor-element elementor-element-082ca7b\" data-id=\"082ca7b\" data-element_type=\"column\">\n\t\t\t<div class=\"elementor-widget-wrap elementor-element-populated\">\n\t\t\t\t\t\t<div class=\"elementor-element elementor-element-ff3ee4f elementor-widget elementor-widget-heading\" data-id=\"ff3ee4f\" data-element_type=\"widget\" data-widget_type=\"heading.default\">\n\t\t\t\t<div class=\"elementor-widget-container\">\n\t\t\t\t\t<h2 class=\"elementor-heading-title elementor-size-default\">Nueva Presentaci\u00f3n Electr\u00f3nica General (PEG) para los centros<\/h2>\t\t\t\t<\/div>\n\t\t\t\t<\/div>\n\t\t\t\t\t<\/div>\n\t\t<\/div>\n\t\t\t\t\t<\/div>\n\t\t<\/section>\n\t\t\t\t<section class=\"elementor-section elementor-top-section elementor-element elementor-element-85c3af5 elementor-section-boxed elementor-section-height-default elementor-section-height-default\" data-id=\"85c3af5\" data-element_type=\"section\">\n\t\t\t\t\t\t<div class=\"elementor-container elementor-column-gap-default\">\n\t\t\t\t\t<div class=\"elementor-column elementor-col-100 elementor-top-column elementor-element elementor-element-8b9f0d6\" data-id=\"8b9f0d6\" data-element_type=\"column\">\n\t\t\t<div class=\"elementor-widget-wrap elementor-element-populated\">\n\t\t\t\t\t\t<div class=\"elementor-element elementor-element-b2edc9b elementor-widget elementor-widget-heading\" data-id=\"b2edc9b\" data-element_type=\"widget\" data-widget_type=\"heading.default\">\n\t\t\t\t<div class=\"elementor-widget-container\">\n\t\t\t\t\t<h6 class=\"elementor-heading-title elementor-size-default\">(Publicado el 5 de mayo)<\/h6>\t\t\t\t<\/div>\n\t\t\t\t<\/div>\n\t\t\t\t\t<\/div>\n\t\t<\/div>\n\t\t\t\t\t<\/div>\n\t\t<\/section>\n\t\t\t\t<section class=\"elementor-section elementor-top-section elementor-element elementor-element-0f6bbc6 elementor-section-boxed elementor-section-height-default elementor-section-height-default\" data-id=\"0f6bbc6\" data-element_type=\"section\">\n\t\t\t\t\t\t<div class=\"elementor-container elementor-column-gap-default\">\n\t\t\t\t\t<div class=\"elementor-column elementor-col-100 elementor-top-column elementor-element elementor-element-e69f2c2\" data-id=\"e69f2c2\" data-element_type=\"column\">\n\t\t\t<div class=\"elementor-widget-wrap elementor-element-populated\">\n\t\t\t\t\t\t<div class=\"elementor-element elementor-element-a398433 elementor-widget elementor-widget-text-editor\" data-id=\"a398433\" data-element_type=\"widget\" data-widget_type=\"text-editor.default\">\n\t\t\t\t<div class=\"elementor-widget-container\">\n\t\t\t\t\t\t\t\t\t<p style=\"text-align: justify\">Se ha puesto a disposici\u00f3n de la comunidad educativa a trav\u00e9s de la Secretar\u00eda Virtual, un nuevo servicio que permite presentar documentos, escritos y solicitudes diversas en el registro electr\u00f3nico de los centros.<\/p><p style=\"text-align: justify\">Este nuevo servicio se llama &#8220;Presentaci\u00f3n Electr\u00f3nica General&#8221; (PEG) y previa autenticaci\u00f3n, permite que cualquier persona desde internet, presente documentos en el &#8220;Registro Electr\u00f3nico de Entrada&#8221; de los centros.<\/p>\t\t\t\t\t\t\t\t<\/div>\n\t\t\t\t<\/div>\n\t\t\t\t\t<\/div>\n\t\t<\/div>\n\t\t\t\t\t<\/div>\n\t\t<\/section>\n\t\t\t\t<section class=\"elementor-section elementor-top-section elementor-element elementor-element-6ebf629 elementor-section-boxed elementor-section-height-default elementor-section-height-default\" data-id=\"6ebf629\" data-element_type=\"section\">\n\t\t\t\t\t\t<div class=\"elementor-container elementor-column-gap-default\">\n\t\t\t\t\t<div class=\"elementor-column elementor-col-100 elementor-top-column elementor-element elementor-element-ed8cad6\" data-id=\"ed8cad6\" data-element_type=\"column\">\n\t\t\t<div class=\"elementor-widget-wrap elementor-element-populated\">\n\t\t\t\t\t\t<div class=\"elementor-element elementor-element-4b0e66f elementor-widget elementor-widget-image\" data-id=\"4b0e66f\" data-element_type=\"widget\" data-widget_type=\"image.default\">\n\t\t\t\t<div class=\"elementor-widget-container\">\n\t\t\t\t\t\t\t\t\t\t\t\t\t\t\t<img fetchpriority=\"high\" decoding=\"async\" width=\"1024\" height=\"228\" src=\"https:\/\/blogsaverroes.juntadeandalucia.es\/iesazaharantas\/files\/2020\/05\/Captura-de-pantalla-2020-05-07-a-las-9.15.13-1024x228.png\" class=\"attachment-large size-large wp-image-3775\" alt=\"\" srcset=\"https:\/\/blogsaverroes.juntadeandalucia.es\/iesazaharantas\/files\/2020\/05\/Captura-de-pantalla-2020-05-07-a-las-9.15.13-1024x228.png 1024w, https:\/\/blogsaverroes.juntadeandalucia.es\/iesazaharantas\/files\/2020\/05\/Captura-de-pantalla-2020-05-07-a-las-9.15.13-300x67.png 300w, https:\/\/blogsaverroes.juntadeandalucia.es\/iesazaharantas\/files\/2020\/05\/Captura-de-pantalla-2020-05-07-a-las-9.15.13-768x171.png 768w, https:\/\/blogsaverroes.juntadeandalucia.es\/iesazaharantas\/files\/2020\/05\/Captura-de-pantalla-2020-05-07-a-las-9.15.13-24x5.png 24w, https:\/\/blogsaverroes.juntadeandalucia.es\/iesazaharantas\/files\/2020\/05\/Captura-de-pantalla-2020-05-07-a-las-9.15.13-36x8.png 36w, https:\/\/blogsaverroes.juntadeandalucia.es\/iesazaharantas\/files\/2020\/05\/Captura-de-pantalla-2020-05-07-a-las-9.15.13-48x11.png 48w, https:\/\/blogsaverroes.juntadeandalucia.es\/iesazaharantas\/files\/2020\/05\/Captura-de-pantalla-2020-05-07-a-las-9.15.13.png 1368w\" sizes=\"(max-width: 1024px) 100vw, 1024px\" \/>\t\t\t\t\t\t\t\t\t\t\t\t\t\t\t<\/div>\n\t\t\t\t<\/div>\n\t\t\t\t\t<\/div>\n\t\t<\/div>\n\t\t\t\t\t<\/div>\n\t\t<\/section>\n\t\t\t\t<section class=\"elementor-section elementor-top-section elementor-element elementor-element-fa81115 elementor-section-boxed elementor-section-height-default elementor-section-height-default\" data-id=\"fa81115\" data-element_type=\"section\">\n\t\t\t\t\t\t<div class=\"elementor-container elementor-column-gap-default\">\n\t\t\t\t\t<div class=\"elementor-column elementor-col-100 elementor-top-column elementor-element elementor-element-81846c3\" data-id=\"81846c3\" data-element_type=\"column\">\n\t\t\t<div class=\"elementor-widget-wrap elementor-element-populated\">\n\t\t\t\t\t\t<div class=\"elementor-element elementor-element-e2eecda elementor-align-justify elementor-widget elementor-widget-button\" data-id=\"e2eecda\" data-element_type=\"widget\" data-widget_type=\"button.default\">\n\t\t\t\t<div class=\"elementor-widget-container\">\n\t\t\t\t\t\t\t\t\t<div class=\"elementor-button-wrapper\">\n\t\t\t\t\t<a class=\"elementor-button elementor-button-link elementor-size-sm\" href=\"https:\/\/blogsaverroes.juntadeandalucia.es\/iesazaharantas\/wp-admin\/post.php?post=141&#038;action=elementor&#038;display_gallery_iframe\" target=\"_blank\">\n\t\t\t\t\t\t<span class=\"elementor-button-content-wrapper\">\n\t\t\t\t\t\t<span class=\"elementor-button-icon\">\n\t\t\t\t<i aria-hidden=\"true\" class=\"fas fa-external-link-alt\"><\/i>\t\t\t<\/span>\n\t\t\t\t\t\t\t\t\t<span class=\"elementor-button-text\">Secretar\u00eda Virtual<\/span>\n\t\t\t\t\t<\/span>\n\t\t\t\t\t<\/a>\n\t\t\t\t<\/div>\n\t\t\t\t\t\t\t\t<\/div>\n\t\t\t\t<\/div>\n\t\t\t\t\t<\/div>\n\t\t<\/div>\n\t\t\t\t\t<\/div>\n\t\t<\/section>\n\t\t\t\t<\/div>\n\t\t","protected":false},"excerpt":{"rendered":"<p>La Secretar\u00eda desarrolla muchas funciones importantes en la vida de un centro, especialmente en la relaci\u00f3n que mantiene con las familias en los diferentes tr\u00e1mites administrativos a lo largo de la escolarizaci\u00f3n: admisi\u00f3n, matr\u00edcula,&#46;&#46;&#46;<\/p>\n","protected":false},"author":6109,"featured_media":0,"parent":0,"menu_order":0,"comment_status":"closed","ping_status":"closed","template":"","meta":{"ngg_post_thumbnail":0,"footnotes":""},"aioseo_notices":[],"_links":{"self":[{"href":"https:\/\/blogsaverroes.juntadeandalucia.es\/iesazaharantas\/wp-json\/wp\/v2\/pages\/2581"}],"collection":[{"href":"https:\/\/blogsaverroes.juntadeandalucia.es\/iesazaharantas\/wp-json\/wp\/v2\/pages"}],"about":[{"href":"https:\/\/blogsaverroes.juntadeandalucia.es\/iesazaharantas\/wp-json\/wp\/v2\/types\/page"}],"author":[{"embeddable":true,"href":"https:\/\/blogsaverroes.juntadeandalucia.es\/iesazaharantas\/wp-json\/wp\/v2\/users\/6109"}],"replies":[{"embeddable":true,"href":"https:\/\/blogsaverroes.juntadeandalucia.es\/iesazaharantas\/wp-json\/wp\/v2\/comments?post=2581"}],"version-history":[{"count":4,"href":"https:\/\/blogsaverroes.juntadeandalucia.es\/iesazaharantas\/wp-json\/wp\/v2\/pages\/2581\/revisions"}],"predecessor-version":[{"id":3781,"href":"https:\/\/blogsaverroes.juntadeandalucia.es\/iesazaharantas\/wp-json\/wp\/v2\/pages\/2581\/revisions\/3781"}],"wp:attachment":[{"href":"https:\/\/blogsaverroes.juntadeandalucia.es\/iesazaharantas\/wp-json\/wp\/v2\/media?parent=2581"}],"curies":[{"name":"wp","href":"https:\/\/api.w.org\/{rel}","templated":true}]}}