{"id":2593,"date":"2019-07-19T11:01:19","date_gmt":"2019-07-19T11:01:19","guid":{"rendered":"https:\/\/blogsaverroes.juntadeandalucia.es\/iesazaharantas\/?page_id=2593"},"modified":"2019-07-19T11:01:19","modified_gmt":"2019-07-19T11:01:19","slug":"departamentos","status":"publish","type":"page","link":"https:\/\/blogsaverroes.juntadeandalucia.es\/iesazaharantas\/departamentos\/","title":{"rendered":"DEPARTAMENTOS"},"content":{"rendered":"<p style=\"text-align: justify\">El centro se haya organizado en departamentos y&nbsp; se organizan seg\u00fan las siguientes \u00e1reas de competencia y departamentos de coordinaci\u00f3n did\u00e1ctica:<\/p>\n<ul>\n<li><strong>\u00c1rea de competencia Social-ling\u00fc\u00edstica:&nbsp;<\/strong>\n<ul>\n<li>Segunda lengua extranjera (Franc\u00e9s)<\/li>\n<li>Primera lengua extranjera (Ingl\u00e9s)<\/li>\n<li>Geograf\u00eda e Historia<\/li>\n<li>Lengua y Literatura<\/li>\n<\/ul>\n<\/li>\n<li><strong>\u00c1rea de competencia cient\u00edfico-tecnol\u00f3gico<\/strong>\n<ul>\n<li>Matem\u00e1ticas.<\/li>\n<li>Tecnolog\u00eda.<\/li>\n<li>Ciencias de la Naturaleza<\/li>\n<\/ul>\n<\/li>\n<li><strong>\u00c1rea de competencia art\u00edstica: <\/strong>\n<ul>\n<li>Educaci\u00f3n F\u00edsica<\/li>\n<li>M\u00fasica<\/li>\n<li>D\u00edbujo<\/li>\n<\/ul>\n<\/li>\n<\/ul>\n","protected":false},"excerpt":{"rendered":"<p>El centro se haya organizado en departamentos y&nbsp; se organizan seg\u00fan las siguientes \u00e1reas de competencia y departamentos de coordinaci\u00f3n did\u00e1ctica: \u00c1rea de competencia Social-ling\u00fc\u00edstica:&nbsp; Segunda lengua extranjera (Franc\u00e9s) Primera lengua extranjera (Ingl\u00e9s) Geograf\u00eda&#46;&#46;&#46;<\/p>\n","protected":false},"author":6109,"featured_media":0,"parent":0,"menu_order":0,"comment_status":"closed","ping_status":"closed","template":"","meta":{"ngg_post_thumbnail":0,"footnotes":""},"aioseo_notices":[],"_links":{"self":[{"href":"https:\/\/blogsaverroes.juntadeandalucia.es\/iesazaharantas\/wp-json\/wp\/v2\/pages\/2593"}],"collection":[{"href":"https:\/\/blogsaverroes.juntadeandalucia.es\/iesazaharantas\/wp-json\/wp\/v2\/pages"}],"about":[{"href":"https:\/\/blogsaverroes.juntadeandalucia.es\/iesazaharantas\/wp-json\/wp\/v2\/types\/page"}],"author":[{"embeddable":true,"href":"https:\/\/blogsaverroes.juntadeandalucia.es\/iesazaharantas\/wp-json\/wp\/v2\/users\/6109"}],"replies":[{"embeddable":true,"href":"https:\/\/blogsaverroes.juntadeandalucia.es\/iesazaharantas\/wp-json\/wp\/v2\/comments?post=2593"}],"version-history":[{"count":1,"href":"https:\/\/blogsaverroes.juntadeandalucia.es\/iesazaharantas\/wp-json\/wp\/v2\/pages\/2593\/revisions"}],"predecessor-version":[{"id":2594,"href":"https:\/\/blogsaverroes.juntadeandalucia.es\/iesazaharantas\/wp-json\/wp\/v2\/pages\/2593\/revisions\/2594"}],"wp:attachment":[{"href":"https:\/\/blogsaverroes.juntadeandalucia.es\/iesazaharantas\/wp-json\/wp\/v2\/media?parent=2593"}],"curies":[{"name":"wp","href":"https:\/\/api.w.org\/{rel}","templated":true}]}}