{"id":4300,"date":"2020-05-29T14:30:45","date_gmt":"2020-05-29T14:30:45","guid":{"rendered":"https:\/\/blogsaverroes.juntadeandalucia.es\/iesazaharantas\/?page_id=4300"},"modified":"2025-06-17T11:35:05","modified_gmt":"2025-06-17T11:35:05","slug":"matriculacion_2526","status":"publish","type":"page","link":"https:\/\/blogsaverroes.juntadeandalucia.es\/iesazaharantas\/matriculacion_2526\/","title":{"rendered":"Matriculaci\u00f3n 2025\/26"},"content":{"rendered":"\t\t<div data-elementor-type=\"wp-post\" data-elementor-id=\"4300\" class=\"elementor elementor-4300\">\n\t\t\t\t\t\t<section class=\"elementor-section elementor-top-section elementor-element elementor-element-db455bf elementor-section-boxed elementor-section-height-default elementor-section-height-default\" data-id=\"db455bf\" data-element_type=\"section\">\n\t\t\t\t\t\t<div class=\"elementor-container elementor-column-gap-default\">\n\t\t\t\t\t<div class=\"elementor-column elementor-col-100 elementor-top-column elementor-element elementor-element-144eb9a\" data-id=\"144eb9a\" data-element_type=\"column\">\n\t\t\t<div class=\"elementor-widget-wrap elementor-element-populated\">\n\t\t\t\t\t\t<div class=\"elementor-element elementor-element-fc8aa77 elementor-widget elementor-widget-image\" data-id=\"fc8aa77\" data-element_type=\"widget\" data-widget_type=\"image.default\">\n\t\t\t\t<div class=\"elementor-widget-container\">\n\t\t\t\t\t\t\t\t\t\t\t\t\t\t\t<img decoding=\"async\" src=\"https:\/\/blogsaverroes.juntadeandalucia.es\/iesazaharantas\/files\/2020\/05\/Matriculacion2.png\" title=\"\" alt=\"\" loading=\"lazy\" \/>\t\t\t\t\t\t\t\t\t\t\t\t\t\t\t<\/div>\n\t\t\t\t<\/div>\n\t\t\t\t<div class=\"elementor-element elementor-element-24cda5b elementor-widget elementor-widget-image\" data-id=\"24cda5b\" data-element_type=\"widget\" data-widget_type=\"image.default\">\n\t\t\t\t<div class=\"elementor-widget-container\">\n\t\t\t\t\t\t\t\t\t\t\t\t\t\t\t<img fetchpriority=\"high\" decoding=\"async\" width=\"1024\" height=\"256\" src=\"https:\/\/blogsaverroes.juntadeandalucia.es\/iesazaharantas\/files\/2025\/06\/PortadaMatriculacion-1024x256.png\" class=\"attachment-large size-large wp-image-7553\" alt=\"\" srcset=\"https:\/\/blogsaverroes.juntadeandalucia.es\/iesazaharantas\/files\/2025\/06\/PortadaMatriculacion-1024x256.png 1024w, https:\/\/blogsaverroes.juntadeandalucia.es\/iesazaharantas\/files\/2025\/06\/PortadaMatriculacion-300x75.png 300w, https:\/\/blogsaverroes.juntadeandalucia.es\/iesazaharantas\/files\/2025\/06\/PortadaMatriculacion-150x38.png 150w, https:\/\/blogsaverroes.juntadeandalucia.es\/iesazaharantas\/files\/2025\/06\/PortadaMatriculacion-768x192.png 768w, https:\/\/blogsaverroes.juntadeandalucia.es\/iesazaharantas\/files\/2025\/06\/PortadaMatriculacion.png 1200w\" sizes=\"(max-width: 1024px) 100vw, 1024px\" \/>\t\t\t\t\t\t\t\t\t\t\t\t\t\t\t<\/div>\n\t\t\t\t<\/div>\n\t\t\t\t\t<\/div>\n\t\t<\/div>\n\t\t\t\t\t<\/div>\n\t\t<\/section>\n\t\t\t\t<section class=\"elementor-section elementor-top-section elementor-element elementor-element-2d5d55b elementor-section-boxed elementor-section-height-default elementor-section-height-default\" data-id=\"2d5d55b\" data-element_type=\"section\">\n\t\t\t\t\t\t<div class=\"elementor-container elementor-column-gap-default\">\n\t\t\t\t\t<div class=\"elementor-column elementor-col-100 elementor-top-column elementor-element elementor-element-f4ba909\" data-id=\"f4ba909\" data-element_type=\"column\">\n\t\t\t<div class=\"elementor-widget-wrap elementor-element-populated\">\n\t\t\t\t\t\t<div class=\"elementor-element elementor-element-8581bcb elementor-widget elementor-widget-text-editor\" data-id=\"8581bcb\" data-element_type=\"widget\" data-widget_type=\"text-editor.default\">\n\t\t\t\t<div class=\"elementor-widget-container\">\n\t\t\t\t\t\t\t\t\t<p>El plazo de matriculaci\u00f3n para todo el alumnado comienza el <u>d\u00eda\u00a0<strong>01 de julio hasta el 10 de julio<\/strong><\/u>, ambos inclusive.<\/p><p style=\"text-align: justify\">Al mismo tiempo, las familias podr\u00e1n solicitar, dentro de este plazo, los\u00a0<strong><u>Servicios complementarios de Transporte (seleccionando la parada correspondiente que tiene asignado\/a)<\/u><\/strong>,\u00a0y\u00a0por el mismo procedimiento que la matr\u00edcula.<\/p>\t\t\t\t\t\t\t\t<\/div>\n\t\t\t\t<\/div>\n\t\t\t\t\t<\/div>\n\t\t<\/div>\n\t\t\t\t\t<\/div>\n\t\t<\/section>\n\t\t\t\t<section class=\"elementor-section elementor-top-section elementor-element elementor-element-44844d3 elementor-section-boxed elementor-section-height-default elementor-section-height-default\" data-id=\"44844d3\" data-element_type=\"section\">\n\t\t\t\t\t\t<div class=\"elementor-container elementor-column-gap-default\">\n\t\t\t\t\t<div class=\"elementor-column elementor-col-100 elementor-top-column elementor-element elementor-element-6f1fcd3\" data-id=\"6f1fcd3\" data-element_type=\"column\">\n\t\t\t<div class=\"elementor-widget-wrap elementor-element-populated\">\n\t\t\t\t\t\t<div class=\"elementor-element elementor-element-8f7b699 elementor-widget elementor-widget-text-editor\" data-id=\"8f7b699\" data-element_type=\"widget\" data-widget_type=\"text-editor.default\">\n\t\t\t\t<div class=\"elementor-widget-container\">\n\t\t\t\t\t\t\t\t\t<div class=\"normativaDetail__Banner pb-2\" style=\"text-align: justify\"><div class=\"normativaDetail__Banner pb-2\"><span style=\"color: #008000\"><strong>Instrucciones de 25 de Junio de 2024, de la Direcci\u00f3n General de Planificaci\u00f3n, Centros y Ense\u00f1anza Concertada, sobre la matriculaci\u00f3n del alumnado en Educaci\u00f3n Secundaria Obligatoria y Bachillerato en los centros docentes p\u00fablicos y privados concertados para el curso escolar 2024\/2025<\/strong><\/span><\/div><\/div>\t\t\t\t\t\t\t\t<\/div>\n\t\t\t\t<\/div>\n\t\t\t\t\t<\/div>\n\t\t<\/div>\n\t\t\t\t\t<\/div>\n\t\t<\/section>\n\t\t\t\t<section class=\"elementor-section elementor-top-section elementor-element elementor-element-498c935 elementor-section-boxed elementor-section-height-default elementor-section-height-default\" data-id=\"498c935\" data-element_type=\"section\">\n\t\t\t\t\t\t<div class=\"elementor-container elementor-column-gap-default\">\n\t\t\t\t\t<div class=\"elementor-column elementor-col-50 elementor-top-column elementor-element elementor-element-8eb2670\" data-id=\"8eb2670\" data-element_type=\"column\">\n\t\t\t<div class=\"elementor-widget-wrap elementor-element-populated\">\n\t\t\t\t\t\t<div class=\"elementor-element elementor-element-7280396 elementor-widget elementor-widget-text-editor\" data-id=\"7280396\" data-element_type=\"widget\" data-widget_type=\"text-editor.default\">\n\t\t\t\t<div class=\"elementor-widget-container\">\n\t\t\t\t\t\t\t\t\t<p style=\"text-align: justify\">La matr\u00edcula se realizar\u00e1 preferentemente de forma telem\u00e1tica, a trav\u00e9s del formulario habilitado en la Secretar\u00eda Virtual de los centros educativos del portal de la Consejer\u00eda de Educaci\u00f3n y Deporte, en el siguiente enlace: (<a title=\"Secretar\u00eda Virtual\" href=\"https:\/\/www.juntadeandalucia.es\/educacion\/secretariavirtual\/\" target=\"_blank\" rel=\"noopener\">Secretar\u00eda Virtual<\/a>)<\/p>\t\t\t\t\t\t\t\t<\/div>\n\t\t\t\t<\/div>\n\t\t\t\t\t<\/div>\n\t\t<\/div>\n\t\t\t\t<div class=\"elementor-column elementor-col-50 elementor-top-column elementor-element elementor-element-4494f0b\" data-id=\"4494f0b\" data-element_type=\"column\">\n\t\t\t<div class=\"elementor-widget-wrap elementor-element-populated\">\n\t\t\t\t\t\t<div class=\"elementor-element elementor-element-9fc52cf elementor-widget elementor-widget-image\" data-id=\"9fc52cf\" data-element_type=\"widget\" data-widget_type=\"image.default\">\n\t\t\t\t<div class=\"elementor-widget-container\">\n\t\t\t\t\t\t\t\t\t\t\t\t\t\t\t\t<a href=\"https:\/\/www.juntadeandalucia.es\/educacion\/secretariavirtual\/accesoTramite\/413\/\" target=\"_blank\">\n\t\t\t\t\t\t\t<img decoding=\"async\" width=\"1024\" height=\"228\" src=\"https:\/\/blogsaverroes.juntadeandalucia.es\/iesazaharantas\/files\/2020\/05\/Captura-de-pantalla-2020-05-07-a-las-9.15.13-1024x228.png\" class=\"attachment-large size-large wp-image-3775\" alt=\"\" srcset=\"https:\/\/blogsaverroes.juntadeandalucia.es\/iesazaharantas\/files\/2020\/05\/Captura-de-pantalla-2020-05-07-a-las-9.15.13-1024x228.png 1024w, https:\/\/blogsaverroes.juntadeandalucia.es\/iesazaharantas\/files\/2020\/05\/Captura-de-pantalla-2020-05-07-a-las-9.15.13-300x67.png 300w, https:\/\/blogsaverroes.juntadeandalucia.es\/iesazaharantas\/files\/2020\/05\/Captura-de-pantalla-2020-05-07-a-las-9.15.13-768x171.png 768w, https:\/\/blogsaverroes.juntadeandalucia.es\/iesazaharantas\/files\/2020\/05\/Captura-de-pantalla-2020-05-07-a-las-9.15.13-24x5.png 24w, https:\/\/blogsaverroes.juntadeandalucia.es\/iesazaharantas\/files\/2020\/05\/Captura-de-pantalla-2020-05-07-a-las-9.15.13-36x8.png 36w, https:\/\/blogsaverroes.juntadeandalucia.es\/iesazaharantas\/files\/2020\/05\/Captura-de-pantalla-2020-05-07-a-las-9.15.13-48x11.png 48w, https:\/\/blogsaverroes.juntadeandalucia.es\/iesazaharantas\/files\/2020\/05\/Captura-de-pantalla-2020-05-07-a-las-9.15.13.png 1368w\" sizes=\"(max-width: 1024px) 100vw, 1024px\" \/>\t\t\t\t\t\t\t\t<\/a>\n\t\t\t\t\t\t\t\t\t\t\t\t\t\t\t<\/div>\n\t\t\t\t<\/div>\n\t\t\t\t\t<\/div>\n\t\t<\/div>\n\t\t\t\t\t<\/div>\n\t\t<\/section>\n\t\t\t\t<section class=\"elementor-section elementor-top-section elementor-element elementor-element-15bb9c6 elementor-section-boxed elementor-section-height-default elementor-section-height-default\" data-id=\"15bb9c6\" data-element_type=\"section\">\n\t\t\t\t\t\t<div class=\"elementor-container elementor-column-gap-default\">\n\t\t\t\t\t<div class=\"elementor-column elementor-col-50 elementor-top-column elementor-element elementor-element-fbf4412\" data-id=\"fbf4412\" data-element_type=\"column\">\n\t\t\t<div class=\"elementor-widget-wrap elementor-element-populated\">\n\t\t\t\t\t\t<div class=\"elementor-element elementor-element-eb901e4 elementor-widget elementor-widget-text-editor\" data-id=\"eb901e4\" data-element_type=\"widget\" data-widget_type=\"text-editor.default\">\n\t\t\t\t<div class=\"elementor-widget-container\">\n\t\t\t\t\t\t\t\t\t<p style=\"text-align: justify\">Para ello, deber\u00e1n utilizar el n\u00famero del Identificador Andaluz Educativo (<span style=\"color: #008000\"><strong>iANDE<\/strong><\/span>), una clave que les permitir\u00e1 autentificarse en la Secretar\u00eda Virtual, enviado por iPasen.<\/p>\t\t\t\t\t\t\t\t<\/div>\n\t\t\t\t<\/div>\n\t\t\t\t<div class=\"elementor-element elementor-element-ee7eea3 elementor-widget elementor-widget-image\" data-id=\"ee7eea3\" data-element_type=\"widget\" data-widget_type=\"image.default\">\n\t\t\t\t<div class=\"elementor-widget-container\">\n\t\t\t\t\t\t\t\t\t\t\t\t\t\t\t\t<a href=\"https:\/\/youtu.be\/88aluG2KUyc\" target=\"_blank\">\n\t\t\t\t\t\t\t<img decoding=\"async\" width=\"632\" height=\"205\" src=\"https:\/\/blogsaverroes.juntadeandalucia.es\/iesazaharantas\/files\/2020\/06\/3_iANDE.png\" class=\"attachment-large size-large wp-image-4340\" alt=\"\" srcset=\"https:\/\/blogsaverroes.juntadeandalucia.es\/iesazaharantas\/files\/2020\/06\/3_iANDE.png 632w, https:\/\/blogsaverroes.juntadeandalucia.es\/iesazaharantas\/files\/2020\/06\/3_iANDE-150x49.png 150w, https:\/\/blogsaverroes.juntadeandalucia.es\/iesazaharantas\/files\/2020\/06\/3_iANDE-300x97.png 300w, https:\/\/blogsaverroes.juntadeandalucia.es\/iesazaharantas\/files\/2020\/06\/3_iANDE-24x8.png 24w, https:\/\/blogsaverroes.juntadeandalucia.es\/iesazaharantas\/files\/2020\/06\/3_iANDE-36x12.png 36w, https:\/\/blogsaverroes.juntadeandalucia.es\/iesazaharantas\/files\/2020\/06\/3_iANDE-48x16.png 48w\" sizes=\"(max-width: 632px) 100vw, 632px\" \/>\t\t\t\t\t\t\t\t<\/a>\n\t\t\t\t\t\t\t\t\t\t\t\t\t\t\t<\/div>\n\t\t\t\t<\/div>\n\t\t\t\t\t<\/div>\n\t\t<\/div>\n\t\t\t\t<div class=\"elementor-column elementor-col-50 elementor-top-column elementor-element elementor-element-dba60ff\" data-id=\"dba60ff\" data-element_type=\"column\">\n\t\t\t<div class=\"elementor-widget-wrap elementor-element-populated\">\n\t\t\t\t\t\t<div class=\"elementor-element elementor-element-55d4d14 elementor-widget elementor-widget-video\" data-id=\"55d4d14\" data-element_type=\"widget\" data-settings=\"{&quot;youtube_url&quot;:&quot;https:\\\/\\\/youtu.be\\\/R34rqwZV1Ls&quot;,&quot;video_type&quot;:&quot;youtube&quot;,&quot;controls&quot;:&quot;yes&quot;}\" data-widget_type=\"video.default\">\n\t\t\t\t<div class=\"elementor-widget-container\">\n\t\t\t\t\t\t\t<div class=\"elementor-wrapper elementor-open-inline\">\n\t\t\t<div class=\"elementor-video\"><\/div>\t\t<\/div>\n\t\t\t\t\t\t<\/div>\n\t\t\t\t<\/div>\n\t\t\t\t\t<\/div>\n\t\t<\/div>\n\t\t\t\t\t<\/div>\n\t\t<\/section>\n\t\t\t\t<section class=\"elementor-section elementor-top-section elementor-element elementor-element-112482e elementor-section-boxed elementor-section-height-default elementor-section-height-default\" data-id=\"112482e\" data-element_type=\"section\">\n\t\t\t\t\t\t<div class=\"elementor-container elementor-column-gap-default\">\n\t\t\t\t\t<div class=\"elementor-column elementor-col-100 elementor-top-column elementor-element elementor-element-7b97d9c\" data-id=\"7b97d9c\" data-element_type=\"column\">\n\t\t\t<div class=\"elementor-widget-wrap elementor-element-populated\">\n\t\t\t\t\t\t<div class=\"elementor-element elementor-element-5e8986c elementor-widget elementor-widget-heading\" data-id=\"5e8986c\" data-element_type=\"widget\" data-widget_type=\"heading.default\">\n\t\t\t\t<div class=\"elementor-widget-container\">\n\t\t\t\t\t<h3 class=\"elementor-heading-title elementor-size-default\"><a href=\"https:\/\/www.juntadeandalucia.es\/educacion\/portales\/web\/escolarizacion\/infantil-a-bachillerato\/preguntas-frecuentes\" target=\"_blank\">Consulta para dudas sobre el proceso de Matriculaci\u00f3n 2.025\/26<\/a><\/h3>\t\t\t\t<\/div>\n\t\t\t\t<\/div>\n\t\t\t\t\t<\/div>\n\t\t<\/div>\n\t\t\t\t\t<\/div>\n\t\t<\/section>\n\t\t\t\t<section class=\"elementor-section elementor-top-section elementor-element elementor-element-ba451ea elementor-section-boxed elementor-section-height-default elementor-section-height-default\" data-id=\"ba451ea\" data-element_type=\"section\">\n\t\t\t\t\t\t<div class=\"elementor-container elementor-column-gap-default\">\n\t\t\t\t\t<div class=\"elementor-column elementor-col-50 elementor-top-column elementor-element elementor-element-5030b4e\" data-id=\"5030b4e\" data-element_type=\"column\">\n\t\t\t<div class=\"elementor-widget-wrap elementor-element-populated\">\n\t\t\t\t\t\t<div class=\"elementor-element elementor-element-2fa3d0b elementor-shape-circle elementor-grid-0 e-grid-align-center elementor-widget elementor-widget-social-icons\" data-id=\"2fa3d0b\" data-element_type=\"widget\" data-widget_type=\"social-icons.default\">\n\t\t\t\t<div class=\"elementor-widget-container\">\n\t\t\t\t\t\t\t<div class=\"elementor-social-icons-wrapper elementor-grid\">\n\t\t\t\t\t\t\t<span class=\"elementor-grid-item\">\n\t\t\t\t\t<a class=\"elementor-icon elementor-social-icon elementor-social-icon-envelope elementor-repeater-item-646c44a\" target=\"_blank\">\n\t\t\t\t\t\t<span class=\"elementor-screen-only\">Envelope<\/span>\n\t\t\t\t\t\t<i class=\"fas fa-envelope\"><\/i>\t\t\t\t\t<\/a>\n\t\t\t\t<\/span>\n\t\t\t\t\t<\/div>\n\t\t\t\t\t\t<\/div>\n\t\t\t\t<\/div>\n\t\t\t\t\t<\/div>\n\t\t<\/div>\n\t\t\t\t<div class=\"elementor-column elementor-col-50 elementor-top-column elementor-element elementor-element-904fd44\" data-id=\"904fd44\" data-element_type=\"column\">\n\t\t\t<div class=\"elementor-widget-wrap elementor-element-populated\">\n\t\t\t\t\t\t<div class=\"elementor-element elementor-element-9cb9e30 elementor-widget elementor-widget-text-editor\" data-id=\"9cb9e30\" data-element_type=\"widget\" data-widget_type=\"text-editor.default\">\n\t\t\t\t<div class=\"elementor-widget-container\">\n\t\t\t\t\t\t\t\t\t<h4><strong>04000766.matriculacion@g.educaand.es<\/strong><\/h4>\t\t\t\t\t\t\t\t<\/div>\n\t\t\t\t<\/div>\n\t\t\t\t\t<\/div>\n\t\t<\/div>\n\t\t\t\t\t<\/div>\n\t\t<\/section>\n\t\t\t\t<section class=\"elementor-section elementor-top-section elementor-element elementor-element-57430aa elementor-section-boxed elementor-section-height-default elementor-section-height-default\" data-id=\"57430aa\" data-element_type=\"section\">\n\t\t\t\t\t\t<div class=\"elementor-container elementor-column-gap-default\">\n\t\t\t\t\t<div class=\"elementor-column elementor-col-100 elementor-top-column elementor-element elementor-element-edc43c1\" data-id=\"edc43c1\" data-element_type=\"column\">\n\t\t\t<div class=\"elementor-widget-wrap elementor-element-populated\">\n\t\t\t\t\t\t<div class=\"elementor-element elementor-element-6cead9d elementor-widget elementor-widget-heading\" data-id=\"6cead9d\" data-element_type=\"widget\" data-widget_type=\"heading.default\">\n\t\t\t\t<div class=\"elementor-widget-container\">\n\t\t\t\t\t<h3 class=\"elementor-heading-title elementor-size-default\">Apertura procedimiento Sobre de Matr\u00edcula de Secundaria<\/h3>\t\t\t\t<\/div>\n\t\t\t\t<\/div>\n\t\t\t\t\t<\/div>\n\t\t<\/div>\n\t\t\t\t\t<\/div>\n\t\t<\/section>\n\t\t\t\t<section class=\"elementor-section elementor-top-section elementor-element elementor-element-e1add67 elementor-section-boxed elementor-section-height-default elementor-section-height-default\" data-id=\"e1add67\" data-element_type=\"section\">\n\t\t\t\t\t\t<div class=\"elementor-container elementor-column-gap-default\">\n\t\t\t\t\t<div class=\"elementor-column elementor-col-50 elementor-top-column elementor-element elementor-element-e9e6aee\" data-id=\"e9e6aee\" data-element_type=\"column\">\n\t\t\t<div class=\"elementor-widget-wrap elementor-element-populated\">\n\t\t\t\t\t\t<div class=\"elementor-element elementor-element-e7257f6 elementor-widget elementor-widget-text-editor\" data-id=\"e7257f6\" data-element_type=\"widget\" data-widget_type=\"text-editor.default\">\n\t\t\t\t<div class=\"elementor-widget-container\">\n\t\t\t\t\t\t\t\t\t<p style=\"text-align: justify\">Comienzo del Sobre de Matr\u00edcula Secundaria desde el <strong>01 de julio hasta el 10 de julio<\/strong> (ambos inclusives). Pod\u00e9is acceder a trav\u00e9s del siguiente enlace<\/p>\t\t\t\t\t\t\t\t<\/div>\n\t\t\t\t<\/div>\n\t\t\t\t\t<\/div>\n\t\t<\/div>\n\t\t\t\t<div class=\"elementor-column elementor-col-50 elementor-top-column elementor-element elementor-element-c08d658\" data-id=\"c08d658\" data-element_type=\"column\">\n\t\t\t<div class=\"elementor-widget-wrap elementor-element-populated\">\n\t\t\t\t\t\t<div class=\"elementor-element elementor-element-630c555 elementor-widget elementor-widget-image\" data-id=\"630c555\" data-element_type=\"widget\" data-widget_type=\"image.default\">\n\t\t\t\t<div class=\"elementor-widget-container\">\n\t\t\t\t\t\t\t\t\t\t\t\t\t\t\t\t<a href=\"https:\/\/www.juntadeandalucia.es\/educacion\/secretariavirtual\/accesoTramite\/413\/\" rel=\"nofollow\">\n\t\t\t\t\t\t\t<img decoding=\"async\" width=\"1024\" height=\"228\" src=\"https:\/\/blogsaverroes.juntadeandalucia.es\/iesazaharantas\/files\/2020\/05\/Captura-de-pantalla-2020-05-07-a-las-9.15.13-1024x228.png\" class=\"attachment-large size-large wp-image-3775\" alt=\"\" srcset=\"https:\/\/blogsaverroes.juntadeandalucia.es\/iesazaharantas\/files\/2020\/05\/Captura-de-pantalla-2020-05-07-a-las-9.15.13-1024x228.png 1024w, https:\/\/blogsaverroes.juntadeandalucia.es\/iesazaharantas\/files\/2020\/05\/Captura-de-pantalla-2020-05-07-a-las-9.15.13-300x67.png 300w, https:\/\/blogsaverroes.juntadeandalucia.es\/iesazaharantas\/files\/2020\/05\/Captura-de-pantalla-2020-05-07-a-las-9.15.13-768x171.png 768w, https:\/\/blogsaverroes.juntadeandalucia.es\/iesazaharantas\/files\/2020\/05\/Captura-de-pantalla-2020-05-07-a-las-9.15.13-24x5.png 24w, https:\/\/blogsaverroes.juntadeandalucia.es\/iesazaharantas\/files\/2020\/05\/Captura-de-pantalla-2020-05-07-a-las-9.15.13-36x8.png 36w, https:\/\/blogsaverroes.juntadeandalucia.es\/iesazaharantas\/files\/2020\/05\/Captura-de-pantalla-2020-05-07-a-las-9.15.13-48x11.png 48w, https:\/\/blogsaverroes.juntadeandalucia.es\/iesazaharantas\/files\/2020\/05\/Captura-de-pantalla-2020-05-07-a-las-9.15.13.png 1368w\" sizes=\"(max-width: 1024px) 100vw, 1024px\" \/>\t\t\t\t\t\t\t\t<\/a>\n\t\t\t\t\t\t\t\t\t\t\t\t\t\t\t<\/div>\n\t\t\t\t<\/div>\n\t\t\t\t\t<\/div>\n\t\t<\/div>\n\t\t\t\t\t<\/div>\n\t\t<\/section>\n\t\t\t\t<section class=\"elementor-section elementor-top-section elementor-element elementor-element-eb8fa50 elementor-section-boxed elementor-section-height-default elementor-section-height-default\" data-id=\"eb8fa50\" data-element_type=\"section\">\n\t\t\t\t\t\t<div class=\"elementor-container elementor-column-gap-default\">\n\t\t\t\t\t<div class=\"elementor-column elementor-col-100 elementor-top-column elementor-element elementor-element-96071bf\" data-id=\"96071bf\" data-element_type=\"column\">\n\t\t\t<div class=\"elementor-widget-wrap elementor-element-populated\">\n\t\t\t\t\t\t<div class=\"elementor-element elementor-element-2a2c229 elementor-widget elementor-widget-heading\" data-id=\"2a2c229\" data-element_type=\"widget\" data-widget_type=\"heading.default\">\n\t\t\t\t<div class=\"elementor-widget-container\">\n\t\t\t\t\t<h2 class=\"elementor-heading-title elementor-size-default\">Impresos de matr\u00edcula ESO (Presencial)<\/h2>\t\t\t\t<\/div>\n\t\t\t\t<\/div>\n\t\t\t\t\t<\/div>\n\t\t<\/div>\n\t\t\t\t\t<\/div>\n\t\t<\/section>\n\t\t\t\t<section class=\"elementor-section elementor-top-section elementor-element elementor-element-9684516 elementor-section-boxed elementor-section-height-default elementor-section-height-default\" data-id=\"9684516\" data-element_type=\"section\">\n\t\t\t\t\t\t<div class=\"elementor-container elementor-column-gap-default\">\n\t\t\t\t\t<div class=\"elementor-column elementor-col-50 elementor-top-column elementor-element elementor-element-81a74cf\" data-id=\"81a74cf\" data-element_type=\"column\">\n\t\t\t<div class=\"elementor-widget-wrap elementor-element-populated\">\n\t\t\t\t\t\t<div class=\"elementor-element elementor-element-4606cb1 elementor-widget elementor-widget-image\" data-id=\"4606cb1\" data-element_type=\"widget\" data-widget_type=\"image.default\">\n\t\t\t\t<div class=\"elementor-widget-container\">\n\t\t\t\t\t\t\t\t\t\t\t\t<figure class=\"wp-caption\">\n\t\t\t\t\t\t\t\t\t\t\t<a href=\"https:\/\/blogsaverroes.juntadeandalucia.es\/iesazaharantas\/files\/2024\/07\/Matriculacion_Anexo-VII.pdf\" target=\"_blank\">\n\t\t\t\t\t\t\t<img loading=\"lazy\" decoding=\"async\" width=\"212\" height=\"300\" src=\"https:\/\/blogsaverroes.juntadeandalucia.es\/iesazaharantas\/files\/2023\/06\/Matri\u0301cula-ESO.png\" class=\"attachment-large size-large wp-image-7219\" alt=\"\" srcset=\"https:\/\/blogsaverroes.juntadeandalucia.es\/iesazaharantas\/files\/2023\/06\/Matri\u0301cula-ESO.png 212w, https:\/\/blogsaverroes.juntadeandalucia.es\/iesazaharantas\/files\/2023\/06\/Matri\u0301cula-ESO-106x150.png 106w\" sizes=\"(max-width: 212px) 100vw, 212px\" \/>\t\t\t\t\t\t\t\t<\/a>\n\t\t\t\t\t\t\t\t\t\t\t<figcaption class=\"widget-image-caption wp-caption-text\"><\/figcaption>\n\t\t\t\t\t\t\t\t\t\t<\/figure>\n\t\t\t\t\t\t\t\t\t<\/div>\n\t\t\t\t<\/div>\n\t\t\t\t\t<\/div>\n\t\t<\/div>\n\t\t\t\t<div class=\"elementor-column elementor-col-50 elementor-top-column elementor-element elementor-element-a0cdb3a\" data-id=\"a0cdb3a\" data-element_type=\"column\">\n\t\t\t<div class=\"elementor-widget-wrap elementor-element-populated\">\n\t\t\t\t\t\t<div class=\"elementor-element elementor-element-eda21e3 elementor-widget elementor-widget-image\" data-id=\"eda21e3\" data-element_type=\"widget\" data-widget_type=\"image.default\">\n\t\t\t\t<div class=\"elementor-widget-container\">\n\t\t\t\t\t\t\t\t\t\t\t\t<figure class=\"wp-caption\">\n\t\t\t\t\t\t\t\t\t\t\t<a href=\"https:\/\/blogsaverroes.juntadeandalucia.es\/iesazaharantas\/files\/2023\/06\/AnexoReligion.pdf\" target=\"_blank\">\n\t\t\t\t\t\t\t<img loading=\"lazy\" decoding=\"async\" width=\"212\" height=\"300\" src=\"https:\/\/blogsaverroes.juntadeandalucia.es\/iesazaharantas\/files\/2023\/06\/Anexo-Religio\u0301n.png\" class=\"attachment-large size-large wp-image-7220\" alt=\"\" srcset=\"https:\/\/blogsaverroes.juntadeandalucia.es\/iesazaharantas\/files\/2023\/06\/Anexo-Religio\u0301n.png 212w, https:\/\/blogsaverroes.juntadeandalucia.es\/iesazaharantas\/files\/2023\/06\/Anexo-Religio\u0301n-106x150.png 106w\" sizes=\"(max-width: 212px) 100vw, 212px\" \/>\t\t\t\t\t\t\t\t<\/a>\n\t\t\t\t\t\t\t\t\t\t\t<figcaption class=\"widget-image-caption wp-caption-text\"><\/figcaption>\n\t\t\t\t\t\t\t\t\t\t<\/figure>\n\t\t\t\t\t\t\t\t\t<\/div>\n\t\t\t\t<\/div>\n\t\t\t\t\t<\/div>\n\t\t<\/div>\n\t\t\t\t\t<\/div>\n\t\t<\/section>\n\t\t\t\t<\/div>\n\t\t","protected":false},"excerpt":{"rendered":"<p>El plazo de matriculaci\u00f3n para todo el alumnado comienza el d\u00eda&nbsp;01 de julio hasta el 10 de julio, ambos inclusive. Al mismo tiempo, las familias podr\u00e1n solicitar, dentro de este plazo, los&nbsp;Servicios complementarios de&#46;&#46;&#46;<\/p>\n","protected":false},"author":6109,"featured_media":0,"parent":0,"menu_order":0,"comment_status":"closed","ping_status":"closed","template":"","meta":{"ngg_post_thumbnail":0,"footnotes":""},"aioseo_notices":[],"_links":{"self":[{"href":"https:\/\/blogsaverroes.juntadeandalucia.es\/iesazaharantas\/wp-json\/wp\/v2\/pages\/4300"}],"collection":[{"href":"https:\/\/blogsaverroes.juntadeandalucia.es\/iesazaharantas\/wp-json\/wp\/v2\/pages"}],"about":[{"href":"https:\/\/blogsaverroes.juntadeandalucia.es\/iesazaharantas\/wp-json\/wp\/v2\/types\/page"}],"author":[{"embeddable":true,"href":"https:\/\/blogsaverroes.juntadeandalucia.es\/iesazaharantas\/wp-json\/wp\/v2\/users\/6109"}],"replies":[{"embeddable":true,"href":"https:\/\/blogsaverroes.juntadeandalucia.es\/iesazaharantas\/wp-json\/wp\/v2\/comments?post=4300"}],"version-history":[{"count":112,"href":"https:\/\/blogsaverroes.juntadeandalucia.es\/iesazaharantas\/wp-json\/wp\/v2\/pages\/4300\/revisions"}],"predecessor-version":[{"id":7568,"href":"https:\/\/blogsaverroes.juntadeandalucia.es\/iesazaharantas\/wp-json\/wp\/v2\/pages\/4300\/revisions\/7568"}],"wp:attachment":[{"href":"https:\/\/blogsaverroes.juntadeandalucia.es\/iesazaharantas\/wp-json\/wp\/v2\/media?parent=4300"}],"curies":[{"name":"wp","href":"https:\/\/api.w.org\/{rel}","templated":true}]}}