{"id":4306,"date":"2020-05-29T15:09:34","date_gmt":"2020-05-29T15:09:34","guid":{"rendered":"https:\/\/blogsaverroes.juntadeandalucia.es\/iesazaharantas\/?page_id=4306"},"modified":"2020-08-27T09:53:19","modified_gmt":"2020-08-27T09:53:19","slug":"clave_iande","status":"publish","type":"page","link":"https:\/\/blogsaverroes.juntadeandalucia.es\/iesazaharantas\/clave_iande\/","title":{"rendered":"iANDe"},"content":{"rendered":"\t\t<div data-elementor-type=\"wp-post\" data-elementor-id=\"4306\" class=\"elementor elementor-4306\">\n\t\t\t\t\t\t<section class=\"elementor-section elementor-top-section elementor-element elementor-element-20f64a8 elementor-section-boxed elementor-section-height-default elementor-section-height-default\" data-id=\"20f64a8\" data-element_type=\"section\">\n\t\t\t\t\t\t<div class=\"elementor-container elementor-column-gap-default\">\n\t\t\t\t\t<div class=\"elementor-column elementor-col-50 elementor-top-column elementor-element elementor-element-fd7764b\" data-id=\"fd7764b\" data-element_type=\"column\">\n\t\t\t<div class=\"elementor-widget-wrap elementor-element-populated\">\n\t\t\t\t\t\t<div class=\"elementor-element elementor-element-c1b05e6 elementor-widget elementor-widget-image\" data-id=\"c1b05e6\" data-element_type=\"widget\" data-widget_type=\"image.default\">\n\t\t\t\t<div class=\"elementor-widget-container\">\n\t\t\t\t\t\t\t\t\t\t\t\t\t\t\t<img decoding=\"async\" src=\"https:\/\/blogsaverroes.juntadeandalucia.es\/iesazaharantas\/files\/2020\/05\/iANDE.png\" title=\"\" alt=\"\" loading=\"lazy\" \/>\t\t\t\t\t\t\t\t\t\t\t\t\t\t\t<\/div>\n\t\t\t\t<\/div>\n\t\t\t\t\t<\/div>\n\t\t<\/div>\n\t\t\t\t<div class=\"elementor-column elementor-col-50 elementor-top-column elementor-element elementor-element-9644ff1\" data-id=\"9644ff1\" data-element_type=\"column\">\n\t\t\t<div class=\"elementor-widget-wrap elementor-element-populated\">\n\t\t\t\t\t\t<div class=\"elementor-element elementor-element-05496ce elementor-widget elementor-widget-heading\" data-id=\"05496ce\" data-element_type=\"widget\" data-widget_type=\"heading.default\">\n\t\t\t\t<div class=\"elementor-widget-container\">\n\t\t\t\t\t<h2 class=\"elementor-heading-title elementor-size-medium\">\u00bfC\u00f3mo Solicitar iANDe en el caso que no lo hubiera recibido por iPASEN?<\/h2>\t\t\t\t<\/div>\n\t\t\t\t<\/div>\n\t\t\t\t\t<\/div>\n\t\t<\/div>\n\t\t\t\t\t<\/div>\n\t\t<\/section>\n\t\t\t\t<section class=\"elementor-section elementor-top-section elementor-element elementor-element-1f0ab5e elementor-section-boxed elementor-section-height-default elementor-section-height-default\" data-id=\"1f0ab5e\" data-element_type=\"section\">\n\t\t\t\t\t\t<div class=\"elementor-container elementor-column-gap-default\">\n\t\t\t\t\t<div class=\"elementor-column elementor-col-100 elementor-top-column elementor-element elementor-element-87d8933\" data-id=\"87d8933\" data-element_type=\"column\">\n\t\t\t<div class=\"elementor-widget-wrap elementor-element-populated\">\n\t\t\t\t\t\t<div class=\"elementor-element elementor-element-31d10c6 elementor-widget elementor-widget-heading\" data-id=\"31d10c6\" data-element_type=\"widget\" data-widget_type=\"heading.default\">\n\t\t\t\t<div class=\"elementor-widget-container\">\n\t\t\t\t\t<h2 class=\"elementor-heading-title elementor-size-default\">SOLICITUD clave iANDe<\/h2>\t\t\t\t<\/div>\n\t\t\t\t<\/div>\n\t\t\t\t\t<\/div>\n\t\t<\/div>\n\t\t\t\t\t<\/div>\n\t\t<\/section>\n\t\t\t\t<section class=\"elementor-section elementor-top-section elementor-element elementor-element-bbe9a2b elementor-section-boxed elementor-section-height-default elementor-section-height-default\" data-id=\"bbe9a2b\" data-element_type=\"section\">\n\t\t\t\t\t\t<div class=\"elementor-container elementor-column-gap-default\">\n\t\t\t\t\t<div class=\"elementor-column elementor-col-100 elementor-top-column elementor-element elementor-element-2105474\" data-id=\"2105474\" data-element_type=\"column\">\n\t\t\t<div class=\"elementor-widget-wrap elementor-element-populated\">\n\t\t\t\t\t\t<div class=\"elementor-element elementor-element-bdc71ef elementor-widget elementor-widget-text-editor\" data-id=\"bdc71ef\" data-element_type=\"widget\" data-widget_type=\"text-editor.default\">\n\t\t\t\t<div class=\"elementor-widget-container\">\n\t\t\t\t\t\t\t\t\t<p dir=\"ltr\" style=\"text-align: justify\">La Clave <strong>iANDE<\/strong> es un sistema de autenticaci\u00f3n desarrollado por la Consejer\u00eda de Educaci\u00f3n que te <span style=\"color: #008000\"><strong>permite realizar de forma telem\u00e1tica tr\u00e1mites de los centros educativos<\/strong><\/span>\u00a0 a trav\u00e9s del portal de la <strong>Secretar\u00eda Virtual de Centros<\/strong>.<\/p><p dir=\"ltr\" style=\"text-align: justify\">Para facilitar <strong>telem\u00e1ticamente<\/strong> los procedimientos relacionados con el centro (admisi\u00f3n, matriculaci\u00f3n y otros tr\u00e1mites) y as\u00ed evitar que las familias tengan que desplazarse a las instalaciones de los mismos, se ha habilitado el <strong>Identificador Andaluz Educativo<\/strong> (<span style=\"color: #008000\"><strong>iANDE<\/strong><\/span>), una clave que les permitir\u00e1 autenticarse en la <strong>Secretar\u00eda Virtual<\/strong> de forma \u00e1gil y r\u00e1pida.<\/p><p dir=\"ltr\" style=\"text-align: justify\">Adicionalmente a esto, tambi\u00e9n est\u00e1 disponible en la Secretar\u00eda Virtual un auto servicio de <span style=\"color: #008000\"><strong>iANDe<\/strong><\/span> para aquellas personas que <strong>no son alumnado de ning\u00fan centro de la Comunidad Aut\u00f3noma Andaluza<\/strong> y deseen realizar tr\u00e1mites de matriculaci\u00f3n en nuestro centro, deber\u00e1 solicitar Clave <span style=\"color: #008000\"><strong>iANDe<\/strong><\/span> a trav\u00e9s del siguiente enlace:<\/p>\t\t\t\t\t\t\t\t<\/div>\n\t\t\t\t<\/div>\n\t\t\t\t\t<\/div>\n\t\t<\/div>\n\t\t\t\t\t<\/div>\n\t\t<\/section>\n\t\t\t\t<section class=\"elementor-section elementor-top-section elementor-element elementor-element-63c7441 elementor-section-boxed elementor-section-height-default elementor-section-height-default\" data-id=\"63c7441\" data-element_type=\"section\">\n\t\t\t\t\t\t<div class=\"elementor-container elementor-column-gap-default\">\n\t\t\t\t\t<div class=\"elementor-column elementor-col-50 elementor-top-column elementor-element elementor-element-3e68b2a\" data-id=\"3e68b2a\" data-element_type=\"column\">\n\t\t\t<div class=\"elementor-widget-wrap elementor-element-populated\">\n\t\t\t\t\t\t<div class=\"elementor-element elementor-element-986d932 elementor-widget elementor-widget-image\" data-id=\"986d932\" data-element_type=\"widget\" data-widget_type=\"image.default\">\n\t\t\t\t<div class=\"elementor-widget-container\">\n\t\t\t\t\t\t\t\t\t\t\t\t\t\t\t\t<a href=\"https:\/\/www.juntadeandalucia.es\/educacion\/secretariavirtual\/autenticacion\/registroUsuarioIANDE\/\" target=\"_blank\">\n\t\t\t\t\t\t\t<img decoding=\"async\" src=\"https:\/\/blogsaverroes.juntadeandalucia.es\/iesazaharantas\/files\/2020\/05\/iANDE.png\" title=\"\" alt=\"\" loading=\"lazy\" \/>\t\t\t\t\t\t\t\t<\/a>\n\t\t\t\t\t\t\t\t\t\t\t\t\t\t\t<\/div>\n\t\t\t\t<\/div>\n\t\t\t\t\t<\/div>\n\t\t<\/div>\n\t\t\t\t<div class=\"elementor-column elementor-col-50 elementor-top-column elementor-element elementor-element-2ecb972\" data-id=\"2ecb972\" data-element_type=\"column\">\n\t\t\t<div class=\"elementor-widget-wrap elementor-element-populated\">\n\t\t\t\t\t\t<div class=\"elementor-element elementor-element-6a369df elementor-widget elementor-widget-heading\" data-id=\"6a369df\" data-element_type=\"widget\" data-widget_type=\"heading.default\">\n\t\t\t\t<div class=\"elementor-widget-container\">\n\t\t\t\t\t<h5 class=\"elementor-heading-title elementor-size-default\"><a href=\"https:\/\/www.juntadeandalucia.es\/educacion\/secretariavirtual\/autenticacion\/registroUsuarioIANDE\/\" target=\"_blank\">Registro de usuario en la Secretar\u00eda Virtual (Obtenci\u00f3n de la Clave iANDE)<\/a><\/h5>\t\t\t\t<\/div>\n\t\t\t\t<\/div>\n\t\t\t\t\t<\/div>\n\t\t<\/div>\n\t\t\t\t\t<\/div>\n\t\t<\/section>\n\t\t\t\t<section class=\"elementor-section elementor-top-section elementor-element elementor-element-c976ed3 elementor-section-boxed elementor-section-height-default elementor-section-height-default\" data-id=\"c976ed3\" data-element_type=\"section\">\n\t\t\t\t\t\t<div class=\"elementor-container elementor-column-gap-default\">\n\t\t\t\t\t<div class=\"elementor-column elementor-col-100 elementor-top-column elementor-element elementor-element-9578092\" data-id=\"9578092\" data-element_type=\"column\">\n\t\t\t<div class=\"elementor-widget-wrap elementor-element-populated\">\n\t\t\t\t\t\t<div class=\"elementor-element elementor-element-6f77d36 elementor-widget elementor-widget-video\" data-id=\"6f77d36\" data-element_type=\"widget\" data-settings=\"{&quot;youtube_url&quot;:&quot;https:\\\/\\\/youtu.be\\\/R34rqwZV1Ls&quot;,&quot;video_type&quot;:&quot;youtube&quot;,&quot;controls&quot;:&quot;yes&quot;}\" data-widget_type=\"video.default\">\n\t\t\t\t<div class=\"elementor-widget-container\">\n\t\t\t\t\t\t\t<div class=\"elementor-wrapper elementor-open-inline\">\n\t\t\t<div class=\"elementor-video\"><\/div>\t\t<\/div>\n\t\t\t\t\t\t<\/div>\n\t\t\t\t<\/div>\n\t\t\t\t\t<\/div>\n\t\t<\/div>\n\t\t\t\t\t<\/div>\n\t\t<\/section>\n\t\t\t\t<section class=\"elementor-section elementor-top-section elementor-element elementor-element-f29f691 elementor-section-boxed elementor-section-height-default elementor-section-height-default\" data-id=\"f29f691\" data-element_type=\"section\">\n\t\t\t\t\t\t<div class=\"elementor-container elementor-column-gap-default\">\n\t\t\t\t\t<div class=\"elementor-column elementor-col-50 elementor-top-column elementor-element elementor-element-0643538\" data-id=\"0643538\" data-element_type=\"column\">\n\t\t\t<div class=\"elementor-widget-wrap elementor-element-populated\">\n\t\t\t\t\t\t<div class=\"elementor-element elementor-element-a9e1083 elementor-widget elementor-widget-text-editor\" data-id=\"a9e1083\" data-element_type=\"widget\" data-widget_type=\"text-editor.default\">\n\t\t\t\t<div class=\"elementor-widget-container\">\n\t\t\t\t\t\t\t\t\t<p style=\"text-align: justify\">Las <strong>claves <span style=\"color: #008000\">iANDE<\/span><\/strong> se han difundido a las familias a trav\u00e9s de la app iPasen, en un mensaje anclado en la bandeja de entrada de <strong>Comunicaciones<\/strong>. En este mensaje los tutores legales tienen las claves <strong><span style=\"color: #008000\">iANDE<\/span><\/strong> de cada uno de sus hijos o hijas as\u00ed como para ellos mismos si fueran a su vez alumnos. <strong>Este mensaje permanece fijo y no se puede borrar.<\/strong><\/p>\t\t\t\t\t\t\t\t<\/div>\n\t\t\t\t<\/div>\n\t\t\t\t\t<\/div>\n\t\t<\/div>\n\t\t\t\t<div class=\"elementor-column elementor-col-50 elementor-top-column elementor-element elementor-element-4193f9c\" data-id=\"4193f9c\" data-element_type=\"column\">\n\t\t\t<div class=\"elementor-widget-wrap elementor-element-populated\">\n\t\t\t\t\t\t<div class=\"elementor-element elementor-element-47dd940 elementor-widget elementor-widget-image\" data-id=\"47dd940\" data-element_type=\"widget\" data-widget_type=\"image.default\">\n\t\t\t\t<div class=\"elementor-widget-container\">\n\t\t\t\t\t\t\t\t\t\t\t\t\t\t\t<img fetchpriority=\"high\" decoding=\"async\" width=\"999\" height=\"763\" src=\"https:\/\/blogsaverroes.juntadeandalucia.es\/iesazaharantas\/files\/2020\/05\/iANDE.jpg\" class=\"attachment-large size-large wp-image-3881\" alt=\"\" srcset=\"https:\/\/blogsaverroes.juntadeandalucia.es\/iesazaharantas\/files\/2020\/05\/iANDE.jpg 999w, https:\/\/blogsaverroes.juntadeandalucia.es\/iesazaharantas\/files\/2020\/05\/iANDE-300x229.jpg 300w, https:\/\/blogsaverroes.juntadeandalucia.es\/iesazaharantas\/files\/2020\/05\/iANDE-768x587.jpg 768w, https:\/\/blogsaverroes.juntadeandalucia.es\/iesazaharantas\/files\/2020\/05\/iANDE-24x18.jpg 24w, https:\/\/blogsaverroes.juntadeandalucia.es\/iesazaharantas\/files\/2020\/05\/iANDE-36x27.jpg 36w, https:\/\/blogsaverroes.juntadeandalucia.es\/iesazaharantas\/files\/2020\/05\/iANDE-48x37.jpg 48w\" sizes=\"(max-width: 999px) 100vw, 999px\" \/>\t\t\t\t\t\t\t\t\t\t\t\t\t\t\t<\/div>\n\t\t\t\t<\/div>\n\t\t\t\t\t<\/div>\n\t\t<\/div>\n\t\t\t\t\t<\/div>\n\t\t<\/section>\n\t\t\t\t<section class=\"elementor-section elementor-top-section elementor-element elementor-element-fe7809c elementor-section-boxed elementor-section-height-default elementor-section-height-default\" data-id=\"fe7809c\" data-element_type=\"section\">\n\t\t\t\t\t\t<div class=\"elementor-container elementor-column-gap-default\">\n\t\t\t\t\t<div class=\"elementor-column elementor-col-100 elementor-top-column elementor-element elementor-element-84c471d\" data-id=\"84c471d\" data-element_type=\"column\">\n\t\t\t<div class=\"elementor-widget-wrap elementor-element-populated\">\n\t\t\t\t\t\t<div class=\"elementor-element elementor-element-2e1e1a7 elementor-widget elementor-widget-text-editor\" data-id=\"2e1e1a7\" data-element_type=\"widget\" data-widget_type=\"text-editor.default\">\n\t\t\t\t<div class=\"elementor-widget-container\">\n\t\t\t\t\t\t\t\t\t<blockquote><p style=\"text-align: justify\">Deber\u00e1 anotarse (Fecha de nacimiento e <span style=\"color: #008000\"><strong>iANDe<\/strong><\/span>) y recordarlo para el posterior desarrollo del proceso administrativo que vaya a realizar, como por ejemplo la &#8220;Matriculaci\u00f3n del curso escolar 2.020 &#8211; 2.021&#8221;.<\/p><\/blockquote>\t\t\t\t\t\t\t\t<\/div>\n\t\t\t\t<\/div>\n\t\t\t\t\t<\/div>\n\t\t<\/div>\n\t\t\t\t\t<\/div>\n\t\t<\/section>\n\t\t\t\t<\/div>\n\t\t","protected":false},"excerpt":{"rendered":"<p>\u00bfC\u00f3mo Solicitar iANDe en el caso que no lo hubiera recibido por iPASEN? SOLICITUD clave iANDe La Clave iANDE es un sistema de autenticaci\u00f3n desarrollado por la Consejer\u00eda de Educaci\u00f3n que te permite realizar&#46;&#46;&#46;<\/p>\n","protected":false},"author":6109,"featured_media":0,"parent":0,"menu_order":0,"comment_status":"closed","ping_status":"closed","template":"","meta":{"ngg_post_thumbnail":0,"footnotes":""},"aioseo_notices":[],"_links":{"self":[{"href":"https:\/\/blogsaverroes.juntadeandalucia.es\/iesazaharantas\/wp-json\/wp\/v2\/pages\/4306"}],"collection":[{"href":"https:\/\/blogsaverroes.juntadeandalucia.es\/iesazaharantas\/wp-json\/wp\/v2\/pages"}],"about":[{"href":"https:\/\/blogsaverroes.juntadeandalucia.es\/iesazaharantas\/wp-json\/wp\/v2\/types\/page"}],"author":[{"embeddable":true,"href":"https:\/\/blogsaverroes.juntadeandalucia.es\/iesazaharantas\/wp-json\/wp\/v2\/users\/6109"}],"replies":[{"embeddable":true,"href":"https:\/\/blogsaverroes.juntadeandalucia.es\/iesazaharantas\/wp-json\/wp\/v2\/comments?post=4306"}],"version-history":[{"count":15,"href":"https:\/\/blogsaverroes.juntadeandalucia.es\/iesazaharantas\/wp-json\/wp\/v2\/pages\/4306\/revisions"}],"predecessor-version":[{"id":4547,"href":"https:\/\/blogsaverroes.juntadeandalucia.es\/iesazaharantas\/wp-json\/wp\/v2\/pages\/4306\/revisions\/4547"}],"wp:attachment":[{"href":"https:\/\/blogsaverroes.juntadeandalucia.es\/iesazaharantas\/wp-json\/wp\/v2\/media?parent=4306"}],"curies":[{"name":"wp","href":"https:\/\/api.w.org\/{rel}","templated":true}]}}