{"id":49,"date":"2015-03-13T08:47:05","date_gmt":"2015-03-13T08:47:05","guid":{"rendered":"http:\/\/blogsaverroes.juntadeandalucia.es\/pre\/ceip\/?page_id=49"},"modified":"2025-12-09T12:36:34","modified_gmt":"2025-12-09T12:36:34","slug":"plancentro_protocolos","status":"publish","type":"page","link":"https:\/\/blogsaverroes.juntadeandalucia.es\/iesazaharantas\/centro\/plancentro_protocolos\/","title":{"rendered":"Plan de Centro y Protocolos de Actuaci\u00f3n:"},"content":{"rendered":"\t\t<div data-elementor-type=\"wp-post\" data-elementor-id=\"49\" class=\"elementor elementor-49\">\n\t\t\t\t\t\t<section class=\"elementor-section elementor-top-section elementor-element elementor-element-65b3199 elementor-section-boxed elementor-section-height-default elementor-section-height-default\" data-id=\"65b3199\" data-element_type=\"section\" data-settings=\"{&quot;background_background&quot;:&quot;classic&quot;}\">\n\t\t\t\t\t\t<div class=\"elementor-container elementor-column-gap-default\">\n\t\t\t\t\t<div class=\"elementor-column elementor-col-100 elementor-top-column elementor-element elementor-element-2d72375\" data-id=\"2d72375\" data-element_type=\"column\">\n\t\t\t<div class=\"elementor-widget-wrap elementor-element-populated\">\n\t\t\t\t\t\t<div class=\"elementor-element elementor-element-503c35b elementor-widget elementor-widget-heading\" data-id=\"503c35b\" data-element_type=\"widget\" data-widget_type=\"heading.default\">\n\t\t\t\t<div class=\"elementor-widget-container\">\n\t\t\t\t\t<h2 class=\"elementor-heading-title elementor-size-large\">Protocolos y planes de Actuaci\u00f3n<\/h2>\t\t\t\t<\/div>\n\t\t\t\t<\/div>\n\t\t\t\t\t<\/div>\n\t\t<\/div>\n\t\t\t\t\t<\/div>\n\t\t<\/section>\n\t\t\t\t<section class=\"elementor-section elementor-top-section elementor-element elementor-element-2222b80 elementor-section-boxed elementor-section-height-default elementor-section-height-default\" data-id=\"2222b80\" data-element_type=\"section\">\n\t\t\t\t\t\t<div class=\"elementor-container elementor-column-gap-default\">\n\t\t\t\t\t<div class=\"elementor-column elementor-col-33 elementor-top-column elementor-element elementor-element-e7e8513\" data-id=\"e7e8513\" data-element_type=\"column\">\n\t\t\t<div class=\"elementor-widget-wrap elementor-element-populated\">\n\t\t\t\t\t\t\t<\/div>\n\t\t<\/div>\n\t\t\t\t<div class=\"elementor-column elementor-col-33 elementor-top-column elementor-element elementor-element-b2968db\" data-id=\"b2968db\" data-element_type=\"column\">\n\t\t\t<div class=\"elementor-widget-wrap elementor-element-populated\">\n\t\t\t\t\t\t<div class=\"elementor-element elementor-element-239414d elementor-widget elementor-widget-image\" data-id=\"239414d\" data-element_type=\"widget\" data-widget_type=\"image.default\">\n\t\t\t\t<div class=\"elementor-widget-container\">\n\t\t\t\t\t\t\t\t\t\t\t\t\t\t\t\t<a href=\"https:\/\/blogsaverroes.juntadeandalucia.es\/iesazaharantas\/files\/2022\/11\/PlanActuacionDigital2223.pdf\" target=\"_blank\">\n\t\t\t\t\t\t\t<img fetchpriority=\"high\" decoding=\"async\" width=\"719\" height=\"1024\" src=\"https:\/\/blogsaverroes.juntadeandalucia.es\/iesazaharantas\/files\/2022\/11\/Captura-de-pantalla-2022-11-17-a-las-19.23.06-719x1024.png\" class=\"attachment-large size-large wp-image-6512\" alt=\"\" srcset=\"https:\/\/blogsaverroes.juntadeandalucia.es\/iesazaharantas\/files\/2022\/11\/Captura-de-pantalla-2022-11-17-a-las-19.23.06-719x1024.png 719w, https:\/\/blogsaverroes.juntadeandalucia.es\/iesazaharantas\/files\/2022\/11\/Captura-de-pantalla-2022-11-17-a-las-19.23.06-211x300.png 211w, https:\/\/blogsaverroes.juntadeandalucia.es\/iesazaharantas\/files\/2022\/11\/Captura-de-pantalla-2022-11-17-a-las-19.23.06-105x150.png 105w, https:\/\/blogsaverroes.juntadeandalucia.es\/iesazaharantas\/files\/2022\/11\/Captura-de-pantalla-2022-11-17-a-las-19.23.06-768x1094.png 768w, https:\/\/blogsaverroes.juntadeandalucia.es\/iesazaharantas\/files\/2022\/11\/Captura-de-pantalla-2022-11-17-a-las-19.23.06-1078x1536.png 1078w, https:\/\/blogsaverroes.juntadeandalucia.es\/iesazaharantas\/files\/2022\/11\/Captura-de-pantalla-2022-11-17-a-las-19.23.06-1438x2048.png 1438w, https:\/\/blogsaverroes.juntadeandalucia.es\/iesazaharantas\/files\/2022\/11\/Captura-de-pantalla-2022-11-17-a-las-19.23.06.png 1452w\" sizes=\"(max-width: 719px) 100vw, 719px\" \/>\t\t\t\t\t\t\t\t<\/a>\n\t\t\t\t\t\t\t\t\t\t\t\t\t\t\t<\/div>\n\t\t\t\t<\/div>\n\t\t\t\t\t<\/div>\n\t\t<\/div>\n\t\t\t\t<div class=\"elementor-column elementor-col-33 elementor-top-column elementor-element elementor-element-9305822\" data-id=\"9305822\" data-element_type=\"column\">\n\t\t\t<div class=\"elementor-widget-wrap elementor-element-populated\">\n\t\t\t\t\t\t<div class=\"elementor-element elementor-element-01f9728 elementor-widget elementor-widget-image\" data-id=\"01f9728\" data-element_type=\"widget\" data-widget_type=\"image.default\">\n\t\t\t\t<div class=\"elementor-widget-container\">\n\t\t\t\t\t\t\t\t\t\t\t\t\t\t\t\t<a href=\"https:\/\/blogsaverroes.juntadeandalucia.es\/iesazaharantas\/files\/2020\/08\/ProtocoloPruebasSeptiembre.pdf\" target=\"_blank\">\n\t\t\t\t\t\t\t<img decoding=\"async\" width=\"643\" height=\"1024\" src=\"https:\/\/blogsaverroes.juntadeandalucia.es\/iesazaharantas\/files\/2022\/11\/Captura-de-pantalla-2022-11-17-a-las-19.18.52-643x1024.png\" class=\"attachment-large size-large wp-image-6513\" alt=\"\" srcset=\"https:\/\/blogsaverroes.juntadeandalucia.es\/iesazaharantas\/files\/2022\/11\/Captura-de-pantalla-2022-11-17-a-las-19.18.52-643x1024.png 643w, https:\/\/blogsaverroes.juntadeandalucia.es\/iesazaharantas\/files\/2022\/11\/Captura-de-pantalla-2022-11-17-a-las-19.18.52-188x300.png 188w, https:\/\/blogsaverroes.juntadeandalucia.es\/iesazaharantas\/files\/2022\/11\/Captura-de-pantalla-2022-11-17-a-las-19.18.52-94x150.png 94w, https:\/\/blogsaverroes.juntadeandalucia.es\/iesazaharantas\/files\/2022\/11\/Captura-de-pantalla-2022-11-17-a-las-19.18.52-768x1223.png 768w, https:\/\/blogsaverroes.juntadeandalucia.es\/iesazaharantas\/files\/2022\/11\/Captura-de-pantalla-2022-11-17-a-las-19.18.52-965x1536.png 965w, https:\/\/blogsaverroes.juntadeandalucia.es\/iesazaharantas\/files\/2022\/11\/Captura-de-pantalla-2022-11-17-a-las-19.18.52.png 1236w\" sizes=\"(max-width: 643px) 100vw, 643px\" \/>\t\t\t\t\t\t\t\t<\/a>\n\t\t\t\t\t\t\t\t\t\t\t\t\t\t\t<\/div>\n\t\t\t\t<\/div>\n\t\t\t\t\t<\/div>\n\t\t<\/div>\n\t\t\t\t\t<\/div>\n\t\t<\/section>\n\t\t\t\t<section class=\"elementor-section elementor-top-section elementor-element elementor-element-a50d876 elementor-section-boxed elementor-section-height-default elementor-section-height-default\" data-id=\"a50d876\" data-element_type=\"section\">\n\t\t\t\t\t\t<div class=\"elementor-container elementor-column-gap-default\">\n\t\t\t\t\t<div class=\"elementor-column elementor-col-100 elementor-top-column elementor-element elementor-element-a9c5474\" data-id=\"a9c5474\" data-element_type=\"column\">\n\t\t\t<div class=\"elementor-widget-wrap\">\n\t\t\t\t\t\t\t<\/div>\n\t\t<\/div>\n\t\t\t\t\t<\/div>\n\t\t<\/section>\n\t\t\t\t<section class=\"elementor-section elementor-top-section elementor-element elementor-element-3d01445 elementor-section-boxed elementor-section-height-default elementor-section-height-default\" data-id=\"3d01445\" data-element_type=\"section\" data-settings=\"{&quot;background_background&quot;:&quot;classic&quot;}\">\n\t\t\t\t\t\t<div class=\"elementor-container elementor-column-gap-default\">\n\t\t\t\t\t<div class=\"elementor-column elementor-col-100 elementor-top-column elementor-element elementor-element-e7f96fc\" data-id=\"e7f96fc\" data-element_type=\"column\">\n\t\t\t<div class=\"elementor-widget-wrap elementor-element-populated\">\n\t\t\t\t\t\t<div class=\"elementor-element elementor-element-8f3f6bc elementor-widget elementor-widget-heading\" data-id=\"8f3f6bc\" data-element_type=\"widget\" data-widget_type=\"heading.default\">\n\t\t\t\t<div class=\"elementor-widget-container\">\n\t\t\t\t\t<h2 class=\"elementor-heading-title elementor-size-large\">Plan de Centro : 25\/26<\/h2>\t\t\t\t<\/div>\n\t\t\t\t<\/div>\n\t\t\t\t\t<\/div>\n\t\t<\/div>\n\t\t\t\t\t<\/div>\n\t\t<\/section>\n\t\t\t\t<section class=\"elementor-section elementor-top-section elementor-element elementor-element-67ba3a0 elementor-section-boxed elementor-section-height-default elementor-section-height-default\" data-id=\"67ba3a0\" data-element_type=\"section\">\n\t\t\t\t\t\t<div class=\"elementor-container elementor-column-gap-default\">\n\t\t\t\t\t<div class=\"elementor-column elementor-col-33 elementor-top-column elementor-element elementor-element-edd5c50\" data-id=\"edd5c50\" data-element_type=\"column\">\n\t\t\t<div class=\"elementor-widget-wrap elementor-element-populated\">\n\t\t\t\t\t\t<div class=\"elementor-element elementor-element-3bc3238 elementor-widget elementor-widget-text-editor\" data-id=\"3bc3238\" data-element_type=\"widget\" data-widget_type=\"text-editor.default\">\n\t\t\t\t<div class=\"elementor-widget-container\">\n\t\t\t\t\t\t\t\t\t<p style=\"text-align: justify\">El <a title=\"Proyecto Educativo\" href=\"https:\/\/blogsaverroes.juntadeandalucia.es\/iesazaharantas\/files\/2025\/12\/ProyectoEducativo2526.pdf\" target=\"_blank\" rel=\"noopener\"><strong>Proyecto<\/strong> <strong>Educativo<\/strong><\/a> es un documento de car\u00e1cter pedag\u00f3gico elaborado por la Comunidad Educativa del mismo que enumera y define los rasgos de identidad del Centro, formula los objetivos que se han de conseguir y expresa la estructura organizativa y funcional del Centro Educativo.<\/p>\t\t\t\t\t\t\t\t<\/div>\n\t\t\t\t<\/div>\n\t\t\t\t\t<\/div>\n\t\t<\/div>\n\t\t\t\t<div class=\"elementor-column elementor-col-33 elementor-top-column elementor-element elementor-element-c4eef45\" data-id=\"c4eef45\" data-element_type=\"column\">\n\t\t\t<div class=\"elementor-widget-wrap elementor-element-populated\">\n\t\t\t\t\t\t<div class=\"elementor-element elementor-element-01b8436 elementor-widget elementor-widget-text-editor\" data-id=\"01b8436\" data-element_type=\"widget\" data-widget_type=\"text-editor.default\">\n\t\t\t\t<div class=\"elementor-widget-container\">\n\t\t\t\t\t\t\t\t\t<p style=\"text-align: justify\">El <a title=\"Proyecto de Gesti\u00f3n\" href=\"https:\/\/blogsaverroes.juntadeandalucia.es\/iesazaharantas\/files\/2025\/12\/ProyectoGestion2526.pdf\" target=\"_blank\" rel=\"noopener\"><strong>Proyecto<\/strong> <\/a><strong><a href=\"_wp_link_placeholder\">de Gesti\u00f3n<\/a>\u00a0 <\/strong>recoge la ordenaci\u00f3n y utilizaci\u00f3n de los recursos del centro, tanto materiales como humanos, como marco de la autonom\u00eda de gesti\u00f3n econ\u00f3mica que la legislaci\u00f3n otorga a los centros p\u00fablicos.<\/p>\t\t\t\t\t\t\t\t<\/div>\n\t\t\t\t<\/div>\n\t\t\t\t\t<\/div>\n\t\t<\/div>\n\t\t\t\t<div class=\"elementor-column elementor-col-33 elementor-top-column elementor-element elementor-element-b8ffd3f\" data-id=\"b8ffd3f\" data-element_type=\"column\">\n\t\t\t<div class=\"elementor-widget-wrap elementor-element-populated\">\n\t\t\t\t\t\t<div class=\"elementor-element elementor-element-f9bde92 elementor-widget elementor-widget-text-editor\" data-id=\"f9bde92\" data-element_type=\"widget\" data-widget_type=\"text-editor.default\">\n\t\t\t\t<div class=\"elementor-widget-container\">\n\t\t\t\t\t\t\t\t\t<p style=\"text-align: justify\">El <a title=\"ROF\" href=\"https:\/\/blogsaverroes.juntadeandalucia.es\/iesazaharantas\/files\/2025\/12\/ROF2526.pdf\" target=\"_blank\" rel=\"noopener\"><strong>reglamento de organizaci\u00f3n y funcionamiento<\/strong><\/a> recoge las normas organizativas y funcionales que facilitan la consecuci\u00f3n del clima adecuado para alcanzar los objetivos que el centro se haya propuesto y permita mantener un ambiente de respeto, confianza y colaboraci\u00f3n entre todos los sectores de la comunidad educativa.<\/p>\t\t\t\t\t\t\t\t<\/div>\n\t\t\t\t<\/div>\n\t\t\t\t\t<\/div>\n\t\t<\/div>\n\t\t\t\t\t<\/div>\n\t\t<\/section>\n\t\t\t\t<\/div>\n\t\t","protected":false},"excerpt":{"rendered":"<p>Protocolos y planes de Actuaci\u00f3n Plan de Centro : 25\/26 El Proyecto Educativo es un documento de car\u00e1cter pedag\u00f3gico elaborado por la Comunidad Educativa del mismo que enumera y define los rasgos de identidad&#46;&#46;&#46;<\/p>\n","protected":false},"author":1,"featured_media":0,"parent":2602,"menu_order":0,"comment_status":"closed","ping_status":"open","template":"","meta":{"ngg_post_thumbnail":0,"footnotes":""},"aioseo_notices":[],"_links":{"self":[{"href":"https:\/\/blogsaverroes.juntadeandalucia.es\/iesazaharantas\/wp-json\/wp\/v2\/pages\/49"}],"collection":[{"href":"https:\/\/blogsaverroes.juntadeandalucia.es\/iesazaharantas\/wp-json\/wp\/v2\/pages"}],"about":[{"href":"https:\/\/blogsaverroes.juntadeandalucia.es\/iesazaharantas\/wp-json\/wp\/v2\/types\/page"}],"author":[{"embeddable":true,"href":"https:\/\/blogsaverroes.juntadeandalucia.es\/iesazaharantas\/wp-json\/wp\/v2\/users\/1"}],"replies":[{"embeddable":true,"href":"https:\/\/blogsaverroes.juntadeandalucia.es\/iesazaharantas\/wp-json\/wp\/v2\/comments?post=49"}],"version-history":[{"count":78,"href":"https:\/\/blogsaverroes.juntadeandalucia.es\/iesazaharantas\/wp-json\/wp\/v2\/pages\/49\/revisions"}],"predecessor-version":[{"id":7613,"href":"https:\/\/blogsaverroes.juntadeandalucia.es\/iesazaharantas\/wp-json\/wp\/v2\/pages\/49\/revisions\/7613"}],"up":[{"embeddable":true,"href":"https:\/\/blogsaverroes.juntadeandalucia.es\/iesazaharantas\/wp-json\/wp\/v2\/pages\/2602"}],"wp:attachment":[{"href":"https:\/\/blogsaverroes.juntadeandalucia.es\/iesazaharantas\/wp-json\/wp\/v2\/media?parent=49"}],"curies":[{"name":"wp","href":"https:\/\/api.w.org\/{rel}","templated":true}]}}