{"id":2,"date":"2023-03-08T11:43:11","date_gmt":"2023-03-08T11:43:11","guid":{"rendered":"https:\/\/blogsaverroes.juntadeandalucia.es\/iesazaharerasmus\/?page_id=2"},"modified":"2023-04-10T17:51:08","modified_gmt":"2023-04-10T17:51:08","slug":"pagina-ejemplo","status":"publish","type":"page","link":"https:\/\/blogsaverroes.juntadeandalucia.es\/iesazaharerasmus\/pagina-ejemplo\/","title":{"rendered":"Erasmus FP"},"content":{"rendered":"<h1>Proyecto Movinvet (MARZO 2022)<\/h1>\n<p>Otro de los proyectos en los que nuestro centro viene participando dentro de los&nbsp; programas Erasmus +, es el proyecto <strong><em>Movinvet,<\/em><\/strong> promovido por S.A. PARA EL FOMENTO DE ENSE\u00d1ANZAS DEL SUR (SAFES) (Colegio Altair).<\/p>\n<p>Durante este curso hemos participado en las siguientes convocatorias:<\/p>\n<ul>\n<li>\n<h2>Proyecto Movinvet larga duraci\u00f3n<u><br \/>\n<\/u><\/h2>\n<\/li>\n<\/ul>\n<h3 style=\"padding-left: 40px\">2021\u20101\u2010ES01\u2010KA121\u2010VET\u2010000010835<\/h3>\n<h3 style=\"padding-left: 40px\">2020-1-ES01-KA102-081046<\/h3>\n<p>La convocatoria pone a disposici\u00f3n <strong>78 becas de movilidad para<\/strong> <strong>la realizaci\u00f3n de pr\u00e1cticas formativas en el extranjero de 93 d\u00edas de duraci\u00f3n<\/strong> a realizarse entre el 15\/06\/2022 y el 15\/09\/2022, salvo variaciones de fecha que se necesiten por motivos organizativos. Los destinos incluidos son los siguientes:<\/p>\n<table>\n<tbody>\n<tr>\n<td width=\"117\"><strong>Destino<\/strong><\/td>\n<td width=\"80\"><strong>Plazas<\/strong><\/td>\n<td width=\"132\"><strong>A\u00f1o proyecto<\/strong><\/td>\n<\/tr>\n<tr>\n<td width=\"117\">ESLOVENIA<\/td>\n<td width=\"80\">14<\/td>\n<td width=\"132\">2021<\/td>\n<\/tr>\n<tr>\n<td width=\"117\">ITALIA<\/td>\n<td width=\"80\">14<\/td>\n<td width=\"132\">2021<\/td>\n<\/tr>\n<tr>\n<td width=\"117\">ITALIA<\/td>\n<td width=\"80\">14<\/td>\n<td width=\"132\">2021<\/td>\n<\/tr>\n<tr>\n<td width=\"117\">LITUANIA<\/td>\n<td width=\"80\">14<\/td>\n<td width=\"132\">2021<\/td>\n<\/tr>\n<tr>\n<td width=\"117\">POLONIA<\/td>\n<td width=\"80\">14<\/td>\n<td width=\"132\">2021<\/td>\n<\/tr>\n<tr>\n<td width=\"117\">ITALIA<\/td>\n<td width=\"80\">2<\/td>\n<td width=\"132\">2020<\/td>\n<\/tr>\n<tr>\n<td width=\"117\">POLONIA<\/td>\n<td width=\"80\">6<\/td>\n<td width=\"132\">2020<\/td>\n<\/tr>\n<\/tbody>\n<\/table>\n<p>Las becas Erasmus+ de las que se benefician los estudiantes seleccionados cubren los siguientes gastos:<\/p>\n<ul>\n<li>Alojamiento durante los 93 d\u00edas de pr\u00e1cticas en el extranjero, en habitaci\u00f3n doble y r\u00e9gimen de self-catering;<\/li>\n<li>Contribuci\u00f3n para los gastos de comida y transporte local de m\u00ednimo 400 euros al mes por participante<\/li>\n<li>&nbsp;Viaje de ida y vuelta al pa\u00eds d\u00f3nde se efectuar\u00e1 la pr\u00e1ctica (el servicio de transfer desde y hasta el aeropuerto espa\u00f1ol no est\u00e1 incluido);<\/li>\n<li>Preparaci\u00f3n intercultural y pedag\u00f3gica antes de salir al extranjero;<\/li>\n<li>Seguro de RC y seguro de accidentes de trabajo para 93 d\u00edas de pr\u00e1cticas en el extranjero;<\/li>\n<li>Apoyo ling\u00fc\u00edstico en l\u00ednea (OLS);<\/li>\n<li>Tutor\u00eda durante todo el proyecto y apoyo en la realizaci\u00f3n de los procedimientos administrativos y de la organizaci\u00f3n log\u00edstica de la estancia en el extranjero.<\/li>\n<\/ul>\n<p>Estos son nuestros <strong><u>alumnos seleccionados<\/u><\/strong> y los <strong><u>destinos<\/u><\/strong> en los que realizar\u00e1n su movilidad:<\/p>\n<p>ANABEL PAQUI ALONSO (1\u00ba GM Gesti\u00f3n Administrativa) \u2026\u2026\u2026\u2026\u2026\u2026\u2026. Italia<\/p>\n<p>PAULA ALONSO HERRERA (2\u00ba GM Gesti\u00f3n Administrativa) \u2026\u2026\u2026\u2026\u2026Italia<\/p>\n<p>DAVID ROBLES LANDEIRA (2\u00ba GM Gesti\u00f3n Administrativa) \u2026\u2026\u2026\u2026\u2026\u2026\u2026 Italia<\/p>\n<ul>\n<li>\n<h2>Proyecto Movinvet corta duraci\u00f3n<\/h2>\n<\/li>\n<\/ul>\n<h3 style=\"padding-left: 40px\">2021\u20101\u2010ES01\u2010KA121\u2010VET\u2010000010835<\/h3>\n<p>La convocatoria pone a disposici\u00f3n <strong>30 becas de movilidad para la realizaci\u00f3n de pr\u00e1cticas formativas en el extranjero de 16 d\u00edas de duraci\u00f3n<\/strong> a realizarse entre el 01\/06\/2022 y el 20\/06\/2022, salvo variaciones de fecha que se necesiten por motivos organizativos.<\/p>\n<p>Destinos incluidos:<\/p>\n<table>\n<tbody>\n<tr>\n<td width=\"117\"><strong>Destino<\/strong><\/td>\n<td width=\"80\"><strong>Plazas<\/strong><\/td>\n<td width=\"132\"><strong>A\u00f1o proyecto<\/strong><\/td>\n<\/tr>\n<tr>\n<td width=\"117\">PORTUGAL<\/td>\n<td width=\"80\">15<\/td>\n<td width=\"132\">2021<\/td>\n<\/tr>\n<tr>\n<td width=\"117\">ITALIA<\/td>\n<td width=\"80\">15<\/td>\n<td width=\"132\">2021<\/td>\n<\/tr>\n<\/tbody>\n<\/table>\n<p>Las becas Erasmus+ de las que se benefician los estudiantes seleccionados cubren los siguientes gastos:<\/p>\n<p>Alojamiento durante los 16 d\u00edas de pr\u00e1cticas en el extranjero, en habitaci\u00f3n doble y r\u00e9gimen de self-catering;<\/p>\n<ul>\n<li>Contribuci\u00f3n para los gastos de comida y transporte local<\/li>\n<li>Viaje de ida y vuelta al pa\u00eds d\u00f3nde se efectuar\u00e1 la pr\u00e1ctica (el servicio de transfer desde y hasta el aeropuerto espa\u00f1ol no est\u00e1 incluido);<\/li>\n<li>Seguro de RC y seguro de accidentes de trabajo para 16 d\u00edas de pr\u00e1cticas en el extranjero;<\/li>\n<li>Tutor\u00eda durante todo el proyecto y apoyo en la realizaci\u00f3n de los procedimientos administrativos y de la organizaci\u00f3n log\u00edstica de la estancia en el extranjero.<\/li>\n<\/ul>\n<p><strong>Alumnos seleccionados del IES Azahar<\/strong>:<\/p>\n<p>ALMUDENA RIOS MORILLO (1\u00ba GM Gesti\u00f3n Administrativa) \u2026\u2026\u2026\u2026\u2026. Italia<\/p>\n<p><a href=\"https:\/\/blogsaverroes.juntadeandalucia.es\/iesazahar\/files\/2022\/04\/20220224_092353-1-scaled.jpg\"><img loading=\"lazy\" decoding=\"async\" class=\" wp-image-4198 aligncenter\" src=\"https:\/\/blogsaverroes.juntadeandalucia.es\/iesazahar\/files\/2022\/04\/20220224_092353-1-300x169.jpg\" alt=\"\" width=\"459\" height=\"264\"><\/a><\/p>\n<h2>Proyecto de movilidad ANDALUC\u00cdA+ para alumnado de 1\u00ba de Ciclo Formativo (Febrero 2022)<\/h2>\n<p>Nuestro centro, como viene siendo habitual, participa en el proyecto&nbsp;<b><i>Andaluc\u00eda+: Internacionalizaci\u00f3n de la Formaci\u00f3n Profesional en la Comunidad Aut\u00f3noma de Andaluc\u00eda,<\/i><\/b>&nbsp;promovido por el&nbsp;<em>Arenal Centro de Formaci\u00f3n Profesional SCA.<\/em><\/p>\n<p>Este proyecto pone a disposici\u00f3n periodos de pr\u00e1cticas a realizarse en otro pa\u00eds de la Uni\u00f3n Europea con el objeto de:<\/p>\n<ul>\n<li>Ofrecer a los estudiantes de instituciones de formaci\u00f3n profesional la oportunidad de adquirir habilidades t\u00e9cnicas y profesionales a trav\u00e9s de tareas de conformidad con necesidades de competencias territoriales, en una perspectiva de mayor ocupabilidad al terminar los estudios.<\/li>\n<li>Crear metodolog\u00edas did\u00e1cticas modernas que inviertan en la alternancia escuela-trabajo y ampl\u00eden el significado de dicha alternancia a trav\u00e9s de movilidad al extranjero, de conformidad con las competencias clave y profesionales requeridas en el mercado laboral actual.<\/li>\n<li>Promover una metodolog\u00eda de coordinaci\u00f3n basada en consorcios de movilidad para conseguir que la movilidad se vuelva ordinaria y no que la excepci\u00f3n, tal y como indican los documentos estrat\u00e9gicos de la Uni\u00f3n Europea.<\/li>\n<\/ul>\n<p>La actual convocatoria pone a disposici\u00f3n 54 becas de movilidad para la realizaci\u00f3n de&nbsp;pr\u00e1cticas formativas en el extranjero de 37 d\u00edas de duraci\u00f3n a realizarse entre el 15\/06\/2022 y el 31\/07\/2022, salvo variaciones por motivos organizativos. Estas becas est\u00e1n destinadas a alumnos de Ciclos Formativos de Grado Medio.<\/p>\n<p>En esta convocatoria han sido seleccionados cuatro de nuestros alumnos y alumnas de&nbsp; primer curso de Grado Medio de Gesti\u00f3n Administrativa, tres de los cuales, Antonio Manuel P\u00e9rez, Francisco Javier Carre\u00f1o y Anabel Paqui realizar\u00e1n su movilidad en Lituania, mientras que la alumna Samara Porquicho lo har\u00e1 en Alemania.<a href=\"https:\/\/blogsaverroes.juntadeandalucia.es\/iesazahar\/files\/2022\/03\/PHOTO-2022-03-18-13-32-28.jpg\">&nbsp;<\/a><img loading=\"lazy\" decoding=\"async\" class=\" wp-image-4135 aligncenter\" src=\"https:\/\/blogsaverroes.juntadeandalucia.es\/iesazahar\/files\/2022\/03\/PHOTO-2022-03-18-13-32-28-300x169.jpg\" alt=\"\" width=\"472\" height=\"266\"><\/p>\n","protected":false},"excerpt":{"rendered":"<p>Proyecto Movinvet (MARZO 2022) Otro de los proyectos en los que nuestro centro viene participando dentro de los&nbsp; programas Erasmus +, es el proyecto Movinvet, promovido por S.A. PARA EL FOMENTO DE ENSE\u00d1ANZAS DEL&#46;&#46;&#46;<\/p>\n","protected":false},"author":17664,"featured_media":0,"parent":0,"menu_order":2,"comment_status":"closed","ping_status":"closed","template":"","meta":{"ngg_post_thumbnail":0,"footnotes":""},"aioseo_notices":[],"_links":{"self":[{"href":"https:\/\/blogsaverroes.juntadeandalucia.es\/iesazaharerasmus\/wp-json\/wp\/v2\/pages\/2"}],"collection":[{"href":"https:\/\/blogsaverroes.juntadeandalucia.es\/iesazaharerasmus\/wp-json\/wp\/v2\/pages"}],"about":[{"href":"https:\/\/blogsaverroes.juntadeandalucia.es\/iesazaharerasmus\/wp-json\/wp\/v2\/types\/page"}],"author":[{"embeddable":true,"href":"https:\/\/blogsaverroes.juntadeandalucia.es\/iesazaharerasmus\/wp-json\/wp\/v2\/users\/17664"}],"replies":[{"embeddable":true,"href":"https:\/\/blogsaverroes.juntadeandalucia.es\/iesazaharerasmus\/wp-json\/wp\/v2\/comments?post=2"}],"version-history":[{"count":8,"href":"https:\/\/blogsaverroes.juntadeandalucia.es\/iesazaharerasmus\/wp-json\/wp\/v2\/pages\/2\/revisions"}],"predecessor-version":[{"id":131,"href":"https:\/\/blogsaverroes.juntadeandalucia.es\/iesazaharerasmus\/wp-json\/wp\/v2\/pages\/2\/revisions\/131"}],"wp:attachment":[{"href":"https:\/\/blogsaverroes.juntadeandalucia.es\/iesazaharerasmus\/wp-json\/wp\/v2\/media?parent=2"}],"curies":[{"name":"wp","href":"https:\/\/api.w.org\/{rel}","templated":true}]}}