{"id":58,"date":"2023-03-29T17:36:27","date_gmt":"2023-03-29T17:36:27","guid":{"rendered":"https:\/\/blogsaverroes.juntadeandalucia.es\/iesazaharerasmus\/?page_id=58"},"modified":"2025-11-25T12:58:53","modified_gmt":"2025-11-25T12:58:53","slug":"erasmus-escolar","status":"publish","type":"page","link":"https:\/\/blogsaverroes.juntadeandalucia.es\/iesazaharerasmus\/erasmus-escolar\/","title":{"rendered":"Erasmus Escolar"},"content":{"rendered":"<p>Iniciamos un programa internacional Erasmus + con acreditaci\u00f3n K121 y que durar\u00e1 5 a\u00f1os: (2022-2027).<\/p>\n<h3>Accredited project for mobility of learners and staff in School Education<\/h3>\n<p>Los objetivos propuestos son los siguientes:<\/p>\n<ul>\n<li><span id=\"page3R_mcid9\" class=\"markedContent\"><span dir=\"ltr\" role=\"presentation\">Incorporar al centro la metodolog\u00eda de trabajo por proyectos y<\/span> <span dir=\"ltr\" role=\"presentation\">de forma interdisciplinar,<\/span> <span dir=\"ltr\" role=\"presentation\">Metodolog\u00eda STEM, Rob\u00f3tica y Aula del<\/span> <span dir=\"ltr\" role=\"presentation\">Futuro.<\/span><\/span><span id=\"page3R_mcid10\" class=\"markedContent\"><\/span><span id=\"page3R_mcid11\" class=\"markedContent\"><\/span><\/li>\n<li><span id=\"page3R_mcid11\" class=\"markedContent\"><span dir=\"ltr\" role=\"presentation\">Consolidar la dimensi\u00f3n internacional en la ESO y Bachillerato a<\/span> <span dir=\"ltr\" role=\"presentation\">trav\u00e9s del Erasmus+.<\/span><\/span><span id=\"page3R_mcid12\" class=\"markedContent\"><\/span><span id=\"page3R_mcid13\" class=\"markedContent\"><\/span><\/li>\n<li><span id=\"page3R_mcid13\" class=\"markedContent\"><span dir=\"ltr\" role=\"presentation\">Mejorar la motivaci\u00f3n y convivencia en el centro, prestando<\/span> <span dir=\"ltr\" role=\"presentation\">especial atenci\u00f3n al alumnado inmigrante.<\/span><\/span><span id=\"page3R_mcid14\" class=\"markedContent\"><\/span><span id=\"page3R_mcid15\" class=\"markedContent\"><\/span><\/li>\n<li><span id=\"page3R_mcid15\" class=\"markedContent\"><span dir=\"ltr\" role=\"presentation\">Mejorar la competencia<\/span> <span dir=\"ltr\" role=\"presentation\">ling\u00fc\u00edstica tanto en espa\u00f1ol, como en <\/span><span dir=\"ltr\" role=\"presentation\">lenguas extranjeras; especialmente en ingl\u00e9s.<\/span><\/span><\/li>\n<li><span id=\"page3R_mcid17\" class=\"markedContent\"><span dir=\"ltr\" role=\"presentation\">Promover la conciencia clim\u00e1tica y medioambiental de nuestro<\/span> <span dir=\"ltr\" role=\"presentation\">alumnado en consonancia con otros pa\u00edses, por tratarse de un<\/span> <span dir=\"ltr\" role=\"presentation\">problema global a nivel mundial.<\/span><\/span><\/li>\n<\/ul>\n<p>&nbsp;<br \/>\n<iframe loading=\"lazy\" src=\"https:\/\/drive.google.com\/file\/d\/1-KjrYR1mDMyC8mGyAwfLZxRImNOkJKEb\/preview\" width=\"640\" height=\"480\"><\/iframe><\/p>\n","protected":false},"excerpt":{"rendered":"<p>Iniciamos un programa internacional Erasmus + con acreditaci\u00f3n K121 y que durar\u00e1 5 a\u00f1os: (2022-2027). Accredited project for mobility of learners and staff in School Education Los objetivos propuestos son los siguientes: Incorporar al&#46;&#46;&#46;<\/p>\n","protected":false},"author":17664,"featured_media":0,"parent":0,"menu_order":1,"comment_status":"closed","ping_status":"closed","template":"","meta":{"ngg_post_thumbnail":0,"footnotes":""},"aioseo_notices":[],"_links":{"self":[{"href":"https:\/\/blogsaverroes.juntadeandalucia.es\/iesazaharerasmus\/wp-json\/wp\/v2\/pages\/58"}],"collection":[{"href":"https:\/\/blogsaverroes.juntadeandalucia.es\/iesazaharerasmus\/wp-json\/wp\/v2\/pages"}],"about":[{"href":"https:\/\/blogsaverroes.juntadeandalucia.es\/iesazaharerasmus\/wp-json\/wp\/v2\/types\/page"}],"author":[{"embeddable":true,"href":"https:\/\/blogsaverroes.juntadeandalucia.es\/iesazaharerasmus\/wp-json\/wp\/v2\/users\/17664"}],"replies":[{"embeddable":true,"href":"https:\/\/blogsaverroes.juntadeandalucia.es\/iesazaharerasmus\/wp-json\/wp\/v2\/comments?post=58"}],"version-history":[{"count":12,"href":"https:\/\/blogsaverroes.juntadeandalucia.es\/iesazaharerasmus\/wp-json\/wp\/v2\/pages\/58\/revisions"}],"predecessor-version":[{"id":492,"href":"https:\/\/blogsaverroes.juntadeandalucia.es\/iesazaharerasmus\/wp-json\/wp\/v2\/pages\/58\/revisions\/492"}],"wp:attachment":[{"href":"https:\/\/blogsaverroes.juntadeandalucia.es\/iesazaharerasmus\/wp-json\/wp\/v2\/media?parent=58"}],"curies":[{"name":"wp","href":"https:\/\/api.w.org\/{rel}","templated":true}]}}