{"id":147,"date":"2015-03-17T07:46:52","date_gmt":"2015-03-17T07:46:52","guid":{"rendered":"http:\/\/blogsaverroes.juntadeandalucia.es\/pre\/ceip\/?page_id=147"},"modified":"2020-03-24T07:43:30","modified_gmt":"2020-03-24T07:43:30","slug":"eartistica","status":"publish","type":"page","link":"https:\/\/blogsaverroes.juntadeandalucia.es\/iesaznalcollar\/eartistica\/","title":{"rendered":"Educaci\u00f3n Art\u00edstica."},"content":{"rendered":"<div data-canvas-width=\"108.91167217458664\">&nbsp;<\/div>\n<div data-canvas-width=\"108.91167217458664\"><a href=\"https:\/\/blogsaverroes.juntadeandalucia.es\/iesaznalcollar\/files\/2015\/03\/superficie.jpg\"><img loading=\"lazy\" decoding=\"async\" class=\"size-medium wp-image-1589 aligncenter\" src=\"https:\/\/blogsaverroes.juntadeandalucia.es\/iesaznalcollar\/files\/2015\/03\/superficie-256x300.jpg\" alt=\"\" width=\"256\" height=\"300\" srcset=\"https:\/\/blogsaverroes.juntadeandalucia.es\/iesaznalcollar\/files\/2015\/03\/superficie-256x300.jpg 256w, https:\/\/blogsaverroes.juntadeandalucia.es\/iesaznalcollar\/files\/2015\/03\/superficie.jpg 512w\" sizes=\"(max-width: 256px) 100vw, 256px\" \/><\/a><\/div>\n<p>El departamento de Educaci\u00f3n Art\u00edstica engloba las materias de Educaci\u00f3n Pl\u00e1stica y Visual y M\u00fasica.<\/p>\n","protected":false},"excerpt":{"rendered":"<p>&nbsp; El departamento de Educaci\u00f3n Art\u00edstica engloba las materias de Educaci\u00f3n Pl\u00e1stica y Visual y M\u00fasica.<\/p>\n","protected":false},"author":1,"featured_media":0,"parent":0,"menu_order":0,"comment_status":"closed","ping_status":"open","template":"page-cs.php","meta":{"ngg_post_thumbnail":0,"footnotes":"","_mc_calendar":[]},"aioseo_notices":[],"_links":{"self":[{"href":"https:\/\/blogsaverroes.juntadeandalucia.es\/iesaznalcollar\/wp-json\/wp\/v2\/pages\/147"}],"collection":[{"href":"https:\/\/blogsaverroes.juntadeandalucia.es\/iesaznalcollar\/wp-json\/wp\/v2\/pages"}],"about":[{"href":"https:\/\/blogsaverroes.juntadeandalucia.es\/iesaznalcollar\/wp-json\/wp\/v2\/types\/page"}],"author":[{"embeddable":true,"href":"https:\/\/blogsaverroes.juntadeandalucia.es\/iesaznalcollar\/wp-json\/wp\/v2\/users\/1"}],"replies":[{"embeddable":true,"href":"https:\/\/blogsaverroes.juntadeandalucia.es\/iesaznalcollar\/wp-json\/wp\/v2\/comments?post=147"}],"version-history":[{"count":15,"href":"https:\/\/blogsaverroes.juntadeandalucia.es\/iesaznalcollar\/wp-json\/wp\/v2\/pages\/147\/revisions"}],"predecessor-version":[{"id":3092,"href":"https:\/\/blogsaverroes.juntadeandalucia.es\/iesaznalcollar\/wp-json\/wp\/v2\/pages\/147\/revisions\/3092"}],"wp:attachment":[{"href":"https:\/\/blogsaverroes.juntadeandalucia.es\/iesaznalcollar\/wp-json\/wp\/v2\/media?parent=147"}],"curies":[{"name":"wp","href":"https:\/\/api.w.org\/{rel}","templated":true}]}}