{"id":166,"date":"2015-03-17T07:53:12","date_gmt":"2015-03-17T07:53:12","guid":{"rendered":"http:\/\/blogsaverroes.juntadeandalucia.es\/pre\/ceip\/?page_id=166"},"modified":"2020-03-24T07:35:01","modified_gmt":"2020-03-24T07:35:01","slug":"ccnn","status":"publish","type":"page","link":"https:\/\/blogsaverroes.juntadeandalucia.es\/iesaznalcollar\/ccnn\/","title":{"rendered":"Ciencias Naturales"},"content":{"rendered":"<p>&nbsp;<\/p>\n<p><a href=\"https:\/\/blogsaverroes.juntadeandalucia.es\/iesaznalcollar\/files\/2015\/03\/agua.jpg\"><img loading=\"lazy\" decoding=\"async\" class=\"size-medium wp-image-1579 aligncenter\" src=\"https:\/\/blogsaverroes.juntadeandalucia.es\/iesaznalcollar\/files\/2015\/03\/agua-300x225.jpg\" alt=\"\" width=\"300\" height=\"225\" srcset=\"https:\/\/blogsaverroes.juntadeandalucia.es\/iesaznalcollar\/files\/2015\/03\/agua-300x225.jpg 300w, https:\/\/blogsaverroes.juntadeandalucia.es\/iesaznalcollar\/files\/2015\/03\/agua.jpg 640w\" sizes=\"(max-width: 300px) 100vw, 300px\" \/><\/a><\/p>\n<p>El Departamento de Ciencias Naturales engloba las materias de Biolog\u00eda y Geolog\u00eda, F\u00edsica y Qu\u00edmica, Educaci\u00f3n F\u00edsica y Tecnolog\u00eda.<\/p>\n","protected":false},"excerpt":{"rendered":"<p>&nbsp; El Departamento de Ciencias Naturales engloba las materias de Biolog\u00eda y Geolog\u00eda, F\u00edsica y Qu\u00edmica, Educaci\u00f3n F\u00edsica y Tecnolog\u00eda.<\/p>\n","protected":false},"author":1,"featured_media":0,"parent":0,"menu_order":0,"comment_status":"closed","ping_status":"open","template":"page-cs.php","meta":{"ngg_post_thumbnail":0,"footnotes":"","_mc_calendar":[]},"aioseo_notices":[],"_links":{"self":[{"href":"https:\/\/blogsaverroes.juntadeandalucia.es\/iesaznalcollar\/wp-json\/wp\/v2\/pages\/166"}],"collection":[{"href":"https:\/\/blogsaverroes.juntadeandalucia.es\/iesaznalcollar\/wp-json\/wp\/v2\/pages"}],"about":[{"href":"https:\/\/blogsaverroes.juntadeandalucia.es\/iesaznalcollar\/wp-json\/wp\/v2\/types\/page"}],"author":[{"embeddable":true,"href":"https:\/\/blogsaverroes.juntadeandalucia.es\/iesaznalcollar\/wp-json\/wp\/v2\/users\/1"}],"replies":[{"embeddable":true,"href":"https:\/\/blogsaverroes.juntadeandalucia.es\/iesaznalcollar\/wp-json\/wp\/v2\/comments?post=166"}],"version-history":[{"count":6,"href":"https:\/\/blogsaverroes.juntadeandalucia.es\/iesaznalcollar\/wp-json\/wp\/v2\/pages\/166\/revisions"}],"predecessor-version":[{"id":3090,"href":"https:\/\/blogsaverroes.juntadeandalucia.es\/iesaznalcollar\/wp-json\/wp\/v2\/pages\/166\/revisions\/3090"}],"wp:attachment":[{"href":"https:\/\/blogsaverroes.juntadeandalucia.es\/iesaznalcollar\/wp-json\/wp\/v2\/media?parent=166"}],"curies":[{"name":"wp","href":"https:\/\/api.w.org\/{rel}","templated":true}]}}