{"id":4287,"date":"2022-08-31T10:24:34","date_gmt":"2022-08-31T08:24:34","guid":{"rendered":"https:\/\/blogsaverroes.juntadeandalucia.es\/iesaznalcollar\/?page_id=4287"},"modified":"2022-08-31T10:31:14","modified_gmt":"2022-08-31T08:31:14","slug":"campamento-de-inmersion-linguistica-octubre-2021","status":"publish","type":"page","link":"https:\/\/blogsaverroes.juntadeandalucia.es\/iesaznalcollar\/ingles-2\/campamento-de-inmersion-linguistica-octubre-2021\/","title":{"rendered":"Campamento de Inmersi\u00f3n Ling\u00fc\u00edstica: Octubre 2021"},"content":{"rendered":"ngg_shortcode_0_placeholder\n","protected":false},"excerpt":{"rendered":"","protected":false},"author":7637,"featured_media":0,"parent":164,"menu_order":1,"comment_status":"closed","ping_status":"closed","template":"","meta":{"ngg_post_thumbnail":0,"footnotes":"","_mc_calendar":[]},"aioseo_notices":[],"_links":{"self":[{"href":"https:\/\/blogsaverroes.juntadeandalucia.es\/iesaznalcollar\/wp-json\/wp\/v2\/pages\/4287"}],"collection":[{"href":"https:\/\/blogsaverroes.juntadeandalucia.es\/iesaznalcollar\/wp-json\/wp\/v2\/pages"}],"about":[{"href":"https:\/\/blogsaverroes.juntadeandalucia.es\/iesaznalcollar\/wp-json\/wp\/v2\/types\/page"}],"author":[{"embeddable":true,"href":"https:\/\/blogsaverroes.juntadeandalucia.es\/iesaznalcollar\/wp-json\/wp\/v2\/users\/7637"}],"replies":[{"embeddable":true,"href":"https:\/\/blogsaverroes.juntadeandalucia.es\/iesaznalcollar\/wp-json\/wp\/v2\/comments?post=4287"}],"version-history":[{"count":2,"href":"https:\/\/blogsaverroes.juntadeandalucia.es\/iesaznalcollar\/wp-json\/wp\/v2\/pages\/4287\/revisions"}],"predecessor-version":[{"id":4413,"href":"https:\/\/blogsaverroes.juntadeandalucia.es\/iesaznalcollar\/wp-json\/wp\/v2\/pages\/4287\/revisions\/4413"}],"up":[{"embeddable":true,"href":"https:\/\/blogsaverroes.juntadeandalucia.es\/iesaznalcollar\/wp-json\/wp\/v2\/pages\/164"}],"wp:attachment":[{"href":"https:\/\/blogsaverroes.juntadeandalucia.es\/iesaznalcollar\/wp-json\/wp\/v2\/media?parent=4287"}],"curies":[{"name":"wp","href":"https:\/\/api.w.org\/{rel}","templated":true}]}}