{"id":44,"date":"2015-03-13T08:42:15","date_gmt":"2015-03-13T08:42:15","guid":{"rendered":"http:\/\/blogsaverroes.juntadeandalucia.es\/pre\/ceip\/?page_id=44"},"modified":"2021-10-30T12:40:26","modified_gmt":"2021-10-30T10:40:26","slug":"planes-y-proyectos","status":"publish","type":"page","link":"https:\/\/blogsaverroes.juntadeandalucia.es\/iesaznalcollar\/planes-y-proyectos\/","title":{"rendered":"Planes y Programas"},"content":{"rendered":"<p>El centro cuenta con los siguientes Planes y Programas:<\/p>\n<table width=\"567\" cellspacing=\"0\" cellpadding=\"7\">\n<colgroup>\n<col width=\"553\"> <\/colgroup>\n<tbody>\n<tr>\n<td valign=\"top\" width=\"553\"><span style=\"font-family: Arial, serif\"><span style=\"font-size: medium\">1.- Proyecto Ling\u00fc\u00edstico Biling\u00fcismo.<\/span><\/span><\/td>\n<\/tr>\n<tr>\n<td valign=\"top\" width=\"553\"><span style=\"font-family: Arial, serif\"><span style=\"font-size: medium\">2.- Programa TDE (Transformaci\u00f3n Digital Educativa)<br \/>\n<\/span><\/span><\/td>\n<\/tr>\n<tr>\n<td valign=\"top\" width=\"553\"><span style=\"font-family: Arial, serif\"><span style=\"font-size: medium\">3.- Igualdad en Educaci\u00f3n<\/span><\/span><\/td>\n<\/tr>\n<tr>\n<td valign=\"top\" width=\"553\"><span style=\"font-family: Arial, serif\"><span style=\"font-size: medium\">4.- Escuela Espacio de Paz<\/span><\/span><\/td>\n<\/tr>\n<tr>\n<td valign=\"top\" width=\"553\"><span style=\"font-family: Arial, serif\"><span style=\"font-size: medium\">5.- Programa de Refuerzo, Orientaci\u00f3n y Apoyo (PROA).<\/span><\/span><\/td>\n<\/tr>\n<tr>\n<td valign=\"top\" width=\"553\"><span style=\"font-family: Arial, serif\"><span style=\"font-size: medium\">6.- Programa de H\u00e1bitos de vida saludable: Forma Joven.<\/span><\/span><\/td>\n<\/tr>\n<tr>\n<td valign=\"top\" width=\"553\"><span style=\"font-family: Arial, serif\"><span style=\"font-size: medium\">7.- Plan de Biblioteca.<\/span><\/span><\/td>\n<\/tr>\n<tr>\n<td valign=\"top\" width=\"553\"><span style=\"font-family: Arial, serif\"><span style=\"font-size: medium\">8.- Plan de Autoprotecci\u00f3n.<\/span><\/span><\/td>\n<\/tr>\n<tr>\n<td valign=\"top\" width=\"553\"><span style=\"font-family: Arial, serif\"><span style=\"font-size: medium\">9.- Programa Aldea.<\/span><\/span><\/td>\n<\/tr>\n<tr>\n<td valign=\"top\" width=\"553\"><span style=\"font-family: Arial, serif\"><span style=\"font-size: medium\">10.- Aula Dcine.<\/span><\/span><\/td>\n<\/tr>\n<tr>\n<td valign=\"top\" width=\"553\"><span style=\"font-family: Arial, serif\"><span style=\"font-size: medium\">11.- FPB Dual.<\/span><\/span><\/td>\n<\/tr>\n<tr>\n<td><span style=\"font-family: Arial, serif\"><span style=\"font-size: medium\">12.- ComunicA.<\/span><\/span><\/td>\n<\/tr>\n<\/tbody>\n<\/table>\n<p>&nbsp;<\/p>\n","protected":false},"excerpt":{"rendered":"<p>El centro cuenta con los siguientes Planes y Programas: 1.- Proyecto Ling\u00fc\u00edstico Biling\u00fcismo. 2.- Programa TDE (Transformaci\u00f3n Digital Educativa) 3.- Igualdad en Educaci\u00f3n 4.- Escuela Espacio de Paz 5.- Programa de Refuerzo, Orientaci\u00f3n y Apoyo (PROA). 6.- Programa de H\u00e1bitos de vida saludable: Forma Joven. 7.- Plan de Biblioteca. 8.- Plan de Autoprotecci\u00f3n. 9.- Programa &hellip; <a href=\"https:\/\/blogsaverroes.juntadeandalucia.es\/iesaznalcollar\/planes-y-proyectos\/\" class=\"more-link\">Seguir leyendo <span class=\"screen-reader-text\">Planes y Programas<\/span> <span class=\"meta-nav\">&rarr;<\/span><\/a><\/p>\n","protected":false},"author":1,"featured_media":0,"parent":0,"menu_order":0,"comment_status":"closed","ping_status":"closed","template":"page-cs.php","meta":{"ngg_post_thumbnail":0,"footnotes":"","_mc_calendar":[]},"aioseo_notices":[],"_links":{"self":[{"href":"https:\/\/blogsaverroes.juntadeandalucia.es\/iesaznalcollar\/wp-json\/wp\/v2\/pages\/44"}],"collection":[{"href":"https:\/\/blogsaverroes.juntadeandalucia.es\/iesaznalcollar\/wp-json\/wp\/v2\/pages"}],"about":[{"href":"https:\/\/blogsaverroes.juntadeandalucia.es\/iesaznalcollar\/wp-json\/wp\/v2\/types\/page"}],"author":[{"embeddable":true,"href":"https:\/\/blogsaverroes.juntadeandalucia.es\/iesaznalcollar\/wp-json\/wp\/v2\/users\/1"}],"replies":[{"embeddable":true,"href":"https:\/\/blogsaverroes.juntadeandalucia.es\/iesaznalcollar\/wp-json\/wp\/v2\/comments?post=44"}],"version-history":[{"count":28,"href":"https:\/\/blogsaverroes.juntadeandalucia.es\/iesaznalcollar\/wp-json\/wp\/v2\/pages\/44\/revisions"}],"predecessor-version":[{"id":4240,"href":"https:\/\/blogsaverroes.juntadeandalucia.es\/iesaznalcollar\/wp-json\/wp\/v2\/pages\/44\/revisions\/4240"}],"wp:attachment":[{"href":"https:\/\/blogsaverroes.juntadeandalucia.es\/iesaznalcollar\/wp-json\/wp\/v2\/media?parent=44"}],"curies":[{"name":"wp","href":"https:\/\/api.w.org\/{rel}","templated":true}]}}