{"id":49,"date":"2015-03-13T08:47:05","date_gmt":"2015-03-13T08:47:05","guid":{"rendered":"http:\/\/blogsaverroes.juntadeandalucia.es\/pre\/ceip\/?page_id=49"},"modified":"2026-02-01T20:20:14","modified_gmt":"2026-02-01T19:20:14","slug":"proyecto-educativo","status":"publish","type":"page","link":"https:\/\/blogsaverroes.juntadeandalucia.es\/iesaznalcollar\/proyecto-educativo\/","title":{"rendered":"Plan de Centro"},"content":{"rendered":"<p><a href=\"https:\/\/drive.google.com\/file\/d\/1ViBpwPeWqYbtrmBHEoxf0l-hXOx56fPz\/view?usp=drive_link\">Proyecto Educativo.<\/a><\/p>\n<p><a href=\"https:\/\/drive.google.com\/file\/d\/1uKxS65br9LVRHVZGC_j1VahDcKGJ5aOc\/view?usp=drive_link\">Reglamento de Organizaci\u00f3n y Funcionamiento.<\/a><\/p>\n<p><a href=\"https:\/\/drive.google.com\/file\/d\/1y9wSnebo8ozgLJ2wF794RJ8ok4evvoeM\/view?usp=drive_link\">Proyecto de Gesti\u00f3n.<\/a><\/p>\n<p>Anexos:<\/p>\n<table style=\"border-collapse: collapse;width: 100%;height: 107px\">\n<tbody>\n<tr style=\"height: 24px\">\n<td style=\"width: 100%;height: 24px\"><a href=\"https:\/\/blogsaverroes.juntadeandalucia.es\/iesaznalcollar\/proyecto-educativo\/programaciones\/\">Programaciones Did\u00e1cticas<\/a><\/td>\n<\/tr>\n<tr>\n<td style=\"width: 100%\"><a href=\"https:\/\/drive.google.com\/file\/d\/1gGkm2pMP3z2ajlJWSjG5DASSlqVT-xlU\/view?usp=drive_link\">Plan de Convivencia<\/a><\/td>\n<\/tr>\n<tr style=\"height: 24px\">\n<td style=\"width: 100%;height: 24px\"><a href=\"https:\/\/blogsaverroes.juntadeandalucia.es\/iesaznalcollar\/files\/2024\/02\/autorrellenable-Acta_sesi\u00f3n_de_evaluaci\u00f3n2.pdf\">Modelo de Acta de Sesi\u00f3n de Evaluaci\u00f3n<\/a><\/td>\n<\/tr>\n<tr style=\"height: 24px\">\n<td style=\"width: 100%;height: 24px\"><a href=\"https:\/\/drive.google.com\/file\/d\/15lIftt-qKSu3yeagNLePoZEoRwZ7SqhS\/view?usp=drive_link\">Plan de Orientaci\u00f3n y Acci\u00f3n Tutorial 25-26<\/a><\/td>\n<\/tr>\n<tr style=\"height: 35px\">\n<td style=\"width: 100%;height: 35px\"><a href=\"https:\/\/drive.google.com\/file\/d\/1aqLeKLjlPX8dOD-JuphkYjcaVECp_Iwu\/view?usp=drive_link\">Plan de Atenci\u00f3n a la Diversidad<\/a><\/td>\n<\/tr>\n<\/tbody>\n<\/table>\n","protected":false},"excerpt":{"rendered":"<p>Proyecto Educativo. Reglamento de Organizaci\u00f3n y Funcionamiento. Proyecto de Gesti\u00f3n. Anexos: Programaciones Did\u00e1cticas Plan de Convivencia Modelo de Acta de Sesi\u00f3n de Evaluaci\u00f3n Plan de Orientaci\u00f3n y Acci\u00f3n Tutorial 25-26 Plan de Atenci\u00f3n a la Diversidad<\/p>\n","protected":false},"author":1,"featured_media":1662,"parent":0,"menu_order":0,"comment_status":"closed","ping_status":"open","template":"","meta":{"ngg_post_thumbnail":0,"footnotes":"","_mc_calendar":[]},"aioseo_notices":[],"_links":{"self":[{"href":"https:\/\/blogsaverroes.juntadeandalucia.es\/iesaznalcollar\/wp-json\/wp\/v2\/pages\/49"}],"collection":[{"href":"https:\/\/blogsaverroes.juntadeandalucia.es\/iesaznalcollar\/wp-json\/wp\/v2\/pages"}],"about":[{"href":"https:\/\/blogsaverroes.juntadeandalucia.es\/iesaznalcollar\/wp-json\/wp\/v2\/types\/page"}],"author":[{"embeddable":true,"href":"https:\/\/blogsaverroes.juntadeandalucia.es\/iesaznalcollar\/wp-json\/wp\/v2\/users\/1"}],"replies":[{"embeddable":true,"href":"https:\/\/blogsaverroes.juntadeandalucia.es\/iesaznalcollar\/wp-json\/wp\/v2\/comments?post=49"}],"version-history":[{"count":17,"href":"https:\/\/blogsaverroes.juntadeandalucia.es\/iesaznalcollar\/wp-json\/wp\/v2\/pages\/49\/revisions"}],"predecessor-version":[{"id":4688,"href":"https:\/\/blogsaverroes.juntadeandalucia.es\/iesaznalcollar\/wp-json\/wp\/v2\/pages\/49\/revisions\/4688"}],"wp:featuredmedia":[{"embeddable":true,"href":"https:\/\/blogsaverroes.juntadeandalucia.es\/iesaznalcollar\/wp-json\/wp\/v2\/media\/1662"}],"wp:attachment":[{"href":"https:\/\/blogsaverroes.juntadeandalucia.es\/iesaznalcollar\/wp-json\/wp\/v2\/media?parent=49"}],"curies":[{"name":"wp","href":"https:\/\/api.w.org\/{rel}","templated":true}]}}