{"id":77,"date":"2015-03-16T06:54:56","date_gmt":"2015-03-16T06:54:56","guid":{"rendered":"http:\/\/blogsaverroes.juntadeandalucia.es\/pre\/ceip\/?page_id=77"},"modified":"2020-11-22T10:50:37","modified_gmt":"2020-11-22T09:50:37","slug":"secretaria","status":"publish","type":"page","link":"https:\/\/blogsaverroes.juntadeandalucia.es\/iesaznalcollar\/secretaria\/","title":{"rendered":"Secretar\u00eda"},"content":{"rendered":"<p><strong>Para contactar con Secretar\u00eda, solicitar cita previa en los siguientes correos electr\u00f3nicos:<br \/>\n<\/strong><\/p>\n<p>secretaria@iesaznalcollar.com<\/p>\n<p>administracion@iesaznalcollar.com<\/p>\n<p>&nbsp;<\/p>\n","protected":false},"excerpt":{"rendered":"<p>Para contactar con Secretar\u00eda, solicitar cita previa en los siguientes correos electr\u00f3nicos: secretaria@iesaznalcollar.com administracion@iesaznalcollar.com &nbsp;<\/p>\n","protected":false},"author":1,"featured_media":2413,"parent":0,"menu_order":0,"comment_status":"closed","ping_status":"open","template":"page-cs.php","meta":{"ngg_post_thumbnail":0,"footnotes":"","_mc_calendar":[]},"aioseo_notices":[],"_links":{"self":[{"href":"https:\/\/blogsaverroes.juntadeandalucia.es\/iesaznalcollar\/wp-json\/wp\/v2\/pages\/77"}],"collection":[{"href":"https:\/\/blogsaverroes.juntadeandalucia.es\/iesaznalcollar\/wp-json\/wp\/v2\/pages"}],"about":[{"href":"https:\/\/blogsaverroes.juntadeandalucia.es\/iesaznalcollar\/wp-json\/wp\/v2\/types\/page"}],"author":[{"embeddable":true,"href":"https:\/\/blogsaverroes.juntadeandalucia.es\/iesaznalcollar\/wp-json\/wp\/v2\/users\/1"}],"replies":[{"embeddable":true,"href":"https:\/\/blogsaverroes.juntadeandalucia.es\/iesaznalcollar\/wp-json\/wp\/v2\/comments?post=77"}],"version-history":[{"count":5,"href":"https:\/\/blogsaverroes.juntadeandalucia.es\/iesaznalcollar\/wp-json\/wp\/v2\/pages\/77\/revisions"}],"predecessor-version":[{"id":4069,"href":"https:\/\/blogsaverroes.juntadeandalucia.es\/iesaznalcollar\/wp-json\/wp\/v2\/pages\/77\/revisions\/4069"}],"wp:featuredmedia":[{"embeddable":true,"href":"https:\/\/blogsaverroes.juntadeandalucia.es\/iesaznalcollar\/wp-json\/wp\/v2\/media\/2413"}],"wp:attachment":[{"href":"https:\/\/blogsaverroes.juntadeandalucia.es\/iesaznalcollar\/wp-json\/wp\/v2\/media?parent=77"}],"curies":[{"name":"wp","href":"https:\/\/api.w.org\/{rel}","templated":true}]}}