{"id":262,"date":"2020-01-23T12:37:13","date_gmt":"2020-01-23T11:37:13","guid":{"rendered":"http:\/\/blogsaverroes.juntadeandalucia.es\/pre\/nuevoies2v2\/?page_id=262"},"modified":"2025-01-26T18:56:12","modified_gmt":"2025-01-26T17:56:12","slug":"nuestra-historia","status":"publish","type":"page","link":"https:\/\/blogsaverroes.juntadeandalucia.es\/iesazucarera\/nuestra-historia\/","title":{"rendered":"Nuestra Historia"},"content":{"rendered":"<p>[et_pb_section fb_built=&#8221;1&#8243; _builder_version=&#8221;4.16&#8243; global_colors_info=&#8221;{}&#8221;][et_pb_row _builder_version=&#8221;4.16&#8243; background_size=&#8221;initial&#8221; background_position=&#8221;top_left&#8221; background_repeat=&#8221;repeat&#8221; global_colors_info=&#8221;{}&#8221;][et_pb_column type=&#8221;4_4&#8243; _builder_version=&#8221;4.16&#8243; custom_padding=&#8221;|||&#8221; global_colors_info=&#8221;{}&#8221; custom_padding__hover=&#8221;|||&#8221;][et_pb_image src=&#8221;https:\/\/blogsaverroes.juntadeandalucia.es\/iesazucarera\/files\/2025\/01\/Banner-para-Docs-Plan-de-Estudios-Moderno-Colorido-1.png&#8221; title_text=&#8221;Banner para Docs Plan de Estudios Moderno Colorido (1)&#8221; _builder_version=&#8221;4.24.2&#8243; _module_preset=&#8221;default&#8221; global_colors_info=&#8221;{}&#8221;][\/et_pb_image][et_pb_text _builder_version=&#8221;4.24.2&#8243; background_size=&#8221;initial&#8221; background_position=&#8221;top_left&#8221; background_repeat=&#8221;repeat&#8221; global_colors_info=&#8221;{}&#8221;]<\/p>\n<p style=\"text-align: left\"><span style=\"font-size: 12pt\">El I.E.S. Azucarera (IES Nuevo)&nbsp; es un Instituto de Educaci\u00f3n Secundaria Obligatoria, ubicado en San Pedro Alc\u00e1ntara (Marbella), concretamente en el barrio de El Ingenio. Se trata de una instalaci\u00f3n moderna y funcional, con m\u00e1s de 3.000 metros cuadrados. El centro en cuesti\u00f3n atiende a la poblaci\u00f3n en edad de escolarizaci\u00f3n obligatoria a partir de 12 a\u00f1os. Fue inaugurado en el curso de 2022\/2023, aunque comenz\u00f3 su andadura en el curso 2021\/2022 en el CEIP Mar\u00eda Teresa Le\u00f3n. El curso 2024\/2025 es el primer curso en el que el centro es independiente, habiendo sido hasta entonces una secci\u00f3n del I.E.S Vega de Mar. A lo largo de dichos cursos y hasta el presente, el centro ha ido incorporando alumnos de la localidad y adaptando su plan de estudios en funci\u00f3n de las necesidades, intereses y motivaci\u00f3n del tipo de alumnado que acoge en sus aulas.<\/span><\/p>\n<p>&nbsp;<\/p>\n<p>[\/et_pb_text][\/et_pb_column][\/et_pb_row][\/et_pb_section]<\/p>\n","protected":false},"excerpt":{"rendered":"<p>El I.E.S. Azucarera (IES Nuevo)&nbsp; es un Instituto de Educaci\u00f3n Secundaria Obligatoria, ubicado en San Pedro Alc\u00e1ntara (Marbella), concretamente en el barrio de El Ingenio. Se trata de una instalaci\u00f3n moderna y funcional, con m\u00e1s de 3.000 metros cuadrados. El centro en cuesti\u00f3n atiende a la poblaci\u00f3n en edad de escolarizaci\u00f3n obligatoria a partir de [&hellip;]<\/p>\n","protected":false},"author":7051,"featured_media":0,"parent":0,"menu_order":0,"comment_status":"closed","ping_status":"closed","template":"","meta":{"_et_pb_use_builder":"on","_et_pb_old_content":"<p style=\"text-align: left;\"><span style=\"font-size: 12pt;\">El I.E.S. Azucarera (IES Nuevo)\u00a0 es un Instituto de Educaci\u00f3n Secundaria Obligatoria, ubicado en San Pedro Alc\u00e1ntara (Marbella), concretamente en el barrio de El Ingenio. Se trata de una instalaci\u00f3n moderna y funcional, con m\u00e1s de 3.000 metros cuadrados. El centro en cuesti\u00f3n atiende a la poblaci\u00f3n en edad de escolarizaci\u00f3n obligatoria a partir de 12 a\u00f1os. Fue inaugurado en el curso de 2022\/2023, aunque comenz\u00f3 su andadura en el curso 2021\/2022 en el CEIP Mar\u00eda Teresa Le\u00f3n. El curso 2024\/2025 es el primer curso en el que el centro es independiente, habiendo sido hasta entonces una secci\u00f3n del I.E.S Vega de Mar. A lo largo de dichos cursos y hasta el presente, el centro ha ido incorporando alumnos de la localidad y adaptando su plan de estudios en funci\u00f3n de las necesidades, intereses y motivaci\u00f3n del tipo de alumnado que acoge en sus aulas.<\/span><\/p><p>\u00a0<\/p>","_et_gb_content_width":"","ngg_post_thumbnail":0,"footnotes":""},"aioseo_notices":[],"_links":{"self":[{"href":"https:\/\/blogsaverroes.juntadeandalucia.es\/iesazucarera\/wp-json\/wp\/v2\/pages\/262"}],"collection":[{"href":"https:\/\/blogsaverroes.juntadeandalucia.es\/iesazucarera\/wp-json\/wp\/v2\/pages"}],"about":[{"href":"https:\/\/blogsaverroes.juntadeandalucia.es\/iesazucarera\/wp-json\/wp\/v2\/types\/page"}],"author":[{"embeddable":true,"href":"https:\/\/blogsaverroes.juntadeandalucia.es\/iesazucarera\/wp-json\/wp\/v2\/users\/7051"}],"replies":[{"embeddable":true,"href":"https:\/\/blogsaverroes.juntadeandalucia.es\/iesazucarera\/wp-json\/wp\/v2\/comments?post=262"}],"version-history":[{"count":10,"href":"https:\/\/blogsaverroes.juntadeandalucia.es\/iesazucarera\/wp-json\/wp\/v2\/pages\/262\/revisions"}],"predecessor-version":[{"id":855,"href":"https:\/\/blogsaverroes.juntadeandalucia.es\/iesazucarera\/wp-json\/wp\/v2\/pages\/262\/revisions\/855"}],"wp:attachment":[{"href":"https:\/\/blogsaverroes.juntadeandalucia.es\/iesazucarera\/wp-json\/wp\/v2\/media?parent=262"}],"curies":[{"name":"wp","href":"https:\/\/api.w.org\/{rel}","templated":true}]}}