{"id":55,"date":"2020-01-10T09:42:57","date_gmt":"2020-01-10T08:42:57","guid":{"rendered":"http:\/\/blogsaverroes.juntadeandalucia.es\/pre\/nuevoies2v2\/?page_id=55"},"modified":"2025-04-25T09:07:00","modified_gmt":"2025-04-25T08:07:00","slug":"planes-y-proyectos","status":"publish","type":"page","link":"https:\/\/blogsaverroes.juntadeandalucia.es\/iesazucarera\/planes-y-proyectos\/","title":{"rendered":"Planes y Proyectos"},"content":{"rendered":"<p>[et_pb_section fb_built=&#8221;1&#8243; _builder_version=&#8221;4.16&#8243; global_colors_info=&#8221;{}&#8221;][et_pb_row _builder_version=&#8221;4.16&#8243; background_size=&#8221;initial&#8221; background_position=&#8221;top_left&#8221; background_repeat=&#8221;repeat&#8221; global_colors_info=&#8221;{}&#8221;][et_pb_column type=&#8221;4_4&#8243; _builder_version=&#8221;4.16&#8243; custom_padding=&#8221;|||&#8221; global_colors_info=&#8221;{}&#8221; custom_padding__hover=&#8221;|||&#8221;][et_pb_image src=&#8221;https:\/\/blogsaverroes.juntadeandalucia.es\/iesazucarera\/files\/2025\/01\/Banner-para-Docs-Plan-de-Estudios-Moderno-Colorido.png&#8221; title_text=&#8221;Banner para Docs Plan de Estudios Moderno Colorido&#8221; _builder_version=&#8221;4.24.2&#8243; vertical_offset_tablet=&#8221;0&#8243; horizontal_offset_tablet=&#8221;0&#8243; z_index_tablet=&#8221;500&#8243; box_shadow_horizontal_tablet=&#8221;0px&#8221; box_shadow_vertical_tablet=&#8221;0px&#8221; box_shadow_blur_tablet=&#8221;40px&#8221; box_shadow_spread_tablet=&#8221;0px&#8221; global_colors_info=&#8221;{}&#8221;][\/et_pb_image][et_pb_text admin_label=&#8221;Texto descriptivo&#8221; _builder_version=&#8221;4.24.2&#8243; hover_enabled=&#8221;0&#8243; z_index_tablet=&#8221;500&#8243; text_text_shadow_horizontal_length_tablet=&#8221;0px&#8221; text_text_shadow_vertical_length_tablet=&#8221;0px&#8221; text_text_shadow_blur_strength_tablet=&#8221;1px&#8221; link_text_shadow_horizontal_length_tablet=&#8221;0px&#8221; link_text_shadow_vertical_length_tablet=&#8221;0px&#8221; link_text_shadow_blur_strength_tablet=&#8221;1px&#8221; ul_text_shadow_horizontal_length_tablet=&#8221;0px&#8221; ul_text_shadow_vertical_length_tablet=&#8221;0px&#8221; ul_text_shadow_blur_strength_tablet=&#8221;1px&#8221; ol_text_shadow_horizontal_length_tablet=&#8221;0px&#8221; ol_text_shadow_vertical_length_tablet=&#8221;0px&#8221; ol_text_shadow_blur_strength_tablet=&#8221;1px&#8221; quote_text_shadow_horizontal_length_tablet=&#8221;0px&#8221; quote_text_shadow_vertical_length_tablet=&#8221;0px&#8221; quote_text_shadow_blur_strength_tablet=&#8221;1px&#8221; header_text_shadow_horizontal_length_tablet=&#8221;0px&#8221; header_text_shadow_vertical_length_tablet=&#8221;0px&#8221; header_text_shadow_blur_strength_tablet=&#8221;1px&#8221; header_2_text_shadow_horizontal_length_tablet=&#8221;0px&#8221; header_2_text_shadow_vertical_length_tablet=&#8221;0px&#8221; header_2_text_shadow_blur_strength_tablet=&#8221;1px&#8221; header_3_text_shadow_horizontal_length_tablet=&#8221;0px&#8221; header_3_text_shadow_vertical_length_tablet=&#8221;0px&#8221; header_3_text_shadow_blur_strength_tablet=&#8221;1px&#8221; header_4_text_shadow_horizontal_length_tablet=&#8221;0px&#8221; header_4_text_shadow_vertical_length_tablet=&#8221;0px&#8221; header_4_text_shadow_blur_strength_tablet=&#8221;1px&#8221; header_5_text_shadow_horizontal_length_tablet=&#8221;0px&#8221; header_5_text_shadow_vertical_length_tablet=&#8221;0px&#8221; header_5_text_shadow_blur_strength_tablet=&#8221;1px&#8221; header_6_text_shadow_horizontal_length_tablet=&#8221;0px&#8221; header_6_text_shadow_vertical_length_tablet=&#8221;0px&#8221; header_6_text_shadow_blur_strength_tablet=&#8221;1px&#8221; box_shadow_horizontal_tablet=&#8221;0px&#8221; box_shadow_vertical_tablet=&#8221;0px&#8221; box_shadow_blur_tablet=&#8221;40px&#8221; box_shadow_spread_tablet=&#8221;0px&#8221; global_colors_info=&#8221;{}&#8221; sticky_enabled=&#8221;0&#8243;]<\/p>\n<p>En esta secci\u00f3n encontrar\u00e1s todos los recursos, formularios y documentos necesarios para gestionar tr\u00e1mites, acceder a informaci\u00f3n oficial y mantenerte al d\u00eda con las pol\u00edticas y procedimientos del centro. Descarga los archivos directamente y consulta cualquier duda con nuestro equipo.<\/p>\n<p><strong>DOCUMENTOS DE PLAN DE CENTRO 24 &#8211; 28<\/strong><\/p>\n<ul>\n<li><a href=\"https:\/\/blogsaverroes.juntadeandalucia.es\/iesazucarera\/files\/2024\/11\/REGLAMENTO-DE-ORGANIZACION-Y-FUNCIONAMIENTO-MODIFICACIONES-24-25.pdf\">REGLAMENTO DE ORGANIZACIO\u0301N Y FUNCIONAMIENTO MODIFICACIONES 24-25<\/a><\/li>\n<li><a href=\"https:\/\/blogsaverroes.juntadeandalucia.es\/iesazucarera\/files\/2024\/11\/PROYECTO-DE-GESTION-24-25.pdf\">PROYECTO DE GESTIO\u0301N 24-25<\/a><\/li>\n<li><a href=\"https:\/\/blogsaverroes.juntadeandalucia.es\/iesazucarera\/files\/2024\/11\/PROTOCOLO-DE-GUARDIAS-24-25.pdf\">PROTOCOLO DE GUARDIAS 24-25<\/a><\/li>\n<li><a href=\"https:\/\/blogsaverroes.juntadeandalucia.es\/iesazucarera\/files\/2024\/11\/Protocolo-de-actividades-extraescolares.pdf\">Protocolo de actividades extraescolares<\/a><\/li>\n<li><a href=\"https:\/\/blogsaverroes.juntadeandalucia.es\/iesazucarera\/files\/2024\/11\/PROPUESTAS-DE-MEJORA-2024-25.pdf\">PROPUESTAS DE MEJORA 2024-25<\/a><\/li>\n<li><a href=\"https:\/\/blogsaverroes.juntadeandalucia.es\/iesazucarera\/files\/2024\/11\/POAT-24-25Departamento-Orientacion.pdf\">POAT 24-25Departamento Orientacio\u0301n<\/a><\/li>\n<li><a href=\"https:\/\/blogsaverroes.juntadeandalucia.es\/iesazucarera\/files\/2024\/11\/Plan-de-Formacion-IES-Nuevo.-2024_25.pdf\">Plan de Formacio\u0301n IES Nuevo. 2024_25<\/a><\/li>\n<li><a href=\"https:\/\/blogsaverroes.juntadeandalucia.es\/iesazucarera\/files\/2024\/11\/PLAN-DE-CONVIVENCIA.-IES-AZUCARERA-24-25-pdf.pdf\">PLAN DE CONVIVENCIA. IES AZUCARERA 24-25 pdf<\/a><\/li>\n<li><a href=\"https:\/\/blogsaverroes.juntadeandalucia.es\/iesazucarera\/files\/2024\/11\/PLAN-DE-AUTOPROTECCION.pdf\">PLAN DE AUTOPROTECCI\u00d3N<\/a><\/li>\n<\/ul>\n<p>&nbsp;<\/p>\n<p><strong>PROGRAMACIONES DID\u00c1CTICAS<\/strong><\/p>\n<ul>\n<li>Las distintas programaciones de cada departamento las puedes encontrar <a href=\"https:\/\/drive.google.com\/drive\/folders\/1oSlhwYu2LQ5vw4oYu4tSe-x4PDhoB11d?usp=sharing\">aqu\u00ed&nbsp;<\/a><\/li>\n<\/ul>\n<p>&nbsp;<\/p>\n<h2><strong>PLANES Y PROYECTOS<\/strong><\/h2>\n<ul>\n<li>Plan de igualdad entre hombres y mujeres en la educaci\u00f3n.<\/li>\n<li>Escuela Espacio de Paz.<\/li>\n<li>Convivencia Escolar.<\/li>\n<li>PROA<\/li>\n<li>Programa de centro biling\u00fce &#8211; Ingl\u00e9s.<\/li>\n<li>Escuela TIC 2.0<\/li>\n<li>Plan de Lectura<\/li>\n<li>Plan de fomento del razonamiento matem\u00e1tico<\/li>\n<li>Plan de Autoprotecci\u00f3n<\/li>\n<li>Plan de Acci\u00f3n Tutorial<\/li>\n<\/ul>\n<p>&nbsp;<\/p>\n<p><span style=\"font-size: 18pt\">&nbsp;<strong>GRUPOS DE TRABAJO<\/strong><\/span><\/p>\n<ul>\n<li><span style=\"font-weight: 400\">Trabajo cooperativo y educaci\u00f3n emocional a trav\u00e9s de la acci\u00f3n tutorial para la convivencia<\/span><\/li>\n<li><span style=\"font-weight: 400\">Recreos l\u00fadicos<\/span><\/li>\n<\/ul>\n<p>&nbsp;<\/p>\n<p>[\/et_pb_text][\/et_pb_column][\/et_pb_row][\/et_pb_section]<\/p>\n","protected":false},"excerpt":{"rendered":"<p>En esta secci\u00f3n encontrar\u00e1s todos los recursos, formularios y documentos necesarios para gestionar tr\u00e1mites, acceder a informaci\u00f3n oficial y mantenerte al d\u00eda con las pol\u00edticas y procedimientos del centro. Descarga los archivos directamente y consulta cualquier duda con nuestro equipo. DOCUMENTOS DE PLAN DE CENTRO 24 &#8211; 28 REGLAMENTO DE ORGANIZACIO\u0301N Y FUNCIONAMIENTO MODIFICACIONES 24-25 [&hellip;]<\/p>\n","protected":false},"author":7051,"featured_media":0,"parent":0,"menu_order":0,"comment_status":"closed","ping_status":"closed","template":"","meta":{"_et_pb_use_builder":"on","_et_pb_old_content":"","_et_gb_content_width":"","ngg_post_thumbnail":0,"footnotes":""},"aioseo_notices":[],"_links":{"self":[{"href":"https:\/\/blogsaverroes.juntadeandalucia.es\/iesazucarera\/wp-json\/wp\/v2\/pages\/55"}],"collection":[{"href":"https:\/\/blogsaverroes.juntadeandalucia.es\/iesazucarera\/wp-json\/wp\/v2\/pages"}],"about":[{"href":"https:\/\/blogsaverroes.juntadeandalucia.es\/iesazucarera\/wp-json\/wp\/v2\/types\/page"}],"author":[{"embeddable":true,"href":"https:\/\/blogsaverroes.juntadeandalucia.es\/iesazucarera\/wp-json\/wp\/v2\/users\/7051"}],"replies":[{"embeddable":true,"href":"https:\/\/blogsaverroes.juntadeandalucia.es\/iesazucarera\/wp-json\/wp\/v2\/comments?post=55"}],"version-history":[{"count":7,"href":"https:\/\/blogsaverroes.juntadeandalucia.es\/iesazucarera\/wp-json\/wp\/v2\/pages\/55\/revisions"}],"predecessor-version":[{"id":961,"href":"https:\/\/blogsaverroes.juntadeandalucia.es\/iesazucarera\/wp-json\/wp\/v2\/pages\/55\/revisions\/961"}],"wp:attachment":[{"href":"https:\/\/blogsaverroes.juntadeandalucia.es\/iesazucarera\/wp-json\/wp\/v2\/media?parent=55"}],"curies":[{"name":"wp","href":"https:\/\/api.w.org\/{rel}","templated":true}]}}