{"id":561,"date":"2024-11-15T19:14:21","date_gmt":"2024-11-15T18:14:21","guid":{"rendered":"https:\/\/blogsaverroes.juntadeandalucia.es\/iesazucarera\/?page_id=561"},"modified":"2025-09-16T20:44:08","modified_gmt":"2025-09-16T19:44:08","slug":"organizacion","status":"publish","type":"page","link":"https:\/\/blogsaverroes.juntadeandalucia.es\/iesazucarera\/organizacion\/","title":{"rendered":"Organizaci\u00f3n"},"content":{"rendered":"<p style=\"text-align: left\">En esta secci\u00f3n encontrar\u00e1s informaci\u00f3n detallada sobre la estructura y funcionamiento del centro.<\/p>\n<p style=\"text-align: left\"><strong>EQUIPO DIRECTIVO<\/strong><\/p>\n<p style=\"text-align: left\"><span style=\"color: #800080\"><strong>Directora:<\/strong><\/span> Gonz\u00e1lez P\u00e9rez, Carmen Rosario<\/p>\n<p style=\"text-align: left\"><span style=\"color: #800080\"><strong>Jefa de Estudios: <\/strong><\/span>Mart\u00ednez \u00dabeda, Mar\u00eda de los \u00c1ngeles<\/p>\n<p><span style=\"color: #800080\"><strong>Secretaria:&nbsp; <\/strong><\/span>Mart\u00ednez Carrillo, Mar\u00eda del Mar<\/p>\n<p style=\"text-align: left\"><strong>CLAUSTRO<\/strong><\/p>\n<table class=\"alignleft\" dir=\"ltr\" style=\"width: 95.7806%\" border=\"1\" cellspacing=\"0\" cellpadding=\"0\" data-sheets-root=\"1\" data-sheets-baot=\"1\">\n<colgroup>\n<col width=\"254\">\n<col width=\"271\"><\/colgroup>\n<tbody>\n<tr>\n<td style=\"padding-left: 40px;width: 49.8969%\"><strong><span style=\"color: #800080\">Profesor\/a<\/span><\/strong><\/td>\n<td style=\"padding-left: 40px;width: 55.9744%\"><strong><span style=\"color: #800080\">Departamento<\/span><\/strong><\/td>\n<\/tr>\n<tr style=\"padding-left: 40px\">\n<td style=\"padding-left: 40px;width: 49.8969%\">Arrabal Mart\u00edn, Juan Luis<\/td>\n<td style=\"padding-left: 40px;width: 55.9744%\">Geograf\u00eda e Historia (Ingl\u00e9s) P.E.S.<\/td>\n<\/tr>\n<tr style=\"padding-left: 40px\">\n<td style=\"padding-left: 40px;width: 49.8969%\">Ay\u00e9n Toro, \u00c1ngeles<\/td>\n<td style=\"padding-left: 40px;width: 55.9744%\">F\u00edsica y Qu\u00edmica (Ingl\u00e9s) P.E.S.<\/td>\n<\/tr>\n<tr style=\"padding-left: 40px\">\n<td style=\"padding-left: 40px;width: 49.8969%\">Ballesteros Alcantud, Mar\u00eda<\/td>\n<td style=\"padding-left: 40px;width: 55.9744%\">Ingl\u00e9s P.E.S.<\/td>\n<\/tr>\n<tr style=\"padding-left: 40px\">\n<td style=\"padding-left: 40px;width: 49.8969%\">Bernad Cobo, Julio<\/td>\n<td style=\"padding-left: 40px;width: 55.9744%\">Biolog\u00eda y Geolog\u00eda (Ingl\u00e9s) P.E.S.<\/td>\n<\/tr>\n<tr style=\"padding-left: 40px\">\n<td style=\"padding-left: 40px;width: 49.8969%\">Caravaca P\u00e9rez de Vargas, Roc\u00edo<\/td>\n<td style=\"padding-left: 40px;width: 55.9744%\">Ingl\u00e9s P.E.S.<\/td>\n<\/tr>\n<tr style=\"padding-left: 40px\">\n<td style=\"padding-left: 40px;width: 49.8969%\">C\u00e1rdenas C\u00e1diz, Raquel<\/td>\n<td style=\"padding-left: 40px;width: 55.9744%\">Lengua Castellana y Literatura P.E.S.<\/td>\n<\/tr>\n<tr style=\"padding-left: 40px\">\n<td style=\"padding-left: 40px;width: 49.8969%\">Cazallas S\u00e1nchez, Roc\u00edo<\/td>\n<td style=\"padding-left: 40px;width: 55.9744%\">Lengua Castellana y Literatura P.E.S.<\/td>\n<\/tr>\n<tr style=\"padding-left: 40px\">\n<td style=\"padding-left: 40px;width: 49.8969%\">Ceballos Perazzi, Nora Susana<\/td>\n<td style=\"padding-left: 40px;width: 55.9744%\">Contr. Lab.Evangelic. (Sec-Ere) 04 Horas<\/td>\n<\/tr>\n<tr style=\"padding-left: 40px\">\n<td style=\"padding-left: 40px;width: 49.8969%\">Cordero S\u00e1nchez, Francisco Miguel<\/td>\n<td style=\"padding-left: 40px;width: 55.9744%\">Interculturalidad<\/td>\n<\/tr>\n<tr style=\"padding-left: 40px\">\n<td style=\"padding-left: 40px;width: 49.8969%\">De la Fuente Hornillo, Irene<\/td>\n<td style=\"padding-left: 40px;width: 55.9744%\">Lengua Castellana y Literatura P.E.S.<\/td>\n<\/tr>\n<tr style=\"padding-left: 40px\">\n<td style=\"padding-left: 40px;width: 49.8969%\">Deweert Benz, Mari Michelle<\/td>\n<td style=\"padding-left: 40px;width: 55.9744%\">Pedagog\u00eda Terapeutica Eso<\/td>\n<\/tr>\n<tr style=\"padding-left: 40px\">\n<td style=\"padding-left: 40px;width: 49.8969%\">Escamilla Cuevas, Elena<\/td>\n<td style=\"padding-left: 40px;width: 55.9744%\">Lengua Castellana y Literatura P.E.S.<\/td>\n<\/tr>\n<tr style=\"padding-left: 40px\">\n<td style=\"padding-left: 40px;width: 49.8969%\">Espinosa Segura, Francisco<\/td>\n<td style=\"padding-left: 40px;width: 55.9744%\">Ingl\u00e9s P.E.S.<\/td>\n<\/tr>\n<tr style=\"padding-left: 40px\">\n<td style=\"padding-left: 40px;width: 49.8969%\">Fernandez Terr\u00f3n, Ana Estefan\u00eda<\/td>\n<td style=\"padding-left: 40px;width: 55.9744%\">Pedagog\u00eda Terapeutica Eso<\/td>\n<\/tr>\n<tr style=\"padding-left: 40px\">\n<td style=\"padding-left: 40px;width: 49.8969%\">Fiestas Castro, Jos\u00e9 Manuel<\/td>\n<td style=\"padding-left: 40px;width: 55.9744%\">Matem\u00e1ticas P.E.S.<\/td>\n<\/tr>\n<tr style=\"padding-left: 40px\">\n<td style=\"padding-left: 40px;width: 49.8969%\">Flores Ram\u00edrez, V\u00edctor<\/td>\n<td style=\"padding-left: 40px;width: 55.9744%\">Ingl\u00e9s P.E.S.<\/td>\n<\/tr>\n<tr style=\"padding-left: 40px\">\n<td style=\"padding-left: 40px;width: 49.8969%\">Fonseca Jim\u00e9nez, Concepci\u00f3n Mar\u00eda<\/td>\n<td style=\"padding-left: 40px;width: 55.9744%\">Contr. Lab. Religi\u00f3n (Sec-Ere) 02 Horas<\/td>\n<\/tr>\n<tr style=\"padding-left: 40px\">\n<td style=\"padding-left: 40px;width: 49.8969%\">G\u00e1lvez Villar, Dolores Mar\u00eda<\/td>\n<td style=\"padding-left: 40px;width: 55.9744%\">Pedagog\u00eda Terapeutica Eso<\/td>\n<\/tr>\n<tr style=\"padding-left: 40px\">\n<td style=\"padding-left: 40px;width: 49.8969%\">Garc\u00eda Guti\u00e9rrez, Ana Mar\u00eda<\/td>\n<td style=\"padding-left: 40px;width: 55.9744%\">M\u00fasica P.E.S.<\/td>\n<\/tr>\n<tr style=\"padding-left: 40px\">\n<td style=\"padding-left: 40px;width: 49.8969%\">Garc\u00eda Herrero, Enrique<\/td>\n<td style=\"padding-left: 40px;width: 55.9744%\">Tecnolog\u00eda P.E.S.<\/td>\n<\/tr>\n<tr style=\"padding-left: 40px\">\n<td style=\"padding-left: 40px;width: 49.8969%\">Garc\u00eda Prados, Enrique<\/td>\n<td style=\"padding-left: 40px;width: 55.9744%\">Geograf\u00eda e Historia (Ingl\u00e9s) P.E.S.<\/td>\n<\/tr>\n<tr style=\"padding-left: 40px\">\n<td style=\"padding-left: 40px;width: 49.8969%\">Gil Guerrero, Mar\u00eda \u00c1ngeles<\/td>\n<td style=\"padding-left: 40px;width: 55.9744%\">Contr. Lab. Religi\u00f3n (Sec-Ere) 02 Horas<\/td>\n<\/tr>\n<tr style=\"padding-left: 40px\">\n<td style=\"padding-left: 40px;width: 49.8969%\">Gonz\u00e1lez P\u00e9rez, Carmen Rosario<\/td>\n<td style=\"padding-left: 40px;width: 55.9744%\">Frances P.E.S.<\/td>\n<\/tr>\n<tr style=\"padding-left: 40px\">\n<td style=\"padding-left: 40px;width: 49.8969%\">Guti\u00e9rrez Posadas, Ana Mar\u00eda<\/td>\n<td style=\"padding-left: 40px;width: 55.9744%\">Lengua Castellana y Literatura P.E.S.<\/td>\n<\/tr>\n<tr style=\"padding-left: 40px\">\n<td style=\"padding-left: 40px;width: 49.8969%\">Linares Mu\u00f1oz, Marta<\/td>\n<td style=\"padding-left: 40px;width: 55.9744%\">Geograf\u00eda e Historia (Ingl\u00e9s) P.E.S.<\/td>\n<\/tr>\n<tr style=\"padding-left: 40px\">\n<td style=\"padding-left: 40px;width: 49.8969%\">L\u00f3pez Rodr\u00edguez, Jos\u00e9 Luis<\/td>\n<td style=\"padding-left: 40px;width: 55.9744%\">Inform\u00e1tica P.E.S.<\/td>\n<\/tr>\n<tr style=\"padding-left: 40px\">\n<td style=\"padding-left: 40px;width: 49.8969%\">L\u00f3pez Romero, Macarena<\/td>\n<td style=\"padding-left: 40px;width: 55.9744%\">Orientaci\u00f3n Educativa P.E.S.<\/td>\n<\/tr>\n<tr style=\"padding-left: 40px\">\n<td style=\"padding-left: 40px;width: 49.8969%\">L\u00f3pez Vaquero, Inmaculada<\/td>\n<td style=\"padding-left: 40px;width: 55.9744%\">F\u00edsica y Qu\u00edmica (Ingl\u00e9s) P.E.S.<\/td>\n<\/tr>\n<tr style=\"padding-left: 40px\">\n<td style=\"padding-left: 40px;width: 49.8969%\">Mart\u00ednez Carrillo, Mar\u00eda del Mar<\/td>\n<td style=\"padding-left: 40px;width: 55.9744%\">Frances P.E.S.<\/td>\n<\/tr>\n<tr style=\"padding-left: 40px\">\n<td style=\"padding-left: 40px;width: 49.8969%\">Mart\u00ednez L\u00f3pez, Ayla<\/td>\n<td style=\"padding-left: 40px;width: 55.9744%\">Matem\u00e1ticas P.E.S.<\/td>\n<\/tr>\n<tr style=\"padding-left: 40px\">\n<td style=\"padding-left: 40px;width: 49.8969%\">Mart\u00ednez \u00dabeda, Mar\u00eda de los \u00c1ngeles<\/td>\n<td style=\"padding-left: 40px;width: 55.9744%\">Ingl\u00e9s P.E.S.<\/td>\n<\/tr>\n<tr style=\"padding-left: 40px\">\n<td style=\"padding-left: 40px;width: 49.8969%\">Meg\u00edas Corpas, Naomi<\/td>\n<td style=\"padding-left: 40px;width: 55.9744%\">Matem\u00e1ticas P.E.S.<\/td>\n<\/tr>\n<tr style=\"padding-left: 40px\">\n<td style=\"padding-left: 40px;width: 49.8969%\">Molina Moreno, Marina<\/td>\n<td style=\"padding-left: 40px;width: 55.9744%\">Matem\u00e1ticas P.E.S.<\/td>\n<\/tr>\n<tr style=\"padding-left: 40px\">\n<td style=\"padding-left: 40px;width: 49.8969%\">Morales L\u00f3pez, Mar\u00eda Vanessa<\/td>\n<td style=\"padding-left: 40px;width: 55.9744%\">Matem\u00e1ticas P.E.S.<\/td>\n<\/tr>\n<tr style=\"padding-left: 40px\">\n<td style=\"padding-left: 40px;width: 49.8969%\">Palomo Reina, Mar\u00eda Carmen<\/td>\n<td style=\"padding-left: 40px;width: 55.9744%\">Dibujo P.E.S.<\/td>\n<\/tr>\n<tr style=\"padding-left: 40px\">\n<td style=\"padding-left: 40px;width: 49.8969%\">Postigo P\u00e9rez, Juan Carlos<\/td>\n<td style=\"padding-left: 40px;width: 55.9744%\">Educaci\u00f3n F\u00edsica (Ingl\u00e9s) P.E.S.<\/td>\n<\/tr>\n<tr style=\"padding-left: 40px\">\n<td style=\"padding-left: 40px;width: 49.8969%\">Robles Serrano, Luc\u00eda<\/td>\n<td style=\"padding-left: 40px;width: 55.9744%\">Biolog\u00eda y Geolog\u00eda (Ingl\u00e9s) P.E.S.<\/td>\n<\/tr>\n<tr style=\"padding-left: 40px\">\n<td style=\"padding-left: 40px;width: 49.8969%\">Rodr\u00edguez Reyes, Cristina<\/td>\n<td style=\"padding-left: 40px;width: 55.9744%\">Geograf\u00eda e Historia (Ingl\u00e9s) P.E.S.<\/td>\n<\/tr>\n<tr style=\"padding-left: 40px\">\n<td style=\"padding-left: 40px;width: 49.8969%\">Sanz-Daza Troyano, Francisco Andr\u00e9s<\/td>\n<td style=\"padding-left: 40px;width: 55.9744%\">Educaci\u00f3n F\u00edsica (Ingl\u00e9s) P.E.S.<\/td>\n<\/tr>\n<tr style=\"padding-left: 40px\">\n<td style=\"padding-left: 40px;width: 49.8969%\">Subires Fernandez, Nazaret<\/td>\n<td style=\"padding-left: 40px;width: 55.9744%\">Lengua Castellana y Literatura P.E.S.<\/td>\n<\/tr>\n<tr style=\"padding-left: 40px\">\n<td style=\"padding-left: 40px;width: 49.8969%\">Vargas Casasola, Esperanza<\/td>\n<td style=\"padding-left: 40px;width: 55.9744%\">Pedagog\u00eda Terapeutica Eso<\/td>\n<\/tr>\n<\/tbody>\n<\/table>\n<p style=\"text-align: left;padding-left: 40px\">&nbsp;<\/p>\n","protected":false},"excerpt":{"rendered":"<p>En esta secci\u00f3n encontrar\u00e1s informaci\u00f3n detallada sobre la estructura y funcionamiento del centro. EQUIPO DIRECTIVO Directora: Gonz\u00e1lez P\u00e9rez, Carmen Rosario Jefa de Estudios: Mart\u00ednez \u00dabeda, Mar\u00eda de los \u00c1ngeles Secretaria:&nbsp; Mart\u00ednez Carrillo, Mar\u00eda del Mar CLAUSTRO Profesor\/a Departamento Arrabal Mart\u00edn, Juan Luis Geograf\u00eda e Historia (Ingl\u00e9s) P.E.S. Ay\u00e9n Toro, \u00c1ngeles F\u00edsica y Qu\u00edmica (Ingl\u00e9s) P.E.S. [&hellip;]<\/p>\n","protected":false},"author":5854,"featured_media":0,"parent":0,"menu_order":0,"comment_status":"closed","ping_status":"closed","template":"","meta":{"_et_pb_use_builder":"","_et_pb_old_content":"","_et_gb_content_width":"","ngg_post_thumbnail":0,"footnotes":""},"aioseo_notices":[],"_links":{"self":[{"href":"https:\/\/blogsaverroes.juntadeandalucia.es\/iesazucarera\/wp-json\/wp\/v2\/pages\/561"}],"collection":[{"href":"https:\/\/blogsaverroes.juntadeandalucia.es\/iesazucarera\/wp-json\/wp\/v2\/pages"}],"about":[{"href":"https:\/\/blogsaverroes.juntadeandalucia.es\/iesazucarera\/wp-json\/wp\/v2\/types\/page"}],"author":[{"embeddable":true,"href":"https:\/\/blogsaverroes.juntadeandalucia.es\/iesazucarera\/wp-json\/wp\/v2\/users\/5854"}],"replies":[{"embeddable":true,"href":"https:\/\/blogsaverroes.juntadeandalucia.es\/iesazucarera\/wp-json\/wp\/v2\/comments?post=561"}],"version-history":[{"count":8,"href":"https:\/\/blogsaverroes.juntadeandalucia.es\/iesazucarera\/wp-json\/wp\/v2\/pages\/561\/revisions"}],"predecessor-version":[{"id":660,"href":"https:\/\/blogsaverroes.juntadeandalucia.es\/iesazucarera\/wp-json\/wp\/v2\/pages\/561\/revisions\/660"}],"wp:attachment":[{"href":"https:\/\/blogsaverroes.juntadeandalucia.es\/iesazucarera\/wp-json\/wp\/v2\/media?parent=561"}],"curies":[{"name":"wp","href":"https:\/\/api.w.org\/{rel}","templated":true}]}}