{"id":852,"date":"2025-01-26T19:02:31","date_gmt":"2025-01-26T18:02:31","guid":{"rendered":"https:\/\/blogsaverroes.juntadeandalucia.es\/iesazucarera\/?page_id=852"},"modified":"2025-05-27T20:20:49","modified_gmt":"2025-05-27T19:20:49","slug":"expo-digital","status":"publish","type":"page","link":"https:\/\/blogsaverroes.juntadeandalucia.es\/iesazucarera\/expo-digital\/","title":{"rendered":"Trabajos y proyectos del alumnado"},"content":{"rendered":"<p>En este apartado encontrar\u00e1s una selecci\u00f3n de los trabajos m\u00e1s destacados desarrollados en nuestras distintas materias. Aqu\u00ed se muestran tanto los proyectos digitales, donde la tecnolog\u00eda y el arte se fusionan para dar vida a innovadoras propuestas, como los trabajos manuales, que reflejan el valor de la creatividad artesanal y el trabajo a mano.<\/p>\n<p>Este escaparate no solo celebra los logros acad\u00e9micos, sino que tambi\u00e9n promueve un aprendizaje interdisciplinar, demostrando que el conocimiento se expresa de m\u00faltiples maneras.<\/p>\n<p>Cada creaci\u00f3n es un reflejo del esfuerzo, la imaginaci\u00f3n y el compromiso de nuestros estudiantes. Te invitamos a recorrer este espacio y a dejarte sorprender por la diversidad y la calidad de los proyectos presentados.<\/p>\n<h3><strong>DIGITALES<\/strong><\/h3>\n<ul>\n<li><strong>3\u00ba DIVER: \u00c1mbito Cient\u00edfico &#8211; Tecnol\u00f3gico<\/strong>&nbsp;\n<ul>\n<li><a href=\"https:\/\/www.canva.com\/design\/DAGd5Qi5ng0\/uJd77CUBbJNfDcz3b0-d3g\/edit?utm_content=DAGd5Qi5ng0&amp;utm_campaign=designshare&amp;utm_medium=link2&amp;utm_source=sharebutton\"><span class=\"OYPEnA font-feature-liga-off font-feature-clig-off font-feature-calt-off text-decoration-none text-strikethrough-none\">\u00bfTODOS LOS INSECTOS SON PERJUDICIALES?<\/span><\/a><\/li>\n<li><a href=\"https:\/\/www.canva.com\/design\/DAGd5bbo_Uw\/3KS-8ULNDtzLwjUyMn4NIQ\/view?utm_content=DAGd5bbo_Uw&amp;utm_campaign=designshare&amp;utm_medium=link2&amp;utm_source=uniquelinks&amp;utlId=h4e794d2392\">\u00bfTIENEN INTELIGENCIA LAS PLANTAS?<\/a><\/li>\n<\/ul>\n<\/li>\n<li><strong>2\u00ba ESO: Matem\u00e1ticas<\/strong>\n<ul>\n<li><a href=\"https:\/\/drive.google.com\/drive\/folders\/10Nl1pzFye_2S679sG4JCkovod-cfEBsT?usp=sharing\">11 F: INFOGRAF\u00cdA DE MUJERES CIENT\u00cdFICAS<\/a><\/li>\n<\/ul>\n<\/li>\n<\/ul>\n<h3>&nbsp;<\/h3>\n<h3>&nbsp;<\/h3>\n<h3><strong>ARTESANALES<\/strong><\/h3>\n<p>&nbsp;<\/p>\n<ul>\n<li><strong>1\u00ba y 3\u00ba: Educaci\u00f3n Pl\u00e1stica y Visual<\/strong>\n<ul>\n<li><a href=\"https:\/\/blogsaverroes.juntadeandalucia.es\/iesazucarera\/files\/2025\/02\/WhatsApp-Image-2025-01-31-at-12.15.05.jpeg\">ORFISMO: SONIA DELAUNAY<\/a><\/li>\n<\/ul>\n<\/li>\n<li><strong>4\u00ba : Expresi\u00f3n Art\u00edstica<\/strong>\n<ul>\n<li><a href=\"https:\/\/www.instagram.com\/p\/DFaYknbIfn0\/?utm_source=ig_web_copy_link&amp;igsh=MzRlODBiNWFlZA==\">JUEGOS DE MESA<\/a><\/li>\n<\/ul>\n<\/li>\n<\/ul>\n","protected":false},"excerpt":{"rendered":"<p>Expo Digital es el espacio donde se exhiben los trabajos digitales m\u00e1s destacados realizados por el alumnado en distintas materias. Este escaparate muestra creatividad, innovaci\u00f3n y aprendizaje interdisciplinar, destacando el talento y el esfuerzo de nuestros estudiantes.<\/p>\n","protected":false},"author":5854,"featured_media":0,"parent":0,"menu_order":0,"comment_status":"closed","ping_status":"closed","template":"","meta":{"_et_pb_use_builder":"off","_et_pb_old_content":"","_et_gb_content_width":"","ngg_post_thumbnail":0,"footnotes":""},"aioseo_notices":[],"_links":{"self":[{"href":"https:\/\/blogsaverroes.juntadeandalucia.es\/iesazucarera\/wp-json\/wp\/v2\/pages\/852"}],"collection":[{"href":"https:\/\/blogsaverroes.juntadeandalucia.es\/iesazucarera\/wp-json\/wp\/v2\/pages"}],"about":[{"href":"https:\/\/blogsaverroes.juntadeandalucia.es\/iesazucarera\/wp-json\/wp\/v2\/types\/page"}],"author":[{"embeddable":true,"href":"https:\/\/blogsaverroes.juntadeandalucia.es\/iesazucarera\/wp-json\/wp\/v2\/users\/5854"}],"replies":[{"embeddable":true,"href":"https:\/\/blogsaverroes.juntadeandalucia.es\/iesazucarera\/wp-json\/wp\/v2\/comments?post=852"}],"version-history":[{"count":22,"href":"https:\/\/blogsaverroes.juntadeandalucia.es\/iesazucarera\/wp-json\/wp\/v2\/pages\/852\/revisions"}],"predecessor-version":[{"id":967,"href":"https:\/\/blogsaverroes.juntadeandalucia.es\/iesazucarera\/wp-json\/wp\/v2\/pages\/852\/revisions\/967"}],"wp:attachment":[{"href":"https:\/\/blogsaverroes.juntadeandalucia.es\/iesazucarera\/wp-json\/wp\/v2\/media?parent=852"}],"curies":[{"name":"wp","href":"https:\/\/api.w.org\/{rel}","templated":true}]}}