{"id":871,"date":"2025-02-01T22:29:40","date_gmt":"2025-02-01T21:29:40","guid":{"rendered":"https:\/\/blogsaverroes.juntadeandalucia.es\/iesazucarera\/?page_id=871"},"modified":"2025-02-02T00:20:36","modified_gmt":"2025-02-01T23:20:36","slug":"tutoriales","status":"publish","type":"page","link":"https:\/\/blogsaverroes.juntadeandalucia.es\/iesazucarera\/tutoriales\/","title":{"rendered":"Tutoriales"},"content":{"rendered":"<p>[et_pb_section fb_built=&#8221;1&#8243; _builder_version=&#8221;4.24.2&#8243; _module_preset=&#8221;default&#8221; global_colors_info=&#8221;{}&#8221;][et_pb_row column_structure=&#8221;1_2,1_2&#8243; _builder_version=&#8221;4.24.2&#8243; _module_preset=&#8221;default&#8221; global_colors_info=&#8221;{}&#8221;][et_pb_column type=&#8221;1_2&#8243; _builder_version=&#8221;4.24.2&#8243; _module_preset=&#8221;default&#8221; global_colors_info=&#8221;{}&#8221;][et_pb_heading title=&#8221;Tutoriales Ipasen &#8221; _builder_version=&#8221;4.24.2&#8243; _module_preset=&#8221;default&#8221; global_colors_info=&#8221;{}&#8221;][\/et_pb_heading][et_pb_text _builder_version=&#8221;4.24.2&#8243; _module_preset=&#8221;default&#8221; global_colors_info=&#8221;{}&#8221;]<\/p>\n<ol>\n<li><a href=\"https:\/\/youtu.be\/TBImswAkI4c?si=WbxBdg4_DAkQp7Eo\">Introducci\u00f3n a iPasen<\/a><\/li>\n<li><a href=\"https:\/\/youtu.be\/33A9Mwfead8?si=Y_uJMtNgUDgbneLW\">Comunicaci\u00f3n con el centro y profesorado<\/a><\/li>\n<li><a href=\"https:\/\/youtu.be\/OWqEbzmfalM?si=Qj0_5s64Up12Qnkz\">Perfil del alumnado<\/a><\/li>\n<li><a href=\"https:\/\/youtu.be\/lvz23_lRJG4?si=5hXXGtAoy398ihUH\">Tr\u00e1mites y Gestiones<\/a><\/li>\n<li><a href=\"https:\/\/youtu.be\/6k1zUEQolh4?si=FN8_wdxe8wfbahtm\">Pasen web<\/a><\/li>\n<\/ol>\n<p>[\/et_pb_text][\/et_pb_column][et_pb_column type=&#8221;1_2&#8243; _builder_version=&#8221;4.24.2&#8243; _module_preset=&#8221;default&#8221; global_colors_info=&#8221;{}&#8221;][et_pb_heading title=&#8221;Tutoriales S\u00e9neca &#8221; _builder_version=&#8221;4.24.2&#8243; _module_preset=&#8221;default&#8221; global_colors_info=&#8221;{}&#8221;][\/et_pb_heading][et_pb_text _builder_version=&#8221;4.24.2&#8243; _module_preset=&#8221;default&#8221; global_colors_info=&#8221;{}&#8221;]<\/p>\n<ol>\n<li><a href=\"https:\/\/youtu.be\/ery8C-wNsVc?si=5Bi7KXUTOsU3RXGw\">SUBIR LAS ACTAS DE EVALUACI\u00d3N COMO DOCUMENTO ADJUNTO<\/a><\/li>\n<li><a href=\"https:\/\/youtu.be\/TE_c3UwT2LE?si=iS-D9BmNEnv-cJiF\">GENERACI\u00d3N ANEXO I SOBRE LICENCIAS Y PERMISOS<\/a><\/li>\n<li><a href=\"https:\/\/youtu.be\/KN7jWHKptdA?si=uaY08F7ZykEe30Ft\">REALIZACI\u00d3N DE AUTORIZACIONES PARA SU FIRMA POR PARTE DE LAS FAMILIAS EN S\u00c9NECA<\/a><\/li>\n<li><a href=\"https:\/\/youtu.be\/LNI8Fd6gLOs?si=C6ey6hmS6iT4F_jk\">RELLENAR LOS INFORMES INDIVIDUALIZADOS DEL ALUMNADO<\/a><\/li>\n<li><a href=\"https:\/\/youtu.be\/C1UjDcDoya8?si=6smMb-O_UZJ7ToRV\">PUBLICAR LOS BOLETINES DE CALIFICACIONES EN EL PUNTO DE RECOGIDA<\/a><\/li>\n<li><a href=\"https:\/\/youtu.be\/WlQKNkF62O0?si=NKhO8kFZiqaHml5W\">COMPARTIR OBSERVACIONES CON LAS FAMILIAS EN LAS CALIFICACIONES TRIMESTRALES<\/a><\/li>\n<li><a href=\"https:\/\/youtu.be\/N-yu-HPeVww?si=WMjWQ1JdwaNhHkeO\">REALIZAR LA CARGA DE GRUPOS DEL ALUMNADO<\/a><\/li>\n<li><a href=\"https:\/\/youtu.be\/w_rEvuF85ns?si=Zry5cynE20YviSlu\">REGISTRAR AL DELEGADO\/A DE LAS FAMILIAS<\/a><\/li>\n<li><a href=\"https:\/\/youtu.be\/XVvmeWd7V7o?si=G3ISfcdpFu2tWE0G\">C\u00d3MO FIRMAR DOCUMENTOS EN S\u00c9NECA<\/a><\/li>\n<li><a href=\"https:\/\/youtu.be\/-8CNglYVynM?si=81r8PA--gLOPPdYV\">CREAR CONTRASE\u00d1AS CLASSROOM PARA ALUMNOS<\/a><\/li>\n<li><a href=\"https:\/\/youtu.be\/tTsGpX6mr04?si=9rMpdH-orshiwXhC\">CURSO CUADERNO S\u00c9NECA<\/a><\/li>\n<li><a href=\"https:\/\/youtu.be\/OCm_WlA3ZCA?si=CeJRZe8Hx-luaRIJ\">CREAR PROGRAMA DE REFUERZO EN S\u00c9NECA<\/a><\/li>\n<\/ol>\n<p>[\/et_pb_text][\/et_pb_column][\/et_pb_row][et_pb_row _builder_version=&#8221;4.24.2&#8243; _module_preset=&#8221;default&#8221; global_colors_info=&#8221;{}&#8221;][et_pb_column type=&#8221;4_4&#8243; _builder_version=&#8221;4.24.2&#8243; _module_preset=&#8221;default&#8221; global_colors_info=&#8221;{}&#8221;][et_pb_heading title=&#8221;OTRAS APLICACIONES&#8221; _builder_version=&#8221;4.24.2&#8243; _module_preset=&#8221;default&#8221; global_colors_info=&#8221;{}&#8221;][\/et_pb_heading][et_pb_text _builder_version=&#8221;4.24.2&#8243; _module_preset=&#8221;default&#8221; global_colors_info=&#8221;{}&#8221;]<\/p>\n<ul>\n<li><a href=\"https:\/\/youtu.be\/RlGCUzKLO1Y?si=ltp36rKpkE5t_441\">GOOGLE CLASSROOM para PROFESORES<\/a><\/li>\n<li><a href=\"https:\/\/youtu.be\/myq4pCEo6Nw?si=i1Vd9XolFbhtRdhJ\">USO CANVA PREMIUM CON CUENTA GSUITE S\u00c9NECA<\/a><\/li>\n<\/ul>\n<p>[\/et_pb_text][\/et_pb_column][\/et_pb_row][\/et_pb_section]<\/p>\n","protected":false},"excerpt":{"rendered":"<p>Introducci\u00f3n a iPasen Comunicaci\u00f3n con el centro y profesorado Perfil del alumnado Tr\u00e1mites y Gestiones Pasen web SUBIR LAS ACTAS DE EVALUACI\u00d3N COMO DOCUMENTO ADJUNTO GENERACI\u00d3N ANEXO I SOBRE LICENCIAS Y PERMISOS REALIZACI\u00d3N DE AUTORIZACIONES PARA SU FIRMA POR PARTE DE LAS FAMILIAS EN S\u00c9NECA RELLENAR LOS INFORMES INDIVIDUALIZADOS DEL ALUMNADO PUBLICAR LOS BOLETINES DE [&hellip;]<\/p>\n","protected":false},"author":5854,"featured_media":0,"parent":0,"menu_order":0,"comment_status":"closed","ping_status":"closed","template":"","meta":{"_et_pb_use_builder":"on","_et_pb_old_content":"","_et_gb_content_width":"","ngg_post_thumbnail":0,"footnotes":""},"aioseo_notices":[],"_links":{"self":[{"href":"https:\/\/blogsaverroes.juntadeandalucia.es\/iesazucarera\/wp-json\/wp\/v2\/pages\/871"}],"collection":[{"href":"https:\/\/blogsaverroes.juntadeandalucia.es\/iesazucarera\/wp-json\/wp\/v2\/pages"}],"about":[{"href":"https:\/\/blogsaverroes.juntadeandalucia.es\/iesazucarera\/wp-json\/wp\/v2\/types\/page"}],"author":[{"embeddable":true,"href":"https:\/\/blogsaverroes.juntadeandalucia.es\/iesazucarera\/wp-json\/wp\/v2\/users\/5854"}],"replies":[{"embeddable":true,"href":"https:\/\/blogsaverroes.juntadeandalucia.es\/iesazucarera\/wp-json\/wp\/v2\/comments?post=871"}],"version-history":[{"count":9,"href":"https:\/\/blogsaverroes.juntadeandalucia.es\/iesazucarera\/wp-json\/wp\/v2\/pages\/871\/revisions"}],"predecessor-version":[{"id":901,"href":"https:\/\/blogsaverroes.juntadeandalucia.es\/iesazucarera\/wp-json\/wp\/v2\/pages\/871\/revisions\/901"}],"wp:attachment":[{"href":"https:\/\/blogsaverroes.juntadeandalucia.es\/iesazucarera\/wp-json\/wp\/v2\/media?parent=871"}],"curies":[{"name":"wp","href":"https:\/\/api.w.org\/{rel}","templated":true}]}}