{"id":41,"date":"2020-01-10T07:49:11","date_gmt":"2020-01-10T06:49:11","guid":{"rendered":"http:\/\/blogsaverroes.juntadeandalucia.es\/pre\/nuevoiesv2\/?page_id=41"},"modified":"2022-08-03T22:44:03","modified_gmt":"2022-08-03T20:44:03","slug":"inicio","status":"publish","type":"page","link":"https:\/\/blogsaverroes.juntadeandalucia.es\/iesbahiamarbella\/","title":{"rendered":"IES BAH\u00cdA MARBELLA"},"content":{"rendered":"<h1 style=\"text-align: center\">Bienvenidos\/as al espacio web del IES Bah\u00eda Marbella.<\/h1>\n<p style=\"text-align: center\">AQU\u00cd ENCONTRAR\u00c1S INFORMACI\u00d3N SOBRE NUESTRO CENTRO.<br \/>\n<img fetchpriority=\"high\" fetchpriority=\"high\" decoding=\"async\" class=\" wp-image-562 aligncenter\" src=\"https:\/\/blogsaverroes.juntadeandalucia.es\/iesbahiamarbella\/files\/2022\/07\/instituto-Rsn5dL4o1RzApe0KGV1gNbN-984x608@Diario-Sur-300x185.jpg\" alt=\"\" width=\"764\" height=\"471\"><\/p>\n","protected":false},"excerpt":{"rendered":"<p>Bienvenidos\/as al espacio web del IES Bah\u00eda Marbella. AQU\u00cd ENCONTRAR\u00c1S INFORMACI\u00d3N SOBRE NUESTRO CENTRO.<\/p>\n","protected":false},"author":13219,"featured_media":0,"parent":0,"menu_order":0,"comment_status":"closed","ping_status":"closed","template":"elementor_theme","meta":{"_et_pb_use_builder":"off","_et_pb_old_content":"","_et_gb_content_width":"","ngg_post_thumbnail":0,"footnotes":""},"aioseo_notices":[],"_links":{"self":[{"href":"https:\/\/blogsaverroes.juntadeandalucia.es\/iesbahiamarbella\/wp-json\/wp\/v2\/pages\/41"}],"collection":[{"href":"https:\/\/blogsaverroes.juntadeandalucia.es\/iesbahiamarbella\/wp-json\/wp\/v2\/pages"}],"about":[{"href":"https:\/\/blogsaverroes.juntadeandalucia.es\/iesbahiamarbella\/wp-json\/wp\/v2\/types\/page"}],"author":[{"embeddable":true,"href":"https:\/\/blogsaverroes.juntadeandalucia.es\/iesbahiamarbella\/wp-json\/wp\/v2\/users\/13219"}],"replies":[{"embeddable":true,"href":"https:\/\/blogsaverroes.juntadeandalucia.es\/iesbahiamarbella\/wp-json\/wp\/v2\/comments?post=41"}],"version-history":[{"count":31,"href":"https:\/\/blogsaverroes.juntadeandalucia.es\/iesbahiamarbella\/wp-json\/wp\/v2\/pages\/41\/revisions"}],"predecessor-version":[{"id":722,"href":"https:\/\/blogsaverroes.juntadeandalucia.es\/iesbahiamarbella\/wp-json\/wp\/v2\/pages\/41\/revisions\/722"}],"wp:attachment":[{"href":"https:\/\/blogsaverroes.juntadeandalucia.es\/iesbahiamarbella\/wp-json\/wp\/v2\/media?parent=41"}],"curies":[{"name":"wp","href":"https:\/\/api.w.org\/{rel}","templated":true}]}}