{"id":726,"date":"2022-08-03T22:54:59","date_gmt":"2022-08-03T20:54:59","guid":{"rendered":"https:\/\/blogsaverroes.juntadeandalucia.es\/iesbahiamarbella\/?page_id=726"},"modified":"2025-10-04T14:25:22","modified_gmt":"2025-10-04T12:25:22","slug":"informacion-para-auxiliares-bilingues","status":"publish","type":"page","link":"https:\/\/blogsaverroes.juntadeandalucia.es\/iesbahiamarbella\/informacion-para-auxiliares-bilingues\/","title":{"rendered":"BILING\u00dcISMO"},"content":{"rendered":"<p>INFORMACI\u00d3N DE NUESTRO CENTRO PARA LOS AUXILIARES DE CONVERSACI\u00d3N<\/p>\n<p>&nbsp;<\/p>\n<p>&nbsp;<\/p>\n<p><a title=\"Ficha informativa de centro\" href=\"https:\/\/drive.google.com\/file\/d\/1bWLa0doSytQAvmEuvreKJBu8LrvxhAXx\/view?usp=sharing\">Ficha Informativa de centro<\/a><\/p>\n<p><a title=\"Information Sheet for language assistants\" href=\"https:\/\/drive.google.com\/file\/d\/18rSL3xawXiVsbaYUpvpMHuK7iUPED4Cq\/view?usp=drive_link\">Information Sheet<\/a><\/p>\n<p>&nbsp;<\/p>\n<p><a title=\"Ficha Informativa Auxiliar\" href=\"https:\/\/drive.google.com\/file\/d\/128ftRDoRrgbnOV7TptdbpEtrVk0DTPPz\/view?usp=sharing\">Ficha Informativa<\/a><\/p>\n","protected":false},"excerpt":{"rendered":"<p>INFORMACI\u00d3N DE NUESTRO CENTRO PARA LOS AUXILIARES DE CONVERSACI\u00d3N &nbsp; &nbsp; Ficha Informativa de centro Information Sheet &nbsp; Ficha Informativa<\/p>\n","protected":false},"author":13212,"featured_media":0,"parent":0,"menu_order":0,"comment_status":"closed","ping_status":"closed","template":"","meta":{"_et_pb_use_builder":"","_et_pb_old_content":"","_et_gb_content_width":"","ngg_post_thumbnail":0,"footnotes":""},"aioseo_notices":[],"_links":{"self":[{"href":"https:\/\/blogsaverroes.juntadeandalucia.es\/iesbahiamarbella\/wp-json\/wp\/v2\/pages\/726"}],"collection":[{"href":"https:\/\/blogsaverroes.juntadeandalucia.es\/iesbahiamarbella\/wp-json\/wp\/v2\/pages"}],"about":[{"href":"https:\/\/blogsaverroes.juntadeandalucia.es\/iesbahiamarbella\/wp-json\/wp\/v2\/types\/page"}],"author":[{"embeddable":true,"href":"https:\/\/blogsaverroes.juntadeandalucia.es\/iesbahiamarbella\/wp-json\/wp\/v2\/users\/13212"}],"replies":[{"embeddable":true,"href":"https:\/\/blogsaverroes.juntadeandalucia.es\/iesbahiamarbella\/wp-json\/wp\/v2\/comments?post=726"}],"version-history":[{"count":7,"href":"https:\/\/blogsaverroes.juntadeandalucia.es\/iesbahiamarbella\/wp-json\/wp\/v2\/pages\/726\/revisions"}],"predecessor-version":[{"id":890,"href":"https:\/\/blogsaverroes.juntadeandalucia.es\/iesbahiamarbella\/wp-json\/wp\/v2\/pages\/726\/revisions\/890"}],"wp:attachment":[{"href":"https:\/\/blogsaverroes.juntadeandalucia.es\/iesbahiamarbella\/wp-json\/wp\/v2\/media?parent=726"}],"curies":[{"name":"wp","href":"https:\/\/api.w.org\/{rel}","templated":true}]}}