{"id":741,"date":"2022-08-03T23:14:45","date_gmt":"2022-08-03T21:14:45","guid":{"rendered":"https:\/\/blogsaverroes.juntadeandalucia.es\/iesbahiamarbella\/?page_id=741"},"modified":"2025-10-04T15:30:17","modified_gmt":"2025-10-04T13:30:17","slug":"profesorado-del-centro","status":"publish","type":"page","link":"https:\/\/blogsaverroes.juntadeandalucia.es\/iesbahiamarbella\/profesorado-del-centro\/","title":{"rendered":"Profesorado del centro"},"content":{"rendered":"<p><strong><span style=\"font-size: 18pt\">DEPARTAMENTOS DID\u00c1CTICOS<\/span><\/strong><\/p>\n<p>&nbsp;<\/p>\n<p><strong><span style=\"font-size: 14pt\">ORIENTACI\u00d3N<\/span><\/strong><\/p>\n<p><strong>Orientadora: Eva Aguilera del Valle &#8211; eaguval898@g.educaand.es<\/strong><\/p>\n<p><strong>PT: Natalia G\u00f3mez Mar\u00eda &#8211; ngommar999@g.educaand.es<\/strong><\/p>\n<p>&nbsp;<\/p>\n<p><strong>&nbsp;<\/strong><\/p>\n<p>&nbsp;<\/p>\n<p><strong><span style=\"font-size: 14pt\">LENGUA CASTELLANA Y LITERATURA<\/span><\/strong><\/p>\n<p><strong>&nbsp;<\/strong><\/p>\n<p><strong>Director y Coordinador TDE: Jorge Figueroba S\u00e1nchez &#8211; jfigsan619@g.educaand.es<\/strong><\/p>\n<p><strong>Jefa de Departamento: Luc\u00eda Romero Berlanga &#8211; lromber234@g.educaand.es<\/strong><\/p>\n<p><strong>&nbsp;Coordinador de Biblioteca: Julio Celso Soto G\u00f3mez &#8211; jsotgom870@g.educaand.es<\/strong><\/p>\n<p><strong>Tutora 2\u00baB: Mar\u00eda del Mar Saeta Marcos &#8211; msaemar800@g.educaand.es<\/strong><\/p>\n<p><strong>Tutora 1\u00baC: Luc\u00eda S\u00e1nchez M\u00e9ndez &#8211; lsanmen1603@g.educaand.es<\/strong><\/p>\n<p>&nbsp;<\/p>\n<p><strong><span style=\"font-size: 14pt\">IDIOMAS<\/span><\/strong><\/p>\n<p><strong>Jefa de Departamento de Formaci\u00f3n, Innovaci\u00f3n y Evaluaci\u00f3n: Beatriz Zamora Ca\u00f1adas &#8211; bzamcan977@g.educaand.es<\/strong><\/p>\n<p><strong>Jefa de Departamento de Convivencia: Gema Mart\u00edn Hern\u00e1ndez &#8211; gmarher723@g.educaand.es<\/strong><\/p>\n<p><strong>Coordinadora Biling\u00fce: Ana Rosa Calvert Contreras &#8211; acalcon488@g.educaand.es<\/strong><\/p>\n<p><strong>Jefa de Departamento de Idiomas y Coordinadora Igualdad: Beatriz Gonz\u00e1lez Pe\u00f1a &#8211; bgonpen120@g.educaand.es<\/strong><\/p>\n<p><strong>A\u00edda L\u00f3pez L\u00f3pez &#8211; aloplop843@g.educaand.es<\/strong><\/p>\n<p><strong>Tutora 1\u00baB: Miriam Hidalgo Prieto &#8211; mhidpri225@g.educaand.es<\/strong><\/p>\n<p><strong>Elena Garc\u00eda Monteagudo &#8211; egarmon360@g.educaand.es<\/strong><\/p>\n<p>&nbsp;<\/p>\n<p><strong><span style=\"font-size: 14pt\">GEOGRAF\u00cdA E HISTORIA<\/span><\/strong><\/p>\n<p><strong>Jefe de departamento y secretario: Jos\u00e9 Carlos N\u00fa\u00f1ez Vidal &#8211; jnunvid211@g.educaand.es<\/strong><\/p>\n<p><strong>Tutora 1\u00baD: Isabel G\u00e1lvez Garc\u00eda &#8211; igalgar010@g.educaand.es<\/strong><\/p>\n<p><strong>Tutora 1\u00baA: Nadia Rodr\u00edguez Pacheco &#8211; nrodpac353@g.educaand.es<\/strong><\/p>\n<p><strong>Tutora 4\u00baD: Ana Bel\u00e9n Arevalo Becerra &#8211; aarebec769@g.educaand.es<\/strong><\/p>\n<p><strong>ZTS \u00c1SL: Roc\u00edo Parra Romero &#8211; rparrom350@g.educaand.es<\/strong><\/p>\n<p>&nbsp;<\/p>\n<p><strong><span style=\"font-size: 14pt\">MATEM\u00c1TICAS<\/span><\/strong><\/p>\n<p><strong>Jefa de departamento y coordinadora del PROA: Gema Palacios Urda &#8211; gpalurd224@g.educaand.es<\/strong><\/p>\n<p><strong>Mar\u00eda Bernarda Ortiz Porras &#8211; mortpor134@g.educaand.es<\/strong><\/p>\n<p><strong>Tutor 4\u00baB: Pablo Aledo Esteban &#8211; paleest053@g.educaand.es<\/strong><\/p>\n<p><strong>Tutora 2\u00baA: Luc\u00eda G\u00e1lvez Mart\u00edn &#8211; lgalmar0708@g.educaand.es<\/strong><\/p>\n<p><strong>Tutora 4\u00baC: Paula Jim\u00e9nez Viz\u00e1n &#8211; pjimviz047@g.educaand.es<\/strong><\/p>\n<p>&nbsp;<\/p>\n<p>&nbsp;<\/p>\n<p><strong><span style=\"font-size: 14pt\">CIENCIAS<\/span><\/strong><\/p>\n<p><strong>Jefa de departamento: Felisa Carta Escobar &#8211; fcaresc839@g.educaand.es<\/strong><\/p>\n<p><strong>Jefe de Estudios: Rafael Carlos Le\u00f3n Ram\u00edrez &#8211; rleoram001@g.educaand.es<\/strong><\/p>\n<p><strong>Tutor 3\u00baA: Borja P\u00e9rez Ortega &#8211; bporort322@g.educaand.es<\/strong><\/p>\n<p><strong>Tutora 2\u00baC: Elena Mingorance Fuentes &#8211; eminfue1706@g.educaand.es<\/strong><\/p>\n<p><strong>Tutora 3\u00baB: Luc\u00eda Valdivia Marchal &#8211; lvalmar009@g.educaand.es<\/strong><\/p>\n<p><strong>ZTS ACT: Eva Mar\u00eda Rodr\u00edguez Mu\u00f1oz &#8211; erodmun232@g.educaand.es<\/strong><\/p>\n<p>&nbsp;<\/p>\n<p>&nbsp;<\/p>\n<p>&nbsp;<\/p>\n<p><strong><span style=\"font-size: 14pt\">TECNOLOG\u00cdA<\/span><\/strong><\/p>\n<p><strong>Jefe de Departamento &#8211; Antonio Gallardo Merinas &#8211; agalmer024@g.educaand.es<\/strong><\/p>\n<p><strong>Tutora 2\u00baD: Mar\u00eda Gracia Moral Vieira &#8211; mmorvie860@g.educaand.es<\/strong><\/p>\n<p><strong>Tutor 3\u00baC: Antonio Fern\u00e1ndez Arrojo &#8211; aferarr165@g.educaand.es<\/strong><\/p>\n<p>&nbsp;<\/p>\n<p>&nbsp;<\/p>\n<p><strong>&nbsp;<\/strong><\/p>\n<p>&nbsp;<\/p>\n<p><strong><span style=\"font-size: 14pt\">M\u00daSICA<\/span><\/strong><\/p>\n<p><strong>Jefe de Departamento: Jos\u00e9 Joaqu\u00edn Garc\u00eda Merino &#8211; jgarmer661@g.educaand.es<\/strong><\/p>\n<p><strong>Mar\u00eda Mercedes Zea Esteban &#8211; mzeaest479@g.educaand.es<\/strong><\/p>\n<p>&nbsp;<\/p>\n<p><strong>&nbsp;<\/strong><\/p>\n<p>&nbsp;<\/p>\n<p><strong><span style=\"font-size: 14pt\">PL\u00c1STICA<\/span><\/strong><\/p>\n<p><strong>Jefa de Departamento: Laura Castillo del R\u00edo &#8211; lcasrio229@g.educaand.es<\/strong><\/p>\n<p><strong>&nbsp;<\/strong><\/p>\n<p>&nbsp;<\/p>\n<p><strong><span style=\"font-size: 14pt\">EDUCACI\u00d3N F\u00cdSICA<\/span><\/strong><\/p>\n<p><strong>Jefe de Departamento: Ra\u00fal Rivet Mantar\u00e1s &#8211; rrivman854@g.educaand.es<\/strong><\/p>\n<p><strong>Tutora 4\u00baA: Lidia Guerrero Arana &#8211; lgueara775@g.educaand.es<\/strong><\/p>\n<p><strong>&nbsp;<\/strong><\/p>\n<p><strong>RELIGI\u00d3N CAT\u00d3LICA:&nbsp;<\/strong><\/p>\n<p><strong>Mar\u00eda Cristina Su\u00e1rez Molina &#8211; csuamol588@g.educaand.es<\/strong><\/p>\n<p><strong>Francisco Trujillo Carmona &#8211; ftrucar044@g.educaand.es<\/strong><\/p>\n<p><strong>RELIGI\u00d3N EVANG\u00c9LICA:&nbsp;<\/strong><\/p>\n<p><strong>Miriam Miralles Santa-Barbara &#8211; mmirsan744@g.educaand.es<\/strong><\/p>\n<p>&nbsp;<\/p>\n<p>&nbsp;<\/p>\n<p>&nbsp;<\/p>\n","protected":false},"excerpt":{"rendered":"<p>DEPARTAMENTOS DID\u00c1CTICOS &nbsp; ORIENTACI\u00d3N Orientadora: Eva Aguilera del Valle &#8211; eaguval898@g.educaand.es PT: Natalia G\u00f3mez Mar\u00eda &#8211; ngommar999@g.educaand.es &nbsp; &nbsp; &nbsp; LENGUA CASTELLANA Y LITERATURA &nbsp; Director y Coordinador TDE: Jorge Figueroba S\u00e1nchez &#8211; jfigsan619@g.educaand.es Jefa de Departamento: Luc\u00eda Romero Berlanga &#8211; lromber234@g.educaand.es &nbsp;Coordinador de Biblioteca: Julio Celso Soto G\u00f3mez &#8211; jsotgom870@g.educaand.es Tutora 2\u00baB: Mar\u00eda del [&hellip;]<\/p>\n","protected":false},"author":13212,"featured_media":0,"parent":0,"menu_order":0,"comment_status":"closed","ping_status":"closed","template":"","meta":{"_et_pb_use_builder":"","_et_pb_old_content":"","_et_gb_content_width":"","ngg_post_thumbnail":0,"footnotes":""},"aioseo_notices":[],"_links":{"self":[{"href":"https:\/\/blogsaverroes.juntadeandalucia.es\/iesbahiamarbella\/wp-json\/wp\/v2\/pages\/741"}],"collection":[{"href":"https:\/\/blogsaverroes.juntadeandalucia.es\/iesbahiamarbella\/wp-json\/wp\/v2\/pages"}],"about":[{"href":"https:\/\/blogsaverroes.juntadeandalucia.es\/iesbahiamarbella\/wp-json\/wp\/v2\/types\/page"}],"author":[{"embeddable":true,"href":"https:\/\/blogsaverroes.juntadeandalucia.es\/iesbahiamarbella\/wp-json\/wp\/v2\/users\/13212"}],"replies":[{"embeddable":true,"href":"https:\/\/blogsaverroes.juntadeandalucia.es\/iesbahiamarbella\/wp-json\/wp\/v2\/comments?post=741"}],"version-history":[{"count":9,"href":"https:\/\/blogsaverroes.juntadeandalucia.es\/iesbahiamarbella\/wp-json\/wp\/v2\/pages\/741\/revisions"}],"predecessor-version":[{"id":891,"href":"https:\/\/blogsaverroes.juntadeandalucia.es\/iesbahiamarbella\/wp-json\/wp\/v2\/pages\/741\/revisions\/891"}],"wp:attachment":[{"href":"https:\/\/blogsaverroes.juntadeandalucia.es\/iesbahiamarbella\/wp-json\/wp\/v2\/media?parent=741"}],"curies":[{"name":"wp","href":"https:\/\/api.w.org\/{rel}","templated":true}]}}