{"id":757,"date":"2022-09-13T23:53:52","date_gmt":"2022-09-13T21:53:52","guid":{"rendered":"https:\/\/blogsaverroes.juntadeandalucia.es\/iesbahiamarbella\/?page_id=757"},"modified":"2022-09-13T23:53:52","modified_gmt":"2022-09-13T21:53:52","slug":"normas-del-centro","status":"publish","type":"page","link":"https:\/\/blogsaverroes.juntadeandalucia.es\/iesbahiamarbella\/normas-del-centro\/","title":{"rendered":"NORMAS DEL CENTRO"},"content":{"rendered":"<p><b>Normas de conducta que son obligatorias por parte de los alumnos.<\/b><\/p>\n<ol>\n<li><b>A<\/b><span style=\"font-weight: 400\">. La asistencia a clase.<\/span><\/li>\n<li><b>B<\/b><span style=\"font-weight: 400\">. La puntualidad a todos los actos programados por el Centro.<\/span><\/li>\n<li><b>C<\/b><span style=\"font-weight: 400\">. El mantenimiento de una actitud correcta en clase, no permiti\u00e9ndose el uso de m\u00f3viles, otros dispositivos electr\u00f3nicos o cualquier objeto que pueda distraer al propio alumno o a sus compa\u00f1eros.<\/span><\/li>\n<li><span style=\"font-weight: 400\"> Los cambios de clase deben hacerse con celeridad, orden y silencio. Se recuerda a los alumnos que es peligroso jugar y correr por las escaleras y que se considera falta.&nbsp;<\/span><\/li>\n<li><b>E<\/b><span style=\"font-weight: 400\">. El respeto a la autoridad del profesor, tanto dentro de la clase como en el resto del recinto escolar y cualquier actividad organizada por el Centro.<\/span><\/li>\n<li><b>F<\/b><span style=\"font-weight: 400\">. El trato correcto hacia los compa\u00f1eros, no permiti\u00e9ndose, en ning\u00fan caso el ejercicio de violencia f\u00edsica o verbal.&nbsp;<\/span><\/li>\n<li><b>G<\/b><span style=\"font-weight: 400\">. La realizaci\u00f3n de los trabajos que los profesores manden realizar.<\/span><\/li>\n<li><b>H<\/b><span style=\"font-weight: 400\">. El cuidado y respeto de todos los materiales que el centro pone a disposici\u00f3n de alumnos y profesores.<\/span><\/li>\n<li><b>I<\/b><span style=\"font-weight: 400\">. El cuidado de las instalaciones y del conjunto del edificio escolar.<\/span><\/li>\n<li><b><\/b><span style=\"font-weight: 400\"> Los alumnos tienen el derecho y el deber de participar en la vida y funcionamiento del centro as\u00ed como todo alumno tiene la obligaci\u00f3n de identificarse cuando le sea requerido.<\/span><\/li>\n<li><span style=\"font-weight: 400\"> Los centros educativos son espacios libres de humo en todos sus espacios.<\/span><\/li>\n<li><span style=\"font-weight: 400\"> Los alumnos que sustrajeran bienes deber\u00e1n restituir lo sustra\u00eddo sin prejuicio de las acciones pertinentes. Los padres o representantes legales ser\u00e1n los responsables civiles en los t\u00e9rminos previstos. El centro no se hace responsable de los bienes sustra\u00eddos.<\/span><\/li>\n<\/ol>\n","protected":false},"excerpt":{"rendered":"<p>Normas de conducta que son obligatorias por parte de los alumnos. A. La asistencia a clase. B. La puntualidad a todos los actos programados por el Centro. C. El mantenimiento de una actitud correcta en clase, no permiti\u00e9ndose el uso de m\u00f3viles, otros dispositivos electr\u00f3nicos o cualquier objeto que pueda distraer al propio alumno o [&hellip;]<\/p>\n","protected":false},"author":13212,"featured_media":0,"parent":0,"menu_order":0,"comment_status":"closed","ping_status":"closed","template":"","meta":{"_et_pb_use_builder":"","_et_pb_old_content":"","_et_gb_content_width":"","ngg_post_thumbnail":0,"footnotes":""},"aioseo_notices":[],"_links":{"self":[{"href":"https:\/\/blogsaverroes.juntadeandalucia.es\/iesbahiamarbella\/wp-json\/wp\/v2\/pages\/757"}],"collection":[{"href":"https:\/\/blogsaverroes.juntadeandalucia.es\/iesbahiamarbella\/wp-json\/wp\/v2\/pages"}],"about":[{"href":"https:\/\/blogsaverroes.juntadeandalucia.es\/iesbahiamarbella\/wp-json\/wp\/v2\/types\/page"}],"author":[{"embeddable":true,"href":"https:\/\/blogsaverroes.juntadeandalucia.es\/iesbahiamarbella\/wp-json\/wp\/v2\/users\/13212"}],"replies":[{"embeddable":true,"href":"https:\/\/blogsaverroes.juntadeandalucia.es\/iesbahiamarbella\/wp-json\/wp\/v2\/comments?post=757"}],"version-history":[{"count":1,"href":"https:\/\/blogsaverroes.juntadeandalucia.es\/iesbahiamarbella\/wp-json\/wp\/v2\/pages\/757\/revisions"}],"predecessor-version":[{"id":758,"href":"https:\/\/blogsaverroes.juntadeandalucia.es\/iesbahiamarbella\/wp-json\/wp\/v2\/pages\/757\/revisions\/758"}],"wp:attachment":[{"href":"https:\/\/blogsaverroes.juntadeandalucia.es\/iesbahiamarbella\/wp-json\/wp\/v2\/media?parent=757"}],"curies":[{"name":"wp","href":"https:\/\/api.w.org\/{rel}","templated":true}]}}