{"id":795,"date":"2022-12-12T12:21:35","date_gmt":"2022-12-12T11:21:35","guid":{"rendered":"https:\/\/blogsaverroes.juntadeandalucia.es\/iesbahiamarbella\/?page_id=795"},"modified":"2022-12-12T12:21:35","modified_gmt":"2022-12-12T11:21:35","slug":"igualdad-y-convivencia","status":"publish","type":"page","link":"https:\/\/blogsaverroes.juntadeandalucia.es\/iesbahiamarbella\/igualdad-y-convivencia\/","title":{"rendered":"Igualdad y Convivencia"},"content":{"rendered":"<p><img decoding=\"async\" class=\"alignnone size-medium wp-image-797\" src=\"https:\/\/blogsaverroes.juntadeandalucia.es\/iesbahiamarbella\/files\/2022\/12\/banner_prevencion_vg-1-300x43.png\" alt=\"\" width=\"300\" height=\"43\"><\/p>\n<p>&nbsp;<\/p>\n<p>En esta p\u00e1gina a\u00f1adiremos las actividades y actuaciones que hagamos en relaci\u00f3n a nuestra participaci\u00f3n en los diversos planes de igualdad y convivencia.<\/p>\n<p>&nbsp;<\/p>\n<p>Hemos solicitado nuestra participaci\u00f3n en el Pacto de Estado contra la violencia de g\u00e9nero.<\/p>\n<p>&nbsp;<\/p>\n<p>Pod\u00e9is encontrar nuestras actividades en nuestra cuenta de instagram: <a title=\"Instagram\" href=\"https:\/\/www.instagram.com\/conigualdadenelbahia\/\">Con Igualdad en el Bah\u00eda<\/a><\/p>\n<p>&nbsp;<\/p>\n<p>Tambi\u00e9n en nuestro Blog: <a href=\"https:\/\/igualdadyconvivenciabahiamarbella.blogspot.com\/\">https:\/\/igualdadyconvivenciabahiamarbella.blogspot.com\/<\/a><\/p>\n<p>&nbsp;<\/p>\n<p><img decoding=\"async\" class=\"alignnone size-medium wp-image-796\" src=\"https:\/\/blogsaverroes.juntadeandalucia.es\/iesbahiamarbella\/files\/2022\/12\/banner_prevencion_vg-300x43.png\" alt=\"\" width=\"300\" height=\"43\"><\/p>\n","protected":false},"excerpt":{"rendered":"<p>&nbsp; En esta p\u00e1gina a\u00f1adiremos las actividades y actuaciones que hagamos en relaci\u00f3n a nuestra participaci\u00f3n en los diversos planes de igualdad y convivencia. &nbsp; Hemos solicitado nuestra participaci\u00f3n en el Pacto de Estado contra la violencia de g\u00e9nero. &nbsp; Pod\u00e9is encontrar nuestras actividades en nuestra cuenta de instagram: Con Igualdad en el Bah\u00eda &nbsp; [&hellip;]<\/p>\n","protected":false},"author":13212,"featured_media":0,"parent":0,"menu_order":0,"comment_status":"closed","ping_status":"closed","template":"","meta":{"_et_pb_use_builder":"","_et_pb_old_content":"","_et_gb_content_width":"","ngg_post_thumbnail":0,"footnotes":""},"aioseo_notices":[],"_links":{"self":[{"href":"https:\/\/blogsaverroes.juntadeandalucia.es\/iesbahiamarbella\/wp-json\/wp\/v2\/pages\/795"}],"collection":[{"href":"https:\/\/blogsaverroes.juntadeandalucia.es\/iesbahiamarbella\/wp-json\/wp\/v2\/pages"}],"about":[{"href":"https:\/\/blogsaverroes.juntadeandalucia.es\/iesbahiamarbella\/wp-json\/wp\/v2\/types\/page"}],"author":[{"embeddable":true,"href":"https:\/\/blogsaverroes.juntadeandalucia.es\/iesbahiamarbella\/wp-json\/wp\/v2\/users\/13212"}],"replies":[{"embeddable":true,"href":"https:\/\/blogsaverroes.juntadeandalucia.es\/iesbahiamarbella\/wp-json\/wp\/v2\/comments?post=795"}],"version-history":[{"count":1,"href":"https:\/\/blogsaverroes.juntadeandalucia.es\/iesbahiamarbella\/wp-json\/wp\/v2\/pages\/795\/revisions"}],"predecessor-version":[{"id":798,"href":"https:\/\/blogsaverroes.juntadeandalucia.es\/iesbahiamarbella\/wp-json\/wp\/v2\/pages\/795\/revisions\/798"}],"wp:attachment":[{"href":"https:\/\/blogsaverroes.juntadeandalucia.es\/iesbahiamarbella\/wp-json\/wp\/v2\/media?parent=795"}],"curies":[{"name":"wp","href":"https:\/\/api.w.org\/{rel}","templated":true}]}}